{"id":18395,"date":"2025-06-14T05:22:53","date_gmt":"2025-06-14T05:22:53","guid":{"rendered":"https:\/\/oudianvalve.com\/?post_type=product&#038;p=18395"},"modified":"2025-06-14T05:52:00","modified_gmt":"2025-06-14T05:52:00","slug":"2507-ball-valve-pn16-dn100-rf-end","status":"publish","type":"product","link":"https:\/\/oudianvalve.com\/fr\/products\/ball-valves\/2507-ball-valve-pn16-dn100-rf-end\/","title":{"rendered":"Robinet \u00e0 boisseau sph\u00e9rique 2507, PN16, DN100, extr\u00e9mit\u00e9 RF"},"content":{"rendered":"<p>Description de la vanne :<br \/>\nType de vanne : vanne \u00e0 boisseau sph\u00e9rique flottante<br \/>\nMat\u00e9riau du corps : 2507.<br \/>\nDiam\u00e8tre nominal : DN100<br \/>\nPression nominale : PN16<br \/>\nRaccordement d&#039;extr\u00e9mit\u00e9 : bride RF<br \/>\nTemp\u00e9rature de fonctionnement : -29\u2103~+200\u2103.<br \/>\nFonctionnement : Levier.<\/p>\n<p>Pr\u00e9sentation du produit de la vanne \u00e0 boisseau sph\u00e9rique 2507\u00a0:<\/p>\n<p>Le robinet \u00e0 tournant sph\u00e9rique 2507 est un acier inoxydable ferrite-aust\u00e9nite (duplex). Il combine plusieurs des propri\u00e9t\u00e9s les plus avantageuses des aciers ferrite et aust\u00e9nite. Gr\u00e2ce \u00e0 sa teneur \u00e9lev\u00e9e en chrome et en molybd\u00e8ne, cet acier pr\u00e9sente une excellente r\u00e9sistance \u00e0 la corrosion par piq\u00fbres, caverneuse et uniforme. Sa microstructure duplex lui conf\u00e8re une r\u00e9sistance \u00e9lev\u00e9e \u00e0 la corrosion fissurante sous contrainte et une r\u00e9sistance m\u00e9canique \u00e9lev\u00e9e.<\/p>\n<p>Caract\u00e9ristiques du produit de la vanne \u00e0 boisseau sph\u00e9rique 2507<br \/>\n1. La vanne pr\u00e9sente une structure simple, une taille compacte, un poids l\u00e9ger, une faible r\u00e9sistance \u00e0 l&#039;\u00e9coulement et une bonne \u00e9conomie d&#039;\u00e9nergie. Lorsque le fluide traverse la vanne, cela \u00e9quivaut \u00e0 un \u00e9coulement dans une canalisation droite. La r\u00e9sistance du fluide est faible.<br \/>\n2. La direction du fluide entrant et sortant de la vanne peut \u00eatre s\u00e9lectionn\u00e9e arbitrairement et a un effet bidirectionnel.<br \/>\n3. Les m\u00e9thodes de connexion des raccords de tuyauterie de vannes produits par notre soci\u00e9t\u00e9 sont : filetage interne, bride, soudage bout \u00e0 bout, soudage par bouchon, installation rapide, etc. Il peut \u00eatre install\u00e9 dans des canalisations horizontales et verticales.<br \/>\n4. Facile \u00e0 utiliser, commutation rapide\u00a0: il suffit de tourner la poign\u00e9e de 90 degr\u00e9s pour effectuer la commutation. Les fonctions pneumatique et \u00e9lectrique sont r\u00e9glables \u00e0 volont\u00e9.<br \/>\n5. Excellent effet anti-fuite, la dur\u00e9e de vie du commutateur peut \u00eatre 5 \u00e0 10 fois plus longue que celle des autres \u00e9quipements.<br \/>\nCaract\u00e9ristiques du produit du robinet \u00e0 boisseau sph\u00e9rique en acier inoxydable 2207<br \/>\nMilieux applicables : eau, gaz, p\u00e9trole, gaz naturel et milieux corrosifs acido-basiques<br \/>\nTemp\u00e9rature applicable : -196\uff5e350\u2103<br \/>\nMode de conduite : manuel, pneumatique, \u00e9lectrique, hydraulique, etc.<br \/>\nDiam\u00e8tre nominal : DN15\uff5e250mm 1\/2\uff02\uff5e10\uff02<\/p>\n<p>La vanne \u00e0 boisseau sph\u00e9rique 2507 est utilis\u00e9e dans l&#039;industrie p\u00e9troli\u00e8re et gazi\u00e8re; plate-forme p\u00e9troli\u00e8re offshore Shipotian (tubes d&#039;\u00e9changeur de chaleur, syst\u00e8mes de traitement de l&#039;eau et d&#039;approvisionnement en eau, syst\u00e8mes de protection contre les incendies, syst\u00e8mes de pulv\u00e9risation d&#039;eau, syst\u00e8mes de stabilisation de l&#039;eau; \u00e9quipement p\u00e9trochimique; \u00e9quipement de dessalement (dessalement) (et tuyaux haute pression et tuyaux d&#039;eau de mer dans l&#039;\u00e9quipement); composants m\u00e9caniques et structurels qui n\u00e9cessitent \u00e0 la fois une r\u00e9sistance \u00e9lev\u00e9e et une r\u00e9sistance \u00e9lev\u00e9e \u00e0 la corrosion; industrie des p\u00e2tes et papiers, dessalement de l&#039;eau de mer, purification des gaz de combustion, \u00e9changeurs de chaleur, syst\u00e8mes de tuyauterie de chimiquiers, syst\u00e8mes d&#039;eau de mer, etc.<br \/>\nComposition chimique du robinet \u00e0 tournant sph\u00e9rique en acier inoxydable duplex 2507 :<br \/>\nC\u22640,03, Si\u22640,80, Mn\u22641,2, Cr:24-26, Ni:6-8, S\u22640,02, P\u22640,035, Mo:3-5,N:0,24-0,32<\/p>\n<p>Dimensions de raccordement du robinet \u00e0 boisseau sph\u00e9rique 2507<\/p>\n<table style=\"height: 157px;\" border=\"1\" width=\"764\">\n<tbody>\n<tr>\n<td>PN1,6Mpa<\/td>\n<\/tr>\n<tr>\n<td>DN<\/td>\n<td>15<\/td>\n<td>20<\/td>\n<td>25<\/td>\n<td>32<\/td>\n<td>40<\/td>\n<td>50<\/td>\n<td>65<\/td>\n<td>80<\/td>\n<td>100<\/td>\n<td>125<\/td>\n<td>150<\/td>\n<td>200<\/td>\n<\/tr>\n<tr>\n<td>L<\/td>\n<td>130<\/td>\n<td>140<\/td>\n<td>150<\/td>\n<td>165<\/td>\n<td>180<\/td>\n<td>200<\/td>\n<td>220<\/td>\n<td>250<\/td>\n<td>280<\/td>\n<td>320<\/td>\n<td>360<\/td>\n<td>400<\/td>\n<\/tr>\n<tr>\n<td>H<\/td>\n<td>59<\/td>\n<td>63<\/td>\n<td>75<\/td>\n<td>85<\/td>\n<td>95<\/td>\n<td>107<\/td>\n<td>142<\/td>\n<td>152<\/td>\n<td>178<\/td>\n<td>252<\/td>\n<td>272<\/td>\n<td>342<\/td>\n<\/tr>\n<tr>\n<td>W<\/td>\n<td>130<\/td>\n<td>130<\/td>\n<td>160<\/td>\n<td>180<\/td>\n<td>230<\/td>\n<td>230<\/td>\n<td>400<\/td>\n<td>400<\/td>\n<td>650<\/td>\n<td>1050<\/td>\n<td>1050<\/td>\n<td>1410<\/td>\n<\/tr>\n<tr>\n<td>Poids (kg)<\/td>\n<td>2.5<\/td>\n<td>3<\/td>\n<td>5<\/td>\n<td>6<\/td>\n<td>7<\/td>\n<td>10<\/td>\n<td>15<\/td>\n<td>19<\/td>\n<td>33<\/td>\n<td>58<\/td>\n<td>93<\/td>\n<td>160<\/td>\n<\/tr>\n<\/tbody>\n<\/table>\n<p>&nbsp;<\/p>\n<table style=\"height: 172px;\" border=\"1\" width=\"901\">\n<tbody>\n<tr>\n<td>PN2,5Mpa<\/td>\n<\/tr>\n<tr>\n<td>DN<\/td>\n<td>15<\/td>\n<td>20<\/td>\n<td>25<\/td>\n<td>32<\/td>\n<td>40<\/td>\n<td>50<\/td>\n<td>65<\/td>\n<td>80<\/td>\n<td>100<\/td>\n<td>125<\/td>\n<td>150<\/td>\n<td>200<\/td>\n<\/tr>\n<tr>\n<td>L<\/td>\n<td>130<\/td>\n<td>140<\/td>\n<td>150<\/td>\n<td>165<\/td>\n<td>180<\/td>\n<td>200<\/td>\n<td>220<\/td>\n<td>250<\/td>\n<td>320<\/td>\n<td>400<\/td>\n<td>400<\/td>\n<td>550<\/td>\n<\/tr>\n<tr>\n<td>H<\/td>\n<td>59<\/td>\n<td>63<\/td>\n<td>75<\/td>\n<td>97<\/td>\n<td>107<\/td>\n<td>142<\/td>\n<td>152<\/td>\n<td>178<\/td>\n<td>252<\/td>\n<td>272<\/td>\n<td>342<\/td>\n<td>345<\/td>\n<\/tr>\n<tr>\n<td>W<\/td>\n<td>130<\/td>\n<td>130<\/td>\n<td>160<\/td>\n<td>230<\/td>\n<td>230<\/td>\n<td>400<\/td>\n<td>400<\/td>\n<td>700<\/td>\n<td>1100<\/td>\n<td>1100<\/td>\n<td>1500<\/td>\n<td>1500<\/td>\n<\/tr>\n<tr>\n<td>Poids (kg)<\/td>\n<td>2.5<\/td>\n<td>3<\/td>\n<td>5<\/td>\n<td>6<\/td>\n<td>7.5<\/td>\n<td>10<\/td>\n<td>15<\/td>\n<td>20<\/td>\n<td>33<\/td>\n<td>60<\/td>\n<td>93<\/td>\n<td>175<\/td>\n<\/tr>\n<\/tbody>\n<\/table>\n<p>Nous pouvons produire des vannes \u00e0 boisseau sph\u00e9rique 2507, des vannes \u00e0 guillotine 2507, des vannes \u00e0 soupape 2507, des clapets anti-retour 2507, etc.<\/p>\n<p>Fabricant de vannes \u00e0 boisseau sph\u00e9rique 2507 en Chine, OUdian fournit une vanne \u00e0 boisseau sph\u00e9rique flottante 2507, une vanne \u00e0 boisseau sph\u00e9rique flottante 2507, une vanne \u00e0 boisseau sph\u00e9rique DN100 2507, une vanne \u00e0 boisseau sph\u00e9rique flottante PN16 2507.<\/p>","protected":false},"excerpt":{"rendered":"<p>1. Conception et fabrication : DIN 3357<br \/>\n2. Face \u00e0 face : DIN 3202<br \/>\n3. Extr\u00e9mit\u00e9 de bride : DIN2501<br \/>\n4. Taille nominale : DN15 \u2013 DN200<br \/>\n5. Pression nominale : PN16, PN25 ;<br \/>\nGamme de tailles : 2&quot; \u00e0 48&quot;<br \/>\nPlage de pression\u00a0: Classe 150 \u00e0 2\u00a0500<br \/>\nConnexions d&#039;extr\u00e9mit\u00e9\u00a0: RF \u00e0 bride, RTJ, soud\u00e9e bout \u00e0 bout<br \/>\nType de boule\u00a0: Boule solide forg\u00e9e, mont\u00e9e sur tourillon<br \/>\nDimensions des extr\u00e9mit\u00e9s \u00e0 bride\u00a0: ASME B16.5 (\u226424\u00a0po), ASME B16.47 s\u00e9rie A ou B (&gt;24\u00a0po)<br \/>\nDimensions des extr\u00e9mit\u00e9s soud\u00e9es bout \u00e0 bout\u00a0: ASME B16.25 face \u00e0 face<br \/>\nDimensions face \u00e0 face\u00a0: ASME B16.10<br \/>\nInspection et tests\u00a0: API 6D<br \/>\nMat\u00e9riaux du corps\u00a0: ZTA1, ZTA2, ZTA3, ZTA9, ZTA10, ZTC4 TA1, TA2, TA3, TA9, TA10, TC4 Titane Gr2, Gr3, Gr5, Gr6, Gr7, Gr12 Titane GrC2, GrC3, GrC5, GrC6, Ti-Pd7B, GrC12 Titane GrF2, Gr3F, GrF5, GrF6, GrF7, GrF12<br \/>\nMat\u00e9riaux du si\u00e8ge\u00a0: PTFE, RPTFE, DEVLON, NYLON, PEEK, enti\u00e8rement m\u00e9tallique avec rev\u00eatement dur.<\/p>\n<p>&nbsp;<\/p>\n<p>Caract\u00e9ristiques du produit<\/p>\n<p>La r\u00e9sistance au d\u00e9bit est faible\u00a0;<br \/>\n2. Si\u00e8ge de piston, conception de structure antistatique de protection contre l&#039;incendie \uff1b<br \/>\n3. Aucune limitation sur la direction d&#039;\u00e9coulement du milieu ;<br \/>\n4. Lorsque la vanne est en position compl\u00e8tement ouverte, les surfaces du si\u00e8ge sont \u00e0 l&#039;ext\u00e9rieur du flux d&#039;\u00e9coulement qui est toujours en plein contact avec la porte, ce qui peut prot\u00e9ger les surfaces du si\u00e8ge et convient au raclage des pipelines\u00a0;<br \/>\n5. L&#039;emballage \u00e0 ressort peut \u00eatre choisi\u00a0;<br \/>\n6. L&#039;emballage \u00e0 faible \u00e9mission peut \u00eatre choisi conform\u00e9ment aux exigences de la norme ISO 15848\u00a0;<br \/>\n7. La conception \u00e9tendue de la tige peut \u00eatre choisie\u00a0;<br \/>\n8. La conception du si\u00e8ge m\u00e9tal sur m\u00e9tal peut \u00eatre choisie\u00a0;<br \/>\n9. La conception DBB, DIB-1, DIB-2 peut \u00eatre choisie\u00a0;<br \/>\n10.La boule est fix\u00e9e avec une plaque de support et un arbre fixe\u00a0;<\/p>","protected":false},"featured_media":18398,"template":"","meta":{"advanced_seo_description":"","jetpack_seo_html_title":"","jetpack_seo_noindex":false},"product_brand":[],"product_cat":[83],"product_tag":[427,425,428,426,429],"class_list":{"0":"post-18395","1":"product","2":"type-product","3":"status-publish","4":"has-post-thumbnail","6":"product_cat-ball-valves","7":"product_tag-2507-floating-ball-valve","8":"product_tag-china-2507-ball-valve-manufacturer","9":"product_tag-dn100-2507-ball-valve","10":"product_tag-oudian-supplies-2507-floating-ball-valve","11":"product_tag-pn16-2507-floating-ball-valve","13":"first","14":"instock","15":"shipping-taxable","16":"product-type-simple"},"jetpack_sharing_enabled":true,"_links":{"self":[{"href":"https:\/\/oudianvalve.com\/fr\/wp-json\/wp\/v2\/product\/18395","targetHints":{"allow":["GET"]}}],"collection":[{"href":"https:\/\/oudianvalve.com\/fr\/wp-json\/wp\/v2\/product"}],"about":[{"href":"https:\/\/oudianvalve.com\/fr\/wp-json\/wp\/v2\/types\/product"}],"wp:featuredmedia":[{"embeddable":true,"href":"https:\/\/oudianvalve.com\/fr\/wp-json\/wp\/v2\/media\/18398"}],"wp:attachment":[{"href":"https:\/\/oudianvalve.com\/fr\/wp-json\/wp\/v2\/media?parent=18395"}],"wp:term":[{"taxonomy":"product_brand","embeddable":true,"href":"https:\/\/oudianvalve.com\/fr\/wp-json\/wp\/v2\/product_brand?post=18395"},{"taxonomy":"product_cat","embeddable":true,"href":"https:\/\/oudianvalve.com\/fr\/wp-json\/wp\/v2\/product_cat?post=18395"},{"taxonomy":"product_tag","embeddable":true,"href":"https:\/\/oudianvalve.com\/fr\/wp-json\/wp\/v2\/product_tag?post=18395"}],"curies":[{"name":"wp","href":"https:\/\/api.w.org\/{rel}","templated":true}]}}