{"id":18393,"date":"2025-06-14T05:15:10","date_gmt":"2025-06-14T05:15:10","guid":{"rendered":"https:\/\/oudianvalve.com\/?post_type=product&#038;p=18393"},"modified":"2025-06-14T06:45:26","modified_gmt":"2025-06-14T06:45:26","slug":"worm-gear-ball-valve-pn16-dn150-304-rf-end","status":"publish","type":"product","link":"https:\/\/oudianvalve.com\/fr\/products\/ball-valves\/worm-gear-ball-valve-pn16-dn150-304-rf-end\/","title":{"rendered":"Robinet \u00e0 boisseau sph\u00e9rique \u00e0 vis sans fin, PN16, DN150, 304, extr\u00e9mit\u00e9 RF"},"content":{"rendered":"<p>Description de la vanne :<br \/>\nType de vanne : vanne \u00e0 boisseau sph\u00e9rique flottante<br \/>\nMat\u00e9riau du corps : 304 .<br \/>\nDiam\u00e8tre nominal : 6\u2033<br \/>\nPression nominale : PN16<br \/>\nRaccordement d&#039;extr\u00e9mit\u00e9 : bride RF<br \/>\nTemp\u00e9rature de fonctionnement : -29\u2103~+200\u2103.<br \/>\nFonctionnement : Levier.<\/p>\n<p>La vanne \u00e0 boisseau sph\u00e9rique \u00e0 bride et vis sans fin est largement utilis\u00e9e dans les syst\u00e8mes de fluides. Son principe de fonctionnement consiste \u00e0 ouvrir et fermer la vanne gr\u00e2ce \u00e0 l&#039;engr\u00e8nement de la vis sans fin de la turbine. La turbine est install\u00e9e sur la tige de la vanne \u00e0 boisseau sph\u00e9rique. Lorsque la turbine tourne, la vis sans fin tourne en cons\u00e9quence, entra\u00eenant ainsi la tige de la vanne et la bille en rotation pour assurer le contr\u00f4le de la vanne. Elle est principalement utilis\u00e9e pour couper, r\u00e9partir et inverser le sens d&#039;\u00e9coulement du fluide dans les canalisations. Ses nombreuses caract\u00e9ristiques et avantages la rendent tr\u00e8s populaire dans les syst\u00e8mes de canalisations pour diverses applications industrielles telles que le p\u00e9trole, la chimie, l&#039;\u00e9nergie \u00e9lectrique, le chauffage, la m\u00e9tallurgie, la m\u00e9decine, les engrais, les solutions salines, les fibres chimiques, l&#039;approvisionnement en eau, la protection de l&#039;environnement, la construction industrielle et civile, l&#039;industrie nucl\u00e9aire, etc.<br \/>\nLe m\u00e9canisme de transmission de la turbine est une partie importante de la vanne \u00e0 boisseau sph\u00e9rique \u00e0 bride de transmission de la turbine, qui pr\u00e9sente les caract\u00e9ristiques suivantes : efficacit\u00e9 de transmission \u00e9lev\u00e9e : l&#039;efficacit\u00e9 de transmission d&#039;engr\u00e8nement de la vis sans fin de la turbine est \u00e9lev\u00e9e, ce qui permet \u00e0 la vanne de s&#039;ouvrir et de se fermer plus rapidement ; faible couple de fonctionnement : en raison du principe d&#039;engr\u00e8nement de la vis sans fin de la turbine, le couple de fonctionnement est faible, ce qui est pratique pour le fonctionnement manuel, ou un actionneur \u00e9lectrique peut \u00eatre ajout\u00e9 si n\u00e9cessaire pour utiliser le fonctionnement \u00e9lectrique ; haute fiabilit\u00e9 : la structure d&#039;engr\u00e8nement de la vis sans fin de la turbine est simple, le taux de d\u00e9faillance est faible, la maintenance est facile et la fiabilit\u00e9 est \u00e9lev\u00e9e.<\/p>\n<p>Principales caract\u00e9ristiques de la vanne \u00e0 boisseau sph\u00e9rique \u00e0 bride \u00e0 vis sans fin<br \/>\n1. Faible r\u00e9sistance aux fluides : la conception du robinet \u00e0 boisseau sph\u00e9rique le rend presque exempt de r\u00e9sistance aux fluides lorsqu&#039;il est ouvert, et son coefficient de r\u00e9sistance est \u00e9gal \u00e0 celui d&#039;une section de tuyau de m\u00eame longueur.<br \/>\n2. Structure simple, petite taille et poids l\u00e9ger : cela rend la vanne \u00e0 boisseau sph\u00e9rique facile \u00e0 installer et \u00e0 entretenir.<br \/>\n3. \u00c9tanche et fiable : la vanne \u00e0 boisseau sph\u00e9rique a de bonnes performances d&#039;\u00e9tanch\u00e9it\u00e9, et le plastique et d&#039;autres mat\u00e9riaux sont largement utilis\u00e9s comme surfaces d&#039;\u00e9tanch\u00e9it\u00e9, qui conviennent aux syst\u00e8mes sous vide.<br \/>\n4. Op\u00e9ration facile : il s&#039;ouvre et se ferme rapidement, et il suffit de le faire pivoter de 90\u00b0 pour obtenir une ouverture ou une fermeture compl\u00e8te, ce qui est pratique pour la t\u00e9l\u00e9commande.<br \/>\n5. Entretien facile : le robinet \u00e0 boisseau sph\u00e9rique a une structure simple et la bague d&#039;\u00e9tanch\u00e9it\u00e9 est g\u00e9n\u00e9ralement mobile, ce qui est facile \u00e0 d\u00e9monter et \u00e0 remplacer.<br \/>\n6. Large gamme d&#039;applications : Le diam\u00e8tre de la vanne \u00e0 boisseau sph\u00e9rique varie de quelques millim\u00e8tres \u00e0 quelques m\u00e8tres et elle convient \u00e0 une large gamme de supports, du vide pouss\u00e9 \u00e0 la haute pression<\/p>\n<table style=\"height: 295px;\" border=\"2\" width=\"1033\">\n<tbody>\n<tr>\n<td width=\"60\">NON<\/td>\n<td width=\"115\">NOM DES PI\u00c8CES<\/td>\n<td colspan=\"6\" width=\"525\">MAT\u00c9RIAU DES PI\u00c8CES<\/td>\n<\/tr>\n<tr>\n<td width=\"60\">1<\/td>\n<td width=\"115\">CORPS<\/td>\n<td width=\"87\">SAF 2205<\/td>\n<td width=\"87\">SAF 2507<\/td>\n<td width=\"87\">A995 Gr.1B<\/td>\n<td width=\"87\">A995 Gr.4A<\/td>\n<td width=\"87\">A995 Gr.5A<\/td>\n<td width=\"88\">A995 Gr.6A<\/td>\n<\/tr>\n<tr>\n<td width=\"60\">2<\/td>\n<td width=\"115\">BONNET<\/td>\n<td width=\"87\">SAF 2205<\/td>\n<td width=\"87\">SAF 2507<\/td>\n<td width=\"87\">A995 Gr.1B<\/td>\n<td width=\"87\">A995 Gr.4A<\/td>\n<td width=\"87\">A995 Gr.5A<\/td>\n<td width=\"88\">A995 Gr.6A<\/td>\n<\/tr>\n<tr>\n<td width=\"60\">3<\/td>\n<td width=\"115\">SI\u00c8GE<\/td>\n<td colspan=\"6\" width=\"525\">RPTFE, PTFE, TEFLON, NYLON, PPL, PEEK, DEVLON, acier inoxydable duplex + traitement de durcissement<\/td>\n<\/tr>\n<tr>\n<td width=\"60\">4<\/td>\n<td width=\"115\">BALLE<\/td>\n<td width=\"87\">2205<\/td>\n<td width=\"87\">2507<\/td>\n<td width=\"87\">S32550<\/td>\n<td width=\"87\">S31803<\/td>\n<td width=\"87\">S32750<\/td>\n<td width=\"88\">S32760<\/td>\n<\/tr>\n<tr>\n<td width=\"60\">5<\/td>\n<td width=\"115\">TIGE<\/td>\n<td width=\"87\">2205<\/td>\n<td width=\"87\">2507<\/td>\n<td width=\"87\">S32550<\/td>\n<td width=\"87\">S31803<\/td>\n<td width=\"87\">S32750<\/td>\n<td width=\"88\">S32760<\/td>\n<\/tr>\n<tr>\n<td width=\"60\">6<\/td>\n<td width=\"115\">EMBALLAGE<\/td>\n<td colspan=\"6\" width=\"525\">GRAPHITE, RPTFE, PTFE, TEFLON, PPL<\/td>\n<\/tr>\n<tr>\n<td width=\"60\">7<\/td>\n<td width=\"115\">BOULON<\/td>\n<td width=\"87\">A193 B8M<\/td>\n<td width=\"87\">A193 B8M<\/td>\n<td width=\"87\">A193 B8M<\/td>\n<td width=\"87\">A193 B8M<\/td>\n<td width=\"87\">A193 B8M<\/td>\n<td width=\"88\">A193 B8M<\/td>\n<\/tr>\n<tr>\n<td width=\"60\">8<\/td>\n<td width=\"115\">NOIX<\/td>\n<td width=\"87\">A194 8M<\/td>\n<td width=\"87\">A194 8M<\/td>\n<td width=\"87\">A194 8M<\/td>\n<td width=\"87\">A194 8M<\/td>\n<td width=\"87\">A194 8M<\/td>\n<td width=\"88\">A194 8M<\/td>\n<\/tr>\n<\/tbody>\n<\/table>\n<p>Normes de vannes : Norme japonaise\/JIS Norme japonaise\/JPI Ancienne norme Norme am\u00e9ricaine API Norme am\u00e9ricaine\/ANS Norme am\u00e9ricaine\/Norme allemande DIN Norme allemande\/D\u00e9partement m\u00e9canique JB\/Norme chimique HG20592\/Norme nationale\/GB Norme nationale JB Norme nationale<br \/>\nJoint de soupape : joint souple, joint dur, STL.PPL.M, N, B, Cr13<br \/>\nStructure de la vanne : droite, \u00e0 deux voies, \u00e0 trois voies, \u00e0 quatre voies, flottante, fixe<\/p>\n<p>Fabricant de vannes \u00e0 boisseau sph\u00e9rique \u00e0 vis sans fin en Chine, OUdian fournit des vannes \u00e0 boisseau sph\u00e9rique \u00e0 vis sans fin, des vannes \u00e0 boisseau sph\u00e9rique flottantes \u00e0 vis sans fin, des vannes \u00e0 boisseau sph\u00e9rique \u00e0 vis sans fin de 6 pouces, des vannes \u00e0 boisseau sph\u00e9rique \u00e0 vis sans fin de 150 lb, des vannes \u00e0 boisseau sph\u00e9rique \u00e0 vis sans fin flottantes, des vannes \u00e0 boisseau sph\u00e9rique \u00e0 vis sans fin \u00e0 extr\u00e9mit\u00e9 RF.<\/p>","protected":false},"excerpt":{"rendered":"<p>1. Conception et fabrication : DIN 3357<br \/>\n2. Face \u00e0 face : DIN 3202<br \/>\n3. Extr\u00e9mit\u00e9 de bride : DIN2501<br \/>\n4. Taille nominale : DN15 \u2013 DN200<br \/>\n5. Pression nominale : PN16, PN25 ;<br \/>\n6. Mat\u00e9riaux du corps : WCB, LCB, CF8, CF8M, CF3, CF3M etc.<br \/>\n7. Garniture : 13CR, 304SS, 316SS, acier inoxydable duplex ;<br \/>\n8. Type d&#039;al\u00e9sage : Al\u00e9sage complet<br \/>\n9. Actionneur : Levier, Engrenage \u00e0 vis sans fin ;<\/p>\n<p><strong>ROBINET \u00c0 BILLE FLOTTANT DIN POUR PN16, PN25<\/strong><\/p>\n<p>Connexions d&#039;extr\u00e9mit\u00e9\u00a0: RF \u00e0 bride, RTJ, soud\u00e9e bout \u00e0 bout<br \/>\nType de boule : boule solide forg\u00e9e<br \/>\nMat\u00e9riaux du si\u00e8ge\u00a0: PTFE, RPTFE, DEVLON, NYLON, PEEK, m\u00e9tal avec TCC\/STL\/Ni.<\/p>","protected":false},"featured_media":18414,"template":"","meta":{"advanced_seo_description":"","jetpack_seo_html_title":"","jetpack_seo_noindex":false},"product_brand":[],"product_cat":[83],"product_tag":[462,461,458,463,459,464,460],"class_list":{"0":"post-18393","1":"product","2":"type-product","3":"status-publish","4":"has-post-thumbnail","6":"product_cat-ball-valves","7":"product_tag-150lb-worm-gear-ball-valve","8":"product_tag-6-inch-worm-gear-ball-valve","9":"product_tag-china-worm-gear-ball-valve-manufacturer","10":"product_tag-floating-worm-gear-ball-valve","11":"product_tag-oudian-supplies-worm-gear-ball-valve","12":"product_tag-rf-end-worm-gear-ball-valve","13":"product_tag-worm-gear-floating-ball-valve","15":"first","16":"instock","17":"shipping-taxable","18":"product-type-simple"},"jetpack_sharing_enabled":true,"_links":{"self":[{"href":"https:\/\/oudianvalve.com\/fr\/wp-json\/wp\/v2\/product\/18393","targetHints":{"allow":["GET"]}}],"collection":[{"href":"https:\/\/oudianvalve.com\/fr\/wp-json\/wp\/v2\/product"}],"about":[{"href":"https:\/\/oudianvalve.com\/fr\/wp-json\/wp\/v2\/types\/product"}],"wp:featuredmedia":[{"embeddable":true,"href":"https:\/\/oudianvalve.com\/fr\/wp-json\/wp\/v2\/media\/18414"}],"wp:attachment":[{"href":"https:\/\/oudianvalve.com\/fr\/wp-json\/wp\/v2\/media?parent=18393"}],"wp:term":[{"taxonomy":"product_brand","embeddable":true,"href":"https:\/\/oudianvalve.com\/fr\/wp-json\/wp\/v2\/product_brand?post=18393"},{"taxonomy":"product_cat","embeddable":true,"href":"https:\/\/oudianvalve.com\/fr\/wp-json\/wp\/v2\/product_cat?post=18393"},{"taxonomy":"product_tag","embeddable":true,"href":"https:\/\/oudianvalve.com\/fr\/wp-json\/wp\/v2\/product_tag?post=18393"}],"curies":[{"name":"wp","href":"https:\/\/api.w.org\/{rel}","templated":true}]}}