{"id":18391,"date":"2025-06-14T02:54:18","date_gmt":"2025-06-14T02:54:18","guid":{"rendered":"https:\/\/oudianvalve.com\/?post_type=product&#038;p=18391"},"modified":"2025-06-14T03:02:24","modified_gmt":"2025-06-14T03:02:24","slug":"daikin-m111-seat-ball-valve-150lb-2-inch-rf-end","status":"publish","type":"product","link":"https:\/\/oudianvalve.com\/fr\/products\/ball-valves\/daikin-m111-seat-ball-valve-150lb-2-inch-rf-end\/","title":{"rendered":"Vanne \u00e0 boisseau sph\u00e9rique Daikin M111, 150 lb, 2 pouces, extr\u00e9mit\u00e9 RF"},"content":{"rendered":"<p>Description de la vanne :<br \/>\nType de vanne : vanne \u00e0 boisseau sph\u00e9rique flottante<br \/>\nMat\u00e9riau du corps : CF8 .<br \/>\nDiam\u00e8tre nominal : 2\u2033<br \/>\nPression nominale : 150 lb<br \/>\nRaccordement d&#039;extr\u00e9mit\u00e9 : bride RF<br \/>\nTemp\u00e9rature de fonctionnement : -29\u2103~+200\u2103.<br \/>\nFonctionnement : Levier.<\/p>\n<p>Le robinet \u00e0 boisseau sph\u00e9rique en acier duplex Daikin M111 est fabriqu\u00e9 en acier inoxydable duplex (la ferrite et l&#039;aust\u00e9nite repr\u00e9sentent chacune environ 50% du m\u00e9tal, et la teneur de la phase mineure doit \u00eatre d&#039;au moins 30%). Dans la fabrication industrielle, les aciers duplex les plus courants sont les 2205, 2507 et 2520 (310S). Ce type de robinet \u00e0 boisseau sph\u00e9rique offre de meilleures performances mat\u00e9rielles que l&#039;acier inoxydable 304, 8 nickel 18 chrome conventionnel, une plasticit\u00e9 et une t\u00e9nacit\u00e9 suffisantes, une bonne r\u00e9sistance \u00e0 la corrosion locale et une bonne r\u00e9sistance \u00e0 la corrosion. Il est souvent utilis\u00e9 dans les environnements de travail riches en chlorures, tels que les syst\u00e8mes d&#039;\u00e9vaporation d&#039;eau de mer, les navires et les pipelines de g\u00e9nie maritime. Les fluides utilis\u00e9s dans ces pipelines sont le peroxyde d&#039;hydrog\u00e8ne, la soude caustique, l&#039;acide chlorhydrique, etc. Sa r\u00e9sistance \u00e0 la corrosion oxydative, en particulier, fait du robinet \u00e0 boisseau sph\u00e9rique en acier duplex Daikin M111 un excellent dispositif de coupure et de s\u00e9paration pour les dispositifs \u00e0 acide nitrique et les acides organiques forts.<\/p>\n<p>&nbsp;<\/p>\n<p>Le joint de la vanne \u00e0 boisseau sph\u00e9rique en acier duplex Daikin M111 est en PTFE import\u00e9, num\u00e9ro de lot M111, fabriqu\u00e9 par Daikin, au Japon. Il offre une meilleure r\u00e9sistance \u00e0 l&#039;usure, \u00e0 la corrosion, aux temp\u00e9ratures \u00e9lev\u00e9es et au froid que le PTFE domestique ordinaire. La plage de temp\u00e9ratures d&#039;utilisation est comprise entre -180 \u00b0C et 200 \u00b0C. Dans certains secteurs exigeant une r\u00e9sistance \u00e9lev\u00e9e \u00e0 la corrosion, comme la chimie fine, l&#039;industrie pharmaceutique, l&#039;\u00e9lectronique et d&#039;autres secteurs connexes, il est recommand\u00e9 d&#039;utiliser des vannes \u00e0 boisseau sph\u00e9rique en acier duplex avec joint en PTFE M111. Ce mat\u00e9riau est \u00e9galement tr\u00e8s performant dans les environnements de travail \u00e0 hautes et basses temp\u00e9ratures.<br \/>\nPi\u00e8ces d\u00e9tach\u00e9es pour vanne \u00e0 boisseau sph\u00e9rique en acier duplex Daikin M111<\/p>\n<p><a href=\"http:\/\/www.oudianfm.com\/prolist-2240365-1.html\" target=\"_blank\" rel=\"noopener\">Pi\u00e8ces d\u00e9tach\u00e9es pour vanne \u00e0 boisseau sph\u00e9rique duplex Daikin M111<\/a><\/p>\n<p>&nbsp;<\/p>\n<table style=\"height: 295px;\" border=\"2\" width=\"1033\">\n<tbody>\n<tr>\n<td width=\"60\">NON<\/td>\n<td width=\"115\">NOM DES PI\u00c8CES<\/td>\n<td colspan=\"6\" width=\"525\">MAT\u00c9RIAU DES PI\u00c8CES<\/td>\n<\/tr>\n<tr>\n<td width=\"60\">1<\/td>\n<td width=\"115\">CORPS<\/td>\n<td width=\"87\">SAF 2205<\/td>\n<td width=\"87\">SAF 2507<\/td>\n<td width=\"87\">A995 Gr.1B<\/td>\n<td width=\"87\">A995 Gr.4A<\/td>\n<td width=\"87\">A995 Gr.5A<\/td>\n<td width=\"88\">A995 Gr.6A<\/td>\n<\/tr>\n<tr>\n<td width=\"60\">2<\/td>\n<td width=\"115\">BONNET<\/td>\n<td width=\"87\">SAF 2205<\/td>\n<td width=\"87\">SAF 2507<\/td>\n<td width=\"87\">A995 Gr.1B<\/td>\n<td width=\"87\">A995 Gr.4A<\/td>\n<td width=\"87\">A995 Gr.5A<\/td>\n<td width=\"88\">A995 Gr.6A<\/td>\n<\/tr>\n<tr>\n<td width=\"60\">3<\/td>\n<td width=\"115\">SI\u00c8GE<\/td>\n<td colspan=\"6\" width=\"525\">RPTFE, PTFE, TEFLON, NYLON, PPL, PEEK, DEVLON, acier inoxydable duplex + traitement de durcissement<\/td>\n<\/tr>\n<tr>\n<td width=\"60\">4<\/td>\n<td width=\"115\">BALLE<\/td>\n<td width=\"87\">2205<\/td>\n<td width=\"87\">2507<\/td>\n<td width=\"87\">S32550<\/td>\n<td width=\"87\">S31803<\/td>\n<td width=\"87\">S32750<\/td>\n<td width=\"88\">S32760<\/td>\n<\/tr>\n<tr>\n<td width=\"60\">5<\/td>\n<td width=\"115\">TIGE<\/td>\n<td width=\"87\">2205<\/td>\n<td width=\"87\">2507<\/td>\n<td width=\"87\">S32550<\/td>\n<td width=\"87\">S31803<\/td>\n<td width=\"87\">S32750<\/td>\n<td width=\"88\">S32760<\/td>\n<\/tr>\n<tr>\n<td width=\"60\">6<\/td>\n<td width=\"115\">EMBALLAGE<\/td>\n<td colspan=\"6\" width=\"525\">GRAPHITE, RPTFE, PTFE, TEFLON, PPL<\/td>\n<\/tr>\n<tr>\n<td width=\"60\">7<\/td>\n<td width=\"115\">BOULON<\/td>\n<td width=\"87\">A193 B8M<\/td>\n<td width=\"87\">A193 B8M<\/td>\n<td width=\"87\">A193 B8M<\/td>\n<td width=\"87\">A193 B8M<\/td>\n<td width=\"87\">A193 B8M<\/td>\n<td width=\"88\">A193 B8M<\/td>\n<\/tr>\n<tr>\n<td width=\"60\">8<\/td>\n<td width=\"115\">NOIX<\/td>\n<td width=\"87\">A194 8M<\/td>\n<td width=\"87\">A194 8M<\/td>\n<td width=\"87\">A194 8M<\/td>\n<td width=\"87\">A194 8M<\/td>\n<td width=\"87\">A194 8M<\/td>\n<td width=\"88\">A194 8M<\/td>\n<\/tr>\n<\/tbody>\n<\/table>\n<p>Normes de vannes : Norme japonaise\/JIS Norme japonaise\/JPI Ancienne norme Norme am\u00e9ricaine API Norme am\u00e9ricaine\/ANS Norme am\u00e9ricaine\/Norme allemande DIN Norme allemande\/D\u00e9partement m\u00e9canique JB\/Norme chimique HG20592\/Norme nationale\/GB Norme nationale JB Norme nationale<br \/>\nJoint de soupape : joint souple, joint dur, STL.PPL.M, N, B, Cr13<br \/>\nStructure de la vanne : droite, \u00e0 deux voies, \u00e0 trois voies, \u00e0 quatre voies, flottante, fixe<\/p>\n<p>Fabricant de vanne \u00e0 boisseau sph\u00e9rique \u00e0 si\u00e8ge Daikin M111 en Chine, OUdian fournit une vanne \u00e0 boisseau sph\u00e9rique \u00e0 si\u00e8ge Daikin M111, une vanne \u00e0 boisseau sph\u00e9rique flottante \u00e0 si\u00e8ge Daikin M111, une vanne \u00e0 boisseau sph\u00e9rique \u00e0 si\u00e8ge Daikin M111 de 2 pouces, une vanne \u00e0 boisseau sph\u00e9rique flottante \u00e0 si\u00e8ge Daikin M111 de 150 lb.<\/p>","protected":false},"excerpt":{"rendered":"<p>Norme de conception\u00a0: API 6D\/API 608<br \/>\nS\u00e9curit\u00e9 incendie\u00a0: API 607\/6FA<br \/>\nTemp\u00e9ratures de pression nominales\u00a0: ASME B16.34<br \/>\nGamme de tailles : 2&quot; \u00e0 48&quot; \uff08DN50-DN1200\uff09<br \/>\nPort\u00a0: passage int\u00e9gral ou passage r\u00e9duit<br \/>\nPlage de pression\u00a0: 150LB \u00e0 2500LB<br \/>\nConnexions d&#039;extr\u00e9mit\u00e9\u00a0: RF \u00e0 bride, RTJ, soud\u00e9e bout \u00e0 bout<br \/>\nType de boule : boule solide forg\u00e9e<br \/>\nDimensions de l&#039;extr\u00e9mit\u00e9 \u00e0 bride\u00a0: ASME B16.5 (24&quot; et inf\u00e9rieur), ASME B16.47 s\u00e9rie A ou B (au-dessus de 24&quot;)<br \/>\nDimensions des extr\u00e9mit\u00e9s soud\u00e9es bout \u00e0 bout\u00a0: ASME B16.25<br \/>\nDimensions face \u00e0 face\u00a0: ASME B16.10<br \/>\nInspection et tests\u00a0: API 6D<br \/>\nMat\u00e9riaux du corps\u00a0: A105\/A105N, F304, F316, F316L, F51, F53, F55, C95800, UNS N08825, UNS N06625.<br \/>\nMat\u00e9riaux du si\u00e8ge\u00a0: PTFE, RPTFE, DEVLON, NYLON, PEEK, m\u00e9tal avec TCC\/STL\/Ni.<\/p>","protected":false},"featured_media":18392,"template":"","meta":{"advanced_seo_description":"","jetpack_seo_html_title":"","jetpack_seo_noindex":false},"product_brand":[],"product_cat":[83],"product_tag":[412,411,408,410,409],"class_list":{"0":"post-18391","1":"product","2":"type-product","3":"status-publish","4":"has-post-thumbnail","6":"product_cat-ball-valves","7":"product_tag-150lb-daikin-m111-seat-floating-ball-valve","8":"product_tag-2-inch-daikin-m111-seat-ball-valve","9":"product_tag-china-daikin-m111-seat-ball-valve-manufacturer","10":"product_tag-daikin-m111-seat-floating-ball-valve","11":"product_tag-oudian-supplies-daikin-m111-seat-ball-valve","13":"first","14":"instock","15":"shipping-taxable","16":"product-type-simple"},"jetpack_sharing_enabled":true,"_links":{"self":[{"href":"https:\/\/oudianvalve.com\/fr\/wp-json\/wp\/v2\/product\/18391","targetHints":{"allow":["GET"]}}],"collection":[{"href":"https:\/\/oudianvalve.com\/fr\/wp-json\/wp\/v2\/product"}],"about":[{"href":"https:\/\/oudianvalve.com\/fr\/wp-json\/wp\/v2\/types\/product"}],"wp:featuredmedia":[{"embeddable":true,"href":"https:\/\/oudianvalve.com\/fr\/wp-json\/wp\/v2\/media\/18392"}],"wp:attachment":[{"href":"https:\/\/oudianvalve.com\/fr\/wp-json\/wp\/v2\/media?parent=18391"}],"wp:term":[{"taxonomy":"product_brand","embeddable":true,"href":"https:\/\/oudianvalve.com\/fr\/wp-json\/wp\/v2\/product_brand?post=18391"},{"taxonomy":"product_cat","embeddable":true,"href":"https:\/\/oudianvalve.com\/fr\/wp-json\/wp\/v2\/product_cat?post=18391"},{"taxonomy":"product_tag","embeddable":true,"href":"https:\/\/oudianvalve.com\/fr\/wp-json\/wp\/v2\/product_tag?post=18391"}],"curies":[{"name":"wp","href":"https:\/\/api.w.org\/{rel}","templated":true}]}}