{"id":18382,"date":"2025-06-14T02:10:56","date_gmt":"2025-06-14T02:10:56","guid":{"rendered":"https:\/\/oudianvalve.com\/?post_type=product&#038;p=18382"},"modified":"2025-06-14T02:18:24","modified_gmt":"2025-06-14T02:18:24","slug":"astm-a890-4a-ball-valve-150lb-2-inch-rf-end","status":"publish","type":"product","link":"https:\/\/oudianvalve.com\/fr\/products\/ball-valves\/astm-a890-4a-ball-valve-150lb-2-inch-rf-end\/","title":{"rendered":"Robinet \u00e0 boisseau sph\u00e9rique ASTM A890 4A, 150 lb, 2 pouces, extr\u00e9mit\u00e9 RF"},"content":{"rendered":"<p>Description de la vanne :<br \/>\nType de vanne : vanne \u00e0 boisseau sph\u00e9rique flottante<br \/>\nMat\u00e9riau du corps : 2205.<br \/>\nDiam\u00e8tre nominal : DN80<br \/>\nPression nominale : PN25<br \/>\nRaccordement d&#039;extr\u00e9mit\u00e9 : bride RF<br \/>\nTemp\u00e9rature de fonctionnement : -29\u2103~+200\u2103.<br \/>\nFonctionnement : Levier.<\/p>\n<p>Analyse du produit\u00a0: robinet \u00e0 tournant sph\u00e9rique ASTM A890 4A<br \/>\nI. Conception structurelle flottante et caract\u00e9ristiques fonctionnelles<br \/>\nLe robinet \u00e0 boisseau sph\u00e9rique 4A American Standard adopte une structure de raccordement \u00e0 bride flottante. Sa conception repose sur le d\u00e9placement adaptatif de la bille sous moyenne pression, et l&#039;\u00e9tanch\u00e9it\u00e9 est assur\u00e9e par une pression dynamique sur le si\u00e8ge du robinet. Cette structure allie flexibilit\u00e9 et fiabilit\u00e9, et pr\u00e9sente les caract\u00e9ristiques suivantes\u00a0:<\/p>\n<p>M\u00e9canisme d&#039;\u00e9tanch\u00e9it\u00e9 dynamique : la bille se d\u00e9place vers le si\u00e8ge de la soupape de sortie sous la pouss\u00e9e du fluide, formant un double effet d&#039;\u00e9tanch\u00e9it\u00e9 (m\u00e9tal + joint souple), qui convient \u00e0 un environnement \u00e0 haute diff\u00e9rence de pression, et le niveau d&#039;\u00e9tanch\u00e9it\u00e9 peut atteindre le niveau VI.<\/p>\n<p>Conception de maintenance modulaire : le si\u00e8ge de soupape et la bague d&#039;\u00e9tanch\u00e9it\u00e9 adoptent des modules d\u00e9tachables, qui peuvent \u00eatre remplac\u00e9s sans retirer le corps de soupape, r\u00e9duisant consid\u00e9rablement les co\u00fbts de maintenance.<\/p>\n<p>Optimisation des performances anti-interf\u00e9rences : une structure anti-\u00e9clatement est ajout\u00e9e entre la tige de soupape et la bille pour emp\u00eacher la tige de soupape de se d\u00e9tacher en raison de l&#039;impact d&#039;un fluide \u00e0 haute pression, am\u00e9liorant ainsi la s\u00e9curit\u00e9.<\/p>\n<p>Fonctionnement \u00e0 faible couple : la combinaison de la bille flottante et du si\u00e8ge de soupape en PTFE (polyt\u00e9trafluoro\u00e9thyl\u00e8ne) r\u00e9duit le coefficient de frottement, r\u00e9duit le couple de fonctionnement manuel de 30% et rend la s\u00e9lection des actionneurs \u00e9lectriques\/pneumatiques plus flexible.<\/p>\n<p>2. \u00c9valuation compl\u00e8te des performances du robinet \u00e0 boisseau sph\u00e9rique standard am\u00e9ricain 4A<br \/>\nPrincipaux avantages :<\/p>\n<p>Adaptabilit\u00e9 aux environnements extr\u00eames : l&#039;acier duplex 4A (conforme \u00e0 la norme ASTM A995 Gr.4A ou A890 Gr.4A) pr\u00e9sente une r\u00e9sistance m\u00e9canique et une r\u00e9sistance \u00e0 la corrosion \u00e9lev\u00e9es gr\u00e2ce \u00e0 sa structure duplex aust\u00e9nite-ferrite. Sa r\u00e9sistance \u00e0 la corrosion sous contrainte due aux chlorures est plus de cinq fois sup\u00e9rieure \u00e0 celle de l&#039;acier inoxydable 304. Il est adapt\u00e9 au dessalement de l&#039;eau de mer, aux milieux sulfur\u00e9s des champs p\u00e9troliers et gaziers, ainsi qu&#039;\u00e0 d&#039;autres applications.<\/p>\n<p>Large plage de stabilit\u00e9 de temp\u00e9rature : la temp\u00e9rature de fonctionnement couvre -46\u2103 \u00e0 300\u2103, et le mat\u00e9riau du si\u00e8ge de soupape peut \u00eatre du PTFE am\u00e9lior\u00e9 ou un joint dur en m\u00e9tal pour r\u00e9pondre aux besoins de transport de vapeur \u00e0 haute temp\u00e9rature et de gaz naturel liqu\u00e9fi\u00e9 \u00e0 basse temp\u00e9rature (GNL).<\/p>\n<p>Garantie de fuite z\u00e9ro fluide : a r\u00e9ussi le test d&#039;\u00e9tanch\u00e9it\u00e9 bidirectionnel de la norme API 598, le taux de fuite est inf\u00e9rieur \u00e0 0,1 \u00d7 DN mm\u00b3\/s, r\u00e9pondant aux exigences strictes de protection de l&#039;environnement.<\/p>\n<p>Limites:<\/p>\n<p>Sensibilit\u00e9 aux co\u00fbts : Le co\u00fbt du mat\u00e9riau de l&#039;acier duplex 4A est environ 40% plus \u00e9lev\u00e9 que celui de l&#039;acier inoxydable aust\u00e9nitique ordinaire, et les processus de forgeage et de traitement thermique sont compliqu\u00e9s, ce qui entra\u00eene un co\u00fbt global \u00e9lev\u00e9 de la vanne.<\/p>\n<p>Exigences de pr\u00e9cision d&#039;installation\u00a0: La structure flottante doit respecter scrupuleusement la coaxialit\u00e9 du tuyau. Des \u00e9carts sup\u00e9rieurs \u00e0 0,5\u00b0 peuvent entra\u00eener une usure irr\u00e9guli\u00e8re de la surface d&#039;\u00e9tanch\u00e9it\u00e9.<\/p>\n<p>III. Propri\u00e9t\u00e9s mat\u00e9rielles et param\u00e8tres m\u00e9caniques de l&#039;acier duplex 4A<br \/>\nComposition chimique (ASTM A995 Gr.4A) :<\/p>\n<p>Cr (24-26%) : forme un film d&#039;oxyde dense pour r\u00e9sister \u00e0 la corrosion par piq\u00fbres et crevasses ;<\/p>\n<p>Ni (6-8%) : \u00e9quilibre le rapport de phase aust\u00e9nite et am\u00e9liore la t\u00e9nacit\u00e9 \u00e0 basse temp\u00e9rature ;<\/p>\n<p>Mo (3-4%) : am\u00e9liore la r\u00e9sistance \u00e0 la corrosion acide r\u00e9ductrice ;<\/p>\n<p>N (0,2-0,3%) : remplace une partie de l&#039;\u00e9l\u00e9ment nickel, optimise le co\u00fbt et am\u00e9liore la r\u00e9sistance.<\/p>\n<p>Propri\u00e9t\u00e9s m\u00e9caniques :<\/p>\n<p>R\u00e9sistance \u00e0 la traction : 820-930 MPa, meilleure que 620 MPa de l&#039;acier duplex ordinaire (tel que 2205) ;<\/p>\n<p>Limite d&#039;\u00e9lasticit\u00e9 : \u2265 550 MPa, convient aux syst\u00e8mes de canalisations \u00e0 haute pression ;<\/p>\n<p>R\u00e9sistance aux chocs : \u00e9nergie d&#039;impact Charpy V-notch \u2265 40 J \u00e0 -46 \u2103, adapt\u00e9e aux environnements extr\u00eamement froids ;<\/p>\n<p>Contr\u00f4le de la duret\u00e9 : HRC\u226432, pour \u00e9viter une rupture fragile de la surface d&#039;\u00e9tanch\u00e9it\u00e9.<\/p>\n<p>IV. Normes de fabrication et syst\u00e8me de certification<br \/>\nLa fabrication des vannes \u00e0 boisseau sph\u00e9rique standard am\u00e9ricaines 4A suit les normes nationales et internationales suivantes pour garantir la fiabilit\u00e9 tout au long du cycle de vie :<\/p>\n<p>Sp\u00e9cifications mat\u00e9rielles :<\/p>\n<p>ASTM A995\/A890 : sp\u00e9cifie la composition de la pi\u00e8ce moul\u00e9e et le processus de traitement thermique ;<\/p>\n<p>ASTM A182 F51 : Normes de traitement de forgeage pour garantir la r\u00e9sistance des tiges et des billes de soupape.<\/p>\n<p>Conception structurelle :<\/p>\n<p>API 6D\/API 608 : d\u00e9finit la taille de la vanne, la pression nominale et les m\u00e9thodes d&#039;essai ;<\/p>\n<p>ASME B16.34 : Crit\u00e8res de conception des connexions \u00e0 bride et des limites de pression.<\/p>\n<p>Certification des tests :<\/p>\n<p>ISO 5208 : Essai de classification des performances d&#039;\u00e9tanch\u00e9it\u00e9 ;<\/p>\n<p>NACE MR0175 : V\u00e9rification de la r\u00e9sistance \u00e0 la fissuration dans un environnement de sulfure d&#039;hydrog\u00e8ne, adapt\u00e9 aux conditions acides dans les champs de p\u00e9trole et de gaz.<\/p>\n<p>V. Sc\u00e9narios d&#039;application et recommandations de s\u00e9lection<br \/>\nLes vannes \u00e0 boisseau sph\u00e9rique standard am\u00e9ricaines 4A sont particuli\u00e8rement remarquables dans les domaines suivants :<\/p>\n<p>Ing\u00e9nierie marine : syst\u00e8me de refroidissement par eau de mer, pipeline sous-marin, r\u00e9sistance \u00e0 la corrosion par les ions chlorures et \u00e0 la fixation biologique ;<\/p>\n<p>Proc\u00e9d\u00e9 chimique : transport en milieu acide sulfurique et acide chlorhydrique, tol\u00e9rance \u00e0 un environnement acide fort avec pH&lt;2 ;<\/p>\n<p>Domaine \u00e9nerg\u00e9tique : contr\u00f4le de t\u00eate de puits haute pression contenant H\u2082S et CO\u2082 dans l&#039;extraction de gaz de schiste pour pr\u00e9venir la fissuration par corrosion sous contrainte des sulfures (SSCC).<\/p>\n<p>\u00c9l\u00e9ments \u00e0 prendre en compte lors de la s\u00e9lection :<\/p>\n<p>Forme d&#039;\u00e9tanch\u00e9it\u00e9 : le joint souple (PTFE) convient aux fluides propres, le joint dur (carbure de tungst\u00e8ne) est utilis\u00e9 pour les fluides contenant des particules ;<\/p>\n<p>Adaptation de l&#039;actionneur : s\u00e9lectionnez un entra\u00eenement pneumatique, \u00e9lectrique ou \u00e0 turbine en fonction de la pression du pipeline et de la vitesse de r\u00e9ponse.<\/p>\n<p>Tableau des pressions nominales applicables aux robinets \u00e0 boisseau sph\u00e9rique standard am\u00e9ricains VI. 4A<\/p>\n<p>IV. Domaine d&#039;application de la vanne \u00e0 boisseau sph\u00e9rique \u00e0 bride en titane<\/p>\n<p>P\u00e9trochimie : Applicable \u00e0 divers pipelines de milieux dans les industries p\u00e9troli\u00e8re, chimique, m\u00e9tallurgique et autres, tels que les milieux acides, alcalins, \u00e0 haute temp\u00e9rature, \u00e0 haute pression, etc.<br \/>\nA\u00e9rospatiale : Applicable \u00e0 divers syst\u00e8mes de canalisations dans le domaine a\u00e9rospatial, tels que les syst\u00e8mes hydrauliques, les syst\u00e8mes de carburant, les syst\u00e8mes pneumatiques, etc.<br \/>\nD\u00e9veloppement oc\u00e9anique : Applicable \u00e0 divers syst\u00e8mes de pipelines de m\u00e9dias dans le domaine du d\u00e9veloppement oc\u00e9anique, tels que le traitement de l&#039;eau de mer, l&#039;extraction p\u00e9troli\u00e8re offshore, etc.<br \/>\nProduction m\u00e9dicale : Applicable \u00e0 divers syst\u00e8mes de canalisations de m\u00e9dias dans le domaine de la production m\u00e9dicale, tels que la fabrication d&#039;\u00e9quipements, la fermentation biologique, etc.<\/p>\n<p>Tableau d&#039;application du calibre de pression de la vanne \u00e0 boisseau sph\u00e9rique en titane de la technologie de pressage isostatique \u00e0 chaud<\/p>\n<p>Nous pouvons produire des vannes \u00e0 boisseau sph\u00e9rique 2205, des vannes \u00e0 guillotine 2205, des vannes \u00e0 soupape 2205, des clapets anti-retour 2205, etc.<\/p>\n<p>6. Tableau des pressions nominales applicables aux robinets \u00e0 boisseau sph\u00e9rique ASTM A890 4A\u00a0:<\/p>\n<table border=\"1\" width=\"100%\" cellspacing=\"0\" cellpadding=\"0\">\n<tbody>\n<tr>\n<td rowspan=\"3\" align=\"middle\" bgcolor=\"#8c9e9c\">Pression nominale ou niveau de pression<\/td>\n<td colspan=\"13\" align=\"middle\" bgcolor=\"#8c9e9c\">Dimensions DN\/NPS\uff08mm\/in\uff09<\/td>\n<\/tr>\n<tr>\n<td align=\"middle\" bgcolor=\"#8c9e9c\">15<\/td>\n<td align=\"middle\" bgcolor=\"#8c9e9c\">20<\/td>\n<td align=\"middle\" bgcolor=\"#8c9e9c\">25<\/td>\n<td align=\"middle\" bgcolor=\"#8c9e9c\">32<\/td>\n<td align=\"middle\" bgcolor=\"#8c9e9c\">40<\/td>\n<td align=\"middle\" bgcolor=\"#8c9e9c\">50<\/td>\n<td align=\"middle\" bgcolor=\"#8c9e9c\">65<\/td>\n<td align=\"middle\" bgcolor=\"#8c9e9c\">80<\/td>\n<td align=\"middle\" bgcolor=\"#8c9e9c\">100<\/td>\n<td align=\"middle\" bgcolor=\"#8c9e9c\">125<\/td>\n<td align=\"middle\" bgcolor=\"#8c9e9c\">150<\/td>\n<td align=\"middle\" bgcolor=\"#8c9e9c\">200<\/td>\n<td align=\"middle\" bgcolor=\"#8c9e9c\">250<\/td>\n<\/tr>\n<tr>\n<td align=\"middle\" bgcolor=\"#8c9e9c\">1\/2<\/td>\n<td align=\"middle\" bgcolor=\"#8c9e9c\">3\/4<\/td>\n<td align=\"middle\" bgcolor=\"#8c9e9c\">1<\/td>\n<td align=\"middle\" bgcolor=\"#8c9e9c\">11\/4<\/td>\n<td align=\"middle\" bgcolor=\"#8c9e9c\">11\/2<\/td>\n<td align=\"middle\" bgcolor=\"#8c9e9c\">2<\/td>\n<td align=\"middle\" bgcolor=\"#8c9e9c\">21\/2<\/td>\n<td align=\"middle\" bgcolor=\"#8c9e9c\">3<\/td>\n<td align=\"middle\" bgcolor=\"#8c9e9c\">4<\/td>\n<td align=\"middle\" bgcolor=\"#8c9e9c\">5<\/td>\n<td align=\"middle\" bgcolor=\"#8c9e9c\">6<\/td>\n<td align=\"middle\" bgcolor=\"#8c9e9c\">8<\/td>\n<td align=\"middle\" bgcolor=\"#8c9e9c\">10<\/td>\n<\/tr>\n<tr>\n<td align=\"middle\" valign=\"top\">PN16<\/td>\n<td align=\"middle\">\u221a<\/td>\n<td align=\"middle\" valign=\"top\">\u221a<\/td>\n<td align=\"middle\">\u221a<\/td>\n<td align=\"middle\" valign=\"top\">\u221a<\/td>\n<td align=\"middle\">\u221a<\/td>\n<td align=\"middle\" valign=\"top\">\u221a<\/td>\n<td align=\"middle\">\u221a<\/td>\n<td align=\"middle\" valign=\"top\">\u221a<\/td>\n<td align=\"middle\">\u221a<\/td>\n<td align=\"middle\" valign=\"top\">\u221a<\/td>\n<td align=\"middle\">\u221a<\/td>\n<td align=\"middle\" valign=\"top\">\u221a<\/td>\n<td align=\"middle\" valign=\"top\"><\/td>\n<\/tr>\n<tr>\n<td align=\"middle\" valign=\"top\">PN25<\/td>\n<td align=\"middle\">\u221a<\/td>\n<td align=\"middle\">\u221a<\/td>\n<td align=\"middle\" valign=\"top\">\u221a<\/td>\n<td align=\"middle\">\u221a<\/td>\n<td align=\"middle\" valign=\"top\">\u221a<\/td>\n<td align=\"middle\">\u221a<\/td>\n<td align=\"middle\" valign=\"top\">\u221a<\/td>\n<td align=\"middle\">\u221a<\/td>\n<td align=\"middle\" valign=\"top\">\u221a<\/td>\n<td align=\"middle\">\u221a<\/td>\n<td align=\"middle\" valign=\"top\">\u221a<\/td>\n<td align=\"middle\">\u221a<\/td>\n<td align=\"middle\" valign=\"top\"><\/td>\n<\/tr>\n<tr>\n<td align=\"middle\" valign=\"top\">PN40<\/td>\n<td align=\"middle\">\u221a<\/td>\n<td align=\"middle\">\u221a<\/td>\n<td align=\"middle\" valign=\"top\">\u221a<\/td>\n<td align=\"middle\">\u221a<\/td>\n<td align=\"middle\" valign=\"top\">\u221a<\/td>\n<td align=\"middle\">\u221a<\/td>\n<td align=\"middle\" valign=\"top\">\u221a<\/td>\n<td align=\"middle\">\u221a<\/td>\n<td align=\"middle\" valign=\"top\">\u221a<\/td>\n<td align=\"middle\">\u221a<\/td>\n<td align=\"middle\" valign=\"top\">\u221a<\/td>\n<td align=\"middle\">\u221a<\/td>\n<td align=\"middle\" valign=\"top\"><\/td>\n<\/tr>\n<tr>\n<td align=\"middle\" valign=\"top\">PN63<\/td>\n<td align=\"middle\">\u221a<\/td>\n<td align=\"middle\">\u221a<\/td>\n<td align=\"middle\" valign=\"top\">\u221a<\/td>\n<td align=\"middle\">\u221a<\/td>\n<td align=\"middle\" valign=\"top\">\u221a<\/td>\n<td align=\"middle\">\u221a<\/td>\n<td align=\"middle\" valign=\"top\">\u221a<\/td>\n<td align=\"middle\">\u221a<\/td>\n<td align=\"middle\" valign=\"top\">\u221a<\/td>\n<td align=\"middle\"><\/td>\n<td align=\"middle\" valign=\"top\"><\/td>\n<td align=\"middle\"><\/td>\n<td align=\"middle\" valign=\"top\"><\/td>\n<\/tr>\n<tr>\n<td align=\"middle\" valign=\"top\">PN100<\/td>\n<td align=\"middle\">\u221a<\/td>\n<td align=\"middle\" valign=\"top\">\u221a<\/td>\n<td align=\"middle\">\u221a<\/td>\n<td align=\"middle\" valign=\"top\">\u221a<\/td>\n<td align=\"middle\">\u221a<\/td>\n<td align=\"middle\" valign=\"top\">\u221a<\/td>\n<td align=\"middle\">\u221a<\/td>\n<td align=\"middle\" valign=\"top\">\u221a<\/td>\n<td align=\"middle\">\u221a<\/td>\n<td align=\"middle\" valign=\"top\"><\/td>\n<td align=\"middle\"><\/td>\n<td align=\"middle\" valign=\"top\"><\/td>\n<td align=\"middle\" valign=\"top\"><\/td>\n<\/tr>\n<tr>\n<td align=\"middle\" valign=\"top\">PN160<\/td>\n<td align=\"middle\">\u221a<\/td>\n<td align=\"middle\" valign=\"top\">\u221a<\/td>\n<td align=\"middle\">\u221a<\/td>\n<td align=\"middle\" valign=\"top\">\u221a<\/td>\n<td align=\"middle\">\u221a<\/td>\n<td align=\"middle\" valign=\"top\">\u221a<\/td>\n<td align=\"middle\">\u221a<\/td>\n<td align=\"middle\" valign=\"top\">\u221a<\/td>\n<td align=\"middle\">\u221a<\/td>\n<td align=\"middle\"><\/td>\n<td align=\"middle\" valign=\"top\"><\/td>\n<td align=\"middle\"><\/td>\n<td align=\"middle\"><\/td>\n<\/tr>\n<tr>\n<td align=\"middle\" valign=\"top\">Classe 150 (PN20)<\/td>\n<td align=\"middle\">\u221a<\/td>\n<td align=\"middle\">\u221a<\/td>\n<td align=\"middle\">\u221a<\/td>\n<td align=\"middle\">\u221a<\/td>\n<td align=\"middle\">\u221a<\/td>\n<td align=\"middle\">\u221a<\/td>\n<td align=\"middle\">\u221a<\/td>\n<td align=\"middle\">\u221a<\/td>\n<td align=\"middle\">\u221a<\/td>\n<td align=\"middle\">\u221a<\/td>\n<td align=\"middle\">\u221a<\/td>\n<td align=\"middle\">\u221a<\/td>\n<td align=\"middle\">\u221a<\/td>\n<\/tr>\n<tr>\n<td align=\"middle\" valign=\"top\">Classe 300 (PN50)<\/td>\n<td align=\"middle\">\u221a<\/td>\n<td align=\"middle\">\u221a<\/td>\n<td align=\"middle\">\u221a<\/td>\n<td align=\"middle\">\u221a<\/td>\n<td align=\"middle\">\u221a<\/td>\n<td align=\"middle\">\u221a<\/td>\n<td align=\"middle\">\u221a<\/td>\n<td align=\"middle\">\u221a<\/td>\n<td align=\"middle\">\u221a<\/td>\n<td align=\"middle\">\u221a<\/td>\n<td align=\"middle\">\u221a<\/td>\n<td align=\"middle\">\u221a<\/td>\n<td align=\"middle\"><\/td>\n<\/tr>\n<tr>\n<td align=\"middle\" valign=\"top\">Classe 600 (PN110)<\/td>\n<td align=\"middle\">\u221a<\/td>\n<td align=\"middle\">\u221a<\/td>\n<td align=\"middle\">\u221a<\/td>\n<td align=\"middle\">\u221a<\/td>\n<td align=\"middle\">\u221a<\/td>\n<td align=\"middle\">\u221a<\/td>\n<td align=\"middle\">\u221a<\/td>\n<td align=\"middle\">\u221a<\/td>\n<td align=\"middle\">\u221a<\/td>\n<td align=\"middle\"><\/td>\n<td align=\"middle\"><\/td>\n<td align=\"middle\"><\/td>\n<td align=\"middle\"><\/td>\n<\/tr>\n<tr>\n<td align=\"middle\" valign=\"top\">Classe 900 (PN150)<\/td>\n<td align=\"middle\">\u221a<\/td>\n<td align=\"middle\">\u221a<\/td>\n<td align=\"middle\">\u221a<\/td>\n<td align=\"middle\">\u221a<\/td>\n<td align=\"middle\">\u221a<\/td>\n<td align=\"middle\">\u221a<\/td>\n<td align=\"middle\"><\/td>\n<td align=\"middle\"><\/td>\n<td align=\"middle\"><\/td>\n<td align=\"middle\"><\/td>\n<td align=\"middle\"><\/td>\n<td align=\"middle\"><\/td>\n<td align=\"middle\"><\/td>\n<\/tr>\n<tr>\n<td align=\"middle\" valign=\"top\">Classe 1500\/PN260<\/td>\n<td align=\"middle\">\u221a<\/td>\n<td align=\"middle\">\u221a<\/td>\n<td align=\"middle\">\u221a<\/td>\n<td align=\"middle\">\u221a<\/td>\n<td align=\"middle\">\u221a<\/td>\n<td align=\"middle\">\u221a<\/td>\n<td align=\"middle\"><\/td>\n<td align=\"middle\"><\/td>\n<td align=\"middle\"><\/td>\n<td align=\"middle\"><\/td>\n<td align=\"middle\"><\/td>\n<td align=\"middle\"><\/td>\n<td align=\"middle\"><\/td>\n<\/tr>\n<tr>\n<td align=\"middle\" valign=\"top\">JIS 10K<\/td>\n<td align=\"middle\">\u221a<\/td>\n<td align=\"middle\">\u221a<\/td>\n<td align=\"middle\">\u221a<\/td>\n<td align=\"middle\">\u221a<\/td>\n<td align=\"middle\">\u221a<\/td>\n<td align=\"middle\">\u221a<\/td>\n<td align=\"middle\">\u221a<\/td>\n<td align=\"middle\">\u221a<\/td>\n<td align=\"middle\">\u221a<\/td>\n<td align=\"middle\">\u221a<\/td>\n<td align=\"middle\">\u221a<\/td>\n<td align=\"middle\">\u221a<\/td>\n<td align=\"middle\">\u221a<\/td>\n<\/tr>\n<tr>\n<td align=\"middle\" valign=\"top\">JIS 20K<\/td>\n<td align=\"middle\">\u221a<\/td>\n<td align=\"middle\">\u221a<\/td>\n<td align=\"middle\">\u221a<\/td>\n<td align=\"middle\">\u221a<\/td>\n<td align=\"middle\">\u221a<\/td>\n<td align=\"middle\">\u221a<\/td>\n<td align=\"middle\">\u221a<\/td>\n<td align=\"middle\">\u221a<\/td>\n<td align=\"middle\">\u221a<\/td>\n<td align=\"middle\">\u221a<\/td>\n<td align=\"middle\">\u221a<\/td>\n<td align=\"middle\">\u221a<\/td>\n<td align=\"middle\"><\/td>\n<\/tr>\n<\/tbody>\n<\/table>\n<p>Fabricant de vannes \u00e0 boisseau sph\u00e9rique ASTM A890 4A en Chine, OUdian fournit une vanne \u00e0 boisseau sph\u00e9rique flottante ASTM A890 4A, une vanne \u00e0 boisseau sph\u00e9rique flottante ASTM A890 4A, une vanne \u00e0 boisseau sph\u00e9rique ASTM A890 4A de 2 pouces, une vanne \u00e0 boisseau sph\u00e9rique flottante ASTM A890 4A de 150 lb.<\/p>","protected":false},"excerpt":{"rendered":"<p>Norme de conception\u00a0: API 6D\/API 608<br \/>\nS\u00e9curit\u00e9 incendie\u00a0: API 607\/6FA<br \/>\nTemp\u00e9ratures de pression nominales\u00a0: ASME B16.34<br \/>\nGamme de tailles : 2&quot; \u00e0 48&quot; \uff08DN50-DN1200\uff09<br \/>\nPort\u00a0: passage int\u00e9gral ou passage r\u00e9duit<br \/>\nPlage de pression\u00a0: 150LB \u00e0 2500LB<br \/>\nConnexions d&#039;extr\u00e9mit\u00e9\u00a0: RF \u00e0 bride, RTJ, soud\u00e9e bout \u00e0 bout<br \/>\nType de boule : boule solide forg\u00e9e<br \/>\nDimensions de l&#039;extr\u00e9mit\u00e9 \u00e0 bride\u00a0: ASME B16.5 (24&quot; et inf\u00e9rieur), ASME B16.47 s\u00e9rie A ou B (au-dessus de 24&quot;)<br \/>\nDimensions des extr\u00e9mit\u00e9s soud\u00e9es bout \u00e0 bout\u00a0: ASME B16.25<br \/>\nDimensions face \u00e0 face\u00a0: ASME B16.10<br \/>\nInspection et tests\u00a0: API 6D<br \/>\nMat\u00e9riaux du corps\u00a0: A105\/A105N, F304, F316, F316L, F51, F53, F55, C95800, UNS N08825, UNS N06625.<br \/>\nMat\u00e9riaux du si\u00e8ge\u00a0: PTFE, RPTFE, DEVLON, NYLON, PEEK, m\u00e9tal avec TCC\/STL\/Ni.<\/p>","protected":false},"featured_media":18383,"template":"","meta":{"advanced_seo_description":"","jetpack_seo_html_title":"","jetpack_seo_noindex":false},"product_brand":[],"product_cat":[83],"product_tag":[397,396,395,393,394],"class_list":{"0":"post-18382","1":"product","2":"type-product","3":"status-publish","4":"has-post-thumbnail","6":"product_cat-ball-valves","7":"product_tag-150lb-astm-a890-4a-floating-ball-valve","8":"product_tag-2-inch-astm-a890-4a-ball-valve","9":"product_tag-astm-a890-4a-floating-ball-valve","10":"product_tag-china-astm-a890-4a-ball-valve-manufacturer","11":"product_tag-oudian-supplies-astm-a890-4a-floating-ball-valve","13":"first","14":"instock","15":"shipping-taxable","16":"product-type-simple"},"jetpack_sharing_enabled":true,"_links":{"self":[{"href":"https:\/\/oudianvalve.com\/fr\/wp-json\/wp\/v2\/product\/18382","targetHints":{"allow":["GET"]}}],"collection":[{"href":"https:\/\/oudianvalve.com\/fr\/wp-json\/wp\/v2\/product"}],"about":[{"href":"https:\/\/oudianvalve.com\/fr\/wp-json\/wp\/v2\/types\/product"}],"wp:featuredmedia":[{"embeddable":true,"href":"https:\/\/oudianvalve.com\/fr\/wp-json\/wp\/v2\/media\/18383"}],"wp:attachment":[{"href":"https:\/\/oudianvalve.com\/fr\/wp-json\/wp\/v2\/media?parent=18382"}],"wp:term":[{"taxonomy":"product_brand","embeddable":true,"href":"https:\/\/oudianvalve.com\/fr\/wp-json\/wp\/v2\/product_brand?post=18382"},{"taxonomy":"product_cat","embeddable":true,"href":"https:\/\/oudianvalve.com\/fr\/wp-json\/wp\/v2\/product_cat?post=18382"},{"taxonomy":"product_tag","embeddable":true,"href":"https:\/\/oudianvalve.com\/fr\/wp-json\/wp\/v2\/product_tag?post=18382"}],"curies":[{"name":"wp","href":"https:\/\/api.w.org\/{rel}","templated":true}]}}