{"id":18376,"date":"2025-06-14T00:57:58","date_gmt":"2025-06-14T00:57:58","guid":{"rendered":"https:\/\/oudianvalve.com\/?post_type=product&#038;p=18376"},"modified":"2025-06-14T01:01:23","modified_gmt":"2025-06-14T01:01:23","slug":"ta2-ball-valve-pn16-dn25-rf-end","status":"publish","type":"product","link":"https:\/\/oudianvalve.com\/fr\/products\/ball-valves\/ta2-ball-valve-pn16-dn25-rf-end\/","title":{"rendered":"Robinet \u00e0 boisseau sph\u00e9rique TA2, PN16, DN25, extr\u00e9mit\u00e9 RF"},"content":{"rendered":"<p>Description de la vanne :<br \/>\nType de vanne : vanne \u00e0 boisseau sph\u00e9rique flottante<br \/>\nMat\u00e9riau du corps : Titane TA2.<br \/>\nDiam\u00e8tre nominal : DN25<br \/>\nPression nominale : PN16<br \/>\nRaccordement d&#039;extr\u00e9mit\u00e9 : bride RF<br \/>\nTemp\u00e9rature de fonctionnement : -29\u2103~+200\u2103.<br \/>\nFonctionnement : Levier.<\/p>\n<p>Domaines d&#039;application et caract\u00e9ristiques du produit de la vanne \u00e0 boisseau sph\u00e9rique en titane par pressage isostatique \u00e0 chaud<br \/>\nVanne haute performance, la vanne \u00e0 boisseau sph\u00e9rique en titane par pressage isostatique \u00e0 chaud est largement utilis\u00e9e dans de nombreux domaines gr\u00e2ce \u00e0 son mat\u00e9riau et sa conception structurelle uniques. Ses principaux domaines d&#039;application comprennent le p\u00e9trole, l&#039;industrie chimique, la production de sel, le chlore et la soude, le carbonate de sodium, l&#039;ur\u00e9e et le dessalement de l&#039;eau de mer. La vanne \u00e0 boisseau sph\u00e9rique en titane par pressage isostatique \u00e0 chaud adopte une structure \u00e0 chargement par le haut, ce qui permet de r\u00e9duire le nombre de boulons de connexion du corps de vanne sous haute pression et avec un diam\u00e8tre important, d&#039;am\u00e9liorer la fiabilit\u00e9 de la vanne et de compenser l&#039;influence du poids mort du syst\u00e8me sur son fonctionnement normal.<\/p>\n<p>Les robinets \u00e0 boisseau sph\u00e9rique en titane par pressage isostatique \u00e0 chaud se caract\u00e9risent par une excellente r\u00e9sistance \u00e0 la corrosion, une r\u00e9sistance \u00e9lev\u00e9e et une faible densit\u00e9. Le titane est un m\u00e9tal chimiquement actif dot\u00e9 d&#039;une forte affinit\u00e9 pour l&#039;oxyg\u00e8ne. Au contact de l&#039;atmosph\u00e8re ou de tout milieu contenant de l&#039;oxyg\u00e8ne, il forme imm\u00e9diatement un film d&#039;oxyde passif, r\u00e9sistant et \u00e9tanche, \u00e0 sa surface. Ce film d&#039;oxyde est tr\u00e8s stable et difficile \u00e0 dissoudre. M\u00eame endommag\u00e9 m\u00e9caniquement, il se r\u00e9g\u00e9n\u00e8re rapidement en pr\u00e9sence d&#039;oxyg\u00e8ne. Par cons\u00e9quent, les robinets \u00e0 boisseau sph\u00e9rique en titane sont performants dans divers milieux corrosifs, particuli\u00e8rement adapt\u00e9s aux \u00e9quipements des industries du chlore et de la soude, du carbonate de sodium, des produits pharmaceutiques, de l&#039;ur\u00e9e et de la p\u00e9trochimie. De plus, les robinets \u00e0 boisseau sph\u00e9rique en titane existent en deux versions\u00a0: \u00e0 joint souple et \u00e0 joint dur m\u00e9tallique, ce qui permet de r\u00e9soudre les probl\u00e8mes de corrosion difficiles \u00e0 r\u00e9soudre avec des robinets en acier inoxydable, en alliage de cuivre, en aluminium ou en plastique dans les canalisations industrielles.<\/p>\n<p>Introduction et application de la technologie de pressage isostatique \u00e0 chaud<br \/>\nLe pressage isostatique \u00e0 chaud (CIC) est un proc\u00e9d\u00e9 de traitement thermique sp\u00e9cifique pour les mat\u00e9riaux m\u00e9talliques ou c\u00e9ramiques, et constitue un moyen important de pr\u00e9parer des mat\u00e9riaux hautes performances. Ce proc\u00e9d\u00e9 densifie la structure interne du mat\u00e9riau gr\u00e2ce \u00e0 l&#039;action combin\u00e9e de hautes temp\u00e9ratures et de hautes pressions. Tous les pores et d\u00e9fauts disparaissent pour former un ensemble uniforme et dense, am\u00e9liorant ainsi consid\u00e9rablement la r\u00e9sistance \u00e0 l&#039;usure, la r\u00e9sistance \u00e0 la corrosion et les propri\u00e9t\u00e9s m\u00e9caniques du mat\u00e9riau. La technologie du pressage isostatique \u00e0 chaud peut \u00eatre appliqu\u00e9e au formage par m\u00e9tallurgie des poudres ou \u00e0 la densification de pi\u00e8ces moul\u00e9es (comme les pi\u00e8ces moul\u00e9es \u00e0 retrait l\u00e2che, telles que les alliages de titane, les alliages haute temp\u00e9rature, les alliages d&#039;aluminium, etc.).<\/p>\n<p>Le dispositif de pressage isostatique \u00e0 chaud se compose principalement d&#039;une cuve sous pression refroidie par eau, d&#039;un four de chauffage et d&#039;\u00e9quipements compl\u00e9mentaires tels que le contr\u00f4le, la s\u00e9curit\u00e9 et la manipulation. Le processus comprend l&#039;introduction de la poudre ou du compact de poudre dans l&#039;emballage, la mise sous vide apr\u00e8s \u00e9limination du gaz, le placement dans une cuve sous pression, le pompage d&#039;un gaz inerte \u00e0 une certaine pression, puis le chauffage \u00e0 la temp\u00e9rature requise pour finaliser le formage et le frittage. La technologie de pressage isostatique \u00e0 chaud est largement utilis\u00e9e dans les secteurs maritime, a\u00e9ronautique, a\u00e9rospatial, automobile et autres, car elle combine les avantages du pressage \u00e0 chaud et du pressage isostatique, offre une temp\u00e9rature de formage basse, des produits denses et d&#039;excellentes performances.<\/p>\n<p>Lors de la production de vannes \u00e0 boisseau sph\u00e9rique en titane par pressage isostatique \u00e0 chaud, la technologie de pressage isostatique \u00e0 chaud permet d&#039;am\u00e9liorer la densit\u00e9 et les propri\u00e9t\u00e9s m\u00e9caniques du titane, am\u00e9liorant ainsi la qualit\u00e9 et la fiabilit\u00e9 globales de la vanne. Gr\u00e2ce au pressage isostatique \u00e0 chaud, la r\u00e9sistance \u00e0 l&#039;usure, \u00e0 la corrosion et \u00e0 la fatigue des vannes \u00e0 boisseau sph\u00e9rique en titane est consid\u00e9rablement am\u00e9lior\u00e9e, ce qui les rend plus durables dans des conditions de travail difficiles.<\/p>\n<p>Caract\u00e9ristiques des mat\u00e9riaux et teneur en \u00e9l\u00e9ments chimiques des mat\u00e9riaux en titane<br \/>\nLe titane est un m\u00e9tal aux excellentes propri\u00e9t\u00e9s. Il est l\u00e9ger, dur, r\u00e9sistant \u00e0 la corrosion et pr\u00e9sente une bonne biocompatibilit\u00e9. Sa densit\u00e9 est d&#039;environ 4,5 g\/cm\u00b3, soit seulement 571 TP3T de celle de l&#039;acier. Cependant, sa r\u00e9sistance sp\u00e9cifique (rapport r\u00e9sistance\/densit\u00e9) est tr\u00e8s \u00e9lev\u00e9e, environ deux fois sup\u00e9rieure \u00e0 celle de l&#039;acier ordinaire et environ six fois sup\u00e9rieure \u00e0 celle de l&#039;aluminium. Le titane pr\u00e9sente une excellente r\u00e9sistance \u00e0 la corrosion et peut rester insensible \u00e0 la corrosion dans l&#039;eau de mer pendant 20 \u00e0 50 ans, et m\u00eame r\u00e9sister \u00e0 l&#039;\u00e9rosion de l&#039;eau r\u00e9gale.<\/p>\n<p>Parmi la composition chimique des mat\u00e9riaux en titane, le titane pur industriel tel que le TA1 pr\u00e9sente une teneur en titane sup\u00e9rieure \u00e0 99,51 TP3T, et une tr\u00e8s faible teneur en impuret\u00e9s, notamment en oligo-\u00e9l\u00e9ments tels que le fer, l&#039;hydrog\u00e8ne, l&#039;azote et le carbone. Ces impuret\u00e9s ont un effet subtil sur les performances des mat\u00e9riaux en titane. Par exemple, le titane pur industriel tel que le TA2 et le TA3 pr\u00e9sente une r\u00e9sistance et une duret\u00e9 sup\u00e9rieures \u00e0 celles du TA1. Les alliages de titane tels que le TC4 (Ti-6Al-4V) offrent une r\u00e9sistance m\u00e9canique sup\u00e9rieure et une meilleure r\u00e9sistance aux temp\u00e9ratures \u00e9lev\u00e9es, et sont largement utilis\u00e9s dans l&#039;a\u00e9rospatiale, le m\u00e9dical et d&#039;autres secteurs.<\/p>\n<p>En r\u00e9sum\u00e9, les vannes \u00e0 boisseau sph\u00e9rique en titane issues de la technologie de pressage isostatique \u00e0 chaud sont largement utilis\u00e9es dans de nombreux domaines en raison de leur excellente r\u00e9sistance \u00e0 la corrosion, de leur grande r\u00e9sistance et de leur faible densit\u00e9. En tant que moyen essentiel de pr\u00e9paration de mat\u00e9riaux hautes performances, la technologie de pressage isostatique \u00e0 chaud am\u00e9liore la qualit\u00e9 et la fiabilit\u00e9 des vannes \u00e0 boisseau sph\u00e9rique en titane en am\u00e9liorant la densit\u00e9 et les propri\u00e9t\u00e9s m\u00e9caniques du titane. Les caract\u00e9ristiques et la teneur en \u00e9l\u00e9ments chimiques du titane constituent une base solide pour son application dans des conditions de travail difficiles.<\/p>\n<p>Tableau d&#039;application du calibre de pression de la vanne \u00e0 boisseau sph\u00e9rique en titane de la technologie de pressage isostatique \u00e0 chaud<\/p>\n<p>Nous pouvons produire des vannes \u00e0 boisseau sph\u00e9rique en alliage de titane TA2, des vannes \u00e0 guillotine en titane, des vannes \u00e0 soupape, des clapets anti-retour, etc.<\/p>\n<table border=\"1\" width=\"100%\" cellspacing=\"0\" cellpadding=\"0\">\n<tbody>\n<tr>\n<td rowspan=\"3\" align=\"middle\" bgcolor=\"#8c9e9c\">Pression nominale ou niveau de pression<\/td>\n<td colspan=\"13\" align=\"middle\" bgcolor=\"#8c9e9c\">DN\/NPS (mm\/po)<\/td>\n<\/tr>\n<tr>\n<td align=\"middle\" bgcolor=\"#8c9e9c\">15<\/td>\n<td align=\"middle\" bgcolor=\"#8c9e9c\">20<\/td>\n<td align=\"middle\" bgcolor=\"#8c9e9c\">25<\/td>\n<td align=\"middle\" bgcolor=\"#8c9e9c\">32<\/td>\n<td align=\"middle\" bgcolor=\"#8c9e9c\">40<\/td>\n<td align=\"middle\" bgcolor=\"#8c9e9c\">50<\/td>\n<td align=\"middle\" bgcolor=\"#8c9e9c\">65<\/td>\n<td align=\"middle\" bgcolor=\"#8c9e9c\">80<\/td>\n<td align=\"middle\" bgcolor=\"#8c9e9c\">100<\/td>\n<td align=\"middle\" bgcolor=\"#8c9e9c\">125<\/td>\n<td align=\"middle\" bgcolor=\"#8c9e9c\">150<\/td>\n<td align=\"middle\" bgcolor=\"#8c9e9c\">200<\/td>\n<td align=\"middle\" bgcolor=\"#8c9e9c\">250<\/td>\n<\/tr>\n<tr>\n<td align=\"middle\" bgcolor=\"#8c9e9c\">1\/2<\/td>\n<td align=\"middle\" bgcolor=\"#8c9e9c\">3\/4<\/td>\n<td align=\"middle\" bgcolor=\"#8c9e9c\">1<\/td>\n<td align=\"middle\" bgcolor=\"#8c9e9c\">11\/4<\/td>\n<td align=\"middle\" bgcolor=\"#8c9e9c\">11\/2<\/td>\n<td align=\"middle\" bgcolor=\"#8c9e9c\">2<\/td>\n<td align=\"middle\" bgcolor=\"#8c9e9c\">21\/2<\/td>\n<td align=\"middle\" bgcolor=\"#8c9e9c\">3<\/td>\n<td align=\"middle\" bgcolor=\"#8c9e9c\">4<\/td>\n<td align=\"middle\" bgcolor=\"#8c9e9c\">5<\/td>\n<td align=\"middle\" bgcolor=\"#8c9e9c\">6<\/td>\n<td align=\"middle\" bgcolor=\"#8c9e9c\">8<\/td>\n<td align=\"middle\" bgcolor=\"#8c9e9c\">10<\/td>\n<\/tr>\n<tr>\n<td align=\"middle\" valign=\"top\">PN16<\/td>\n<td align=\"middle\">\u221a<\/td>\n<td align=\"middle\" valign=\"top\">\u221a<\/td>\n<td align=\"middle\">\u221a<\/td>\n<td align=\"middle\" valign=\"top\">\u221a<\/td>\n<td align=\"middle\">\u221a<\/td>\n<td align=\"middle\" valign=\"top\">\u221a<\/td>\n<td align=\"middle\">\u221a<\/td>\n<td align=\"middle\" valign=\"top\">\u221a<\/td>\n<td align=\"middle\">\u221a<\/td>\n<td align=\"middle\" valign=\"top\">\u221a<\/td>\n<td align=\"middle\">\u221a<\/td>\n<td align=\"middle\" valign=\"top\">\u221a<\/td>\n<td align=\"middle\" valign=\"top\"><\/td>\n<\/tr>\n<tr>\n<td align=\"middle\" valign=\"top\">PN25<\/td>\n<td align=\"middle\">\u221a<\/td>\n<td align=\"middle\">\u221a<\/td>\n<td align=\"middle\" valign=\"top\">\u221a<\/td>\n<td align=\"middle\">\u221a<\/td>\n<td align=\"middle\" valign=\"top\">\u221a<\/td>\n<td align=\"middle\">\u221a<\/td>\n<td align=\"middle\" valign=\"top\">\u221a<\/td>\n<td align=\"middle\">\u221a<\/td>\n<td align=\"middle\" valign=\"top\">\u221a<\/td>\n<td align=\"middle\">\u221a<\/td>\n<td align=\"middle\" valign=\"top\">\u221a<\/td>\n<td align=\"middle\">\u221a<\/td>\n<td align=\"middle\" valign=\"top\"><\/td>\n<\/tr>\n<tr>\n<td align=\"middle\" valign=\"top\">PN40<\/td>\n<td align=\"middle\">\u221a<\/td>\n<td align=\"middle\">\u221a<\/td>\n<td align=\"middle\" valign=\"top\">\u221a<\/td>\n<td align=\"middle\">\u221a<\/td>\n<td align=\"middle\" valign=\"top\">\u221a<\/td>\n<td align=\"middle\">\u221a<\/td>\n<td align=\"middle\" valign=\"top\">\u221a<\/td>\n<td align=\"middle\">\u221a<\/td>\n<td align=\"middle\" valign=\"top\">\u221a<\/td>\n<td align=\"middle\">\u221a<\/td>\n<td align=\"middle\" valign=\"top\">\u221a<\/td>\n<td align=\"middle\">\u221a<\/td>\n<td align=\"middle\" valign=\"top\"><\/td>\n<\/tr>\n<tr>\n<td align=\"middle\" valign=\"top\">PN63<\/td>\n<td align=\"middle\">\u221a<\/td>\n<td align=\"middle\">\u221a<\/td>\n<td align=\"middle\" valign=\"top\">\u221a<\/td>\n<td align=\"middle\">\u221a<\/td>\n<td align=\"middle\" valign=\"top\">\u221a<\/td>\n<td align=\"middle\">\u221a<\/td>\n<td align=\"middle\" valign=\"top\">\u221a<\/td>\n<td align=\"middle\">\u221a<\/td>\n<td align=\"middle\" valign=\"top\">\u221a<\/td>\n<td align=\"middle\"><\/td>\n<td align=\"middle\" valign=\"top\"><\/td>\n<td align=\"middle\"><\/td>\n<td align=\"middle\" valign=\"top\"><\/td>\n<\/tr>\n<tr>\n<td align=\"middle\" valign=\"top\">PN100<\/td>\n<td align=\"middle\">\u221a<\/td>\n<td align=\"middle\" valign=\"top\">\u221a<\/td>\n<td align=\"middle\">\u221a<\/td>\n<td align=\"middle\" valign=\"top\">\u221a<\/td>\n<td align=\"middle\">\u221a<\/td>\n<td align=\"middle\" valign=\"top\">\u221a<\/td>\n<td align=\"middle\">\u221a<\/td>\n<td align=\"middle\" valign=\"top\">\u221a<\/td>\n<td align=\"middle\">\u221a<\/td>\n<td align=\"middle\" valign=\"top\"><\/td>\n<td align=\"middle\"><\/td>\n<td align=\"middle\" valign=\"top\"><\/td>\n<td align=\"middle\" valign=\"top\"><\/td>\n<\/tr>\n<tr>\n<td align=\"middle\" valign=\"top\">PN160<\/td>\n<td align=\"middle\">\u221a<\/td>\n<td align=\"middle\" valign=\"top\">\u221a<\/td>\n<td align=\"middle\">\u221a<\/td>\n<td align=\"middle\" valign=\"top\">\u221a<\/td>\n<td align=\"middle\">\u221a<\/td>\n<td align=\"middle\" valign=\"top\">\u221a<\/td>\n<td align=\"middle\">\u221a<\/td>\n<td align=\"middle\" valign=\"top\">\u221a<\/td>\n<td align=\"middle\">\u221a<\/td>\n<td align=\"middle\"><\/td>\n<td align=\"middle\" valign=\"top\"><\/td>\n<td align=\"middle\"><\/td>\n<td align=\"middle\"><\/td>\n<\/tr>\n<tr>\n<td align=\"middle\" valign=\"top\">Classe 150 (PN20)<\/td>\n<td align=\"middle\">\u221a<\/td>\n<td align=\"middle\">\u221a<\/td>\n<td align=\"middle\">\u221a<\/td>\n<td align=\"middle\">\u221a<\/td>\n<td align=\"middle\">\u221a<\/td>\n<td align=\"middle\">\u221a<\/td>\n<td align=\"middle\">\u221a<\/td>\n<td align=\"middle\">\u221a<\/td>\n<td align=\"middle\">\u221a<\/td>\n<td align=\"middle\">\u221a<\/td>\n<td align=\"middle\">\u221a<\/td>\n<td align=\"middle\">\u221a<\/td>\n<td align=\"middle\">\u221a<\/td>\n<\/tr>\n<tr>\n<td align=\"middle\" valign=\"top\">Classe 300 (PN50)<\/td>\n<td align=\"middle\">\u221a<\/td>\n<td align=\"middle\">\u221a<\/td>\n<td align=\"middle\">\u221a<\/td>\n<td align=\"middle\">\u221a<\/td>\n<td align=\"middle\">\u221a<\/td>\n<td align=\"middle\">\u221a<\/td>\n<td align=\"middle\">\u221a<\/td>\n<td align=\"middle\">\u221a<\/td>\n<td align=\"middle\">\u221a<\/td>\n<td align=\"middle\">\u221a<\/td>\n<td align=\"middle\">\u221a<\/td>\n<td align=\"middle\">\u221a<\/td>\n<td align=\"middle\"><\/td>\n<\/tr>\n<tr>\n<td align=\"middle\" valign=\"top\">Classe 600 (PN110)<\/td>\n<td align=\"middle\">\u221a<\/td>\n<td align=\"middle\">\u221a<\/td>\n<td align=\"middle\">\u221a<\/td>\n<td align=\"middle\">\u221a<\/td>\n<td align=\"middle\">\u221a<\/td>\n<td align=\"middle\">\u221a<\/td>\n<td align=\"middle\">\u221a<\/td>\n<td align=\"middle\">\u221a<\/td>\n<td align=\"middle\">\u221a<\/td>\n<td align=\"middle\"><\/td>\n<td align=\"middle\"><\/td>\n<td align=\"middle\"><\/td>\n<td align=\"middle\"><\/td>\n<\/tr>\n<tr>\n<td align=\"middle\" valign=\"top\">Classe 900 (PN150)<\/td>\n<td align=\"middle\">\u221a<\/td>\n<td align=\"middle\">\u221a<\/td>\n<td align=\"middle\">\u221a<\/td>\n<td align=\"middle\">\u221a<\/td>\n<td align=\"middle\">\u221a<\/td>\n<td align=\"middle\">\u221a<\/td>\n<td align=\"middle\"><\/td>\n<td align=\"middle\"><\/td>\n<td align=\"middle\"><\/td>\n<td align=\"middle\"><\/td>\n<td align=\"middle\"><\/td>\n<td align=\"middle\"><\/td>\n<td align=\"middle\"><\/td>\n<\/tr>\n<tr>\n<td align=\"middle\" valign=\"top\">Classe 1500\/PN260<\/td>\n<td align=\"middle\">\u221a<\/td>\n<td align=\"middle\">\u221a<\/td>\n<td align=\"middle\">\u221a<\/td>\n<td align=\"middle\">\u221a<\/td>\n<td align=\"middle\">\u221a<\/td>\n<td align=\"middle\">\u221a<\/td>\n<td align=\"middle\"><\/td>\n<td align=\"middle\"><\/td>\n<td align=\"middle\"><\/td>\n<td align=\"middle\"><\/td>\n<td align=\"middle\"><\/td>\n<td align=\"middle\"><\/td>\n<td align=\"middle\"><\/td>\n<\/tr>\n<tr>\n<td align=\"middle\" valign=\"top\">JIS 10K<\/td>\n<td align=\"middle\">\u221a<\/td>\n<td align=\"middle\">\u221a<\/td>\n<td align=\"middle\">\u221a<\/td>\n<td align=\"middle\">\u221a<\/td>\n<td align=\"middle\">\u221a<\/td>\n<td align=\"middle\">\u221a<\/td>\n<td align=\"middle\">\u221a<\/td>\n<td align=\"middle\">\u221a<\/td>\n<td align=\"middle\">\u221a<\/td>\n<td align=\"middle\">\u221a<\/td>\n<td align=\"middle\">\u221a<\/td>\n<td align=\"middle\">\u221a<\/td>\n<td align=\"middle\">\u221a<\/td>\n<\/tr>\n<tr>\n<td align=\"middle\" valign=\"top\">JIS 20K<\/td>\n<td align=\"middle\">\u221a<\/td>\n<td align=\"middle\">\u221a<\/td>\n<td align=\"middle\">\u221a<\/td>\n<td align=\"middle\">\u221a<\/td>\n<td align=\"middle\">\u221a<\/td>\n<td align=\"middle\">\u221a<\/td>\n<td align=\"middle\">\u221a<\/td>\n<td align=\"middle\">\u221a<\/td>\n<td align=\"middle\">\u221a<\/td>\n<td align=\"middle\">\u221a<\/td>\n<td align=\"middle\">\u221a<\/td>\n<td align=\"middle\">\u221a<\/td>\n<td align=\"middle\"><\/td>\n<\/tr>\n<\/tbody>\n<\/table>\n<p>Fabricant de vannes \u00e0 boisseau sph\u00e9rique en titane en Chine, OUdian fournit une vanne \u00e0 boisseau sph\u00e9rique flottante en titane, une vanne \u00e0 boisseau sph\u00e9rique flottante TA2, une vanne \u00e0 boisseau sph\u00e9rique en titane DN25, une vanne \u00e0 boisseau sph\u00e9rique flottante en titane PN16.<\/p>","protected":false},"excerpt":{"rendered":"<p>Norme de conception\u00a0: API 6D<br \/>\nS\u00e9curit\u00e9 incendie\u00a0: API 607\/6FA<br \/>\nIndices de pression-temp\u00e9rature\u00a0: ASME B16.34<br \/>\nGamme de tailles : 2&quot; \u00e0 48&quot;<br \/>\nPlage de pression\u00a0: Classe 150 \u00e0 2\u00a0500<br \/>\nConnexions d&#039;extr\u00e9mit\u00e9\u00a0: RF \u00e0 bride, RTJ, soud\u00e9e bout \u00e0 bout<br \/>\nType de boule\u00a0: Boule solide forg\u00e9e, mont\u00e9e sur tourillon<br \/>\nDimensions des extr\u00e9mit\u00e9s \u00e0 bride\u00a0: ASME B16.5 (\u226424\u00a0po), ASME B16.47 s\u00e9rie A ou B (&gt;24\u00a0po)<br \/>\nDimensions des extr\u00e9mit\u00e9s soud\u00e9es bout \u00e0 bout\u00a0: ASME B16.25 face \u00e0 face<br \/>\nDimensions face \u00e0 face\u00a0: ASME B16.10<br \/>\nInspection et tests\u00a0: API 6D<br \/>\nMat\u00e9riaux du corps\u00a0: ZTA1, ZTA2, ZTA3, ZTA9, ZTA10, ZTC4 TA1, TA2, TA3, TA9, TA10, TC4 Titane Gr2, Gr3, Gr5, Gr6, Gr7, Gr12 Titane GrC2, GrC3, GrC5, GrC6, Ti-Pd7B, GrC12 Titane GrF2, Gr3F, GrF5, GrF6, GrF7, GrF12<br \/>\nMat\u00e9riaux du si\u00e8ge\u00a0: PTFE, RPTFE, DEVLON, NYLON, PEEK, enti\u00e8rement m\u00e9tallique avec rev\u00eatement dur.<\/p>\n<p>&nbsp;<\/p>\n<p>Caract\u00e9ristiques du produit<\/p>\n<p>La r\u00e9sistance au d\u00e9bit est faible\u00a0;<br \/>\n2. Si\u00e8ge de piston, conception de structure antistatique de protection contre l&#039;incendie \uff1b<br \/>\n3. Aucune limitation sur la direction d&#039;\u00e9coulement du milieu ;<br \/>\n4. Lorsque la vanne est en position compl\u00e8tement ouverte, les surfaces du si\u00e8ge sont \u00e0 l&#039;ext\u00e9rieur du flux d&#039;\u00e9coulement qui est toujours en plein contact avec la porte, ce qui peut prot\u00e9ger les surfaces du si\u00e8ge et convient au raclage des pipelines\u00a0;<br \/>\n5. L&#039;emballage \u00e0 ressort peut \u00eatre choisi\u00a0;<br \/>\n6. L&#039;emballage \u00e0 faible \u00e9mission peut \u00eatre choisi conform\u00e9ment aux exigences de la norme ISO 15848\u00a0;<br \/>\n7. La conception \u00e9tendue de la tige peut \u00eatre choisie\u00a0;<br \/>\n8. La conception du si\u00e8ge m\u00e9tal sur m\u00e9tal peut \u00eatre choisie\u00a0;<br \/>\n9. La conception DBB, DIB-1, DIB-2 peut \u00eatre choisie\u00a0;<br \/>\n10.La boule est fix\u00e9e avec une plaque de support et un arbre fixe\u00a0;<\/p>","protected":false},"featured_media":18377,"template":"","meta":{"advanced_seo_description":"","jetpack_seo_html_title":"","jetpack_seo_noindex":false},"product_brand":[],"product_cat":[83],"product_tag":[378,384,379,382,383],"class_list":{"0":"post-18376","1":"product","2":"type-product","3":"status-publish","4":"has-post-thumbnail","6":"product_cat-ball-valves","7":"product_tag-china-titanium-ball-valve-manufacturer","8":"product_tag-dn25-titanium-ball-valve","9":"product_tag-oudian-supplies-titanium-floating-ball-valve","10":"product_tag-pn16-titanium-floating-ball-valve","11":"product_tag-ta2-floating-ball-valve","13":"first","14":"instock","15":"shipping-taxable","16":"product-type-simple"},"jetpack_sharing_enabled":true,"_links":{"self":[{"href":"https:\/\/oudianvalve.com\/fr\/wp-json\/wp\/v2\/product\/18376","targetHints":{"allow":["GET"]}}],"collection":[{"href":"https:\/\/oudianvalve.com\/fr\/wp-json\/wp\/v2\/product"}],"about":[{"href":"https:\/\/oudianvalve.com\/fr\/wp-json\/wp\/v2\/types\/product"}],"wp:featuredmedia":[{"embeddable":true,"href":"https:\/\/oudianvalve.com\/fr\/wp-json\/wp\/v2\/media\/18377"}],"wp:attachment":[{"href":"https:\/\/oudianvalve.com\/fr\/wp-json\/wp\/v2\/media?parent=18376"}],"wp:term":[{"taxonomy":"product_brand","embeddable":true,"href":"https:\/\/oudianvalve.com\/fr\/wp-json\/wp\/v2\/product_brand?post=18376"},{"taxonomy":"product_cat","embeddable":true,"href":"https:\/\/oudianvalve.com\/fr\/wp-json\/wp\/v2\/product_cat?post=18376"},{"taxonomy":"product_tag","embeddable":true,"href":"https:\/\/oudianvalve.com\/fr\/wp-json\/wp\/v2\/product_tag?post=18376"}],"curies":[{"name":"wp","href":"https:\/\/api.w.org\/{rel}","templated":true}]}}