{"id":18374,"date":"2025-06-14T00:42:54","date_gmt":"2025-06-14T00:42:54","guid":{"rendered":"https:\/\/oudianvalve.com\/?post_type=product&#038;p=18374"},"modified":"2025-06-14T00:54:46","modified_gmt":"2025-06-14T00:54:46","slug":"ta10-ball-valve-pn16-dn20-rf-end","status":"publish","type":"product","link":"https:\/\/oudianvalve.com\/fr\/products\/ball-valves\/ta10-ball-valve-pn16-dn20-rf-end\/","title":{"rendered":"Robinet \u00e0 boisseau sph\u00e9rique TA10, PN16, DN20, extr\u00e9mit\u00e9 RF"},"content":{"rendered":"<p>Description de la vanne :<br \/>\nType de vanne : vanne \u00e0 boisseau sph\u00e9rique flottante<br \/>\nMat\u00e9riau du corps : Titane TA10.<br \/>\nDiam\u00e8tre nominal : DN20<br \/>\nPression nominale : PN16<br \/>\nRaccordement d&#039;extr\u00e9mit\u00e9 : bride RF<br \/>\nTemp\u00e9rature de fonctionnement : -29\u2103~+200\u2103.<br \/>\nFonctionnement : Levier.<\/p>\n<p>La vanne \u00e0 boisseau sph\u00e9rique en acier forg\u00e9 TA10 est une vanne \u00e0 boisseau sph\u00e9rique \u00e0 passage int\u00e9gral. L&#039;ouverture et la fermeture s&#039;effectuent par rotation de la tige \u00e0 un angle de 90 degr\u00e9s. Selon les diff\u00e9rentes pressions d&#039;application, on distingue les vannes \u00e0 boisseau sph\u00e9rique en acier forg\u00e9 basse pression et les vannes \u00e0 boisseau sph\u00e9rique en acier forg\u00e9 haute pression. Ce type de vanne \u00e0 boisseau sph\u00e9rique est compact, l\u00e9ger, de structure simple, offre une \u00e9tanch\u00e9it\u00e9 fiable et assure un \u00e9coulement unidirectionnel, conform\u00e9ment \u00e0 la fl\u00e8che indiqu\u00e9e sur le corps. Les pi\u00e8ces sont interchangeables, ce qui facilite et simplifie l&#039;entretien ult\u00e9rieur, et r\u00e9duit les co\u00fbts de maintenance.<br \/>\nPar rapport \u00e0 la vanne \u00e0 boisseau sph\u00e9rique coul\u00e9e,<\/p>\n<p>Le robinet \u00e0 tournant sph\u00e9rique en acier forg\u00e9 TA10 est relativement plus compact et ne pr\u00e9sente aucun probl\u00e8me de sablage, de bulles ni de jeu. En raison du processus de forgeage, le robinet n&#039;est g\u00e9n\u00e9ralement pas form\u00e9 en une seule fois et doit \u00eatre forg\u00e9 de mani\u00e8re modulaire s\u00e9par\u00e9ment, puis assembl\u00e9 par boulons, \u00e9crous ou soudure. Par cons\u00e9quent, le calibre de production pr\u00e9sente certaines limites. Le diam\u00e8tre du si\u00e8ge du robinet forg\u00e9 est relativement fixe. Sur certaines tailles de robinet, ce diam\u00e8tre est relativement petit, ce qui affecte le d\u00e9bit. Pour le forgeage d&#039;un robinet de grande taille, en raison des limites du processus de forgeage, la structure du corps de robinet est g\u00e9n\u00e9ralement moul\u00e9e au centre et forg\u00e9e aux deux extr\u00e9mit\u00e9s. Par cons\u00e9quent, qu&#039;il s&#039;agisse de moulage ou de forgeage, des d\u00e9fauts de fabrication peuvent survenir et n\u00e9cessiter des solutions techniques.<\/p>\n<p>Le robinet \u00e0 tournant sph\u00e9rique en acier forg\u00e9 TA10 est fabriqu\u00e9 en forgeant l&#039;alliage de titane TA10. Le TA10 est un alliage de titane r\u00e9sistant \u00e0 la corrosion. Cet alliage proche de l&#039;alpha a \u00e9t\u00e9 d\u00e9velopp\u00e9 pour am\u00e9liorer la r\u00e9sistance \u00e0 la corrosion caverneuse du titane pur. Le nickel am\u00e9liore la r\u00e9sistance \u00e0 la corrosion caverneuse du titane en solution d&#039;acide chlorhydrique. L&#039;alliage contient 0,31 TP3T de Mo et 0,81 TP3T de Ni (Ti-0,3Mo-0,8Ni). En milieu r\u00e9ducteur, du molybd\u00e8ne peut \u00eatre ajout\u00e9 pour am\u00e9liorer sa r\u00e9sistance \u00e0 la corrosion.<\/p>\n<p>Composition du mat\u00e9riau du robinet \u00e0 boisseau sph\u00e9rique en acier forg\u00e9 TA10<\/p>\n<p>&nbsp;<\/p>\n<table style=\"height: 317px;\" border=\"2\" width=\"850\" cellspacing=\"0\" cellpadding=\"0\">\n<tbody>\n<tr>\n<td colspan=\"3\" valign=\"top\" width=\"30\" height=\"40\">Composition principale<\/p>\n<p>&nbsp;<\/td>\n<td colspan=\"7\" valign=\"top\" width=\"70\" height=\"40\">Impuret\u00e9s, pas plus de<\/td>\n<\/tr>\n<tr>\n<td rowspan=\"2\" valign=\"top\" width=\"10\" height=\"40\">Ti<\/td>\n<td rowspan=\"2\" valign=\"top\" width=\"10\" height=\"40\">Moi<\/td>\n<td rowspan=\"2\" valign=\"top\" width=\"10\" height=\"40\">Ni<\/td>\n<td rowspan=\"2\" valign=\"top\" width=\"10\" height=\"40\">Fe<\/td>\n<td rowspan=\"2\" valign=\"top\" width=\"10\" height=\"40\">C<\/td>\n<td rowspan=\"2\" valign=\"top\" width=\"10\" height=\"40\">N<\/td>\n<td rowspan=\"2\" valign=\"top\" width=\"10\" height=\"40\">H<\/td>\n<td rowspan=\"2\" valign=\"top\" width=\"10\" height=\"40\">O<\/td>\n<td colspan=\"2\" valign=\"top\" width=\"140\" height=\"40\">Autres \u00e9l\u00e9ments<\/td>\n<\/tr>\n<tr>\n<td valign=\"top\" width=\"10\" height=\"40\">Unit\u00e9<\/td>\n<td valign=\"top\" width=\"10\" height=\"40\">Total<\/td>\n<\/tr>\n<tr>\n<td valign=\"top\" width=\"10\" height=\"40\">marge<\/td>\n<td valign=\"top\" width=\"10\" height=\"40\">0,2 \u00e0 0,4<\/td>\n<td valign=\"top\" width=\"10\" height=\"40\">0,6 \u00e0 0,9<\/td>\n<td valign=\"top\" width=\"10\" height=\"40\">0.30<\/td>\n<td valign=\"top\" width=\"10\" height=\"40\">0.08<\/td>\n<td valign=\"top\" width=\"10\" height=\"40\">0.03<\/td>\n<td valign=\"top\" width=\"10\" height=\"40\">0.015<\/td>\n<td valign=\"top\" width=\"10\" height=\"40\">0.25<\/td>\n<td valign=\"top\" width=\"10\" height=\"40\">0.10<\/td>\n<td valign=\"top\" width=\"10\" height=\"40\">0.40<\/td>\n<\/tr>\n<\/tbody>\n<\/table>\n<p>Nous pouvons produire des vannes \u00e0 boisseau sph\u00e9rique en alliage de titane TA10, des vannes \u00e0 guillotine en titane, des vannes \u00e0 soupape, des clapets anti-retour, etc.<br \/>\nFabricant de vannes \u00e0 boisseau sph\u00e9rique en titane en Chine, OUdian fournit une vanne \u00e0 boisseau sph\u00e9rique flottante en titane, une vanne \u00e0 boisseau sph\u00e9rique flottante TA10, une vanne \u00e0 boisseau sph\u00e9rique en titane DN20, une vanne \u00e0 boisseau sph\u00e9rique flottante en titane PN16.<\/p>","protected":false},"excerpt":{"rendered":"<p>Norme de conception\u00a0: API 6D<br \/>\nS\u00e9curit\u00e9 incendie\u00a0: API 607\/6FA<br \/>\nIndices de pression-temp\u00e9rature\u00a0: ASME B16.34<br \/>\nGamme de tailles : 2&quot; \u00e0 48&quot;<br \/>\nPlage de pression\u00a0: Classe 150 \u00e0 2\u00a0500<br \/>\nConnexions d&#039;extr\u00e9mit\u00e9\u00a0: RF \u00e0 bride, RTJ, soud\u00e9e bout \u00e0 bout<br \/>\nType de boule\u00a0: Boule solide forg\u00e9e, mont\u00e9e sur tourillon<br \/>\nDimensions des extr\u00e9mit\u00e9s \u00e0 bride\u00a0: ASME B16.5 (\u226424\u00a0po), ASME B16.47 s\u00e9rie A ou B (&gt;24\u00a0po)<br \/>\nDimensions des extr\u00e9mit\u00e9s soud\u00e9es bout \u00e0 bout\u00a0: ASME B16.25 face \u00e0 face<br \/>\nDimensions face \u00e0 face\u00a0: ASME B16.10<br \/>\nInspection et tests\u00a0: API 6D<br \/>\nMat\u00e9riaux du corps\u00a0: ZTA1, ZTA2, ZTA3, ZTA9, ZTA10, ZTC4 TA1, TA2, TA3, TA9, TA10, TC4 Titane Gr2, Gr3, Gr5, Gr6, Gr7, Gr12 Titane GrC2, GrC3, GrC5, GrC6, Ti-Pd7B, GrC12 Titane GrF2, Gr3F, GrF5, GrF6, GrF7, GrF12<br \/>\nMat\u00e9riaux du si\u00e8ge\u00a0: PTFE, RPTFE, DEVLON, NYLON, PEEK, enti\u00e8rement m\u00e9tallique avec rev\u00eatement dur.<\/p>\n<p>&nbsp;<\/p>\n<p>Caract\u00e9ristiques du produit<\/p>\n<p>La r\u00e9sistance au d\u00e9bit est faible\u00a0;<br \/>\n2. Si\u00e8ge de piston, conception de structure antistatique de protection contre l&#039;incendie \uff1b<br \/>\n3. Aucune limitation sur la direction d&#039;\u00e9coulement du milieu ;<br \/>\n4. Lorsque la vanne est en position compl\u00e8tement ouverte, les surfaces du si\u00e8ge sont \u00e0 l&#039;ext\u00e9rieur du flux d&#039;\u00e9coulement qui est toujours en plein contact avec la porte, ce qui peut prot\u00e9ger les surfaces du si\u00e8ge et convient au raclage des pipelines\u00a0;<br \/>\n5. L&#039;emballage \u00e0 ressort peut \u00eatre choisi\u00a0;<br \/>\n6. L&#039;emballage \u00e0 faible \u00e9mission peut \u00eatre choisi conform\u00e9ment aux exigences de la norme ISO 15848\u00a0;<br \/>\n7. La conception \u00e9tendue de la tige peut \u00eatre choisie\u00a0;<br \/>\n8. La conception du si\u00e8ge m\u00e9tal sur m\u00e9tal peut \u00eatre choisie\u00a0;<br \/>\n9. La conception DBB, DIB-1, DIB-2 peut \u00eatre choisie\u00a0;<br \/>\n10.La boule est fix\u00e9e avec une plaque de support et un arbre fixe\u00a0;<\/p>","protected":false},"featured_media":18375,"template":"","meta":{"advanced_seo_description":"","jetpack_seo_html_title":"","jetpack_seo_noindex":false},"product_brand":[],"product_cat":[83],"product_tag":[378,381,379,382,380,377,376],"class_list":{"0":"post-18374","1":"product","2":"type-product","3":"status-publish","4":"has-post-thumbnail","6":"product_cat-ball-valves","7":"product_tag-china-titanium-ball-valve-manufacturer","8":"product_tag-dn20-titanium-ball-valve","9":"product_tag-oudian-supplies-titanium-floating-ball-valve","10":"product_tag-pn16-titanium-floating-ball-valve","11":"product_tag-ta10-floating-ball-valve","12":"product_tag-ta10-titanium-floating-ball-valve","13":"product_tag-titanium-floating-ball-valve","15":"first","16":"instock","17":"shipping-taxable","18":"product-type-simple"},"jetpack_sharing_enabled":true,"_links":{"self":[{"href":"https:\/\/oudianvalve.com\/fr\/wp-json\/wp\/v2\/product\/18374","targetHints":{"allow":["GET"]}}],"collection":[{"href":"https:\/\/oudianvalve.com\/fr\/wp-json\/wp\/v2\/product"}],"about":[{"href":"https:\/\/oudianvalve.com\/fr\/wp-json\/wp\/v2\/types\/product"}],"wp:featuredmedia":[{"embeddable":true,"href":"https:\/\/oudianvalve.com\/fr\/wp-json\/wp\/v2\/media\/18375"}],"wp:attachment":[{"href":"https:\/\/oudianvalve.com\/fr\/wp-json\/wp\/v2\/media?parent=18374"}],"wp:term":[{"taxonomy":"product_brand","embeddable":true,"href":"https:\/\/oudianvalve.com\/fr\/wp-json\/wp\/v2\/product_brand?post=18374"},{"taxonomy":"product_cat","embeddable":true,"href":"https:\/\/oudianvalve.com\/fr\/wp-json\/wp\/v2\/product_cat?post=18374"},{"taxonomy":"product_tag","embeddable":true,"href":"https:\/\/oudianvalve.com\/fr\/wp-json\/wp\/v2\/product_tag?post=18374"}],"curies":[{"name":"wp","href":"https:\/\/api.w.org\/{rel}","templated":true}]}}