{"id":18369,"date":"2025-06-01T14:11:32","date_gmt":"2025-06-01T14:11:32","guid":{"rendered":"https:\/\/oudianvalve.com\/?post_type=product&#038;p=18369"},"modified":"2025-06-01T14:19:59","modified_gmt":"2025-06-01T14:19:59","slug":"pn63-wedge-gate-valve-dn300-gs-c25-din-3352-en-1984","status":"publish","type":"product","link":"https:\/\/oudianvalve.com\/fr\/products\/gate-valves\/pn63-wedge-gate-valve-dn300-gs-c25-din-3352-en-1984\/","title":{"rendered":"Vanne \u00e0 guillotine PN63, DN300, GS-C25, DIN 3352, EN 1984"},"content":{"rendered":"<p>Description de la vanne :<br \/>\nNom du produit : Vanne \u00e0 guillotine \u00e0 coin PN63<br \/>\nConception : EN 1984, DIN 3352<br \/>\nMat\u00e9riau : GS-C25.<br \/>\nTaille nominale : DN300<br \/>\nPression nominale : PN63.<br \/>\nExtr\u00e9mit\u00e9s de connexion : RF X RF, selon EN 1092-1\/B1.<br \/>\nFace \u00e0 face : EN 558-1\/ligne 15<br \/>\nMod\u00e8le de fonctionnement : volant, r\u00e9ducteur, tige nue<br \/>\nEssai et contr\u00f4le : EN 12266-1.<\/p>\n<p>Param\u00e8tres et caract\u00e9ristiques techniques<br \/>\nType de produit : Vanne \u00e0 guillotine.<br \/>\nGamme de tailles : NPS 2 \u2013 60 pouces, DN50 \u2013 DN1500.<br \/>\nPression de conception : classe 150 \u2013 2500 LB, PN10 \u2013 PN420.<br \/>\nNorme de conception : API 600, ASME B16.34, EN 1984, DIN 3352.<br \/>\nTemp\u00e9rature de conception : -196\u2103 \u2013 573\u2103.<br \/>\nMat\u00e9riau : ASTM A216 WCB, ASTM A216 WCC, ASTM A217 WC6, ASTM A217 WC9,<br \/>\nASTM A217 C5, ASTM A217 C12A, ASTM A352 LCB, ASTM A352 LCC<br \/>\nASTM A351 CF8, ASTM A351 CF8M, ASTM A351 CF3M, ASTM A351 CF8C<br \/>\nCN3MN, CK3MCUN, CN7M, ASTM A890 4A (CD3MN), ASTM A890 5A (CE3MN),<br \/>\nASTM A890 6A (CD3MWCuN)<br \/>\nASTM B148 C95800, ASTM B148 C95500<br \/>\nExtr\u00e9mit\u00e9 de connexion : s\u00e9rie ASME B16.5, ASME B16.25, EN 1092.<br \/>\nFonctionnement : Volant, bo\u00eete de vitesses, \u00e9lectrique<br \/>\nApplication : \u00e9nergie \u00e9lectrique, raffinage du p\u00e9trole, ing\u00e9nierie p\u00e9trochimique, p\u00e9trole offshore, g\u00e9nie chimique<br \/>\nFabrication de vannes \u00e0 guillotine \u00e0 coin PN63 en Chine<br \/>\nFournisseur de vanne \u00e0 guillotine PN63, prix d&#039;usine de vanne \u00e0 guillotine PN63 en Chine.<\/p>","protected":false},"excerpt":{"rendered":"<p>Oudian Valve est une usine de robinets-vannes PN63\u00a0! Nous sommes sp\u00e9cialis\u00e9s dans la fabrication de robinets-vannes de qualit\u00e9 sup\u00e9rieure, comme le mod\u00e8le GS-C25. Ce robinet-vanne pr\u00e9sente des caract\u00e9ristiques impressionnantes, notamment un diam\u00e8tre DN300 (12 pouces), une classe 300 LB et une vanne de vidange pratique. Con\u00e7u pour r\u00e9pondre aux normes EN 1984 et DIN 3352, notre robinet-vanne garantit une fiabilit\u00e9 optimale gr\u00e2ce \u00e0 sa conception \u00e0 opercule flexible. Conforme aux normes API 600 et ASME B16.34, ce robinet fonctionne parfaitement. Son m\u00e9canisme \u00e0 volant simplifie le contr\u00f4le et l&#039;utilisation. Choisissez PN63 Gate Valve Factory pour l&#039;excellence de vos solutions de robinets-vannes.<\/p>","protected":false},"featured_media":18370,"template":"","meta":{"advanced_seo_description":"","jetpack_seo_html_title":"","jetpack_seo_noindex":false},"product_brand":[],"product_cat":[81],"product_tag":[364,362,363,361,370,365,369],"class_list":{"0":"post-18369","1":"product","2":"type-product","3":"status-publish","4":"has-post-thumbnail","6":"product_cat-gate-valves","7":"product_tag-din-gate-valves","8":"product_tag-din3202-f5-gate-valve","9":"product_tag-din3202-f7-gate-valves","10":"product_tag-din3352-gate-valve","11":"product_tag-dn300-wedge-gate-valve","12":"product_tag-pn63-gate-valve","13":"product_tag-pn63-wedge-gate-valve","15":"first","16":"instock","17":"shipping-taxable","18":"product-type-simple"},"jetpack_sharing_enabled":true,"_links":{"self":[{"href":"https:\/\/oudianvalve.com\/fr\/wp-json\/wp\/v2\/product\/18369","targetHints":{"allow":["GET"]}}],"collection":[{"href":"https:\/\/oudianvalve.com\/fr\/wp-json\/wp\/v2\/product"}],"about":[{"href":"https:\/\/oudianvalve.com\/fr\/wp-json\/wp\/v2\/types\/product"}],"wp:featuredmedia":[{"embeddable":true,"href":"https:\/\/oudianvalve.com\/fr\/wp-json\/wp\/v2\/media\/18370"}],"wp:attachment":[{"href":"https:\/\/oudianvalve.com\/fr\/wp-json\/wp\/v2\/media?parent=18369"}],"wp:term":[{"taxonomy":"product_brand","embeddable":true,"href":"https:\/\/oudianvalve.com\/fr\/wp-json\/wp\/v2\/product_brand?post=18369"},{"taxonomy":"product_cat","embeddable":true,"href":"https:\/\/oudianvalve.com\/fr\/wp-json\/wp\/v2\/product_cat?post=18369"},{"taxonomy":"product_tag","embeddable":true,"href":"https:\/\/oudianvalve.com\/fr\/wp-json\/wp\/v2\/product_tag?post=18369"}],"curies":[{"name":"wp","href":"https:\/\/api.w.org\/{rel}","templated":true}]}}