{"id":18364,"date":"2025-06-01T13:21:36","date_gmt":"2025-06-01T13:21:36","guid":{"rendered":"https:\/\/oudianvalve.com\/?post_type=product&#038;p=18364"},"modified":"2025-06-01T13:28:10","modified_gmt":"2025-06-01T13:28:10","slug":"dn200-pn63-gate-valve-gs-c25-din-3352-en-1984","status":"publish","type":"product","link":"https:\/\/oudianvalve.com\/fr\/products\/gate-valves\/dn200-pn63-gate-valve-gs-c25-din-3352-en-1984\/","title":{"rendered":"Vanne \u00e0 guillotine DN200 PN63, GS-C25, DIN 3352, EN 1984"},"content":{"rendered":"<p>Description de la vanne :<br \/>\nNom du produit : Vanne \u00e0 guillotine DN200 PN63<br \/>\nConception : EN 1984, DIN 3352<br \/>\nMat\u00e9riau : GS-C25.<br \/>\nTaille nominale : DN125<br \/>\nPression nominale : PN63.<br \/>\nExtr\u00e9mit\u00e9s de connexion : RF X RF, selon EN 1092-1\/B1.<br \/>\nFace \u00e0 face : EN 558-1\/ligne 15<br \/>\nMod\u00e8le de fonctionnement : volant, r\u00e9ducteur, tige nue<br \/>\nEssai et contr\u00f4le : EN 12266-1.<\/p>\n<p>Param\u00e8tres et caract\u00e9ristiques techniques<br \/>\nType de produit : Vanne \u00e0 guillotine.<br \/>\nGamme de tailles : NPS 2 \u2013 60 pouces, DN50 \u2013 DN1500.<br \/>\nPression de conception : classe 150 \u2013 2500 LB, PN10 \u2013 PN420.<br \/>\nNorme de conception : API 600, ASME B16.34, EN 1984, DIN 3352.<br \/>\nTemp\u00e9rature de conception : -196\u2103 \u2013 573\u2103.<br \/>\nMat\u00e9riau : ASTM A216 WCB, ASTM A216 WCC, ASTM A217 WC6, ASTM A217 WC9,<br \/>\nASTM A217 C5, ASTM A217 C12A, ASTM A352 LCB, ASTM A352 LCC<br \/>\nASTM A351 CF8, ASTM A351 CF8M, ASTM A351 CF3M, ASTM A351 CF8C<br \/>\nCN3MN, CK3MCUN, CN7M, ASTM A890 4A (CD3MN), ASTM A890 5A (CE3MN),<br \/>\nASTM A890 6A (CD3MWCuN)<br \/>\nASTM B148 C95800, ASTM B148 C95500<br \/>\nExtr\u00e9mit\u00e9 de connexion : s\u00e9rie ASME B16.5, ASME B16.25, EN 1092.<br \/>\nFonctionnement : Volant, bo\u00eete de vitesses, \u00e9lectrique<br \/>\nApplication : \u00e9nergie \u00e9lectrique, raffinage du p\u00e9trole, ing\u00e9nierie p\u00e9trochimique, p\u00e9trole offshore, g\u00e9nie chimique<\/p>","protected":false},"excerpt":{"rendered":"<p>Oudian Valve est un fournisseur de vannes \u00e0 guillotine DN200 PN63 de qualit\u00e9 sup\u00e9rieure, mesurant 24 pouces et adapt\u00e9es aux applications PN16 et classe 150 LB. Fabriqu\u00e9e en acier WCB, cette vanne est conforme aux normes EN 1984 et DIN 3352. Elle est dot\u00e9e de pieds de support robustes pour une stabilit\u00e9 accrue et d&#039;une extr\u00e9mit\u00e9 RF EN 1092-1\/B1, garantissant une connexion fiable. La conception \u00e0 coin flexible am\u00e9liore les performances et la durabilit\u00e9. Faites confiance \u00e0 cette vanne pour vos besoins industriels.<\/p>","protected":false},"featured_media":18365,"template":"","meta":{"advanced_seo_description":"","jetpack_seo_html_title":"","jetpack_seo_noindex":false},"product_brand":[],"product_cat":[81],"product_tag":[364,362,363,361,367,365],"class_list":{"0":"post-18364","1":"product","2":"type-product","3":"status-publish","4":"has-post-thumbnail","6":"product_cat-gate-valves","7":"product_tag-din-gate-valves","8":"product_tag-din3202-f5-gate-valve","9":"product_tag-din3202-f7-gate-valves","10":"product_tag-din3352-gate-valve","11":"product_tag-dn200-gate-valves","12":"product_tag-pn63-gate-valve","14":"first","15":"instock","16":"shipping-taxable","17":"product-type-simple"},"jetpack_sharing_enabled":true,"_links":{"self":[{"href":"https:\/\/oudianvalve.com\/fr\/wp-json\/wp\/v2\/product\/18364","targetHints":{"allow":["GET"]}}],"collection":[{"href":"https:\/\/oudianvalve.com\/fr\/wp-json\/wp\/v2\/product"}],"about":[{"href":"https:\/\/oudianvalve.com\/fr\/wp-json\/wp\/v2\/types\/product"}],"wp:featuredmedia":[{"embeddable":true,"href":"https:\/\/oudianvalve.com\/fr\/wp-json\/wp\/v2\/media\/18365"}],"wp:attachment":[{"href":"https:\/\/oudianvalve.com\/fr\/wp-json\/wp\/v2\/media?parent=18364"}],"wp:term":[{"taxonomy":"product_brand","embeddable":true,"href":"https:\/\/oudianvalve.com\/fr\/wp-json\/wp\/v2\/product_brand?post=18364"},{"taxonomy":"product_cat","embeddable":true,"href":"https:\/\/oudianvalve.com\/fr\/wp-json\/wp\/v2\/product_cat?post=18364"},{"taxonomy":"product_tag","embeddable":true,"href":"https:\/\/oudianvalve.com\/fr\/wp-json\/wp\/v2\/product_tag?post=18364"}],"curies":[{"name":"wp","href":"https:\/\/api.w.org\/{rel}","templated":true}]}}