{"id":18346,"date":"2024-05-13T04:20:45","date_gmt":"2024-05-13T04:20:45","guid":{"rendered":"https:\/\/oudianvalve.com\/?post_type=product&#038;p=18346"},"modified":"2024-05-13T04:20:45","modified_gmt":"2024-05-13T04:20:45","slug":"hastelloy-c276-globe-valve-150lb-2-inch-rf-end","status":"publish","type":"product","link":"https:\/\/oudianvalve.com\/fr\/products\/globe-valves\/hastelloy-c276-globe-valve-150lb-2-inch-rf-end\/","title":{"rendered":"Vanne \u00e0 soupape Hastelloy C276, 150 LB, 2 pouces, extr\u00e9mit\u00e9 RF"},"content":{"rendered":"<p>Norme de conception\u00a0:\u00a0ASME B16.34<br \/>\nIndices de pression-temp\u00e9rature\u00a0: ASME B16.34<br \/>\nGamme de tailles : 2&quot; \u00e0 48&quot;<br \/>\nPlage de pression\u00a0: Classe 150 \u00e0 2\u00a0500<br \/>\nConnexions d&#039;extr\u00e9mit\u00e9\u00a0: RF \u00e0 bride, RTJ, soud\u00e9e bout \u00e0 bout<br \/>\nDimensions des extr\u00e9mit\u00e9s \u00e0 bride\u00a0: ASME B16.5 (\u226424\u00a0po), ASME B16.47 s\u00e9rie A ou B (&gt;24\u00a0po)<br \/>\nDimensions des extr\u00e9mit\u00e9s soud\u00e9es bout \u00e0 bout\u00a0: ASME B16.25 face \u00e0 face<br \/>\nDimensions face \u00e0 face\u00a0: ASME B16.10<br \/>\nInspection et tests\u00a0: API 598<br \/>\nMat\u00e9riaux du corps\u00a0: ASTM A351 CF8, ASTM A351 CF8M, ASTM A351 CF3M, ASTM A351 CF8C<br \/>\nCN3MN, CK3MCUN, CN7M, ASTM A890 4A(CD3MN), ASTM A890 5A(CE3MN),<br \/>\nASTM A890 6A (CD3MWCuN)<br \/>\nASTM B148 C95800, ASTM B148 C95500.<br \/>\nMat\u00e9riaux d&#039;emballage\u00a0: Ptfe, PPL, graphite, graphite avec fil inconel<\/p>\n<p>&nbsp;<\/p>\n<p>Les robinets \u00e0 soupape en alliage Hastelloy sont actuellement principalement divis\u00e9s en trois s\u00e9ries\u00a0: B, C et G. Ils sont principalement utilis\u00e9s dans des milieux fortement corrosifs tels que l&#039;acier inoxydable Cr Ni ou Cr Ni Mo \u00e0 base de fer, les mat\u00e9riaux non m\u00e9talliques, etc. \u00eatre utilis\u00e9. Afin d&#039;am\u00e9liorer la r\u00e9sistance \u00e0 la corrosion et les performances de travail \u00e0 froid et \u00e0 chaud de l&#039;alliage Hastelloy, l&#039;alliage Hastelloy a subi trois am\u00e9liorations majeures, et son processus de d\u00e9veloppement est le suivant : S\u00e9rie B : B \u2192 B-2 (00Ni70Mo28) \u2192 B-3<br \/>\nC Series: C \u2192 C-276 (00CR16M016W4) \u2192 C-4 (00CR16M016) \u2192 C-22 (00CR22M013W3) - C-2000 (00CR20M016) G-30 (00CR30NI48MO7CU) G-30 (00CR30NI48MO7CU) G-30 (00CR30NI48MO7CU) Les mat\u00e9riaux de deuxi\u00e8me g\u00e9n\u00e9ration N10665 (B-2), N10276 (C-276), N06022 (C-22), N06455 (C-4) et N06985 (G-3) sont largement utilis\u00e9s. L&#039;Hastelloy pr\u00e9sente une excellente r\u00e9sistance \u00e0 la corrosion pour les robinets \u00e0 soupape. Un alliage N-MO avec une teneur extr\u00eamement faible en carbone et en brique, qui r\u00e9duit la pr\u00e9cipitation de carbures et d&#039;autres phases dans la zone de soudure et affect\u00e9e thermiquement, garantissant une bonne r\u00e9sistance \u00e0 la corrosion m\u00eame \u00e0 l&#039;\u00e9tat soud\u00e9. Comme on le sait, les alliages Hastelloy ont une excellente r\u00e9sistance \u00e0 la corrosion dans divers milieux r\u00e9ducteurs et peuvent r\u00e9sister \u00e0 la corrosion par l&#039;acide chlorhydrique \u00e0 n&#039;importe quelle temp\u00e9rature et concentration sous pression normale. Il a une excellente r\u00e9sistance \u00e0 la corrosion dans l&#039;acide sulfurique non oxydant \u00e0 concentration moyenne non gonflante, diverses concentrations d&#039;acide phosphorique, d&#039;acide ac\u00e9tique \u00e0 haute temp\u00e9rature, d&#039;acide formique et d&#039;autres acides organiques, d&#039;acide bromique et de chlorure d&#039;hydrog\u00e8ne gazeux. En m\u00eame temps, il r\u00e9siste \u00e9galement \u00e0 la corrosion des catalyseurs halog\u00e9n\u00e9s. Par cons\u00e9quent, l\u2019alliage Hastelloy B-2 est couramment utilis\u00e9 dans divers processus p\u00e9troliers et chimiques agressifs, tels que la distillation et la concentration d\u2019acide chlorhydrique\u00a0; Dans le processus de production d&#039;alkylation de l&#039;\u00e9thylbenz\u00e8ne et de synth\u00e8se de carbonylation \u00e0 basse pression de l&#039;acide ac\u00e9tique.<\/p>","protected":false},"excerpt":{"rendered":"<p>Le robinet \u00e0 soupape en alliage Hastelloy est un type d&#039;alliage \u00e0 base de nickel, actuellement principalement divis\u00e9 en trois s\u00e9ries\u00a0: B, C et G. Il est principalement utilis\u00e9 dans les milieux fortement corrosifs tels que l&#039;acier inoxydable Cr-NI ou Cr-Ni-Mo \u00e0 base de fer. , mat\u00e9riaux non m\u00e9talliques, etc. Il a \u00e9t\u00e9 largement utilis\u00e9 dans de nombreux domaines tels que le p\u00e9trole, les produits chimiques et la protection de l&#039;environnement \u00e0 l&#039;\u00e9tranger.<\/p>","protected":false},"featured_media":18347,"template":"","meta":{"advanced_seo_description":"","jetpack_seo_html_title":"","jetpack_seo_noindex":false},"product_brand":[],"product_cat":[80],"product_tag":[353,354,352,351],"class_list":{"0":"post-18346","1":"product","2":"type-product","3":"status-publish","4":"has-post-thumbnail","6":"product_cat-globe-valves","7":"product_tag-150lb-hastelloy-c276-globe-valve","8":"product_tag-2-inch-hastelloy-c276-globe-valve","9":"product_tag-china-hastelloy-c276-globe-valve","10":"product_tag-hastelloy-c276-globe-valve","12":"first","13":"instock","14":"shipping-taxable","15":"product-type-simple"},"jetpack_sharing_enabled":true,"_links":{"self":[{"href":"https:\/\/oudianvalve.com\/fr\/wp-json\/wp\/v2\/product\/18346","targetHints":{"allow":["GET"]}}],"collection":[{"href":"https:\/\/oudianvalve.com\/fr\/wp-json\/wp\/v2\/product"}],"about":[{"href":"https:\/\/oudianvalve.com\/fr\/wp-json\/wp\/v2\/types\/product"}],"wp:featuredmedia":[{"embeddable":true,"href":"https:\/\/oudianvalve.com\/fr\/wp-json\/wp\/v2\/media\/18347"}],"wp:attachment":[{"href":"https:\/\/oudianvalve.com\/fr\/wp-json\/wp\/v2\/media?parent=18346"}],"wp:term":[{"taxonomy":"product_brand","embeddable":true,"href":"https:\/\/oudianvalve.com\/fr\/wp-json\/wp\/v2\/product_brand?post=18346"},{"taxonomy":"product_cat","embeddable":true,"href":"https:\/\/oudianvalve.com\/fr\/wp-json\/wp\/v2\/product_cat?post=18346"},{"taxonomy":"product_tag","embeddable":true,"href":"https:\/\/oudianvalve.com\/fr\/wp-json\/wp\/v2\/product_tag?post=18346"}],"curies":[{"name":"wp","href":"https:\/\/api.w.org\/{rel}","templated":true}]}}