{"id":18344,"date":"2024-05-13T03:48:48","date_gmt":"2024-05-13T03:48:48","guid":{"rendered":"https:\/\/oudianvalve.com\/?post_type=product&#038;p=18344"},"modified":"2025-06-02T00:55:56","modified_gmt":"2025-06-02T00:55:56","slug":"ta10-globe-valve-2-inch-class-900-lb-rf-end","status":"publish","type":"product","link":"https:\/\/oudianvalve.com\/fr\/products\/globe-valves\/ta10-globe-valve-2-inch-class-900-lb-rf-end\/","title":{"rendered":"Robinet \u00e0 soupape TA10, 2 pouces, classe 900 LB, extr\u00e9mit\u00e9 RF"},"content":{"rendered":"<p>Taille : 2\u2033-20\u2033<br \/>\nMat\u00e9riau du corps, de la balle et de la tige\u00a0:<br \/>\nTitane\u00a0: TA1, TA2, TA9, TA10, TC4<br \/>\nTitane ASTM A182 316Ti : Gr2,Gr3,Gr5,Gr6,Gr7,Gr12<br \/>\nNorme\u00a0:\u00a0GB, DIN, ANSI<br \/>\nPression nominale : classe 150 lb, 300 lb, PN16, PN25, PN40.<br \/>\nM\u00e9thode de connexion\u00a0: bride, filetage<br \/>\nActionneur\u00a0: vanne de commande pneumatique. Vanne de commande \u00e9lectrique<br \/>\n<strong>Autres mat\u00e9riaux de valve sp\u00e9ciaux\u00a0:<\/strong><br \/>\nVannes Monel\u00a0: M-30C, M35-1, M35C, M35-2, Monel 400, Monel K500, Monel 600<br \/>\nVannes Hastelloy\u00a0: Hastelloy C276, Hastelloy G30, Hastelloy C4, Hastelloy C22, Hastelloy B<br \/>\nVannes en nickel\u00a0:\u00a0N6, Nickel 201, Nickel 200, CZ-100, N02200, N02201<br \/>\nVannes Inconel\u00a0:\u00a0Inconel 600, Inconel625, Inconel690, Incoloy800, Incoloy825<br \/>\nVannes en acier duplex\u00a0: 2205, 2507, 1,4529, F51, F53, F55<br \/>\nVannes en zirconium\uff1aZirconium 702, Zirconium 705<\/p>\n<p>Les robinets \u00e0 soupape en alliage de titane TA10 ont une bonne r\u00e9sistance \u00e0 la corrosion caverneuse dans les chlorures \u00e0 haute temp\u00e9rature et \u00e0 haute concentration et sont utilis\u00e9s dans l&#039;a\u00e9rospatiale, l&#039;aviation, la navigation, les navires, le dessalement de l&#039;eau de mer, le p\u00e9trole, l&#039;industrie chimique, les \u00e9quipements m\u00e9caniques, les \u00e9quipements nucl\u00e9aires, les \u00e9quipements \u00e9lectriques, l&#039;automobile. et les composants de motos, les sports et loisirs, les composants m\u00e9dicaux, l&#039;acier et la m\u00e9tallurgie et les domaines de haute technologie. Le robinet \u00e0 soupape en alliage de titane TA10 est appel\u00e9 alliage de titane-molybd\u00e8ne-nickel avec une composition nominale de T1-0.3M0-0.8Ni. Il s&#039;agit d&#039;un alliage T-12 d\u00e9velopp\u00e9 par les \u00c9tats-Unis au milieu des ann\u00e9es 1970 et d&#039;un alliage de titane r\u00e9sistant \u00e0 la corrosion caverneuse. La tige de nickel-molybd\u00e8ne titane TA10 a une r\u00e9sistance \u00e0 la traction plus \u00e9lev\u00e9e que le titane pur TA2 et une r\u00e9sistance inf\u00e9rieure \u00e0 celle du TC4, et sa technologie de traitement est fondamentalement la m\u00eame que celle du titane pur. La r\u00e9sistance \u00e0 la traction de l&#039;alliage TA10 est deux fois sup\u00e9rieure \u00e0 celle du titane pur \u00e0 300 degr\u00e9s, et sa r\u00e9sistance \u00e0 la corrosion dans les milieux r\u00e9ducteurs est consid\u00e9rablement am\u00e9lior\u00e9e. Il ne subit pas de corrosion caverneuse dans les chlorures \u00e0 150-200 degr\u00e9s. Les qualit\u00e9s standard nationales couramment utilis\u00e9es pour le titane sont TA1, TA2, TA3, TA7, TA9, TA10, TA15, TA18, TC4TC4ELI, TC6, TC9, TC10, TC11, et les qualit\u00e9s standard am\u00e9ricaines sont GR1, GR2, GR3, GR5, GR7. , et GR12.<\/p>\n<p>Normes communes pour les robinets \u00e0 soupape en alliage de titane TA10, normes nationales : GB\/2965-2007, GBT13810 Normes am\u00e9ricaines : ASTM B348, ASTM F136, ASTM F67, AMS4928<br \/>\nNorme de r\u00e9f\u00e9rence de robinet \u00e0 soupape en alliage de titane TA10<br \/>\n1. M\u00e9thodes d&#039;essai de traction des m\u00e9taux GB 228<br \/>\n2. GBIT 3620.1 Titane et alliage de titane * * * Nombre et composition chimique<br \/>\n3.GB\/T3620.2 Composition chimique et \u00e9cart admissible des produits trait\u00e9s en titane et en alliage de titane<br \/>\n4.GB 4698 M\u00e9thodes d&#039;analyse chimique pour le titane spongieux, le titane et les alliages de titane 4<\/p>","protected":false},"excerpt":{"rendered":"<p>Faible frottement et longue dur\u00e9e de vie :<br \/>\n1. La structure est simple et la fabrication et la maintenance sont relativement pratiques.<br \/>\n2. Petite course de travail et temps d&#039;ouverture et de fermeture courts.<br \/>\n3. Bonnes performances d&#039;\u00e9tanch\u00e9it\u00e9, faible friction entre les surfaces d&#039;\u00e9tanch\u00e9it\u00e9 et longue dur\u00e9e de vie.<br \/>\n4. Pendant le processus d&#039;ouverture et de fermeture, la force de frottement de la surface d&#039;\u00e9tanch\u00e9it\u00e9 est inf\u00e9rieure \u00e0 celle du robinet-vanne et elle est r\u00e9sistante \u00e0 l&#039;usure.<br \/>\n5. Il n&#039;y a g\u00e9n\u00e9ralement qu&#039;une seule surface d&#039;\u00e9tanch\u00e9it\u00e9, avec une bonne technologie de fabrication et un entretien facile.<br \/>\n6. Les formes structurelles du corps du robinet \u00e0 soupape comprennent le passage direct, l&#039;\u00e9coulement direct et l&#039;angle droit.<\/p>","protected":false},"featured_media":18345,"template":"","meta":{"advanced_seo_description":"","jetpack_seo_html_title":"","jetpack_seo_noindex":false},"product_brand":[],"product_cat":[80],"product_tag":[348,347,350,349],"class_list":{"0":"post-18344","1":"product","2":"type-product","3":"status-publish","4":"has-post-thumbnail","6":"product_cat-globe-valves","7":"product_tag-2-inch-ta10-globe-valve","8":"product_tag-900lb-ta10-globe-valve","9":"product_tag-china-ta10-globe-valve","10":"product_tag-rf-end-ta10-globe-valve","12":"first","13":"instock","14":"shipping-taxable","15":"product-type-simple"},"jetpack_sharing_enabled":true,"_links":{"self":[{"href":"https:\/\/oudianvalve.com\/fr\/wp-json\/wp\/v2\/product\/18344","targetHints":{"allow":["GET"]}}],"collection":[{"href":"https:\/\/oudianvalve.com\/fr\/wp-json\/wp\/v2\/product"}],"about":[{"href":"https:\/\/oudianvalve.com\/fr\/wp-json\/wp\/v2\/types\/product"}],"wp:featuredmedia":[{"embeddable":true,"href":"https:\/\/oudianvalve.com\/fr\/wp-json\/wp\/v2\/media\/18345"}],"wp:attachment":[{"href":"https:\/\/oudianvalve.com\/fr\/wp-json\/wp\/v2\/media?parent=18344"}],"wp:term":[{"taxonomy":"product_brand","embeddable":true,"href":"https:\/\/oudianvalve.com\/fr\/wp-json\/wp\/v2\/product_brand?post=18344"},{"taxonomy":"product_cat","embeddable":true,"href":"https:\/\/oudianvalve.com\/fr\/wp-json\/wp\/v2\/product_cat?post=18344"},{"taxonomy":"product_tag","embeddable":true,"href":"https:\/\/oudianvalve.com\/fr\/wp-json\/wp\/v2\/product_tag?post=18344"}],"curies":[{"name":"wp","href":"https:\/\/api.w.org\/{rel}","templated":true}]}}