{"id":18339,"date":"2024-05-06T06:13:22","date_gmt":"2024-05-06T06:13:22","guid":{"rendered":"https:\/\/oudianvalve.com\/?post_type=product&#038;p=18339"},"modified":"2024-05-06T06:17:53","modified_gmt":"2024-05-06T06:17:53","slug":"3-pc-threaded-end-ball-valve-316-dn65-bare-stem","status":"publish","type":"product","link":"https:\/\/oudianvalve.com\/fr\/products\/ball-valves\/3-pc-threaded-end-ball-valve-316-dn65-bare-stem\/","title":{"rendered":"Robinet \u00e0 tournant sph\u00e9rique \u00e0 extr\u00e9mit\u00e9 filet\u00e9e 3 PC, 316, DN65, tige nue"},"content":{"rendered":"<p><strong>3 pi\u00e8ces\u00a0<\/strong><strong>robinet \u00e0 boisseau sph\u00e9rique<\/strong>\u00a0Le type comporte trois pi\u00e8ces, un corps et deux embouts. Ils sont reli\u00e9s aux extr\u00e9mit\u00e9s des tuyaux soit par\u00a0<strong>\u00e0 souder, \u00e0 fileter ou \u00e0 brides<\/strong>. La poign\u00e9e de conception quart de tour peut \u00eatre tourn\u00e9e \u00e0 90 degr\u00e9s pour ouvrir ou fermer la vanne. Le dispositif de verrouillage fonctionne comme un m\u00e9canisme de verrouillage sur la poign\u00e9e pour \u00e9viter qu&#039;elle ne tourne lorsqu&#039;elle se verrouille en position ouverte ou ferm\u00e9e. Il permet d&#039;\u00e9viter l&#039;arr\u00eat de la ligne pendant la maintenance des syst\u00e8mes et fonctionne comme s\u00e9parateur de l&#039;orifice de connexion de la vanne du corps. La vanne \u00e0 boisseau sph\u00e9rique \u00e0 al\u00e9sage complet est celle dont l&#039;al\u00e9sage est de la m\u00eame taille que le diam\u00e8tre interne du tuyau. Le mat\u00e9riau disponible pour la vanne \u00e0 boisseau sph\u00e9rique 3PC est\u00a0<strong>acier inoxydable SS316<\/strong>\u00a0et viens avec\u00a0<strong>Joint PTFE<\/strong>.<\/p>\n<p>Secteur d&#039;application du produit :<\/p>\n<p>Sp\u00e9cifications techniques<\/p>\n<p>DN : port complet, DN15 \u00e0 DN100<\/p>\n<p>WP:1000WOG (PN63)<\/p>\n<p>POIDS\u00a0:\u00a0-20 \u2103 ~ 180 \u2103<\/p>\n<p>Mat\u00e9riau du corps : WCB\/CF8\/CF8M<br \/>\nType de soudure bout \u00e0 bout : ASME BPE \/ ISO 2037\/ISO 2037<br \/>\nExtr\u00e9mit\u00e9 filet\u00e9e : NPT, BSPT, BSPP<\/p>\n<p>Actionneur : pneumatique, moteur \u00e9lectrique<\/p>\n<p>Le produit convient aux industries telles que le p\u00e9trole, la chimie, le gaz naturel, la biochimie, la pharmacie, la protection de l&#039;environnement et les nouvelles \u00e9nergies.<\/p>","protected":false},"excerpt":{"rendered":"<p>Caract\u00e9ristiques<br \/>\n\uff0eCasting d&#039;investissement<br \/>\n\uff0ePoign\u00e9e du dispositif de verrouillage<br \/>\n\uff0eDispositif antistatique<br \/>\n\uff0eTige anti-\u00e9clatement<br \/>\n\uff0eAccessoires d&#039;automatisation<br \/>\n\uff0eSupport de montage direct ISO5211<br \/>\n\uff0eConception de chargement en direct<br \/>\n\uff0eSi\u00e8ges remplis de cavit\u00e9s<\/p>","protected":false},"featured_media":18340,"template":"","meta":{"advanced_seo_description":"","jetpack_seo_html_title":"","jetpack_seo_noindex":false},"product_brand":[],"product_cat":[83],"product_tag":[345,343,344,346],"class_list":{"0":"post-18339","1":"product","2":"type-product","3":"status-publish","4":"has-post-thumbnail","6":"product_cat-ball-valves","7":"product_tag-1000wog-threaded-end-ball-valve","8":"product_tag-3-pc-threaded-end-ball-valve","9":"product_tag-316-threaded-end-ball-valve","10":"product_tag-dn65-threaded-end-ball-valve","12":"first","13":"instock","14":"shipping-taxable","15":"product-type-simple"},"jetpack_sharing_enabled":true,"_links":{"self":[{"href":"https:\/\/oudianvalve.com\/fr\/wp-json\/wp\/v2\/product\/18339","targetHints":{"allow":["GET"]}}],"collection":[{"href":"https:\/\/oudianvalve.com\/fr\/wp-json\/wp\/v2\/product"}],"about":[{"href":"https:\/\/oudianvalve.com\/fr\/wp-json\/wp\/v2\/types\/product"}],"wp:featuredmedia":[{"embeddable":true,"href":"https:\/\/oudianvalve.com\/fr\/wp-json\/wp\/v2\/media\/18340"}],"wp:attachment":[{"href":"https:\/\/oudianvalve.com\/fr\/wp-json\/wp\/v2\/media?parent=18339"}],"wp:term":[{"taxonomy":"product_brand","embeddable":true,"href":"https:\/\/oudianvalve.com\/fr\/wp-json\/wp\/v2\/product_brand?post=18339"},{"taxonomy":"product_cat","embeddable":true,"href":"https:\/\/oudianvalve.com\/fr\/wp-json\/wp\/v2\/product_cat?post=18339"},{"taxonomy":"product_tag","embeddable":true,"href":"https:\/\/oudianvalve.com\/fr\/wp-json\/wp\/v2\/product_tag?post=18339"}],"curies":[{"name":"wp","href":"https:\/\/api.w.org\/{rel}","templated":true}]}}