{"id":18266,"date":"2023-07-12T07:00:32","date_gmt":"2023-07-12T07:00:32","guid":{"rendered":"https:\/\/oudianvalve.com\/?post_type=product&#038;p=18266"},"modified":"2023-07-12T07:00:32","modified_gmt":"2023-07-12T07:00:32","slug":"astm-a105n-metal-seated-ball-valve24-inch300lbrf-end","status":"publish","type":"product","link":"https:\/\/oudianvalve.com\/fr\/products\/ball-valves\/astm-a105n-metal-seated-ball-valve24-inch300lbrf-end\/","title":{"rendered":"Robinet \u00e0 bille \u00e0 si\u00e8ge m\u00e9tallique ASTM A105N, 24 pouces, 300 LB, extr\u00e9mit\u00e9 RF"},"content":{"rendered":"<p>Norme de conception\u00a0: API 6D ISO 17292<\/p>\n<p>Port\u00e9e du produit\u00a0:<br \/>\n1. Port\u00e9e de pression : CLASSE 150Lb~2500Lb<br \/>\n2. Diam\u00e8tre nominal : NPS 2~48\u2033<br \/>\n3. Mat\u00e9riau du corps\u00a0: WCB\uff64LCB\uff64WCC\uff64CF8\uff64CF8M\uff64CF3\uff64C3M\uff64A890 4A\uff64A105\uff64LF2\uff64F304\uff64F316\uff64F304L\uff64F316L etc.<\/p>\n<p>4. Fin de connexion\u00a0: RF RTJ BW<\/p>\n<p>5. Test ignifuge : API 607\/API 6FA<br \/>\n6. Dispositif d&#039;entra\u00eenement\u00a0: levier, bo\u00eete de vitesses, dispositif \u00e9lectrique, pneumatique, hydraulique, etc.\u00a0;<\/p>\n<h4>Caract\u00e9ristiques du produit<\/h4>\n<p>1. La r\u00e9sistance au d\u00e9bit est faible\u00a0;<br \/>\n2. Si\u00e8ge de piston, conception de structure antistatique de protection contre l&#039;incendie \uff1b<br \/>\n3. Aucune limitation sur la direction d&#039;\u00e9coulement du milieu ;<br \/>\n4. Lorsque la vanne est en position compl\u00e8tement ouverte, les surfaces du si\u00e8ge sont \u00e0 l&#039;ext\u00e9rieur du flux d&#039;\u00e9coulement qui est toujours en plein contact avec la porte, ce qui peut prot\u00e9ger les surfaces du si\u00e8ge et convient au raclage des pipelines\u00a0;<br \/>\n5. L&#039;emballage \u00e0 ressort peut \u00eatre choisi\u00a0;<br \/>\n6. L&#039;emballage \u00e0 faible \u00e9mission peut \u00eatre choisi conform\u00e9ment aux exigences de la norme ISO 15848\u00a0;<br \/>\n7. La conception \u00e9tendue de la tige peut \u00eatre choisie\u00a0;<br \/>\n8. La conception du si\u00e8ge m\u00e9tal sur m\u00e9tal peut \u00eatre choisie\u00a0;<br \/>\n9. La conception DBB, DIB-1, DIB-2 peut \u00eatre choisie\u00a0;<br \/>\n10.La boule est fix\u00e9e avec une plaque de support et un arbre fixe\u00a0;<\/p>","protected":false},"excerpt":{"rendered":"<p>Fabrication de robinets \u00e0 tournant sph\u00e9rique \u00e0 si\u00e8ge m\u00e9tallique ASTM A105N en Chine : Oudian propose un robinet \u00e0 tournant sph\u00e9rique \u00e0 si\u00e8ge m\u00e9tallique ASTM A105N, 25 pouces (DN600), classe 300 (300LB), extr\u00e9mit\u00e9s \u00e0 bride RF.<\/p>","protected":false},"featured_media":18267,"template":"","meta":{"advanced_seo_description":"","jetpack_seo_html_title":"","jetpack_seo_noindex":false},"product_brand":[],"product_cat":[83],"product_tag":[340,339,337,338,336],"class_list":{"0":"post-18266","1":"product","2":"type-product","3":"status-publish","4":"has-post-thumbnail","6":"product_cat-ball-valves","7":"product_tag-24-inch-metal-ball-valve","8":"product_tag-300lb-metal-ball-valve","9":"product_tag-a105-ball-valve","10":"product_tag-api-6d-ball-valve","11":"product_tag-astm-a105n-metal-seated-ball-valve","13":"first","14":"instock","15":"shipping-taxable","16":"product-type-simple"},"jetpack_sharing_enabled":true,"_links":{"self":[{"href":"https:\/\/oudianvalve.com\/fr\/wp-json\/wp\/v2\/product\/18266","targetHints":{"allow":["GET"]}}],"collection":[{"href":"https:\/\/oudianvalve.com\/fr\/wp-json\/wp\/v2\/product"}],"about":[{"href":"https:\/\/oudianvalve.com\/fr\/wp-json\/wp\/v2\/types\/product"}],"wp:featuredmedia":[{"embeddable":true,"href":"https:\/\/oudianvalve.com\/fr\/wp-json\/wp\/v2\/media\/18267"}],"wp:attachment":[{"href":"https:\/\/oudianvalve.com\/fr\/wp-json\/wp\/v2\/media?parent=18266"}],"wp:term":[{"taxonomy":"product_brand","embeddable":true,"href":"https:\/\/oudianvalve.com\/fr\/wp-json\/wp\/v2\/product_brand?post=18266"},{"taxonomy":"product_cat","embeddable":true,"href":"https:\/\/oudianvalve.com\/fr\/wp-json\/wp\/v2\/product_cat?post=18266"},{"taxonomy":"product_tag","embeddable":true,"href":"https:\/\/oudianvalve.com\/fr\/wp-json\/wp\/v2\/product_tag?post=18266"}],"curies":[{"name":"wp","href":"https:\/\/api.w.org\/{rel}","templated":true}]}}