{"id":18260,"date":"2023-07-12T06:09:46","date_gmt":"2023-07-12T06:09:46","guid":{"rendered":"https:\/\/oudianvalve.com\/?post_type=product&#038;p=18260"},"modified":"2023-07-12T06:13:05","modified_gmt":"2023-07-12T06:13:05","slug":"din-3357-ball-valve-2205-body-pn160-dn65-flange-end","status":"publish","type":"product","link":"https:\/\/oudianvalve.com\/fr\/products\/ball-valves\/din-3357-ball-valve-2205-body-pn160-dn65-flange-end\/","title":{"rendered":"Robinet \u00e0 tournant sph\u00e9rique DIN 3357, corps 2205, PN160, DN65, extr\u00e9mit\u00e9 \u00e0 bride"},"content":{"rendered":"<p>Norme de conception et de fabrication\u00a0: API 6D, API 608, BS 5351\/DIN3357\/JIS B2071<\/p>\n<p>Norme de pression et de temp\u00e9rature\u00a0: ASME B16.34\/DIN3230<\/p>\n<p>Norme de dimension face \u00e0 face\u00a0: ASME B16.10\/DIN3202\/JIS B2002<\/p>\n<p>Norme de bride\u00a0: ASME B16.5, ASME B16.47\/DIN2543-2545-2501\/JIS B2220<\/p>\n<p>Norme de test et d&#039;inspection\u00a0: API 598, API 6D\/DIN2401\/JIS B2003.<\/p>\n<p>Taille : 1\/2&quot;-10&quot; (DN15~DN250)<\/p>\n<p>Pression nominale : 150LB-600LB\/PN16~PN100\/10K~60K)<\/p>\n<p>Mat\u00e9riau\u00a0: Duplex S31803, Super Duplex S32750, Super Duplex S327601A, 2A, 3A, 4A, 5A, 6A, 1B, 1C, CD4MCu, CD4MCuN, CD3MCuN, CE8MN, CD6MN, CD3MN, CE3MN, CD3MWCuNF51, F53, F55, F60.<\/p>\n<p>Temp\u00e9rature appropri\u00e9e : -196 \u00b0C ~ 450 \u00b0C (diff\u00e9rentes temp\u00e9ratures choisissent diff\u00e9rents mat\u00e9riaux).<\/p>\n<p>Milieu appropri\u00e9\u00a0: eau, vapeur, p\u00e9trole et gaz naturel, etc.<\/p>","protected":false},"excerpt":{"rendered":"<p>Fabricant de robinets \u00e0 tournant sph\u00e9rique DIN 3357 en Chine\u00a0: robinet \u00e0 tournant sph\u00e9rique 2205, \u00e0 si\u00e8ge m\u00e9tallique, 21\/2 pouces, PN160, extr\u00e9mit\u00e9s RF, API 608, pour haute temp\u00e9rature.<\/p>","protected":false},"featured_media":18261,"template":"","meta":{"advanced_seo_description":"","jetpack_seo_html_title":"","jetpack_seo_noindex":false},"product_brand":[],"product_cat":[83],"product_tag":[324,323,326,325],"class_list":{"0":"post-18260","1":"product","2":"type-product","3":"status-publish","4":"has-post-thumbnail","6":"product_cat-ball-valves","7":"product_tag-2205-din-3357-ball-valve","8":"product_tag-din-3357-ball-valve","9":"product_tag-flange-end-din-3357-ball-valve","10":"product_tag-pn160din-3357-ball-valve","12":"first","13":"instock","14":"shipping-taxable","15":"product-type-simple"},"jetpack_sharing_enabled":true,"_links":{"self":[{"href":"https:\/\/oudianvalve.com\/fr\/wp-json\/wp\/v2\/product\/18260","targetHints":{"allow":["GET"]}}],"collection":[{"href":"https:\/\/oudianvalve.com\/fr\/wp-json\/wp\/v2\/product"}],"about":[{"href":"https:\/\/oudianvalve.com\/fr\/wp-json\/wp\/v2\/types\/product"}],"wp:featuredmedia":[{"embeddable":true,"href":"https:\/\/oudianvalve.com\/fr\/wp-json\/wp\/v2\/media\/18261"}],"wp:attachment":[{"href":"https:\/\/oudianvalve.com\/fr\/wp-json\/wp\/v2\/media?parent=18260"}],"wp:term":[{"taxonomy":"product_brand","embeddable":true,"href":"https:\/\/oudianvalve.com\/fr\/wp-json\/wp\/v2\/product_brand?post=18260"},{"taxonomy":"product_cat","embeddable":true,"href":"https:\/\/oudianvalve.com\/fr\/wp-json\/wp\/v2\/product_cat?post=18260"},{"taxonomy":"product_tag","embeddable":true,"href":"https:\/\/oudianvalve.com\/fr\/wp-json\/wp\/v2\/product_tag?post=18260"}],"curies":[{"name":"wp","href":"https:\/\/api.w.org\/{rel}","templated":true}]}}