{"id":18257,"date":"2023-07-10T06:43:47","date_gmt":"2023-07-10T06:43:47","guid":{"rendered":"https:\/\/oudianvalve.com\/?post_type=product&#038;p=18257"},"modified":"2023-07-10T07:33:37","modified_gmt":"2023-07-10T07:33:37","slug":"api599-lubricated-plug-valve-wcb-body-600lb-26-inch-flange-end","status":"publish","type":"product","link":"https:\/\/oudianvalve.com\/fr\/products\/plug-valves\/api599-lubricated-plug-valve-wcb-body-600lb-26-inch-flange-end\/","title":{"rendered":"Vanne \u00e0 boisseau lubrifi\u00e9e API599, corps WCB, 600 LB, 26 pouces, extr\u00e9mit\u00e9 \u00e0 bride"},"content":{"rendered":"<p>Norme de conception\u00a0:API 599 API6D<\/p>\n<p>Port\u00e9e du produit\u00a0:<br \/>\n1. Port\u00e9e de pression\u00a0: CLASSE 150Lb ~ 2500Lb<br \/>\n2.Diam\u00e8tre nominal\u00a0:\u00a0NPS 1\/2-40\u00a0\u2033<br \/>\n3. Mat\u00e9riau du corps\u00a0: A105\uff64LF2\uff64F304\uff64F316\uff64F304L\uff64F316L\uff64F51, WCB\uff64LCB\uff64WCC\uff64CF8\uff64CF8M\uff64CF3\uff64CF3M\uff64A890 4A etc.<\/p>\n<p>4. Terminer la connexion\u00a0:RF RTJ BW<br \/>\ndispositif 5.Drive : levier, bo\u00eete de vitesses, dispositif \u00e9lectrique, pneumatique, hydraulique, etc.<\/p>\n<h4>CARACT\u00c9RISTIQUES STRUCTURELLES DU PRODUIT<\/h4>\n<p>Vanne \u00e0 boisseau lubrifi\u00e9e \u00e0 pression invers\u00e9e selon selon ANSI est applicable \u00e0 la coupe et au raccordement de canalisations utilis\u00e9es dans diverses industries telles que le p\u00e9trole, l&#039;industrie chimique, la pharmacie, les engrais chimiques, l&#039;industrie de l&#039;\u00e9nergie \u00e9lectrique, etc. sous une pression nominale de CLASS150-900LBS et une temp\u00e9rature de fonctionnement de-29-180\u00b0 C<\/p>\n<p>&nbsp;<\/p>\n<h4>PRINCIPALES CARACT\u00c9RISTIQUES STRUCTURELLES<\/h4>\n<p>Il a une structure logique, un joint fiable, d&#039;excellentes performances et un design agr\u00e9able.<\/p>\n<p>Il a la structure d&#039;une pression \u00e9quilibrable et d&#039;un fonctionnement marche\/arr\u00eat de la lumi\u00e8re.<\/p>\n<p>Une rainure d&#039;huile est plac\u00e9e entre le corps de la vanne et la surface du joint, qui peut infuser la graisse de joint pour augmenter la capacit\u00e9 d&#039;\u00e9tanch\u00e9it\u00e9.<\/p>\n<p>Les mat\u00e9riaux des pi\u00e8ces et les dimensions des brides peuvent \u00eatre s\u00e9lectionn\u00e9s en fonction des conditions de fonctionnement actuelles et des exigences des utilisateurs, afin de r\u00e9pondre aux exigences de diverses techniques.<\/p>","protected":false},"excerpt":{"rendered":"<p>Le fournisseur chinois de robinets \u00e0 boisseau lubrifi\u00e9s API599 Oudian fournit des robinets \u00e0 boisseau lubrifi\u00e9s \u00e0 pression \u00e9quilibr\u00e9e API 599\u00a0: ASTM A216 WCb, 26IN, CL600, extr\u00e9mit\u00e9 \u00e0 bride.<\/p>","protected":false},"featured_media":18258,"template":"","meta":{"advanced_seo_description":"","jetpack_seo_html_title":"","jetpack_seo_noindex":false},"product_brand":[],"product_cat":[156],"product_tag":[319,318,322,317,320,321],"class_list":{"0":"post-18257","1":"product","2":"type-product","3":"status-publish","4":"has-post-thumbnail","6":"product_cat-plug-valves","7":"product_tag-26-inch-api599-lubricated-plug-valve","8":"product_tag-300lb-api599-lubricated-plug-valve","9":"product_tag-600lb-api599-lubricated-plug-valve","10":"product_tag-api599-lubricated-plug-valve","11":"product_tag-flange-end-api599-lubricated-plug-valve","12":"product_tag-wcb-api599-lubricated-plug-valve","14":"first","15":"instock","16":"shipping-taxable","17":"product-type-simple"},"jetpack_sharing_enabled":true,"_links":{"self":[{"href":"https:\/\/oudianvalve.com\/fr\/wp-json\/wp\/v2\/product\/18257","targetHints":{"allow":["GET"]}}],"collection":[{"href":"https:\/\/oudianvalve.com\/fr\/wp-json\/wp\/v2\/product"}],"about":[{"href":"https:\/\/oudianvalve.com\/fr\/wp-json\/wp\/v2\/types\/product"}],"wp:featuredmedia":[{"embeddable":true,"href":"https:\/\/oudianvalve.com\/fr\/wp-json\/wp\/v2\/media\/18258"}],"wp:attachment":[{"href":"https:\/\/oudianvalve.com\/fr\/wp-json\/wp\/v2\/media?parent=18257"}],"wp:term":[{"taxonomy":"product_brand","embeddable":true,"href":"https:\/\/oudianvalve.com\/fr\/wp-json\/wp\/v2\/product_brand?post=18257"},{"taxonomy":"product_cat","embeddable":true,"href":"https:\/\/oudianvalve.com\/fr\/wp-json\/wp\/v2\/product_cat?post=18257"},{"taxonomy":"product_tag","embeddable":true,"href":"https:\/\/oudianvalve.com\/fr\/wp-json\/wp\/v2\/product_tag?post=18257"}],"curies":[{"name":"wp","href":"https:\/\/api.w.org\/{rel}","templated":true}]}}