{"id":18255,"date":"2023-07-10T06:28:37","date_gmt":"2023-07-10T06:28:37","guid":{"rendered":"https:\/\/oudianvalve.com\/?post_type=product&#038;p=18255"},"modified":"2023-07-10T06:29:19","modified_gmt":"2023-07-10T06:29:19","slug":"din-non-lubricated-plug-valve904ldn100pn25flange-end","status":"publish","type":"product","link":"https:\/\/oudianvalve.com\/fr\/products\/plug-valves\/din-non-lubricated-plug-valve904ldn100pn25flange-end\/","title":{"rendered":"Vanne \u00e0 boisseau DIN non lubrifi\u00e9e, 904L, DN100, PN25, extr\u00e9mit\u00e9 \u00e0 bride"},"content":{"rendered":"<p>Robinet \u00e0 boisseau DIN non lubrifi\u00e9acc. La norme DIN I s&#039;applique \u00e0 la coupe et au raccordement de canalisations utilis\u00e9es dans diverses industries telles que le p\u00e9trole, l&#039;industrie chimique, la pharmacie, les engrais chimiques, l&#039;industrie \u00e9lectrique, etc. sous une pression nominale de PN16 ~ PN150 et une temp\u00e9rature de fonctionnement de-29-180. \u00b0C.<\/p>\n<p>Norme de conception\u00a0: API 599 API 6D<\/p>\n<p>Face \u00e0 face : EN558 F1\/F4\/F5<\/p>\n<p>Contr\u00f4le d&#039;essai\u00a0:\u00a0DIN3230<\/p>\n<p>Port\u00e9e du produit\u00a0:<br \/>\n1. Plage de pression\u00a0: PN16~PN150<br \/>\n2. Diam\u00e8tre nominal : NPS 1\/2-40\u2033<br \/>\n3. Mat\u00e9riau du corps\u00a0: A105\uff64LF2\uff64F304\uff64F316\uff64F304L\uff64F316L\uff64F51, WCB\uff64LCB\uff64WCC\uff64CF8\uff64CF8M\uff64CF3\uff64CF3M\uff64A890 4A etc.<\/p>\n<p>4. Terminer la connexion\u00a0:RF RTJ BW<br \/>\n5. Dispositif d&#039;entra\u00eenement\u00a0: levier, bo\u00eete de vitesses, dispositif \u00e9lectrique, pneumatique, hydraulique, dispositif pneumatique-hydraulique\u00a0;<\/p>","protected":false},"excerpt":{"rendered":"<p>Norme de conception\u00a0: API 599 API 6D<br \/>\nFace \u00e0 face : EN558 F1\/F4\/F5<br \/>\nContr\u00f4le d&#039;essai\u00a0:\u00a0DIN3230<\/p>\n<p>Fabricant de robinet \u00e0 tournant sph\u00e9rique non lubrifi\u00e9 DIN\u00a0:\u00a0904L, robinet \u00e0 tournant sph\u00e9rique non lubrifi\u00e9, DN100, PN25, extr\u00e9mit\u00e9 \u00e0 bride, API 599.<\/p>","protected":false},"featured_media":18256,"template":"","meta":{"advanced_seo_description":"","jetpack_seo_html_title":"","jetpack_seo_noindex":false},"product_brand":[],"product_cat":[156],"product_tag":[313,312,314,316,315],"class_list":{"0":"post-18255","1":"product","2":"type-product","3":"status-publish","4":"has-post-thumbnail","6":"product_cat-plug-valves","7":"product_tag-904l-din-non-lubricated-plug-valve","8":"product_tag-din-non-lubricated-plug-valve","9":"product_tag-dn100-din-non-lubricated-plug-valve","10":"product_tag-flange-end-din-non-lubricated-plug-valve","11":"product_tag-pn25-din-non-lubricated-plug-valve","13":"first","14":"instock","15":"shipping-taxable","16":"product-type-simple"},"jetpack_sharing_enabled":true,"_links":{"self":[{"href":"https:\/\/oudianvalve.com\/fr\/wp-json\/wp\/v2\/product\/18255","targetHints":{"allow":["GET"]}}],"collection":[{"href":"https:\/\/oudianvalve.com\/fr\/wp-json\/wp\/v2\/product"}],"about":[{"href":"https:\/\/oudianvalve.com\/fr\/wp-json\/wp\/v2\/types\/product"}],"wp:featuredmedia":[{"embeddable":true,"href":"https:\/\/oudianvalve.com\/fr\/wp-json\/wp\/v2\/media\/18256"}],"wp:attachment":[{"href":"https:\/\/oudianvalve.com\/fr\/wp-json\/wp\/v2\/media?parent=18255"}],"wp:term":[{"taxonomy":"product_brand","embeddable":true,"href":"https:\/\/oudianvalve.com\/fr\/wp-json\/wp\/v2\/product_brand?post=18255"},{"taxonomy":"product_cat","embeddable":true,"href":"https:\/\/oudianvalve.com\/fr\/wp-json\/wp\/v2\/product_cat?post=18255"},{"taxonomy":"product_tag","embeddable":true,"href":"https:\/\/oudianvalve.com\/fr\/wp-json\/wp\/v2\/product_tag?post=18255"}],"curies":[{"name":"wp","href":"https:\/\/api.w.org\/{rel}","templated":true}]}}