{"id":18253,"date":"2023-07-10T03:28:53","date_gmt":"2023-07-10T03:28:53","guid":{"rendered":"https:\/\/oudianvalve.com\/?post_type=product&#038;p=18253"},"modified":"2023-07-10T03:28:53","modified_gmt":"2023-07-10T03:28:53","slug":"upward-discharge-valve-cf8-pn16-dn80-flange-end","status":"publish","type":"product","link":"https:\/\/oudianvalve.com\/fr\/products\/globe-valves\/upward-discharge-valve-cf8-pn16-dn80-flange-end\/","title":{"rendered":"Soupape de d\u00e9charge vers le haut, CF8, PN16, DN80, extr\u00e9mit\u00e9 \u00e0 bride"},"content":{"rendered":"<p>Aper\u00e7u de la vanne de d\u00e9charge vers le haut\u00a0:<br \/>\nLa vanne de d\u00e9charge vers le haut est principalement utilis\u00e9e pour les op\u00e9rations de d\u00e9charge par le bas, de d\u00e9charge, d&#039;\u00e9chantillonnage et d&#039;arr\u00eat sans zone morte des r\u00e9acteurs, des r\u00e9servoirs de stockage et d&#039;autres conteneurs. Le volant de la vanne de refoulement vers le haut tourne vers la droite pour fermer et vers la gauche pour ouvrir. Il est principalement utilis\u00e9 pour le d\u00e9chargement par le bas des r\u00e9acteurs, des r\u00e9servoirs de stockage et autres conteneurs. \u00c0 l&#039;aide de la bride inf\u00e9rieure de la vanne, elle est soud\u00e9e au fond du r\u00e9servoir de stockage et des autres conteneurs, \u00e9liminant ainsi le ph\u00e9nom\u00e8ne de fluide r\u00e9siduel au fond du conteneur. La vanne de d\u00e9charge est con\u00e7ue comme un fond plat en fonction de la situation r\u00e9elle, avec un corps de vanne en forme de Y et un disque de vanne pour l&#039;op\u00e9ration de levage. La cavit\u00e9 int\u00e9rieure du corps de vanne est \u00e9quip\u00e9e d&#039;une bague d&#039;\u00e9tanch\u00e9it\u00e9 r\u00e9sistante \u00e0 l&#039;\u00e9rosion et \u00e0 la corrosion, qui peut prot\u00e9ger le corps de vanne de l&#039;\u00e9rosion et de la corrosion moyennes au moment de l&#039;ouverture de la vanne. La bague d&#039;\u00e9tanch\u00e9it\u00e9 est sp\u00e9cialement trait\u00e9e pour atteindre une duret\u00e9 de surface de HRC56 ~ 62, avec des fonctions \u00e9lev\u00e9es de r\u00e9sistance \u00e0 l&#039;usure et \u00e0 la corrosion. Le joint du disque de valve est soud\u00e9 avec un alliage dur sur le couvercle selon les besoins, et la surface d&#039;\u00e9tanch\u00e9it\u00e9 est scell\u00e9e avec du fil pour garantir la fiabilit\u00e9 du joint et \u00e9viter les cicatrices. Dans le m\u00eame temps, une conception de disque de vanne \u00e0 course courte est adopt\u00e9e. Largement utilis\u00e9 dans les industries telles que la chimie, le p\u00e9trole, la m\u00e9tallurgie, les produits pharmaceutiques, les pesticides, les colorants et la transformation des aliments. Divers modes de fonctionnement, tels que manuel, pneumatique (type \u00e0 ressort de rappel, type \u00e0 double effet, avec et sans volant), \u00e9lectrique, hydraulique, \u00e0 engrenages, etc.<\/p>\n<p>Caract\u00e9ristique de conception de la soupape de d\u00e9charge<\/p>\n<div class=\"overflow-x\">\n<table style=\"height: 410px;\" width=\"522\" cellspacing=\"0\">\n<tbody>\n<tr class=\"firstRow\">\n<td>Conception<\/td>\n<td>HG5-89-1 et HG-16-79<\/td>\n<\/tr>\n<tr>\n<td>Essai<\/td>\n<td>API598<\/td>\n<\/tr>\n<tr>\n<td>Dimension face \u00e0 face<\/td>\n<td>SELON LE MFR<\/td>\n<\/tr>\n<tr>\n<td>Termine la connexion<\/td>\n<td>ASME B16.5RF<\/td>\n<\/tr>\n<tr>\n<td>Pression nominale de temp\u00e9rature<\/td>\n<td>ASME B16.34<\/td>\n<\/tr>\n<tr>\n<td>Marquage<\/td>\n<td>MSS SP-25<\/td>\n<\/tr>\n<tr>\n<td>Examination non destructive<\/td>\n<td>VT, PT, RT, UT, MT<\/td>\n<\/tr>\n<\/tbody>\n<\/table>\n<\/div>\n<p>Performances et avantages de la vanne de refoulement vers le haut\u00a0:<br \/>\n1. La chambre int\u00e9rieure du corps de vanne est \u00e9quip\u00e9e d&#039;une bague d&#039;\u00e9tanch\u00e9it\u00e9 r\u00e9sistante \u00e0 l&#039;\u00e9rosion et \u00e0 la corrosion.<br \/>\n2. Le joint du disque de valve est soud\u00e9 avec un alliage dur sur le couvercle selon les besoins, qui pr\u00e9sente une r\u00e9sistance \u00e9lev\u00e9e \u00e0 l&#039;usure et \u00e0 la corrosion.<br \/>\n3. Diverses m\u00e9thodes de fonctionnement, telles que manuelles, pneumatiques (type \u00e0 ressort de rappel, type \u00e0 double effet, avec et sans volant), \u00e9lectriques, hydrauliques, \u00e0 engrenages, etc.<br \/>\nPerformances principales de l&#039;\u00e9quipement de la soupape de d\u00e9charge ascendante\u00a0:<br \/>\n\uff081\uff09 R\u00e9sistance \u00e0 la corrosion<br \/>\n\u2605 \u2606 Utilisez des supports tels que l&#039;eau, l&#039;ac\u00e9tone, l&#039;alcool, l&#039;ammoniac, le carbonate de baryum, le benz\u00e8ne (la basse temp\u00e9rature finale d&#039;utilisation du mat\u00e9riau WCB est de -29 \u2103 et la temp\u00e9rature maximale est de 425 \u2103.)<br \/>\n\u2605 \u2606 Utilisez des supports tels que des particules, de l&#039;huile, de la p\u00e2te \u00e0 papier et du dioxyde de carbone (la temp\u00e9rature minimale d&#039;utilisation des mat\u00e9riaux en acier inoxydable est de -100 \u2103 et la temp\u00e9rature maximale d&#039;utilisation est de 232 \u2103).<br \/>\n\u2605 \u2606 Il est strictement interdit d&#039;utiliser des liquides ioniques fluor\u00e9s (tels que le HF), ainsi que des bases fortes et de l&#039;acide phosphorique (temp\u00e9rature&gt;150 \u2103, concentration&gt;30%)<br \/>\n\uff082\uff09 Temp\u00e9rature de fonctionnement g\u00e9n\u00e9rale de l&#039;acier inoxydable pour la vanne de d\u00e9charge ascendante HG5-89-1\u00a0: \u2264 150 \u2103<br \/>\n(3) Plage de pression : 0,6 ~ 2,5 MPa (IV), plage de diam\u00e8tre : 25 ~ 250 mm.<\/p>\n<p>Pr\u00e9cautions d&#039;entretien, d&#039;installation et d&#039;utilisation de la vanne de refoulement vers le haut<br \/>\n1. La vanne doit \u00eatre stock\u00e9e dans son ensemble dans un entrep\u00f4t a\u00e9r\u00e9 et sec, et l&#039;empilage ou le stockage ext\u00e9rieur est strictement interdit. Les deux extr\u00e9mit\u00e9s du diam\u00e8tre de la vanne doivent \u00eatre bloqu\u00e9es avec des plaques.<br \/>\n2. Avant l&#039;installation, il est n\u00e9cessaire d&#039;inspecter soigneusement la vanne et d&#039;\u00e9liminer tout dommage caus\u00e9 pendant le transport et le stockage.<br \/>\n3. Avant l&#039;installation, il faut veiller \u00e0 ce que les vis de chaque pi\u00e8ce soient \u00e9quilibr\u00e9es et si le levage (mouvement) est flexible.<br \/>\n4. La vanne doit \u00eatre install\u00e9e dans un endroit sans vibrations ni impacts importants, ainsi que dans un endroit o\u00f9 la vanne est utilis\u00e9e sans dommage.<br \/>\n5. Lorsque la d\u00e9charge est bloqu\u00e9e, des tiges m\u00e9talliques ou des outils durs peuvent \u00eatre utilis\u00e9s pour la d\u00e9gager. Il est important d&#039;utiliser des tiges m\u00e9talliques ou des outils durs pour \u00e9viter d&#039;endommager la surface de contact entre le disque de la vanne et la bague d&#039;\u00e9tanch\u00e9it\u00e9.<br \/>\n6. Essayez d&#039;\u00e9viter l&#039;utilisation altern\u00e9e de milieux acides et alcalins (\u00e0 l&#039;exception des milieux de r\u00e9action de neutralisation) pour \u00e9viter de raccourcir la dur\u00e9e de vie.<br \/>\n7. Selon les performances et la dur\u00e9e de vie du fluide, la bague d&#039;\u00e9tanch\u00e9it\u00e9 en PTFE situ\u00e9e en haut du corps de la vanne et la plaque mince en PTFE au niveau de l&#039;orifice doivent \u00eatre r\u00e9guli\u00e8rement inspect\u00e9es. Si des dommages sont constat\u00e9s, il doit \u00eatre remplac\u00e9 rapidement avant utilisation.<br \/>\n8. Si des dommages sont constat\u00e9s sur la face de la vanne, ils doivent \u00eatre imm\u00e9diatement arr\u00eat\u00e9s et des mat\u00e9riaux sp\u00e9cialis\u00e9s peuvent \u00eatre utilis\u00e9s pour r\u00e9parer la zone affect\u00e9e, ou des unit\u00e9s de production concern\u00e9es peuvent \u00eatre confi\u00e9es \u00e0 la production.<\/p>\n<p>La vanne de d\u00e9charge est principalement utilis\u00e9e pour d\u00e9charger les mat\u00e9riaux au fond du r\u00e9servoir de stockage, de la bouilloire de r\u00e9action et d&#039;autres r\u00e9cipients. La vanne est reli\u00e9e \u00e0 l&#039;\u00e9quipement et situ\u00e9e au fond par bride ou soudage bout \u00e0 bout, de mani\u00e8re \u00e0 \u00e9liminer le ph\u00e9nom\u00e8ne r\u00e9siduel du milieu de traitement habituellement \u00e0 la sortie de la cuve. Selon les besoins de la situation r\u00e9elle, il est divis\u00e9 en types d&#039;exposition ascendants et descendants. Le type vers le haut est utilis\u00e9 pour d\u00e9charger le r\u00e9acteur avec la vanne de d\u00e9charge de l&#039;agitateur\u00a0; le type vers le bas est utilis\u00e9 pour la d\u00e9charge de la cuve de r\u00e9action de l&#039;agitateur \u00e0 ancre de type cadre.<\/p>\n<p>&nbsp;<\/p>","protected":false},"excerpt":{"rendered":"<p>L&#039;usine chinoise de soupape de d\u00e9charge vers le haut Oudian propose une soupape de d\u00e9charge vers le haut, CF8, PN16, DN80, extr\u00e9mit\u00e9 de bride : ASTM 351 CF8, 3 pouces, ASME B16.5 RF, EN1092-1<\/p>","protected":false},"featured_media":18254,"template":"","meta":{"advanced_seo_description":"","jetpack_seo_html_title":"","jetpack_seo_noindex":false},"product_brand":[],"product_cat":[80],"product_tag":[308,310,311,309],"class_list":{"0":"post-18253","1":"product","2":"type-product","3":"status-publish","4":"has-post-thumbnail","6":"product_cat-globe-valves","7":"product_tag-cf8-upward-discharge-valve","8":"product_tag-dn80upward-discharge-valve","9":"product_tag-flange-end-upward-discharge-valve","10":"product_tag-pn16-upward-discharge-valve","12":"first","13":"instock","14":"shipping-taxable","15":"product-type-simple"},"jetpack_sharing_enabled":true,"_links":{"self":[{"href":"https:\/\/oudianvalve.com\/fr\/wp-json\/wp\/v2\/product\/18253","targetHints":{"allow":["GET"]}}],"collection":[{"href":"https:\/\/oudianvalve.com\/fr\/wp-json\/wp\/v2\/product"}],"about":[{"href":"https:\/\/oudianvalve.com\/fr\/wp-json\/wp\/v2\/types\/product"}],"wp:featuredmedia":[{"embeddable":true,"href":"https:\/\/oudianvalve.com\/fr\/wp-json\/wp\/v2\/media\/18254"}],"wp:attachment":[{"href":"https:\/\/oudianvalve.com\/fr\/wp-json\/wp\/v2\/media?parent=18253"}],"wp:term":[{"taxonomy":"product_brand","embeddable":true,"href":"https:\/\/oudianvalve.com\/fr\/wp-json\/wp\/v2\/product_brand?post=18253"},{"taxonomy":"product_cat","embeddable":true,"href":"https:\/\/oudianvalve.com\/fr\/wp-json\/wp\/v2\/product_cat?post=18253"},{"taxonomy":"product_tag","embeddable":true,"href":"https:\/\/oudianvalve.com\/fr\/wp-json\/wp\/v2\/product_tag?post=18253"}],"curies":[{"name":"wp","href":"https:\/\/api.w.org\/{rel}","templated":true}]}}