{"id":18251,"date":"2023-07-10T03:07:04","date_gmt":"2023-07-10T03:07:04","guid":{"rendered":"https:\/\/oudianvalve.com\/?post_type=product&#038;p=18251"},"modified":"2023-07-10T03:07:05","modified_gmt":"2023-07-10T03:07:05","slug":"din-y-type-bellow-globe-valve-dn65-pn40-rf-end","status":"publish","type":"product","link":"https:\/\/oudianvalve.com\/fr\/products\/globe-valves\/din-y-type-bellow-globe-valve-dn65-pn40-rf-end\/","title":{"rendered":"Vanne \u00e0 soupape \u00e0 soufflet de type DIN Y, DN65, PN40, extr\u00e9mit\u00e9 RF"},"content":{"rendered":"<p>Robinet \u00e0 soupape \u00e0 tube ondul\u00e9 en forme de Y standard allemand<br \/>\nMod\u00e8le de produit: WJ45H<br \/>\nNorme de conception : EN 12516<br \/>\nLongueur de la structure : EN 558<br \/>\nBride de raccordement : EN 1092-1<br \/>\nTests et inspection\u00a0:\u00a0EN 12266<br \/>\nMat\u00e9riau du corps de vanne\u00a0: GS-C25\/CF8\/CF8M\/CF3\/CF3M\/WC6\/WC9<br \/>\nDiam\u00e8tre nominal : DN15-DN600<br \/>\nPression nominale\u00a0: PN1,6MPa-10,0 MPa<br \/>\nM\u00e9thode de connexion : bride, soudage.<br \/>\nM\u00e9dias applicables\u00a0: vapeur, huile de transfert de chaleur, sel fondu, autres milieux chimiques, etc.<br \/>\nIndustries d&#039;application\u00a0: industries p\u00e9troli\u00e8res, chimiques, \u00e9nerg\u00e9tiques, pharmaceutiques, m\u00e9tallurgiques, nouvelles \u00e9nergies et autres<\/p>\n<p>Pr\u00e9sentation du produit<\/p>\n<p>Le robinet \u00e0 soupape \u00e0 tube ondul\u00e9 DIN Y de type GlobeE Valve est un nouveau type de robinet \u00e0 soupape. En raison de sa conception \u00e0 double \u00e9tanch\u00e9it\u00e9, les performances d&#039;\u00e9tanch\u00e9it\u00e9 de cette vanne sont plus fiables et sup\u00e9rieures \u00e0 celles des vannes sup\u00e9rieures ordinaires. Largement utilis\u00e9 dans les syst\u00e8mes d&#039;huile chaude, les syst\u00e8mes \u00e0 vapeur, les syst\u00e8mes d&#039;eau froide et chaude, etc. Performances s\u00fbres et fiables, utilisant des tuyaux ondul\u00e9s pour l&#039;\u00e9tanch\u00e9it\u00e9, r\u00e9duisant l&#039;entretien et les r\u00e9parations fr\u00e9quentes et offrant un environnement de travail propre et s\u00fbr. La conception du joint \u00e9limine l&#039;inconv\u00e9nient du vieillissement rapide et des fuites faciles des tiges de vannes ordinaires, ce qui am\u00e9liore non seulement l&#039;efficacit\u00e9 \u00e9nerg\u00e9tique mais augmente \u00e9galement l&#039;\u00e9quipement de production.<\/p>\n<p>Caract\u00e9ristiques du produit:<br \/>\n1. Le canal d&#039;\u00e9coulement du corps de vanne de la vanne d&#039;arr\u00eat \u00e0 soufflet en forme de Y est une structure \u00e0 flux direct. La r\u00e9sistance aux fluides de cette structure est inf\u00e9rieure \u00e0 celle de la structure directe, ce qui peut acc\u00e9l\u00e9rer la tension moyenne, r\u00e9duire la perte de pression et r\u00e9duire la consommation d&#039;\u00e9nergie, en particulier pour les mat\u00e9riaux visqueux et faciles \u00e0 agglom\u00e9rer. 2. Le corps de la vanne adopte la technologie allemande de moulage au sable recouverte d&#039;un film, qui am\u00e9liore consid\u00e9rablement la finition de surface et les propri\u00e9t\u00e9s m\u00e9caniques du corps de la vanne, r\u00e9duit l&#039;apparition de pores, de trous de sable et de fissures et am\u00e9liore la r\u00e9sistance \u00e0 la traction du moulage.<br \/>\nLorsque la vanne est ferm\u00e9e, la surface d&#039;\u00e9tanch\u00e9it\u00e9 conique avec \u00ab\u00a0effet grattant\u00a0\u00bb peut \u00e9liminer automatiquement les impuret\u00e9s de surface, garantissant une \u00e9tanch\u00e9it\u00e9 fiable et une dur\u00e9e de vie plus longue du disque de vanne.<br \/>\nConception \u00e0 double \u00e9tanch\u00e9it\u00e9 (tuyau ondul\u00e9 + emballage), conform\u00e9ment aux normes internationales d&#039;\u00e9tanch\u00e9it\u00e9. 4<br \/>\n5. Tous les tuyaux ondul\u00e9s ont pass\u00e9 avec succ\u00e8s les tests d&#039;ammoniac et toutes les vannes ont pass\u00e9 les tests standard pour garantir l&#039;absence de fuite.<br \/>\n6. Les produits sup\u00e9rieurs \u00e0 DN150 sont \u00e9quip\u00e9s de dispositifs sp\u00e9ciaux pour emp\u00eacher efficacement les vibrations, le bruit et les dommages internes de la vanne pendant l&#039;utilisation, augmentant ainsi la dur\u00e9e de vie de plus de 150%.<br \/>\n7. Diverses conceptions de disques de vanne peuvent \u00eatre fournies en fonction des conditions de travail, telles que des disques de vanne d&#039;\u00e9tranglement, des disques de clapet anti-retour d&#039;arr\u00eat, etc.<\/p>","protected":false},"excerpt":{"rendered":"<p>Chine Usine de vannes \u00e0 soupape \u00e0 soufflet de type Y DIN Oudian propose des vannes \u00e0 soupape \u00e0 soufflet de type Y\u00a0: GS-C25, 21\/2 pouces, PN40, EN 12266, EN 1092-1.<\/p>","protected":false},"featured_media":18252,"template":"","meta":{"advanced_seo_description":"","jetpack_seo_html_title":"","jetpack_seo_noindex":false},"product_brand":[],"product_cat":[80],"product_tag":[304,306,305,307],"class_list":{"0":"post-18251","1":"product","2":"type-product","3":"status-publish","4":"has-post-thumbnail","6":"product_cat-globe-valves","7":"product_tag-din-y-type-bellow-globe-valve","8":"product_tag-dn65-din-y-type-bellow-globe-valve","9":"product_tag-pn40-din-y-type-bellow-globe-valve","10":"product_tag-rf-end-din-y-type-bellow-globe-valve","12":"first","13":"instock","14":"shipping-taxable","15":"product-type-simple"},"jetpack_sharing_enabled":true,"_links":{"self":[{"href":"https:\/\/oudianvalve.com\/fr\/wp-json\/wp\/v2\/product\/18251","targetHints":{"allow":["GET"]}}],"collection":[{"href":"https:\/\/oudianvalve.com\/fr\/wp-json\/wp\/v2\/product"}],"about":[{"href":"https:\/\/oudianvalve.com\/fr\/wp-json\/wp\/v2\/types\/product"}],"wp:featuredmedia":[{"embeddable":true,"href":"https:\/\/oudianvalve.com\/fr\/wp-json\/wp\/v2\/media\/18252"}],"wp:attachment":[{"href":"https:\/\/oudianvalve.com\/fr\/wp-json\/wp\/v2\/media?parent=18251"}],"wp:term":[{"taxonomy":"product_brand","embeddable":true,"href":"https:\/\/oudianvalve.com\/fr\/wp-json\/wp\/v2\/product_brand?post=18251"},{"taxonomy":"product_cat","embeddable":true,"href":"https:\/\/oudianvalve.com\/fr\/wp-json\/wp\/v2\/product_cat?post=18251"},{"taxonomy":"product_tag","embeddable":true,"href":"https:\/\/oudianvalve.com\/fr\/wp-json\/wp\/v2\/product_tag?post=18251"}],"curies":[{"name":"wp","href":"https:\/\/api.w.org\/{rel}","templated":true}]}}