{"id":18202,"date":"2023-07-06T03:21:05","date_gmt":"2023-07-06T03:21:05","guid":{"rendered":"https:\/\/oudianvalve.com\/?post_type=product&#038;p=18202"},"modified":"2023-07-06T03:21:06","modified_gmt":"2023-07-06T03:21:06","slug":"api-6d-lubricated-plug-valve-a216-wcb-8-inch-600lb-flange-end","status":"publish","type":"product","link":"https:\/\/oudianvalve.com\/fr\/products\/plug-valves\/api-6d-lubricated-plug-valve-a216-wcb-8-inch-600lb-flange-end\/","title":{"rendered":"Vanne \u00e0 boisseau lubrifi\u00e9e API 6D, A216 WCB, 8 pouces, 600 LB, extr\u00e9mit\u00e9 \u00e0 bride"},"content":{"rendered":"<p>Les robinets \u00e0 boisseau lubrifi\u00e9s API 6D sont disponibles en mod\u00e8les court, r\u00e9gulier et Venturi.  Les diff\u00e9rents mod\u00e8les varient en ce qui concerne la dimension de bout en bout et la surface du port pour une taille de vanne donn\u00e9e. Les vannes \u00e0 mod\u00e8le r\u00e9gulier ont la plus grande zone de port. Les vannes \u00e0 mod\u00e8le court ont une surface d&#039;orifice r\u00e9duite en raison de leurs dimensions face \u00e0 face compactes qui sont identiques \u00e0 celles des vannes \u00e0 coin. Les vannes Venturi Pattern ont une zone d&#039;orifice r\u00e9duite et un chemin d&#039;\u00e9coulement se rapprochant d&#039;une forme de venturi pour faciliter la r\u00e9cup\u00e9ration de la pression. Les conceptions de vannes sont conformes aux normes API 599, API 6D et B16.34.  Les dimensions face \u00e0 face et de bout en bout sont conformes \u00e0 la norme ANSI B16.10.<\/p>\n<p>Norme de conception\u00a0: API 599 API6D<\/p>\n<p>Port\u00e9e du produit\u00a0:<\/p>\n<p>1. Port\u00e9e de pression\u00a0: CLASSE 150Lb ~ 2500Lb<br \/>\n2.Diam\u00e8tre nominal\u00a0:\u00a0NPS 1\/2-40\u00a0\u2033<br \/>\n3. Mat\u00e9riau du corps\u00a0:\u00a0A216 WCB, COE, A217 WC6, WC9, C5, A352 LCB, LCC,<br \/>\nA351 CF8, CF8M, CF3M, CF8C, CN3MN, CN7M,<br \/>\nA890 4A(CD3MN), 5A(CE3MN), 6A(CD3MWCuN),<br \/>\nASTM B148 C95800, C95500, etc.<br \/>\n4.Fin de connexion\u00a0:RF RTJ BW<br \/>\ndispositif 5.Drive : levier, bo\u00eete de vitesses, dispositif \u00e9lectrique, pneumatique, hydraulique, etc.<\/p>\n<h4>CARACT\u00c9RISTIQUES STRUCTURELLES DU PRODUIT<\/h4>\n<p>Vanne \u00e0 boisseau lubrifi\u00e9e \u00e0 pression invers\u00e9e selon selon ANSI s&#039;applique \u00e0 la coupe et au raccordement de canalisations utilis\u00e9es dans diverses industries telles que le p\u00e9trole, l&#039;industrie chimique, la pharmacie, les engrais chimiques, l&#039;industrie de l&#039;\u00e9nergie \u00e9lectrique, etc. sous une pression nominale de CLASS150-900LBS et une temp\u00e9rature de fonctionnement de-29-180\u00b0 C.<\/p>","protected":false},"excerpt":{"rendered":"<p>Oudian, fournisseur chinois de robinets \u00e0 boisseau lubrifi\u00e9s API 6D, fournit des robinets \u00e0 boisseau lubrifi\u00e9s \u00e0 pression \u00e9quilibr\u00e9e API 599\u00a0: ASTM A216 WCb, 8IN, CL600, extr\u00e9mit\u00e9 \u00e0 bride.<\/p>","protected":false},"featured_media":18203,"template":"","meta":{"advanced_seo_description":"","jetpack_seo_html_title":"","jetpack_seo_noindex":false},"product_brand":[],"product_cat":[156],"product_tag":[291,292,290,289,293],"class_list":{"0":"post-18202","1":"product","2":"type-product","3":"status-publish","4":"has-post-thumbnail","6":"product_cat-plug-valves","7":"product_tag-600lb-lubricated-plug-valve","8":"product_tag-8-inch-lubricated-plug-valve","9":"product_tag-a216-lubricated-plug-valve","10":"product_tag-api-6d-lubricated-plug-valve","11":"product_tag-flange-end-lubricated-plug-valve","13":"first","14":"instock","15":"shipping-taxable","16":"product-type-simple"},"jetpack_sharing_enabled":true,"_links":{"self":[{"href":"https:\/\/oudianvalve.com\/fr\/wp-json\/wp\/v2\/product\/18202","targetHints":{"allow":["GET"]}}],"collection":[{"href":"https:\/\/oudianvalve.com\/fr\/wp-json\/wp\/v2\/product"}],"about":[{"href":"https:\/\/oudianvalve.com\/fr\/wp-json\/wp\/v2\/types\/product"}],"wp:featuredmedia":[{"embeddable":true,"href":"https:\/\/oudianvalve.com\/fr\/wp-json\/wp\/v2\/media\/18203"}],"wp:attachment":[{"href":"https:\/\/oudianvalve.com\/fr\/wp-json\/wp\/v2\/media?parent=18202"}],"wp:term":[{"taxonomy":"product_brand","embeddable":true,"href":"https:\/\/oudianvalve.com\/fr\/wp-json\/wp\/v2\/product_brand?post=18202"},{"taxonomy":"product_cat","embeddable":true,"href":"https:\/\/oudianvalve.com\/fr\/wp-json\/wp\/v2\/product_cat?post=18202"},{"taxonomy":"product_tag","embeddable":true,"href":"https:\/\/oudianvalve.com\/fr\/wp-json\/wp\/v2\/product_tag?post=18202"}],"curies":[{"name":"wp","href":"https:\/\/api.w.org\/{rel}","templated":true}]}}