{"id":18200,"date":"2023-07-07T02:11:01","date_gmt":"2023-07-07T02:11:01","guid":{"rendered":"https:\/\/oudianvalve.com\/?post_type=product&#038;p=18200"},"modified":"2023-07-07T02:11:01","modified_gmt":"2023-07-07T02:11:01","slug":"high-pressure-gate-valve-1500lb-wcb-6-inch-flange-end","status":"publish","type":"product","link":"https:\/\/oudianvalve.com\/fr\/products\/gate-valves\/high-pressure-gate-valve-1500lb-wcb-6-inch-flange-end\/","title":{"rendered":"Vanne \u00e0 vanne haute pression, 1 500 LB, WCB, 6 pouces, extr\u00e9mit\u00e9 \u00e0 bride"},"content":{"rendered":"<p>Le robinet-vanne haute pression, \u00e9galement appel\u00e9 robinet-vanne \u00e0 joint de pression, est con\u00e7u et fabriqu\u00e9 selon ASME B16.34, API600, et le robinet pr\u00e9sente les caract\u00e9ristiques d&#039;une belle apparence, d&#039;une structure compacte et d&#039;une \u00e9tanch\u00e9it\u00e9 fiable. Il convient \u00e0 divers pipelines de classe 900 \u00e0 classe 2500.<\/p>\n<p>Norme de conception\u00a0: API 600<br \/>\nIndices de pression-temp\u00e9rature\u00a0: ASME B16.34<br \/>\nGamme de tailles : 2&quot; \u00e0 48&quot;<br \/>\nPlage de pression\u00a0: Classe 150 \u00e0 2\u00a0500<br \/>\nConnexions d&#039;extr\u00e9mit\u00e9\u00a0: RF \u00e0 bride, RTJ, soud\u00e9e bout \u00e0 bout<br \/>\nDimensions des extr\u00e9mit\u00e9s \u00e0 bride\u00a0: ASME B16.5 (\u226424\u00a0po), ASME B16.47 s\u00e9rie A ou B (&gt;24\u00a0po)<br \/>\nDimensions des extr\u00e9mit\u00e9s soud\u00e9es bout \u00e0 bout\u00a0: ASME B16.25 face \u00e0 face<br \/>\nDimensions face \u00e0 face\u00a0: ASME B16.10<br \/>\nInspection et tests\u00a0: API 598<br \/>\nMat\u00e9riaux du corps\u00a0: WCB, CF8, CF3, CF3M, CF8M, A995 4A, 5A, 6A, C95800, INCONEL 625, INCONEL 825, MONEL, WC6, WC9.<br \/>\nMat\u00e9riaux de garniture\u00a0: 1#, 5#,8#,10#,12#,16#<br \/>\nMat\u00e9riaux d&#039;emballage\u00a0: graphite, graphite avec fil d&#039;inconel<\/p>\n<p>&nbsp;<\/p>\n<p>Principe de fonctionnement du robinet-vanne \u00e0 pression\u00a0:<br \/>\nAvant que le robinet-vanne haute pression ne soit boost\u00e9, tournez le boulon de serrage pour soulever le chapeau, de sorte que la formation initiale entre le chapeau, l&#039;anneau segment\u00e9 et le corps de la vanne cr\u00e9e une condition d&#039;\u00e9tanch\u00e9it\u00e9 \u2013 pression de pr\u00e9charge sur la surface d&#039;\u00e9tanch\u00e9it\u00e9. Lorsque la pression du fluide augmente, la pression d&#039;\u00e9tanch\u00e9it\u00e9 entre le chapeau, le segment et le corps de vanne augmente progressivement avec l&#039;augmentation de la pression du fluide. Dans le cas d&#039;une \u00e9tanch\u00e9it\u00e9 automatique, la pression d&#039;\u00e9tanch\u00e9it\u00e9 de travail sur la surface d&#039;\u00e9tanch\u00e9it\u00e9 est synth\u00e9tis\u00e9e en deux parties\u00a0: l&#039;une est la pression d&#039;\u00e9tanch\u00e9it\u00e9 pr\u00e9-serr\u00e9e et l&#039;autre est la pression form\u00e9e par la pression du milieu. Il convient de souligner que\u00a0:\u00a0la pression du fluide dans un joint auto-serrant a toujours tendance \u00e0 augmenter la pression du joint de pr\u00e9charge pour augmenter les performances d&#039;\u00e9tanch\u00e9it\u00e9. Plus la pression du fluide est \u00e9lev\u00e9e, plus la pression d&#039;\u00e9tanch\u00e9it\u00e9 de fonctionnement est \u00e9lev\u00e9e et meilleures sont les performances d&#039;\u00e9tanch\u00e9it\u00e9.<\/p>\n<p>&nbsp;<\/p>\n<p>Les principales caract\u00e9ristiques du robinet-vanne haute pression\u00a0:<br \/>\n\u2460 La structure auto-obturante peut rendre la connexion entre le corps de vanne et le chapeau de la vanne haute pression \u00e9troitement structur\u00e9e, \u00e9conomisant du travail et des mat\u00e9riaux, s\u00fbre et fiable.<br \/>\n\u2461 Le robinet-vanne haute pression utilise une structure combin\u00e9e au niveau du chapeau auto-obturant sous pression, pour obtenir une \u00e9tanch\u00e9it\u00e9 lin\u00e9aire, tandis que sa bague d&#039;\u00e9tanch\u00e9it\u00e9 utilise de l&#039;acier inoxydable aust\u00e9nitique, anticorrosion, prolonge la dur\u00e9e de vie de l&#039;utilisation, garantissant ainsi l&#039;\u00e9tanch\u00e9it\u00e9 de la vanne. ne fuit pas sous une diff\u00e9rence de pression \u00e9lev\u00e9e.<br \/>\n\u2462 Lorsque le robinet-vanne haute pression est compris entre 2\u00a0500\u00a0LB et plus, la cavit\u00e9 int\u00e9rieure du corps de la vanne et la zone de contact de la bague d&#039;\u00e9tanch\u00e9it\u00e9 sont soud\u00e9es avec un mat\u00e9riau en acier inoxydable pour \u00e9viter que la zone d&#039;\u00e9tanch\u00e9it\u00e9 du corps de la vanne ne soit \u00e9rod\u00e9e par l&#039;air et l&#039;eau sous haute pression. diff\u00e9rence de pression, ce qui peut provoquer des fuites par piq\u00fbres, garantissant ainsi le fonctionnement s\u00fbr et \u00e0 long terme de la vanne.<\/p>\n<p>&nbsp;<\/p>\n<p>Structure auto-obturante du robinet-vanne haute pression\u00a0:<br \/>\nLe robinet-vanne \u00e0 joint de pression utilise une structure d&#039;\u00e9tanch\u00e9it\u00e9 combin\u00e9e au joint ext\u00e9rieur de la garniture et \u00e0 la pression interne auto-obturante au niveau du joint de tige pour garantir que le fluide ne fuit pas. Le joint ext\u00e9rieur de la tige est rempli de polyt\u00e9trafluor\u00e8ne ou d&#039;un joint torique, qui est fermement press\u00e9 avec un presse-\u00e9toupe. Sous l&#039;action de la pression du fluide, la pression ascendante est g\u00e9n\u00e9r\u00e9e, plus la pression du fluide est \u00e9lev\u00e9e, plus la force d&#039;\u00e9tanch\u00e9it\u00e9 est grande, cette structure convient aux fluides \u00e9lev\u00e9s.<\/p>","protected":false},"excerpt":{"rendered":"<p>Ce robinet-vanne \u00e0 chapeau \u00e0 joint de pression est fabriqu\u00e9 avec un mat\u00e9riau ASTM A216 WCB de haute qualit\u00e9. Il pr\u00e9sente une taille de 6 pouces et une pression nominale de 1 500 LB. De d\u00e9signation DN150 et PN250, il est conforme aux normes API 600 et est con\u00e7u avec une extr\u00e9mit\u00e9 \u00e0 bride ASME B16.5 Rf. La vanne a \u00e9t\u00e9 test\u00e9e selon les exigences API 598.<\/p>\n<p>Conception \u00e0 port complet<br \/>\nOS&amp; Y, vis ext\u00e9rieure et joug<br \/>\nPSB, capot \u00e0 joint sous pression<br \/>\nCale flexible, enti\u00e8rement guid\u00e9e<br \/>\nChoix de coin plein ou fendu<br \/>\nAnneaux de si\u00e8ge renouvelables<br \/>\nTige forg\u00e9e \u00e0 t\u00eate en T<br \/>\nTige montante et volant non montant<br \/>\nExtr\u00e9mit\u00e9s \u00e0 brides ou \u00e0 souder bout \u00e0 bout<br \/>\nDisponible avec l&#039;op\u00e9rateur bg<\/p>","protected":false},"featured_media":18243,"template":"","meta":{"advanced_seo_description":"","jetpack_seo_html_title":"","jetpack_seo_noindex":false},"product_brand":[],"product_cat":[81],"product_tag":[295,298,299,294,297,296],"class_list":{"0":"post-18200","1":"product","2":"type-product","3":"status-publish","4":"has-post-thumbnail","6":"product_cat-gate-valves","7":"product_tag-1500lb-high-pressure-gate-valve","8":"product_tag-6-inch-high-pressure-gate-valve","9":"product_tag-flange-end-high-pressure-gate-valve","10":"product_tag-high-pressure-gate-valve","11":"product_tag-pressure-seal-high-pressure-gate-valve","12":"product_tag-wcb-high-pressure-gate-valve","14":"first","15":"instock","16":"shipping-taxable","17":"product-type-simple"},"jetpack_sharing_enabled":true,"_links":{"self":[{"href":"https:\/\/oudianvalve.com\/fr\/wp-json\/wp\/v2\/product\/18200","targetHints":{"allow":["GET"]}}],"collection":[{"href":"https:\/\/oudianvalve.com\/fr\/wp-json\/wp\/v2\/product"}],"about":[{"href":"https:\/\/oudianvalve.com\/fr\/wp-json\/wp\/v2\/types\/product"}],"wp:featuredmedia":[{"embeddable":true,"href":"https:\/\/oudianvalve.com\/fr\/wp-json\/wp\/v2\/media\/18243"}],"wp:attachment":[{"href":"https:\/\/oudianvalve.com\/fr\/wp-json\/wp\/v2\/media?parent=18200"}],"wp:term":[{"taxonomy":"product_brand","embeddable":true,"href":"https:\/\/oudianvalve.com\/fr\/wp-json\/wp\/v2\/product_brand?post=18200"},{"taxonomy":"product_cat","embeddable":true,"href":"https:\/\/oudianvalve.com\/fr\/wp-json\/wp\/v2\/product_cat?post=18200"},{"taxonomy":"product_tag","embeddable":true,"href":"https:\/\/oudianvalve.com\/fr\/wp-json\/wp\/v2\/product_tag?post=18200"}],"curies":[{"name":"wp","href":"https:\/\/api.w.org\/{rel}","templated":true}]}}