{"id":18196,"date":"2023-07-05T02:43:17","date_gmt":"2023-07-05T02:43:17","guid":{"rendered":"https:\/\/oudianvalve.com\/?post_type=product&#038;p=18196"},"modified":"2023-07-05T03:02:39","modified_gmt":"2023-07-05T03:02:39","slug":"flange-segment-ball-valve-a216-wcb-dn200-pn16","status":"publish","type":"product","link":"https:\/\/oudianvalve.com\/fr\/products\/ball-valves\/flange-segment-ball-valve-a216-wcb-dn200-pn16\/","title":{"rendered":"Robinet \u00e0 tournant sph\u00e9rique \u00e0 segment de bride, A216 WCB, DN200, PN16"},"content":{"rendered":"<p>La vanne \u00e0 boisseau sph\u00e9rique \u00e0 segment de type bride combine l&#039;avantage de la vanne de r\u00e9gulation \u00e0 globe avec l&#039;efficacit\u00e9 d&#039;une vanne \u00e0 boisseau sph\u00e9rique rotative qui satisfait les besoins d&#039;\u00e9tranglement et d&#039;arr\u00eat du d\u00e9bit dans l&#039;industrie de processus automatique. La bille segment\u00e9e dans la conception \u00e0 encoche en V a une forte force de coupe et une fonction d&#039;autonettoyage. Avec la bille segment\u00e9e tournant d&#039;un quart de tour, la zone de passage change de forme sectorielle. Conduisant au contr\u00f4le pr\u00e9cis du d\u00e9bit, c&#039;est la vanne id\u00e9ale pour la plupart des applications de processus de papier et de p\u00e2te \u00e0 papier. Un contr\u00f4le pr\u00e9cis de faible valeur CV est disponible gr\u00e2ce \u00e0 une encoche en V sp\u00e9ciale sur la bille segment\u00e9e DN25.<\/p>\n<p>&nbsp;<\/p>\n<p>Donn\u00e9es techniques<\/p>\n<p>Tailles :<\/p>\n<p>DN 25~500mm NPS 1\u201d-20\u201d (type bride)<\/p>\n<p>Mat\u00e9riau du si\u00e8ge :<\/p>\n<p>R\u00e9silient : PTFE\/RPTFE\/PEEK\/DEVLON\/NYLON<\/p>\n<p>M\u00e9tal : Carbure de tungst\u00e8ne\/Satellite\/Ni60<\/p>\n<p>Pression nominale :<\/p>\n<p>PN 10\/16<\/p>\n<p>Norme ANSI 150\/300<\/p>\n<p>Actionneur :<\/p>\n<p>Engrenage \u00e0 vis sans fin\/pneumatique\/\u00e9lectrique<\/p>\n<p>Standard:<\/p>\n<p>Raccord \u00e0 bride : ISA S75.04, IEC\/DIN 534-3-2<\/p>\n<p>Norme de connexion : ASME B16.5 \/ EN 1092-1<\/p>\n<p>Norme de test et d&#039;inspection : DIN3230, ISO5208, ANSI \/FCI 70-2,<\/p>\n<p>Norme de pression et de temp\u00e9rature nominale : ASME B16.34<\/p>\n<p>&nbsp;<\/p>\n<p>CARACT\u00c9RISTIQUES<\/p>\n<p>1. Excellente capacit\u00e9 d&#039;\u00e9tanch\u00e9it\u00e9 - Norme de classe V<\/p>\n<p>2. Le contour pr\u00e9cis de l&#039;encoche en V offre d&#039;excellentes caract\u00e9ristiques de contr\u00f4le pour une grande vari\u00e9t\u00e9 d&#039;applications de d\u00e9bit.<\/p>\n<p>3. L&#039;option robuste \u00e0 si\u00e8ge m\u00e9tallique auto-ajustable est id\u00e9ale pour les applications \u00e0 haute temp\u00e9rature ou les boues.<\/p>\n<p>4. L&#039;action de cisaillement entre la bille et le joint favorise un fonctionnement fluide et sans colmatage, parfait pour les applications de fibres ou de boues.<\/p>\n<p>5. Si\u00e8ges faciles \u00e0 changer, ce qui signifie un faible co\u00fbt pour les r\u00e9parations de soupapes.<\/p>\n<p>6. La construction robuste avec un chemin d&#039;\u00e9coulement direct sans restriction offre une capacit\u00e9 \u00e9lev\u00e9e.<\/p>\n<p>7. Le si\u00e8ge \u00e0 ressort maintient un contact constant avec la bille, offrant ainsi des performances d&#039;\u00e9tanch\u00e9it\u00e9 am\u00e9lior\u00e9es.<\/p>\n<p>8. La technologie de roulement \u00e0 tourillon sup\u00e9rieure est con\u00e7ue pour une excellente r\u00e9sistance \u00e0 l&#039;abrasion.<\/p>\n<p>9. La connexion cannel\u00e9e entre l&#039;arbre et la bille assure un contr\u00f4le pr\u00e9cis et une faible hyst\u00e9r\u00e9sis.<\/p>\n<p>Application:<br \/>\nP\u00e2tes et papiers\/Traitement des eaux us\u00e9es\/Agroalimentaire et<br \/>\nBoissons\/Usines chimiques\/Centrales \u00e9lectriques\/Industrie sid\u00e9rurgique\/Etc.<\/p>","protected":false},"excerpt":{"rendered":"<p>La vanne \u00e0 boisseau sph\u00e9rique \u00e0 segment \u00e0 bride est principalement con\u00e7ue pour le contr\u00f4le du d\u00e9bit et peut \u00e9galement \u00eatre utilis\u00e9e pour le fonctionnement en mode arr\u00eat. L&#039;orifice crant\u00e9 sur la bille segment\u00e9e contribue \u00e0 une forte contrainte de cisaillement pour couper les supports contenant des fibres et des particules. Par cons\u00e9quent, cette vanne \u00e0 segment \u00e0 orifice en V est une bonne vanne de r\u00e9gulation g\u00e9n\u00e9rale pour la plupart des applications de traitement de p\u00e2tes et papiers, ou pour des d\u00e9bits similaires contenant des fibres et des particules<\/p>","protected":false},"featured_media":18197,"template":"","meta":{"advanced_seo_description":"","jetpack_seo_html_title":"","jetpack_seo_noindex":false},"product_brand":[],"product_cat":[83],"product_tag":[282,284,277,283,280],"class_list":{"0":"post-18196","1":"product","2":"type-product","3":"status-publish","4":"has-post-thumbnail","6":"product_cat-ball-valves","7":"product_tag-a216-wcb-flange-segment-ball-valve","8":"product_tag-dn200-flange-segment-ball-valve","9":"product_tag-flange-segment-ball-valve","10":"product_tag-pn16-flange-segment-ball-valve","11":"product_tag-rf-end-flange-segment-ball-valve","13":"first","14":"instock","15":"shipping-taxable","16":"product-type-simple"},"jetpack_sharing_enabled":true,"_links":{"self":[{"href":"https:\/\/oudianvalve.com\/fr\/wp-json\/wp\/v2\/product\/18196","targetHints":{"allow":["GET"]}}],"collection":[{"href":"https:\/\/oudianvalve.com\/fr\/wp-json\/wp\/v2\/product"}],"about":[{"href":"https:\/\/oudianvalve.com\/fr\/wp-json\/wp\/v2\/types\/product"}],"wp:featuredmedia":[{"embeddable":true,"href":"https:\/\/oudianvalve.com\/fr\/wp-json\/wp\/v2\/media\/18197"}],"wp:attachment":[{"href":"https:\/\/oudianvalve.com\/fr\/wp-json\/wp\/v2\/media?parent=18196"}],"wp:term":[{"taxonomy":"product_brand","embeddable":true,"href":"https:\/\/oudianvalve.com\/fr\/wp-json\/wp\/v2\/product_brand?post=18196"},{"taxonomy":"product_cat","embeddable":true,"href":"https:\/\/oudianvalve.com\/fr\/wp-json\/wp\/v2\/product_cat?post=18196"},{"taxonomy":"product_tag","embeddable":true,"href":"https:\/\/oudianvalve.com\/fr\/wp-json\/wp\/v2\/product_tag?post=18196"}],"curies":[{"name":"wp","href":"https:\/\/api.w.org\/{rel}","templated":true}]}}