{"id":18194,"date":"2023-07-05T02:28:20","date_gmt":"2023-07-05T02:28:20","guid":{"rendered":"https:\/\/oudianvalve.com\/?post_type=product&#038;p=18194"},"modified":"2023-07-05T02:28:21","modified_gmt":"2023-07-05T02:28:21","slug":"flange-segment-ball-valvecf8150lb6-inchrf-end","status":"publish","type":"product","link":"https:\/\/oudianvalve.com\/fr\/products\/ball-valves\/flange-segment-ball-valvecf8150lb6-inchrf-end\/","title":{"rendered":"Vanne \u00e0 bille \u00e0 segment de bride, CF8, 150 LB, 6 pouces, extr\u00e9mit\u00e9 RF"},"content":{"rendered":"<p>Le robinet \u00e0 tournant sph\u00e9rique \u00e0 segment de bride est principalement con\u00e7u pour le contr\u00f4le du d\u00e9bit et peut \u00e9galement \u00eatre utilis\u00e9 pour un fonctionnement d&#039;arr\u00eat. L&#039;orifice crant\u00e9 sur la bille segment\u00e9e contribue \u00e0 une forte contrainte de cisaillement pour couper les supports contenant des fibres et des particules. Par cons\u00e9quent, ce robinet \u00e0 tournant sph\u00e9rique segment\u00e9 est une bonne vanne de r\u00e9gulation g\u00e9n\u00e9rale (caract\u00e8re de d\u00e9bit \u00e0 pourcentage \u00e9gal) pour la plupart des applications de traitement des p\u00e2tes et papiers, ou un d\u00e9bit similaire contient des fibres et des particules.<\/p>\n<p>Indices de pression-temp\u00e9rature\u00a0: ASME B16.34<br \/>\nGamme de tailles : DN 25 ~ 500 mm NPS 1&quot;-20&quot; (bride)<br \/>\nPlage de pression\u00a0: PN 10\/16\/25\/40\/63 ANSI 150\/300\/600<br \/>\nConnexions d&#039;extr\u00e9mit\u00e9\u00a0: ISA S75.04, IEC\/DIN 534-3-2 (bride)<br \/>\nType de boule : boule solide forg\u00e9e, boule creuse, boule flottante.<br \/>\nInspection et tests\u00a0: DIN3230, API598<br \/>\n\u00c9tanch\u00e9it\u00e9 du joint\u00a0: Si\u00e8ge m\u00e9tallique Classe IV Si\u00e8ge r\u00e9silient Classe VI<br \/>\nMat\u00e9riaux du corps\u00a0: WCB, CF8, CF8M CF3M, 4A,5A,6A, C95800.<br \/>\nMat\u00e9riaux du si\u00e8ge\u00a0: acier inoxydable + STL, PCTFE, PEEK (bride), acier inoxydable + STL (plaquette)<br \/>\nTemp. Gamme\uff1a Si\u00e8ge m\u00e9tallique -29\u2026+450\u2103 Si\u00e8ge r\u00e9silient -29\u2026+150\u2103<br \/>\nFonctionnement, manuel, \u00e0 vis sans fin, pneumatique, \u00e9lectrique.<\/p>\n<p>Caract\u00e9ristiques:<\/p>\n<p>1. Corps :<\/p>\n<p>a) La conception int\u00e9grale du corps offre une plus grande rigidit\u00e9 face aux charges fluctuantes des tuyaux.<\/p>\n<p>b) \u00c9limine le chemin de fuite associ\u00e9 aux conceptions de corps en deux pi\u00e8ces.<\/p>\n<p>c) Des connexions par plaquette et par bride sont disponibles.<\/p>\n<p>2. Noyau\uff1a<\/p>\n<p>a) La boule \u00e0 encoche en V sp\u00e9cialement con\u00e7ue offre une forte contrainte de coupe et une \u00e9tanch\u00e9it\u00e9 \u00e9tanche.<\/p>\n<p>b) Des traitements au chrome dur, \u00e0 la nitruration et au HCOF sont tous disponibles pour le traitement de surface de la bille, am\u00e9liorant ainsi la duret\u00e9,<\/p>\n<p>r\u00e9sistance \u00e0 l&#039;abrasion, r\u00e9sistance \u00e0 la fatigue, r\u00e9sistance \u00e0 la corrosion et performances \u00e0 haute temp\u00e9rature.<\/p>\n<p>c) La surface de la bille crant\u00e9e bien rectifi\u00e9e garantit un faible couple de fonctionnement et une \u00e9tanch\u00e9it\u00e9 parfaite, en particulier pour les si\u00e8ges m\u00e9talliques<\/p>\n<p>vanne \u00e0 segments.<\/p>\n<p>3. Si\u00e8ge\u00a0:<\/p>\n<p>a) Pour les vannes de classe 150, le dispositif de retenue est coul\u00e9 sur le corps de la vanne pour \u00e9liminer tout espace possible entre le si\u00e8ge<\/p>\n<p>anneau et corps pour l\u2019accumulation de r\u00e9sidus. Par cons\u00e9quent, cela garantit une \u00e9tanch\u00e9it\u00e9 parfaite.<\/p>\n<p>b) La conception sp\u00e9cialis\u00e9e du ressort diminue le couple de la vanne tout en fournissant une force pour une \u00e9tanch\u00e9it\u00e9 parfaite.<\/p>\n<p>c) La conception du si\u00e8ge aliment\u00e9 par pression offre une excellente \u00e9tanch\u00e9it\u00e9 m\u00eame \u00e0 de tr\u00e8s faibles pressions diff\u00e9rentielles.<\/p>\n<p>4. Tige :<\/p>\n<p>a) La tige est finement meul\u00e9e pour s&#039;adapter parfaitement \u00e0 l&#039;actionneur, ce qui \u00e9vite les mouvements de bascule et les pannes potentielles.<\/p>\n<p>de la valve segment\u00e9e.<\/p>\n<p>Application:<br \/>\nP\u00e2tes et papiers\/Traitement des eaux us\u00e9es\/Agroalimentaire et<br \/>\nBoissons\/usines chimiques\/centrales \u00e9lectriques\/industrie sid\u00e9rurgique\/etc.<\/p>","protected":false},"excerpt":{"rendered":"<p>CARACT\u00c9RISTIQUES<\/p>\n<p>1. Les si\u00e8ges faciles \u00e0 changer signifient un faible co\u00fbt pour les r\u00e9parations de vannes.<\/p>\n<p>2. Le contour pr\u00e9cis de l&#039;encoche en V offre d&#039;excellentes caract\u00e9ristiques de contr\u00f4le pour une grande vari\u00e9t\u00e9 d&#039;applications de d\u00e9bit.<\/p>\n<p>3. La connexion cannel\u00e9e entre l&#039;arbre et la bille assure un contr\u00f4le pr\u00e9cis et une faible hyst\u00e9r\u00e9sis.<\/p>\n<p>4. L&#039;action de cisaillement entre la bille et le joint favorise un fonctionnement fluide et sans colmatage, parfait pour les applications de fibres ou de boues.<\/p>\n<p>5. Le si\u00e8ge \u00e0 ressort maintient un contact constant avec la bille, offrant ainsi des performances d&#039;\u00e9tanch\u00e9it\u00e9 am\u00e9lior\u00e9es.<\/p>\n<p>6. La construction robuste avec un chemin d&#039;\u00e9coulement direct sans restriction offre une capacit\u00e9 \u00e9lev\u00e9e.<\/p>\n<p>7. La technologie sup\u00e9rieure des roulements \u00e0 tourillon est con\u00e7ue pour une excellente r\u00e9sistance \u00e0 l\u2019abrasion.<\/p>\n<p>8. L&#039;option robuste \u00e0 si\u00e8ge m\u00e9tallique auto-ajustable est id\u00e9ale pour les applications ou les boues \u00e0 haute temp\u00e9rature.<\/p>\n<p>9. Excellente capacit\u00e9 d&#039;\u00e9tanch\u00e9it\u00e9-Classe V Standard<\/p>","protected":false},"featured_media":18195,"template":"","meta":{"advanced_seo_description":"","jetpack_seo_html_title":"","jetpack_seo_noindex":false},"product_brand":[],"product_cat":[83],"product_tag":[281,279,278,277,280],"class_list":{"0":"post-18194","1":"product","2":"type-product","3":"status-publish","4":"has-post-thumbnail","6":"product_cat-ball-valves","7":"product_tag-150lb-flange-segment-ball-valve","8":"product_tag-6-inch-flange-segment-ball-valve","9":"product_tag-cf8-flange-segment-ball-valve","10":"product_tag-flange-segment-ball-valve","11":"product_tag-rf-end-flange-segment-ball-valve","13":"first","14":"instock","15":"shipping-taxable","16":"product-type-simple"},"jetpack_sharing_enabled":true,"_links":{"self":[{"href":"https:\/\/oudianvalve.com\/fr\/wp-json\/wp\/v2\/product\/18194","targetHints":{"allow":["GET"]}}],"collection":[{"href":"https:\/\/oudianvalve.com\/fr\/wp-json\/wp\/v2\/product"}],"about":[{"href":"https:\/\/oudianvalve.com\/fr\/wp-json\/wp\/v2\/types\/product"}],"wp:featuredmedia":[{"embeddable":true,"href":"https:\/\/oudianvalve.com\/fr\/wp-json\/wp\/v2\/media\/18195"}],"wp:attachment":[{"href":"https:\/\/oudianvalve.com\/fr\/wp-json\/wp\/v2\/media?parent=18194"}],"wp:term":[{"taxonomy":"product_brand","embeddable":true,"href":"https:\/\/oudianvalve.com\/fr\/wp-json\/wp\/v2\/product_brand?post=18194"},{"taxonomy":"product_cat","embeddable":true,"href":"https:\/\/oudianvalve.com\/fr\/wp-json\/wp\/v2\/product_cat?post=18194"},{"taxonomy":"product_tag","embeddable":true,"href":"https:\/\/oudianvalve.com\/fr\/wp-json\/wp\/v2\/product_tag?post=18194"}],"curies":[{"name":"wp","href":"https:\/\/api.w.org\/{rel}","templated":true}]}}