{"id":18193,"date":"2023-07-05T02:57:48","date_gmt":"2023-07-05T02:57:48","guid":{"rendered":"https:\/\/oudianvalve.com\/?post_type=product&#038;p=18193"},"modified":"2023-07-05T02:57:49","modified_gmt":"2023-07-05T02:57:49","slug":"wafer-segment-ball-valve-a351-cf8-pn16-dn150","status":"publish","type":"product","link":"https:\/\/oudianvalve.com\/fr\/products\/ball-valves\/wafer-segment-ball-valve-a351-cf8-pn16-dn150\/","title":{"rendered":"Robinet \u00e0 tournant sph\u00e9rique \u00e0 segment de plaquette, A351 CF8, PN16, DN150"},"content":{"rendered":"<p>Le robinet \u00e0 tournant sph\u00e9rique \u00e0 segment de plaquette est principalement con\u00e7u pour le contr\u00f4le du d\u00e9bit et peut \u00e9galement \u00eatre utilis\u00e9 pour un fonctionnement d&#039;arr\u00eat. L&#039;orifice crant\u00e9 sur la bille segment\u00e9e contribue \u00e0 une forte contrainte de cisaillement pour couper les supports contenant des fibres et des particules. Par cons\u00e9quent, cette vanne \u00e0 segment \u00e0 port en V est une bonne vanne de r\u00e9gulation g\u00e9n\u00e9rale pour la plupart des applications de traitement des p\u00e2tes et papiers, ou un d\u00e9bit similaire contient des fibres et des particules.<\/p>\n<p>Indices de pression-temp\u00e9rature\u00a0: ASME B16.34<br \/>\nGamme de tailles : DN 25 ~ 250 mm NPS 1&quot;-10&quot; (plaquette)<br \/>\nPlage de pression\u00a0: PN 10\/16\/25\/40\/63 ANSI 150\/300\/600<br \/>\nConnexions d&#039;extr\u00e9mit\u00e9\u00a0: norme d&#039;usine (plaquette)<br \/>\nType de boule : boule solide forg\u00e9e, boule creuse, boule flottante.<br \/>\nInspection et tests\u00a0: DIN3230, API598<br \/>\n\u00c9tanch\u00e9it\u00e9 du joint\u00a0: Si\u00e8ge m\u00e9tallique Classe IV Si\u00e8ge r\u00e9silient Classe VI<br \/>\nMat\u00e9riaux du corps\u00a0: WCB, CF8, CF8M CF3M, 4A,5A,6A, C95800.<br \/>\nMat\u00e9riaux du si\u00e8ge\u00a0: acier inoxydable + STL, PCTFE, PEEK (bride), acier inoxydable + STL (plaquette)<br \/>\nTemp. Gamme\uff1a Si\u00e8ge m\u00e9tallique -29\u2026+450\u2103 Si\u00e8ge r\u00e9silient -29\u2026+150\u2103<br \/>\nFonctionnement, manuel, \u00e0 vis sans fin, pneumatique, \u00e9lectrique.<\/p>\n<p>Corps<br \/>\n\u2022 Le corps monobloc emp\u00eache les fuites caus\u00e9es par des brides s\u00e9par\u00e9es ou des bagues de verrouillage.<br \/>\nBoule de segment V-Port\u00a0:<br \/>\n\u2022 La bille \u00e0 encoche en V sp\u00e9cialement con\u00e7ue fournit une forte contrainte de coupe et une \u00e9tanch\u00e9it\u00e9 \u00e9tanche.<br \/>\nLa surface de la bille crant\u00e9e bien rectifi\u00e9e assure un faible couple de fonctionnement et une \u00e9tanch\u00e9it\u00e9 parfaite,<br \/>\nsp\u00e9cialement pour les vannes \u00e0 segment \u00e0 si\u00e8ge m\u00e9tallique.<br \/>\nSi\u00e8ge<br \/>\n\u2022 La conception sp\u00e9ciale du si\u00e8ge \u00e9limine la cavit\u00e9 entre le si\u00e8ge et le corps de la vanne. Ce,<br \/>\npar cons\u00e9quent, emp\u00eache les m\u00e9dias de se coincer entre le si\u00e8ge et le corps, garantit une fiabilit\u00e9<br \/>\nscellage.<br \/>\nSurface du joint<br \/>\n\u2022 Le placage en nitruration\/carbure de tungst\u00e8ne\/alliage satellite\/alliage \u00e0 base de nickel est disponible pour<br \/>\nm\u00e9dias abrasifs.<br \/>\nTige<br \/>\n\u2022 La tige est finement rectifi\u00e9e pour s&#039;adapter parfaitement \u00e0 l&#039;actionneur, ce qui emp\u00eache tout mouvement de bascule<br \/>\net une d\u00e9faillance potentielle de la vanne segment\u00e9e \u00e0 port en V.<br \/>\n\u2022 Des cannelures ou des clavettes \u00e0 ajustement serr\u00e9 sont disponibles pour la connexion \u00e0 bille de la tige et du segment afin de fournir<br \/>\ntransmission fiable sans perte de mouvement ni bande morte.<\/p>\n<p>Application:<br \/>\nP\u00e2tes et papiers\/Traitement des eaux us\u00e9es\/Aliments et boissons\/Usines chimiques\/Centrales \u00e9lectriques\/Industrie sid\u00e9rurgique\/Etc.<\/p>","protected":false},"excerpt":{"rendered":"<p>Les robinets \u00e0 tournant sph\u00e9rique \u00e0 segment de plaquette appartiennent aux robinets \u00e0 tournant sph\u00e9rique fixes et sont \u00e9galement des robinets \u00e0 tournant sph\u00e9rique scell\u00e9s \u00e0 si\u00e8ge unique. Leurs performances de r\u00e9gulation sont les meilleures parmi les vannes \u00e0 bille et leurs caract\u00e9ristiques de d\u00e9bit sont \u00e9gales en pourcentage, avec un rapport r\u00e9glable de 100\u00a0:\u00a01. Son encoche en forme de V a un effet de cisaillement entre le si\u00e8ge de vanne m\u00e9tallique, ce qui la rend particuli\u00e8rement adapt\u00e9e aux fluides contenant des fibres, de petites particules solides, des boues et d&#039;autres mat\u00e9riaux.<\/p>","protected":false},"featured_media":18198,"template":"","meta":{"advanced_seo_description":"","jetpack_seo_html_title":"","jetpack_seo_noindex":false},"product_brand":[],"product_cat":[83],"product_tag":[286,288,287,285],"class_list":{"0":"post-18193","1":"product","2":"type-product","3":"status-publish","4":"has-post-thumbnail","6":"product_cat-ball-valves","7":"product_tag-cf8-wafer-segment-ball-valve","8":"product_tag-dn150-wafer-segment-ball-valve","9":"product_tag-pn16-wafer-segment-ball-valve","10":"product_tag-wafer-segment-ball-valve","12":"first","13":"instock","14":"shipping-taxable","15":"product-type-simple"},"jetpack_sharing_enabled":true,"_links":{"self":[{"href":"https:\/\/oudianvalve.com\/fr\/wp-json\/wp\/v2\/product\/18193","targetHints":{"allow":["GET"]}}],"collection":[{"href":"https:\/\/oudianvalve.com\/fr\/wp-json\/wp\/v2\/product"}],"about":[{"href":"https:\/\/oudianvalve.com\/fr\/wp-json\/wp\/v2\/types\/product"}],"wp:featuredmedia":[{"embeddable":true,"href":"https:\/\/oudianvalve.com\/fr\/wp-json\/wp\/v2\/media\/18198"}],"wp:attachment":[{"href":"https:\/\/oudianvalve.com\/fr\/wp-json\/wp\/v2\/media?parent=18193"}],"wp:term":[{"taxonomy":"product_brand","embeddable":true,"href":"https:\/\/oudianvalve.com\/fr\/wp-json\/wp\/v2\/product_brand?post=18193"},{"taxonomy":"product_cat","embeddable":true,"href":"https:\/\/oudianvalve.com\/fr\/wp-json\/wp\/v2\/product_cat?post=18193"},{"taxonomy":"product_tag","embeddable":true,"href":"https:\/\/oudianvalve.com\/fr\/wp-json\/wp\/v2\/product_tag?post=18193"}],"curies":[{"name":"wp","href":"https:\/\/api.w.org\/{rel}","templated":true}]}}