{"id":18189,"date":"2023-07-03T08:18:53","date_gmt":"2023-07-03T08:18:53","guid":{"rendered":"https:\/\/oudianvalve.com\/?post_type=product&#038;p=18189"},"modified":"2023-07-03T08:19:23","modified_gmt":"2023-07-03T08:19:23","slug":"wafer-type-dual-plate-check-valve-150lb-cf8m-6-inch","status":"publish","type":"product","link":"https:\/\/oudianvalve.com\/fr\/products\/check-valves\/wafer-type-dual-plate-check-valve-150lb-cf8m-6-inch\/","title":{"rendered":"Clapet anti-retour \u00e0 double plaque de type plaquette, 150LB, CF8M, 6 pouces"},"content":{"rendered":"<p>Longueur structurelle courte, seulement 1\/4 ~ 1\/8 de celle du clapet anti-retour \u00e0 bride traditionnel\u00a0;<\/p>\n<p>Faible volume, poids l\u00e9ger, seulement 1\/4 ~ 1\/20 de ceux du clapet anti-retour \u00e0 bride traditionnel\u00a0;<\/p>\n<p>Fermeture rapide du disque de valve, faible pression de coup de b\u00e9lier\u00a0;<\/p>\n<p>Applicable et facilement install\u00e9 pour les pipelines verticaux ou horizontaux\u00a0;<\/p>\n<p>Passage d&#039;\u00e9coulement fluide et petite r\u00e9sistance aux fluides\u00a0;<\/p>\n<p>Action flexible et bonnes performances d\u2019\u00e9tanch\u00e9it\u00e9\u00a0;<\/p>\n<p>Course \u00e9troite de la valve et faible impact de fermeture\u00a0;<\/p>\n<p>Structure int\u00e9gr\u00e9e, simple et compacte, en belle forme\u00a0;<\/p>\n<p>Longue dur\u00e9e de vie et bonne fiabilit\u00e9.<\/p>\n<p>Sp\u00e9cification des param\u00e8tres principaux<\/p>\n<p>Conception et fabrication\u00a0: API594,API 6D<br \/>\nFace \u00e0 face et bout \u00e0 bout\u00a0:API594,API6D,DIN3202<br \/>\nIndice de pression-temp\u00e9rature\u00a0: ASME B16.34, DIN2410,<br \/>\nInspection et test\u00a0: API598<br \/>\nBride de tuyau : ASME B16.5, DIN2543~2548, GB\/T13402, API605, ASME B16.47.<\/p>\n<p>Gamme de produits<\/p>\n<p>Mat\u00e9riau du corps : acier au carbone, acier inoxydable, acier alli\u00e9, bronze<\/p>\n<p>Diam\u00e8tre nominal : 1,5\u2033~60\u2033 (DN40~DN1500)<\/p>\n<p>Connexion d&#039;extr\u00e9mit\u00e9\u00a0: RF, RTJ, BW<\/p>\n<p>Plage de pression\u00a0: Classe 150 ~ 2\u00a0500 (PN16 ~ PN420)<\/p>\n<p>Temp\u00e9rature de fonctionnement\u00a0:\u00a0-196 \u2103 ~ + 560 \u2103<\/p>\n<p>&nbsp;<\/p>\n<p>Les clapets anti-retour \u00e0 double plaque sont des extr\u00e9mit\u00e9s \u00e0 plaquettes, \u00e0 cosses ou \u00e0 brides, conformes \u00e0 API 6D ou API 594. Les clapets anti-retour \u00e0 double plaque sont des conceptions sans retenue pour \u00e9viter les chemins de fuite \u00e0 travers le corps de la vanne.<\/p>\n<p>Le clapet anti-retour \u00e0 double plaque utilise deux plaques \u00e0 ressort articul\u00e9es sur un axe de charni\u00e8re central. Le clapet anti-retour \u00e0 double plaque est une sorte de clapet anti-retour \u00e0 battant, avec des caract\u00e9ristiques beaucoup plus courtes et moins lourdes par rapport \u00e0 un clapet anti-retour \u00e0 battant conventionnel.<\/p>\n<p>Avantages :<\/p>\n<p>\u2013 Les clapets anti-retour \u00e0 double plaque effectuent le travail de presque tous les clapets anti-retour \u00e0 battant. Cependant, ses dimensions r\u00e9duites le rendent plus l\u00e9ger et donc plus rentable \u00e0 l\u2019achat, \u00e0 l\u2019installation et \u00e0 l\u2019entretien.<\/p>\n<p>\u2013 Le clapet anti-retour \u00e0 double plaque est un clapet anti-retour silencieux ; Gr\u00e2ce \u00e0 sa conception innovante, il ne se ferme pas brusquement lors de la fermeture.<\/p>\n<p>\u2013 Le clapet anti-retour \u00e0 double plaque pr\u00e9sente une caract\u00e9ristique importante dans la mesure o\u00f9 il ne s&#039;appuie pas sur la pression ou le d\u00e9bit pour centrer les plaques par rapport \u00e0 la surface d&#039;\u00e9tanch\u00e9it\u00e9 afin de r\u00e9aliser l&#039;\u00e9tanch\u00e9it\u00e9.<\/p>","protected":false},"excerpt":{"rendered":"<p>Le clapet anti-retour \u00e0 double plaque est une sorte de clapet anti-retour \u00e0 battant, avec des caract\u00e9ristiques beaucoup plus courtes et moins lourdes par rapport \u00e0 un clapet anti-retour \u00e0 battant conventionnel.<\/p>","protected":false},"featured_media":18190,"template":"","meta":{"advanced_seo_description":"","jetpack_seo_html_title":"","jetpack_seo_noindex":false},"product_brand":[],"product_cat":[82],"product_tag":[269,270,271,268],"class_list":{"0":"post-18189","1":"product","2":"type-product","3":"status-publish","4":"has-post-thumbnail","6":"product_cat-check-valves","7":"product_tag-150lb-wafer-type-dual-plate-check-valve","8":"product_tag-6-inch-dual-plate-check-valve","9":"product_tag-cf8m-dual-plate-check-valve","10":"product_tag-wafer-type-dual-plate-check-valve","12":"first","13":"instock","14":"shipping-taxable","15":"product-type-simple"},"jetpack_sharing_enabled":true,"_links":{"self":[{"href":"https:\/\/oudianvalve.com\/fr\/wp-json\/wp\/v2\/product\/18189","targetHints":{"allow":["GET"]}}],"collection":[{"href":"https:\/\/oudianvalve.com\/fr\/wp-json\/wp\/v2\/product"}],"about":[{"href":"https:\/\/oudianvalve.com\/fr\/wp-json\/wp\/v2\/types\/product"}],"wp:featuredmedia":[{"embeddable":true,"href":"https:\/\/oudianvalve.com\/fr\/wp-json\/wp\/v2\/media\/18190"}],"wp:attachment":[{"href":"https:\/\/oudianvalve.com\/fr\/wp-json\/wp\/v2\/media?parent=18189"}],"wp:term":[{"taxonomy":"product_brand","embeddable":true,"href":"https:\/\/oudianvalve.com\/fr\/wp-json\/wp\/v2\/product_brand?post=18189"},{"taxonomy":"product_cat","embeddable":true,"href":"https:\/\/oudianvalve.com\/fr\/wp-json\/wp\/v2\/product_cat?post=18189"},{"taxonomy":"product_tag","embeddable":true,"href":"https:\/\/oudianvalve.com\/fr\/wp-json\/wp\/v2\/product_tag?post=18189"}],"curies":[{"name":"wp","href":"https:\/\/api.w.org\/{rel}","templated":true}]}}