{"id":18182,"date":"2023-07-03T07:41:37","date_gmt":"2023-07-03T07:41:37","guid":{"rendered":"https:\/\/oudianvalve.com\/?post_type=product&#038;p=18182"},"modified":"2023-07-03T07:50:12","modified_gmt":"2023-07-03T07:50:12","slug":"axial-flow-check-valve-wcb-body-600lb-12-inch-flange-end","status":"publish","type":"product","link":"https:\/\/oudianvalve.com\/fr\/products\/check-valves\/axial-flow-check-valve-wcb-body-600lb-12-inch-flange-end\/","title":{"rendered":"Clapet anti-retour \u00e0 d\u00e9bit axial, corps WCB, 600 LB, 12 pouces, extr\u00e9mit\u00e9 de bride"},"content":{"rendered":"<p>Norme de conception\u00a0: API 6D<br \/>\nIndices de pression-temp\u00e9rature\u00a0: ASME B16.34<br \/>\nGamme de tailles : 2&quot; \u00e0 48&quot;<br \/>\nPlage de pression\u00a0: Classe 150 \u00e0 2\u00a0500<br \/>\nConnexions d&#039;extr\u00e9mit\u00e9\u00a0: RF \u00e0 bride, RTJ, soud\u00e9e bout \u00e0 bout<br \/>\nDimensions des extr\u00e9mit\u00e9s \u00e0 bride\u00a0: ASME B16.5 (\u226424\u00a0po), ASME B16.47 s\u00e9rie A ou B (&gt;24\u00a0po)<br \/>\nDimensions des extr\u00e9mit\u00e9s soud\u00e9es bout \u00e0 bout\u00a0: ASME B16.25 face \u00e0 face<br \/>\nDimensions face \u00e0 face\u00a0: ASME B16.10<br \/>\nInspection et tests\u00a0: API 598<br \/>\nMat\u00e9riaux du corps\u00a0: WCB, CF8, CF3, CF3M, CF8M, A995 4A, 5A, 6A, C95800, INCONEL 625, INCONEL 825, MONEL, WC6, WC9.<br \/>\nMat\u00e9riaux de garniture\u00a0: 1#, 5#,8#,10#,12#,16#<br \/>\nMat\u00e9riaux d&#039;emballage\u00a0: graphite, graphite avec fil d&#039;inconel<\/p>\n<p>Applications Coups de b\u00e9lier Les coups de b\u00e9lier sont le ph\u00e9nom\u00e8ne qui se produit lorsqu&#039;un liquide s&#039;arr\u00eate brusquement et g\u00e9n\u00e8re des ondes de choc \u00e0 l&#039;int\u00e9rieur de la canalisation. La haute pression qui en r\u00e9sulte peut causer des dommages importants aux canalisations, aux joints, aux jauges, aux supports de canalisations et \u00e0 d&#039;autres composants. Les clapets anti-retour \u00e0 d\u00e9bit axial Relia peuvent r\u00e9duire les effets des coups de b\u00e9lier. Pulsations de pression Les pulsations de pression sont caus\u00e9es par la r\u00e9duction intermittente de la pression due au mouvement alternatif d&#039;un compresseur alternatif. La fluctuation de pression provoque des ondes de choc puls\u00e9es dans le syst\u00e8me, ce qui augmente l&#039;usure des composants du syst\u00e8me. Cependant, les clapets anti-retour axiaux ne comportent aucune pi\u00e8ce oscillante et r\u00e9duisent donc l&#039;usure des composants du syst\u00e8me, contribuant ainsi \u00e0 une dur\u00e9e de vie plus longue par rapport aux autres types de clapets. Le but des clapets anti-retour \u00e0 d\u00e9bit axial Relia est d&#039;\u00e9vacuer l&#039;air et le gaz d&#039;un compresseur alternatif. Options d&#039;installation : horizontale ou verticale Un probl\u00e8me courant rencontr\u00e9 lors de l&#039;utilisation d&#039;une pompe est l&#039;espace limit\u00e9 pour les vannes et les tuyaux. Les pompes sont extr\u00eamement bruyantes lorsqu\u2019elles fonctionnent. Par cons\u00e9quent, ils sont g\u00e9n\u00e9ralement plac\u00e9s dans des pi\u00e8ces sp\u00e9ciales. Cela laisse moins de place pour les vannes et la tuyauterie. Les vannes \u00e0 d\u00e9bit axial peuvent mieux g\u00e9rer les turbulences que les clapets anti-retour conventionnels. Cela en fait une excellente option lorsque l\u2019espace est limit\u00e9. De plus, des clapets anti-retour \u00e0 d\u00e9bit axial peuvent \u00eatre install\u00e9s sur les tuyaux verticaux et horizontaux.<\/p>\n<p>2\u3001 Caract\u00e9ristiques des clapets anti-retour \u00e0 d\u00e9bit axial\u00a0:<br \/>\n1. Le produit se compose d&#039;un corps de vanne, d&#039;un corps de guidage, d&#039;un disque de vanne \u00e0 d\u00e9placement axial et de composants \u00e0 ressort. Le produit peut emp\u00eacher efficacement le reflux des m\u00e9dias. Assurer la s\u00e9curit\u00e9 des pipelines.<br \/>\n2. Le corps de la vanne, le disque et le c\u00f4ne arri\u00e8re sont con\u00e7us comme des canaux profil\u00e9s, qui offrent de bonnes performances de fluide et minimisent la r\u00e9sistance \u00e0 l&#039;\u00e9coulement et la pression.<br \/>\n3. Utilisant un mat\u00e9riau de ressort haute performance HT\/INCONELX-750, il pr\u00e9sente une excellente r\u00e9sistance \u00e0 la corrosion, une r\u00e9sistance \u00e0 l&#039;oxydation et d&#039;excellentes propri\u00e9t\u00e9s m\u00e9caniques, garantissant que le ressort fonctionne dans un \u00e9tat de fonctionnement \u00e0 long terme.<br \/>\n4. Fonctionnement silencieux pour \u00e9liminer le bruit et les coups de b\u00e9lier dans les canalisations de vannes et garantir la s\u00e9curit\u00e9 des \u00e9quipements et des canalisations.<br \/>\n5. Les r\u00e9actions d&#039;ouverture et de fermeture sont rapides et le ressort de pr\u00e9-compression hautement fiable permet au disque de vanne de r\u00e9agir rapidement aux changements de pression du fluide.<br \/>\n6. structure compacte, facile \u00e0 installer, adapt\u00e9e \u00e0 une installation verticale et horizontale.<br \/>\n7. La vanne adopte un soudage par recouvrement en acier alli\u00e9 avec une surface d&#039;\u00e9tanch\u00e9it\u00e9, r\u00e9sistante \u00e0 l&#039;usure, \u00e0 la corrosion et ayant une longue dur\u00e9e de vie.<br \/>\n8. La plage de pression de la vanne est relativement large.<\/p>","protected":false},"excerpt":{"rendered":"<p>Le clapet anti-retour \u00e0 d\u00e9bit axial d\u00e9termine l&#039;ouverture et la fermeture du disque de la vanne par la diff\u00e9rence de pression entre les extr\u00e9mit\u00e9s d&#039;entr\u00e9e et de sortie de la vanne. Le clapet anti-retour \u00e0 d\u00e9bit axial peut emp\u00eacher efficacement le reflux du fluide et assurer la s\u00e9curit\u00e9 du pipeline.<\/p>","protected":false},"featured_media":18183,"template":"","meta":{"advanced_seo_description":"","jetpack_seo_html_title":"","jetpack_seo_noindex":false},"product_brand":[],"product_cat":[82],"product_tag":[265,266,263,267,264],"class_list":{"0":"post-18182","1":"product","2":"type-product","3":"status-publish","4":"has-post-thumbnail","6":"product_cat-check-valves","7":"product_tag-12-inch-axial-flow-check-valve","8":"product_tag-600lb-axial-flow-check-valve","9":"product_tag-axial-flow-check-valve","10":"product_tag-non-slam-axial-flow-check-valve","11":"product_tag-wcb-axial-flow-check-valve","13":"first","14":"instock","15":"shipping-taxable","16":"product-type-simple"},"jetpack_sharing_enabled":true,"_links":{"self":[{"href":"https:\/\/oudianvalve.com\/fr\/wp-json\/wp\/v2\/product\/18182","targetHints":{"allow":["GET"]}}],"collection":[{"href":"https:\/\/oudianvalve.com\/fr\/wp-json\/wp\/v2\/product"}],"about":[{"href":"https:\/\/oudianvalve.com\/fr\/wp-json\/wp\/v2\/types\/product"}],"wp:featuredmedia":[{"embeddable":true,"href":"https:\/\/oudianvalve.com\/fr\/wp-json\/wp\/v2\/media\/18183"}],"wp:attachment":[{"href":"https:\/\/oudianvalve.com\/fr\/wp-json\/wp\/v2\/media?parent=18182"}],"wp:term":[{"taxonomy":"product_brand","embeddable":true,"href":"https:\/\/oudianvalve.com\/fr\/wp-json\/wp\/v2\/product_brand?post=18182"},{"taxonomy":"product_cat","embeddable":true,"href":"https:\/\/oudianvalve.com\/fr\/wp-json\/wp\/v2\/product_cat?post=18182"},{"taxonomy":"product_tag","embeddable":true,"href":"https:\/\/oudianvalve.com\/fr\/wp-json\/wp\/v2\/product_tag?post=18182"}],"curies":[{"name":"wp","href":"https:\/\/api.w.org\/{rel}","templated":true}]}}