{"id":18180,"date":"2023-07-03T07:14:51","date_gmt":"2023-07-03T07:14:51","guid":{"rendered":"https:\/\/oudianvalve.com\/?post_type=product&#038;p=18180"},"modified":"2023-07-03T08:02:40","modified_gmt":"2023-07-03T08:02:40","slug":"tilting-disc-check-valve-300lb-wcb-12-inch-rf-end","status":"publish","type":"product","link":"https:\/\/oudianvalve.com\/fr\/products\/check-valves\/tilting-disc-check-valve-300lb-wcb-12-inch-rf-end\/","title":{"rendered":"Clapet anti-retour \u00e0 disque inclinable, 300 LB, WCB, 12 pouces, extr\u00e9mit\u00e9 RF"},"content":{"rendered":"<p>Norme de conception\u00a0: API 6D<br \/>\nIndices de pression-temp\u00e9rature\u00a0: ASME B16.34<br \/>\nGamme de tailles : 2&quot; \u00e0 48&quot;<br \/>\nPlage de pression\u00a0: Classe 150 \u00e0 2\u00a0500<br \/>\nConnexions d&#039;extr\u00e9mit\u00e9\u00a0: RF \u00e0 bride, RTJ, soud\u00e9e bout \u00e0 bout<br \/>\nDimensions des extr\u00e9mit\u00e9s \u00e0 bride\u00a0: ASME B16.5 (\u226424\u00a0po), ASME B16.47 s\u00e9rie A ou B (&gt;24\u00a0po)<br \/>\nDimensions des extr\u00e9mit\u00e9s soud\u00e9es bout \u00e0 bout\u00a0: ASME B16.25 face \u00e0 face<br \/>\nDimensions face \u00e0 face\u00a0: ASME B16.10<br \/>\nInspection et tests\u00a0: API 598<br \/>\nMat\u00e9riaux du corps\u00a0: WCB, CF8, CF3, CF3M, CF8M, A995 4A, 5A, 6A, C95800, INCONEL 625, INCONEL 825, MONEL, WC6, WC9.<br \/>\nMat\u00e9riaux de garniture\u00a0: 1#, 5#,8#,10#,12#,16#<br \/>\nMat\u00e9riaux d&#039;emballage\u00a0: graphite, graphite avec fil d&#039;inconel<\/p>\n<p>Les clapets anti-retour \u00e0 disque inclinable permettent une ouverture totale du d\u00e9bit en faisant pivoter ou incliner le disque dans le fluide d&#039;\u00e9coulement. La plage de course d&#039;ouverture est bien inf\u00e9rieure \u00e0 celle des clapets anti-retour \u00e0 battant conventionnels, ce qui r\u00e9duit le temps d&#039;ouverture et de fermeture. Il est essentiel de contr\u00f4ler l\u2019inversion du d\u00e9bit et de r\u00e9duire les coups de b\u00e9lier. La conception du clapet anti-retour \u00e0 disque basculant offre la solution en permettant une fermeture rapide, m\u00eame en cas de faible perte de d\u00e9bit.<\/p>\n<p>Les clapets anti-retour \u00e0 disque basculant sont con\u00e7us pour s&#039;ouvrir et se fermer plus rapidement que les clapets anti-retour standard. Un fonctionnement rapide est requis chaque fois que des composants critiques doivent \u00eatre imm\u00e9diatement prot\u00e9g\u00e9s contre le reflux. Cependant, de nombreux autres types de clapets anti-retour ne peuvent se fermer que lorsque le d\u00e9bit en amont est compl\u00e8tement perdu.<\/p>\n<p>Dans les syst\u00e8mes o\u00f9 le reflux peut se produire rapidement, comme les syst\u00e8mes de pompe dans un syst\u00e8me \u00e0 haute pression, cela peut entra\u00eener des probl\u00e8mes majeurs. Dans des cas extr\u00eames, le coup de b\u00e9lier qui en r\u00e9sulte peut perturber des syst\u00e8mes entiers de tuyauterie et de pompe.<\/p>\n<p>\u2022 Stabilit\u00e9 du d\u00e9bit faible et puls\u00e9<\/p>\n<p>\u2022 Une baisse de pression mod\u00e9r\u00e9e<\/p>\n<p>\u2022 Etanch\u00e9it\u00e9 \u00e9tanche du si\u00e8ge m\u00e9tallique<\/p>\n<p>\u2022 Les contacts de si\u00e8ge se produisent seulement une fois que le disque est en place et ferm\u00e9.<\/p>\n<p>Application:<\/p>\n<p>\u00c9tant donn\u00e9 que le disque d&#039;un clapet anti-retour \u00e0 disque inclinable est mont\u00e9 \u00e0 un angle de 15 degr\u00e9s, il s&#039;ouvre \u00e0 une vitesse moyenne, commen\u00e7ant \u00e0 0,6 m\/s avec un temps de r\u00e9ponse court. Cela emp\u00eache le disque de \u00ab marteler \u00bb \u00e0 basse vitesse et pr\u00e9vient l&#039;usure de la tige, des ressorts et des roulements. Le joint autocentrant offre une excellente \u00e9tanch\u00e9it\u00e9 aux diff\u00e9rences de pression \u00e9lev\u00e9es et basses. De plus, les vannes peuvent \u00eatre \u00e9quip\u00e9es de ressorts suppl\u00e9mentaires pour augmenter la vitesse de r\u00e9ponse s&#039;il existe un risque \u00e9lev\u00e9 de reflux rapide.<\/p>\n<p>Le r\u00e9sultat est un clapet anti-retour stable avec un temps de r\u00e9ponse rapide qui n\u00e9cessite un minimum d&#039;entretien. Cela rend cette vanne adapt\u00e9e \u00e0 toute application n\u00e9cessitant une r\u00e9ponse rapide.<\/p>","protected":false},"excerpt":{"rendered":"<p>Un clapet anti-retour \u00e0 disque basculant offre une solution \u00e0 fermeture rapide. Les clapets anti-retour \u00e0 disque inclinable offrent une option \u00e0 corps divis\u00e9, \u00e0 joint sous pression ou \u00e0 plaquette avec une conception sans claquement.<\/p>\n<p>Les clapets anti-retour \u00e0 disque basculant sont con\u00e7us pour l&#039;eau potable et d&#039;autres liquides neutres, et sont g\u00e9n\u00e9ralement install\u00e9s dans les applications de pompage pour emp\u00eacher le reflux dans le syst\u00e8me. Le disque basculant ne n\u00e9cessite qu&#039;une tr\u00e8s faible pression pour s&#039;ouvrir.<\/p>\n<p>La caract\u00e9ristique de cette valve est \u00ab\u00a0non-claquant\u00a0\u00bb. Le disque, de par sa forme, est maintenu en position ouverte par l&#039;\u00e9coulement du fluide, et son retour en position ferm\u00e9e ne provoque pas de choc violent et soudain contre le si\u00e8ge. La conception peut \u00eatre conforme \u00e0 ASME B16.34 mais \u00e9galement \u00e0 EN 12516.<\/p>","protected":false},"featured_media":18181,"template":"","meta":{"advanced_seo_description":"","jetpack_seo_html_title":"","jetpack_seo_noindex":false},"product_brand":[],"product_cat":[82],"product_tag":[261,260,262,259],"class_list":{"0":"post-18180","1":"product","2":"type-product","3":"status-publish","4":"has-post-thumbnail","6":"product_cat-check-valves","7":"product_tag-12-inch-tilting-disc-check-valve","8":"product_tag-300lb-tilting-disc-check-valve","9":"product_tag-rf-end-tilting-disc-check-valve","10":"product_tag-tilting-disc-check-valve","12":"first","13":"instock","14":"shipping-taxable","15":"product-type-simple"},"jetpack_sharing_enabled":true,"_links":{"self":[{"href":"https:\/\/oudianvalve.com\/fr\/wp-json\/wp\/v2\/product\/18180","targetHints":{"allow":["GET"]}}],"collection":[{"href":"https:\/\/oudianvalve.com\/fr\/wp-json\/wp\/v2\/product"}],"about":[{"href":"https:\/\/oudianvalve.com\/fr\/wp-json\/wp\/v2\/types\/product"}],"wp:featuredmedia":[{"embeddable":true,"href":"https:\/\/oudianvalve.com\/fr\/wp-json\/wp\/v2\/media\/18181"}],"wp:attachment":[{"href":"https:\/\/oudianvalve.com\/fr\/wp-json\/wp\/v2\/media?parent=18180"}],"wp:term":[{"taxonomy":"product_brand","embeddable":true,"href":"https:\/\/oudianvalve.com\/fr\/wp-json\/wp\/v2\/product_brand?post=18180"},{"taxonomy":"product_cat","embeddable":true,"href":"https:\/\/oudianvalve.com\/fr\/wp-json\/wp\/v2\/product_cat?post=18180"},{"taxonomy":"product_tag","embeddable":true,"href":"https:\/\/oudianvalve.com\/fr\/wp-json\/wp\/v2\/product_tag?post=18180"}],"curies":[{"name":"wp","href":"https:\/\/api.w.org\/{rel}","templated":true}]}}