{"id":18178,"date":"2023-07-03T06:51:33","date_gmt":"2023-07-03T06:51:33","guid":{"rendered":"https:\/\/oudianvalve.com\/?post_type=product&#038;p=18178"},"modified":"2023-07-03T06:51:34","modified_gmt":"2023-07-03T06:51:34","slug":"ci-wafer-check-valve-pn16-316-trim-epdm-seat","status":"publish","type":"product","link":"https:\/\/oudianvalve.com\/fr\/products\/check-valves\/ci-wafer-check-valve-pn16-316-trim-epdm-seat\/","title":{"rendered":"Clapet anti-retour CI Wafer, garniture PN16,316, si\u00e8ge Epdm"},"content":{"rendered":"<p>Clapet anti-retour \u00e0 double plaque de type plaquette pour la marine<br \/>\nBrides selon ASME B\/16.4716.5, classe 125\u00a0\/ 150\u00a0; DIN 2501, PN10 \/ PN16<br \/>\nASME B16.1\/B16.2<br \/>\nTaille\u00a0: DN40-DN900\/ 1,5\u2033-36\u2033<br \/>\nMat\u00e9riaux:<br \/>\nCorps\u00a0: Fonte \/ Fonte ductile \/ Acier moul\u00e9 \/ Acier inoxydable \/ Bronze aluminium<br \/>\nDisque\u00a0: Fonte ductile \/ Acier inoxydable \/ Bronze aluminium<br \/>\nRessort\u00a0:\u00a0Acier inoxydable (SS304, SS316, Inconel)<br \/>\nTige : Acier inoxydable<br \/>\nSi\u00e8ge : EPDM \/ NBR \/ VITON \/ Acier inoxydable<br \/>\nPression de service : 1,5\u2033-12\u2033 16 bars\u00a0; 14\u2033-24\u2033 10 bars\/16BAR\u00a0; 28\u2033-36\u2033 maximum 10 bars<br \/>\nTest de pression selon les normes : API 598<\/p>\n<p>Les clapets anti-retour \u00e0 plaquettes sont des vannes de tuyauterie en ligne utilis\u00e9es pour contr\u00f4ler la direction du d\u00e9bit de fluide et r\u00e9duire ou emp\u00eacher compl\u00e8tement un \u00e9ventuel reflux dans les syst\u00e8mes de plomberie. Les clapets anti-retour \u00e0 plaquettes sont \u00e9galement connus sous le nom de clapets \u00e0 clapet, clapets de reflux, clapets anti-retour et clapets unidirectionnels.<\/p>","protected":false},"excerpt":{"rendered":"<p>Corps : fonte GG 25. Disques inox 316. Tige et ressort : AISI 316. Roulements : PTFE. Montage entre brides PN 10\/16 \u2013 ANSI 150 lbs. Assise : nitrile vulcanis\u00e9 dans la fente.<\/p>","protected":false},"featured_media":18179,"template":"","meta":{"advanced_seo_description":"","jetpack_seo_html_title":"","jetpack_seo_noindex":false},"product_brand":[],"product_cat":[82],"product_tag":[257,255,258,256],"class_list":{"0":"post-18178","1":"product","2":"type-product","3":"status-publish","4":"has-post-thumbnail","6":"product_cat-check-valves","7":"product_tag-316-trim-ci-wafer-check-valve","8":"product_tag-ci-wafer-check-valve","9":"product_tag-epdm-ci-wafer-check-valve","10":"product_tag-pn16-ci-wafer-check-valve","12":"first","13":"instock","14":"shipping-taxable","15":"product-type-simple"},"jetpack_sharing_enabled":true,"_links":{"self":[{"href":"https:\/\/oudianvalve.com\/fr\/wp-json\/wp\/v2\/product\/18178","targetHints":{"allow":["GET"]}}],"collection":[{"href":"https:\/\/oudianvalve.com\/fr\/wp-json\/wp\/v2\/product"}],"about":[{"href":"https:\/\/oudianvalve.com\/fr\/wp-json\/wp\/v2\/types\/product"}],"wp:featuredmedia":[{"embeddable":true,"href":"https:\/\/oudianvalve.com\/fr\/wp-json\/wp\/v2\/media\/18179"}],"wp:attachment":[{"href":"https:\/\/oudianvalve.com\/fr\/wp-json\/wp\/v2\/media?parent=18178"}],"wp:term":[{"taxonomy":"product_brand","embeddable":true,"href":"https:\/\/oudianvalve.com\/fr\/wp-json\/wp\/v2\/product_brand?post=18178"},{"taxonomy":"product_cat","embeddable":true,"href":"https:\/\/oudianvalve.com\/fr\/wp-json\/wp\/v2\/product_cat?post=18178"},{"taxonomy":"product_tag","embeddable":true,"href":"https:\/\/oudianvalve.com\/fr\/wp-json\/wp\/v2\/product_tag?post=18178"}],"curies":[{"name":"wp","href":"https:\/\/api.w.org\/{rel}","templated":true}]}}