{"id":18167,"date":"2023-06-30T04:28:52","date_gmt":"2023-06-30T04:28:52","guid":{"rendered":"https:\/\/oudianvalve.com\/?post_type=product&#038;p=18167"},"modified":"2023-06-30T04:36:12","modified_gmt":"2023-06-30T04:36:12","slug":"2pc-forged-steel-floating-ball-valvea105-316-trim-2-inch-600lb-rf-end","status":"publish","type":"product","link":"https:\/\/oudianvalve.com\/fr\/products\/ball-valves\/2pc-forged-steel-floating-ball-valvea105-316-trim-2-inch-600lb-rf-end\/","title":{"rendered":"Robinet \u00e0 tournant sph\u00e9rique flottant en acier forg\u00e9 2 pi\u00e8ces, garniture A105,316, 2 pouces, 600LB, extr\u00e9mit\u00e9 RF"},"content":{"rendered":"<p>Norme de conception\u00a0: API 6D\/API 608<br \/>\nS\u00e9curit\u00e9 incendie\u00a0: API 607\/6FA<br \/>\nTemp\u00e9ratures de pression nominales\u00a0: ASME B16.34<br \/>\nGamme de tailles : 2&quot; \u00e0 48&quot; \uff08DN50-DN1200\uff09<br \/>\nPort\u00a0: passage int\u00e9gral ou passage r\u00e9duit<br \/>\nPlage de pression\u00a0: 150LB \u00e0 2500LB<br \/>\nConnexions d&#039;extr\u00e9mit\u00e9\u00a0: RF \u00e0 bride, RTJ, soud\u00e9e bout \u00e0 bout<br \/>\nType de boule : boule solide forg\u00e9e<br \/>\nDimensions de l&#039;extr\u00e9mit\u00e9 \u00e0 bride\u00a0: ASME B16.5 (24&quot; et inf\u00e9rieur), ASME B16.47 s\u00e9rie A ou B (au-dessus de 24&quot;)<br \/>\nDimensions des extr\u00e9mit\u00e9s soud\u00e9es bout \u00e0 bout\u00a0: ASME B16.25<br \/>\nDimensions face \u00e0 face\u00a0: ASME B16.10<br \/>\nInspection et tests\u00a0: API 6D<br \/>\nMat\u00e9riaux du corps\u00a0: A105\/A105N, F304, F316, F316L, F51, F53, F55, C95800, UNS N08825, UNS N06625.<br \/>\nMat\u00e9riaux du si\u00e8ge\u00a0: PTFE, RPTFE, DEVLON, NYLON, PEEK, m\u00e9tal avec TCC\/STL\/Ni.<\/p>\n<p>Caract\u00e9ristiques du produit:<\/p>\n<p>1. La r\u00e9sistance au d\u00e9bit est faible\u00a0;<br \/>\n2. Si\u00e8ge de piston, conception de structure antistatique de protection contre l&#039;incendie \uff1b<br \/>\n3. Aucune limitation sur la direction d&#039;\u00e9coulement du milieu ;<br \/>\n4. Lorsque la vanne est en position compl\u00e8tement ouverte, les surfaces du si\u00e8ge sont \u00e0 l&#039;ext\u00e9rieur du flux d&#039;\u00e9coulement qui est toujours en plein contact avec la porte, ce qui peut prot\u00e9ger les surfaces du si\u00e8ge et convient au raclage des pipelines\u00a0;<br \/>\n5. L&#039;emballage \u00e0 ressort peut \u00eatre choisi\u00a0;<br \/>\n6. L&#039;emballage \u00e0 faible \u00e9mission peut \u00eatre choisi conform\u00e9ment aux exigences de la norme ISO 15848\u00a0;<br \/>\n7. La conception \u00e9tendue de la tige peut \u00eatre choisie\u00a0;<br \/>\n8. La conception du si\u00e8ge m\u00e9tal sur m\u00e9tal peut \u00eatre choisie\u00a0;<br \/>\n9. La conception DBB, DIB-1, DIB-2 peut \u00eatre choisie\u00a0;<br \/>\n10.La boule est fix\u00e9e avec une plaque de support et un arbre fixe\u00a0;<\/p>\n<p>Avantage:<\/p>\n<p>Mat\u00e9riau du corps forg\u00e9, performances beaucoup plus stables que le corps coul\u00e9 qui peut pr\u00e9senter des d\u00e9fauts inter, puisque le corps est fabriqu\u00e9 \u00e0 partir de mat\u00e9riau forg\u00e9, aucune r\u00e9paration et la surface semble bonne. Seule une balle solide est utilis\u00e9e pour garantir une excellente performance. Par rapport aux vannes \u00e0 bille flottante, la bille est fix\u00e9e \u00e0 la fois par la tige et le tourillon inf\u00e9rieur, ce qui lui conf\u00e8re une valeur de couple inf\u00e9rieure. Lorsque la pression dans la cavit\u00e9 est \u00e9lev\u00e9e, elle poussera le si\u00e8ge \u00e0 ressort et le rendra auto-lib\u00e9rant. Nos vannes \u00e0 bille mont\u00e9es sur tourillon sont strictement con\u00e7ues et produites selon API6D et la norme associ\u00e9e, 100% test\u00e9es selon API6D. La peinture peut \u00eatre personnalis\u00e9e selon les demandes des clients, telles que JOTUN, HEMPEL. Le TPI est accept\u00e9 soit pour l\u2019inspection de processus, soit pour l\u2019inspection dimensionnelle et les tests finaux.<\/p>\n<p>Principe du robinet \u00e0 tournant sph\u00e9rique flottant en acier forg\u00e9 : Ce type de robinet \u00e0 tournant sph\u00e9rique comporte une boule flottante soutenue par deux si\u00e8ges de robinet. Sous l&#039;effet de la moyenne pression, un certain d\u00e9placement peut \u00eatre g\u00e9n\u00e9r\u00e9 par la bille elle-m\u00eame pour venir s&#039;appuyer sur le joint d&#039;\u00e9tanch\u00e9it\u00e9 du si\u00e8ge en sortie, garantissant l&#039;\u00e9tanch\u00e9it\u00e9 en sortie.<\/p>","protected":false},"excerpt":{"rendered":"<h3><\/h3>\n<div>\n<p>\u00a0 \u00a0 \u00a0 \u00a0 Br\u00e8ve description:<\/p>\n<ul>\n<li>Double blocage et purge (DBB)<\/li>\n<li>Corps renvers\u00e9 ou entr\u00e9e lat\u00e9rale, corps 2 ou 3 pi\u00e8ces<\/li>\n<li>Capot boulonn\u00e9<\/li>\n<li>Ressort antistatique<\/li>\n<li>Tige anti-\u00e9ruption<\/li>\n<li>S\u00e9curit\u00e9 incendie<\/li>\n<li>Soulagement de la carie<\/li>\n<\/ul>\n<\/div>","protected":false},"featured_media":18168,"template":"","meta":{"advanced_seo_description":"","jetpack_seo_html_title":"","jetpack_seo_noindex":false},"product_brand":[],"product_cat":[83],"product_tag":[252,250,253,251,254],"class_list":{"0":"post-18167","1":"product","2":"type-product","3":"status-publish","4":"has-post-thumbnail","6":"product_cat-ball-valves","7":"product_tag-2-inch-forged-steel-floating-ball-valve","8":"product_tag-2pc-forged-steel-floating-ball-valve","9":"product_tag-600lb-forged-steel-floating-ball-valve","10":"product_tag-a105-forged-steel-floating-ball-valve","11":"product_tag-rf-end-forged-steel-floating-ball-valve","13":"first","14":"instock","15":"shipping-taxable","16":"product-type-simple"},"jetpack_sharing_enabled":true,"_links":{"self":[{"href":"https:\/\/oudianvalve.com\/fr\/wp-json\/wp\/v2\/product\/18167","targetHints":{"allow":["GET"]}}],"collection":[{"href":"https:\/\/oudianvalve.com\/fr\/wp-json\/wp\/v2\/product"}],"about":[{"href":"https:\/\/oudianvalve.com\/fr\/wp-json\/wp\/v2\/types\/product"}],"wp:featuredmedia":[{"embeddable":true,"href":"https:\/\/oudianvalve.com\/fr\/wp-json\/wp\/v2\/media\/18168"}],"wp:attachment":[{"href":"https:\/\/oudianvalve.com\/fr\/wp-json\/wp\/v2\/media?parent=18167"}],"wp:term":[{"taxonomy":"product_brand","embeddable":true,"href":"https:\/\/oudianvalve.com\/fr\/wp-json\/wp\/v2\/product_brand?post=18167"},{"taxonomy":"product_cat","embeddable":true,"href":"https:\/\/oudianvalve.com\/fr\/wp-json\/wp\/v2\/product_cat?post=18167"},{"taxonomy":"product_tag","embeddable":true,"href":"https:\/\/oudianvalve.com\/fr\/wp-json\/wp\/v2\/product_tag?post=18167"}],"curies":[{"name":"wp","href":"https:\/\/api.w.org\/{rel}","templated":true}]}}