{"id":18165,"date":"2023-06-30T03:26:42","date_gmt":"2023-06-30T03:26:42","guid":{"rendered":"https:\/\/oudianvalve.com\/?post_type=product&#038;p=18165"},"modified":"2023-06-30T03:26:43","modified_gmt":"2023-06-30T03:26:43","slug":"din-wafer-ball-valve-pn16-dn80-cf8m-rf-end","status":"publish","type":"product","link":"https:\/\/oudianvalve.com\/fr\/products\/ball-valves\/din-wafer-ball-valve-pn16-dn80-cf8m-rf-end\/","title":{"rendered":"Robinet \u00e0 boisseau sph\u00e9rique DIN, PN16, DN80, CF8M, extr\u00e9mit\u00e9 RF"},"content":{"rendered":"<p>Norme de conception et de fabrication\u00a0: API 6D, API 608, BS 5351\/DIN3357\/JIS B2071<\/p>\n<p>Norme de pression et de temp\u00e9rature\u00a0: ASME B16.34\/DIN3230<\/p>\n<p>Norme de dimension face \u00e0 face\u00a0: ASME B16.10\/DIN3202\/JIS B2002<\/p>\n<p>Norme de bride\u00a0: ASME B16.5, ASME B16.47\/DIN2543-2545-2501\/JIS B2220<\/p>\n<p>Norme de test et d&#039;inspection\u00a0: API 598, API 6D\/DIN2401\/JIS B2003.<\/p>\n<p>Taille : 1\/2&quot;-8&quot; (DN15~DN200)<\/p>\n<p>Pression nominale : 150LB-300LB\/PN16~PN40\/10K~20K)<\/p>\n<p>Mat\u00e9riau\u00a0: WCB\uff64LCB\uff64WCC\uff64CF8\uff64CF8M\uff64CF3\uff64C3M\uff64A890 4A\uff64A105\uff64LF2\uff64F304\uff64F316\uff64F304L\uff64F316L et<\/p>\n<p>Temp\u00e9rature appropri\u00e9e : -196 \u00b0C ~ 450 \u00b0C (diff\u00e9rentes temp\u00e9ratures choisissent diff\u00e9rents mat\u00e9riaux).<\/p>\n<p>Milieu appropri\u00e9\u00a0: eau, vapeur, p\u00e9trole et gaz naturel, etc.<\/p>\n<h4>Caract\u00e9ristiques du produit<\/h4>\n<p>1. Le produit est l\u00e9ger;<br \/>\n2. La r\u00e9sistance au d\u00e9bit est faible\u00a0;<br \/>\n3. Si\u00e8ge de valve \u00e0 l\u00e8vre, facile \u00e0 ouvrir et \u00e0 fermer \uff1b<br \/>\n4. Aucune limitation sur la direction du flux \uff1b<br \/>\n5. Conception ignifuge et antistatique, tige anti-\u00e9ruption\u00a0;<br \/>\n6. L&#039;emballage \u00e0 ressort peut \u00eatre choisi\u00a0;<br \/>\n7. Un emballage \u00e0 faibles \u00e9missions peut \u00eatre choisi conform\u00e9ment aux exigences de la norme ISO 15848\u00a0;<br \/>\n8. La conception \u00e9tendue de la tige peut \u00eatre choisie<br \/>\n9. Un si\u00e8ge souple et un si\u00e8ge m\u00e9tal sur m\u00e9tal peuvent \u00eatre choisis\u00a0;<br \/>\n10. La conception gain\u00e9e peut \u00eatre choisie.\uff1b<\/p>\n<p>Industrie des applications de produits<\/p>\n<p>Le produit convient aux industries telles que le p\u00e9trole, la chimie, le gaz naturel, la biochimie, la pharmacie, la protection de l&#039;environnement et les nouvelles \u00e9nergies.<\/p>","protected":false},"excerpt":{"rendered":"<p>Caract\u00e9ristiques<\/p>\n<p>\uff0eCasting d&#039;investissement<\/p>\n<p>\uff0ePoign\u00e9e du dispositif de verrouillage<\/p>\n<p>\uff0eDispositif antistatique<\/p>\n<p>\uff0eTige anti-\u00e9clatement<\/p>\n<p>\uff0eAccessoires d&#039;automatisation<\/p>\n<p>\uff0eSupport de montage direct ISO5211<\/p>\n<p>\uff0eConception de chargement en direct<\/p>","protected":false},"featured_media":18166,"template":"","meta":{"advanced_seo_description":"","jetpack_seo_html_title":"","jetpack_seo_noindex":false},"product_brand":[],"product_cat":[83],"product_tag":[248,245,247,246,249],"class_list":{"0":"post-18165","1":"product","2":"type-product","3":"status-publish","4":"has-post-thumbnail","6":"product_cat-ball-valves","7":"product_tag-cf8m-din-wafer-ball-valve","8":"product_tag-din-wafer-ball-valve","9":"product_tag-dn80-din-wafer-ball-valve","10":"product_tag-pn16-din-wafer-ball-valve","11":"product_tag-rf-end-din-wafer-ball-valve","13":"first","14":"instock","15":"shipping-taxable","16":"product-type-simple"},"jetpack_sharing_enabled":true,"_links":{"self":[{"href":"https:\/\/oudianvalve.com\/fr\/wp-json\/wp\/v2\/product\/18165","targetHints":{"allow":["GET"]}}],"collection":[{"href":"https:\/\/oudianvalve.com\/fr\/wp-json\/wp\/v2\/product"}],"about":[{"href":"https:\/\/oudianvalve.com\/fr\/wp-json\/wp\/v2\/types\/product"}],"wp:featuredmedia":[{"embeddable":true,"href":"https:\/\/oudianvalve.com\/fr\/wp-json\/wp\/v2\/media\/18166"}],"wp:attachment":[{"href":"https:\/\/oudianvalve.com\/fr\/wp-json\/wp\/v2\/media?parent=18165"}],"wp:term":[{"taxonomy":"product_brand","embeddable":true,"href":"https:\/\/oudianvalve.com\/fr\/wp-json\/wp\/v2\/product_brand?post=18165"},{"taxonomy":"product_cat","embeddable":true,"href":"https:\/\/oudianvalve.com\/fr\/wp-json\/wp\/v2\/product_cat?post=18165"},{"taxonomy":"product_tag","embeddable":true,"href":"https:\/\/oudianvalve.com\/fr\/wp-json\/wp\/v2\/product_tag?post=18165"}],"curies":[{"name":"wp","href":"https:\/\/api.w.org\/{rel}","templated":true}]}}