{"id":18163,"date":"2023-06-30T03:14:35","date_gmt":"2023-06-30T03:14:35","guid":{"rendered":"https:\/\/oudianvalve.com\/?post_type=product&#038;p=18163"},"modified":"2025-06-14T05:54:21","modified_gmt":"2025-06-14T05:54:21","slug":"duplex-2507-ball-valve-600lb-3-inch-flange-end","status":"publish","type":"product","link":"https:\/\/oudianvalve.com\/fr\/products\/ball-valves\/duplex-2507-ball-valve-600lb-3-inch-flange-end\/","title":{"rendered":"Robinet \u00e0 boisseau sph\u00e9rique Duplex 2507, 600 lb, 3 pouces, extr\u00e9mit\u00e9 \u00e0 bride"},"content":{"rendered":"<p>Norme de conception et de fabrication\u00a0: API 6D, API 608, BS 5351\/DIN3357\/JIS B2071<\/p>\n<p>Norme de pression et de temp\u00e9rature\u00a0: ASME B16.34\/DIN3230<\/p>\n<p>Norme de dimension face \u00e0 face\u00a0: ASME B16.10\/DIN3202\/JIS B2002<\/p>\n<p>Norme de bride\u00a0: ASME B16.5, ASME B16.47\/DIN2543-2545-2501\/JIS B2220<\/p>\n<p>Norme de test et d&#039;inspection\u00a0: API 598, API 6D\/DIN2401\/JIS B2003.<\/p>\n<p>Taille : 1\/2&quot;-10&quot; (DN15~DN250)<\/p>\n<p>Pression nominale : 150LB-600LB\/PN16~PN100\/10K~60K)<\/p>\n<p>Mat\u00e9riau\u00a0: Duplex S31803, Super Duplex S32750, Super Duplex S327601A, 2A, 3A, 4A, 5A, 6A, 1B, 1C, CD4MCu, CD4MCuN, CD3MCuN, CE8MN, CD6MN, CD3MN, CE3MN, CD3MWCuNF51, F53, F55, F60.<\/p>\n<p>Temp\u00e9rature appropri\u00e9e : -196 \u00b0C ~ 450 \u00b0C (diff\u00e9rentes temp\u00e9ratures choisissent diff\u00e9rents mat\u00e9riaux).<\/p>\n<p>Milieu appropri\u00e9\u00a0: eau, vapeur, p\u00e9trole et gaz naturel, etc.<\/p>\n<h4>Caract\u00e9ristiques du produit<\/h4>\n<p>1. Le produit est l\u00e9ger;<br \/>\n2. La r\u00e9sistance au d\u00e9bit est faible\u00a0;<br \/>\n3. Si\u00e8ge de valve \u00e0 l\u00e8vre, facile \u00e0 ouvrir et \u00e0 fermer \uff1b<br \/>\n4. Aucune limitation sur la direction du flux \uff1b<br \/>\n5. Conception ignifuge et antistatique, tige anti-\u00e9ruption\u00a0;<br \/>\n6. L&#039;emballage \u00e0 ressort peut \u00eatre choisi\u00a0;<br \/>\n7. Un emballage \u00e0 faibles \u00e9missions peut \u00eatre choisi conform\u00e9ment aux exigences de la norme ISO 15848\u00a0;<br \/>\n8. La conception \u00e9tendue de la tige peut \u00eatre choisie<br \/>\n9. Un si\u00e8ge souple et un si\u00e8ge m\u00e9tal sur m\u00e9tal peuvent \u00eatre choisis\u00a0;<br \/>\n10. La conception gain\u00e9e peut \u00eatre choisie.\uff1b<\/p>\n<p>Fournisseur de robinets \u00e0 boisseau sph\u00e9rique Duplex 2507, usine de robinets \u00e0 boisseau sph\u00e9rique 600 lb 2507, robinets \u00e0 boisseau sph\u00e9rique 3 pouces 2507, robinets \u00e0 boisseau sph\u00e9rique 2507 \u00e0 bride<\/p>","protected":false},"excerpt":{"rendered":"<p>Bille flottante, passage int\u00e9gral ou passage r\u00e9duit.<br \/>\nSupport de montage ISO5211 en option.<br \/>\nConception de tige anti-\u00e9ruption.<br \/>\nJoint de si\u00e8ge en PTFE\/RPTFE (le mat\u00e9riau du joint de si\u00e8ge peut \u00eatre d\u00e9cid\u00e9 \u00e0 la demande du client ou en fonction de l&#039;\u00e9tat du fluide et de la temp\u00e9rature de la vanne).<br \/>\nConception antistatique et API 607 Fire Safe<br \/>\nConception disponible Fonctionnement\u00a0: Volant, roue \u00e0 vis sans fin, actionneur pneumatique et actionneur \u00e9lectrique<\/p>","protected":false},"featured_media":18164,"template":"","meta":{"advanced_seo_description":"","jetpack_seo_html_title":"","jetpack_seo_noindex":false},"product_brand":[],"product_cat":[83],"product_tag":[437,436,435,181],"class_list":{"0":"post-18163","1":"product","2":"type-product","3":"status-publish","4":"has-post-thumbnail","6":"product_cat-ball-valves","7":"product_tag-3-inch-2507-ball-valve","8":"product_tag-600lb-2507-ball-valve-factory","9":"product_tag-duplex-2507-ball-valve-supplier","10":"product_tag-flange-end-2507-ball-valve","12":"first","13":"instock","14":"shipping-taxable","15":"product-type-simple"},"jetpack_sharing_enabled":true,"_links":{"self":[{"href":"https:\/\/oudianvalve.com\/fr\/wp-json\/wp\/v2\/product\/18163","targetHints":{"allow":["GET"]}}],"collection":[{"href":"https:\/\/oudianvalve.com\/fr\/wp-json\/wp\/v2\/product"}],"about":[{"href":"https:\/\/oudianvalve.com\/fr\/wp-json\/wp\/v2\/types\/product"}],"wp:featuredmedia":[{"embeddable":true,"href":"https:\/\/oudianvalve.com\/fr\/wp-json\/wp\/v2\/media\/18164"}],"wp:attachment":[{"href":"https:\/\/oudianvalve.com\/fr\/wp-json\/wp\/v2\/media?parent=18163"}],"wp:term":[{"taxonomy":"product_brand","embeddable":true,"href":"https:\/\/oudianvalve.com\/fr\/wp-json\/wp\/v2\/product_brand?post=18163"},{"taxonomy":"product_cat","embeddable":true,"href":"https:\/\/oudianvalve.com\/fr\/wp-json\/wp\/v2\/product_cat?post=18163"},{"taxonomy":"product_tag","embeddable":true,"href":"https:\/\/oudianvalve.com\/fr\/wp-json\/wp\/v2\/product_tag?post=18163"}],"curies":[{"name":"wp","href":"https:\/\/api.w.org\/{rel}","templated":true}]}}