{"id":18161,"date":"2023-06-30T03:04:12","date_gmt":"2023-06-30T03:04:12","guid":{"rendered":"https:\/\/oudianvalve.com\/?post_type=product&#038;p=18161"},"modified":"2023-06-30T03:04:12","modified_gmt":"2023-06-30T03:04:12","slug":"2-pc-ball-vavle-flange-end-din-pn16-cf8-dn32","status":"publish","type":"product","link":"https:\/\/oudianvalve.com\/fr\/products\/ball-valves\/2-pc-ball-vavle-flange-end-din-pn16-cf8-dn32\/","title":{"rendered":"Extr\u00e9mit\u00e9 de bride de vanne \u00e0 bille 2 pi\u00e8ces, DIN PN16, CF8, DN32"},"content":{"rendered":"<p>Norme de conception\u00a0:\u00a0DIN3357, EN12516-1<br \/>\nS\u00e9curit\u00e9 incendie\u00a0: API 607\/6FA<br \/>\nIndices de pression-temp\u00e9rature\u00a0: ASME B16.34<br \/>\nGamme de tailles : 1\/2&quot; \u00e0 12&quot;<br \/>\nPlage de pression\u00a0: PN16\/40<br \/>\nConnexions d&#039;extr\u00e9mit\u00e9\u00a0:\u00a0DIN 2543-2545, EN1092-1<br \/>\nType de boule : boule solide forg\u00e9e, boule creuse, boule flottante.<br \/>\nInspection et tests\u00a0: DIN3230, EN12266-1<br \/>\nPOIDS\u00a0:\u00a0-20 \u2103 ~ 180 \u2103<br \/>\nMat\u00e9riaux du corps\u00a0: WCB, CF8, CF8M CF3M, 4A,5A,6A, C95800.<br \/>\nMat\u00e9riaux du si\u00e8ge\u00a0: PTFE, RPTFE, DEVLON, NYLON, PEEK, enti\u00e8rement m\u00e9tallique avec rev\u00eatement dur<\/p>\n<p>Industrie des applications de produits<\/p>\n<p>Le produit convient aux industries telles que le p\u00e9trole, la chimie, le gaz naturel, la biochimie, la pharmacie, la protection de l&#039;environnement et les nouvelles \u00e9nergies.<\/p>","protected":false},"excerpt":{"rendered":"<p>Caract\u00e9ristiques<\/p>\n<p>\uff0eCasting d&#039;investissement<\/p>\n<p>\uff0ePoign\u00e9e du dispositif de verrouillage<\/p>\n<p>\uff0eDispositif antistatique<\/p>\n<p>\uff0eTige anti-\u00e9clatement<\/p>\n<p>\uff0eAccessoires d&#039;automatisation<\/p>\n<p>\uff0eSupport de montage direct ISO5211<\/p>","protected":false},"featured_media":18162,"template":"","meta":{"advanced_seo_description":"","jetpack_seo_html_title":"","jetpack_seo_noindex":false},"product_brand":[],"product_cat":[83],"product_tag":[236,238,237,239],"class_list":{"0":"post-18161","1":"product","2":"type-product","3":"status-publish","4":"has-post-thumbnail","6":"product_cat-ball-valves","7":"product_tag-2-pc-ball-vavle-flange-end","8":"product_tag-cf8-2-pc-ball-vavle","9":"product_tag-din-pn16-2-pc-ball-vavle","10":"product_tag-dn32-2-pc-ball-vavle","12":"first","13":"instock","14":"shipping-taxable","15":"product-type-simple"},"jetpack_sharing_enabled":true,"_links":{"self":[{"href":"https:\/\/oudianvalve.com\/fr\/wp-json\/wp\/v2\/product\/18161","targetHints":{"allow":["GET"]}}],"collection":[{"href":"https:\/\/oudianvalve.com\/fr\/wp-json\/wp\/v2\/product"}],"about":[{"href":"https:\/\/oudianvalve.com\/fr\/wp-json\/wp\/v2\/types\/product"}],"wp:featuredmedia":[{"embeddable":true,"href":"https:\/\/oudianvalve.com\/fr\/wp-json\/wp\/v2\/media\/18162"}],"wp:attachment":[{"href":"https:\/\/oudianvalve.com\/fr\/wp-json\/wp\/v2\/media?parent=18161"}],"wp:term":[{"taxonomy":"product_brand","embeddable":true,"href":"https:\/\/oudianvalve.com\/fr\/wp-json\/wp\/v2\/product_brand?post=18161"},{"taxonomy":"product_cat","embeddable":true,"href":"https:\/\/oudianvalve.com\/fr\/wp-json\/wp\/v2\/product_cat?post=18161"},{"taxonomy":"product_tag","embeddable":true,"href":"https:\/\/oudianvalve.com\/fr\/wp-json\/wp\/v2\/product_tag?post=18161"}],"curies":[{"name":"wp","href":"https:\/\/api.w.org\/{rel}","templated":true}]}}