{"id":18159,"date":"2023-06-30T02:44:01","date_gmt":"2023-06-30T02:44:01","guid":{"rendered":"https:\/\/oudianvalve.com\/?post_type=product&#038;p=18159"},"modified":"2023-06-30T02:44:02","modified_gmt":"2023-06-30T02:44:02","slug":"300lb-trunnion-mounted-ball-valve6-inch-cf8-rf-end","status":"publish","type":"product","link":"https:\/\/oudianvalve.com\/fr\/products\/ball-valves\/300lb-trunnion-mounted-ball-valve6-inch-cf8-rf-end\/","title":{"rendered":"Robinet \u00e0 tournant sph\u00e9rique mont\u00e9 sur tourillon de 300 LB, 6 pouces, CF8, extr\u00e9mit\u00e9 RF"},"content":{"rendered":"<p>Norme de conception\u00a0: API 6D<br \/>\nS\u00e9curit\u00e9 incendie\u00a0: API 607\/6FA<br \/>\nIndices de pression-temp\u00e9rature\u00a0: ASME B16.34<br \/>\nGamme de tailles : 2&quot; \u00e0 48&quot;<br \/>\nPlage de pression\u00a0: Classe 150 \u00e0 2\u00a0500<br \/>\nConnexions d&#039;extr\u00e9mit\u00e9\u00a0: RF \u00e0 bride, RTJ, soud\u00e9e bout \u00e0 bout<br \/>\nType de boule\u00a0: Boule solide forg\u00e9e, mont\u00e9e sur tourillon<br \/>\nDimensions des extr\u00e9mit\u00e9s \u00e0 bride\u00a0: ASME B16.5 (\u226424\u00a0po), ASME B16.47 s\u00e9rie A ou B (&gt;24\u00a0po)<br \/>\nDimensions des extr\u00e9mit\u00e9s soud\u00e9es bout \u00e0 bout\u00a0: ASME B16.25 face \u00e0 face<br \/>\nDimensions face \u00e0 face\u00a0: ASME B16.10<br \/>\nInspection et tests\u00a0: API 6D<br \/>\nMat\u00e9riaux du corps\u00a0: WCB, CF8, CF8M CF3M, 4A,5A,6A, C95800.<br \/>\nMat\u00e9riaux du si\u00e8ge\u00a0: PTFE, RPTFE, DEVLON, NYLON, PEEK, enti\u00e8rement m\u00e9tallique avec rev\u00eatement dur.<\/p>\n<p>&nbsp;<\/p>\n<p>Caract\u00e9ristiques du produit<\/p>\n<p>La r\u00e9sistance au d\u00e9bit est faible\u00a0;<br \/>\n2. Si\u00e8ge de piston, conception de structure antistatique de protection contre l&#039;incendie \uff1b<br \/>\n3. Aucune limitation sur la direction d&#039;\u00e9coulement du milieu ;<br \/>\n4. Lorsque la vanne est en position compl\u00e8tement ouverte, les surfaces du si\u00e8ge sont \u00e0 l&#039;ext\u00e9rieur du flux d&#039;\u00e9coulement qui est toujours en plein contact avec la porte, ce qui peut prot\u00e9ger les surfaces du si\u00e8ge et convient au raclage des pipelines\u00a0;<br \/>\n5. L&#039;emballage \u00e0 ressort peut \u00eatre choisi\u00a0;<br \/>\n6. L&#039;emballage \u00e0 faible \u00e9mission peut \u00eatre choisi conform\u00e9ment aux exigences de la norme ISO 15848\u00a0;<br \/>\n7. La conception \u00e9tendue de la tige peut \u00eatre choisie\u00a0;<br \/>\n8. La conception du si\u00e8ge m\u00e9tal sur m\u00e9tal peut \u00eatre choisie\u00a0;<br \/>\n9. La conception DBB, DIB-1, DIB-2 peut \u00eatre choisie\u00a0;<br \/>\n10.La boule est fix\u00e9e avec une plaque de support et un arbre fixe\u00a0;<\/p>\n<p>Les vannes \u00e0 bille sont des vannes de type quart de tour, l&#039;\u00e9l\u00e9ment de colsure est une bille qui peut tourner \u00e0 90\u00b0. Lorsque la vanne est positionn\u00e9e l\u00e0 o\u00f9 l&#039;al\u00e9sage est align\u00e9 dans le m\u00eame sens que la canalisation, la vanne est ouverte, et en tournant la bille de 90\u00b0, puis la vanne se ferme. Il y a une tige et un tourillon pour fixer la bille, et la bille ne peut pas bouger comme un robinet \u00e0 tournant sph\u00e9rique flottant, appel\u00e9 robinet \u00e0 tournant sph\u00e9rique mont\u00e9 sur tourillon. Par rapport aux vannes multitours, les vannes \u00e0 bille ont un temps d&#039;ouverture et de fermeture plus court, une dur\u00e9e de vie plus longue et moins d&#039;espace pour l&#039;installation, et l&#039;\u00e9tat ouvert ou ferm\u00e9 de la vanne peut \u00eatre facilement d\u00e9tect\u00e9 par la position de la poign\u00e9e. Le robinet \u00e0 tournant sph\u00e9rique est largement utilis\u00e9 dans les industries p\u00e9troli\u00e8res et gazi\u00e8res, p\u00e9trochimiques et \u00e9lectriques, et g\u00e9n\u00e9ralement pour les applications marche-arr\u00eat, ne convient pas au contr\u00f4le de capacit\u00e9.<\/p>","protected":false},"excerpt":{"rendered":"<ul>\n<li>Double verrouillage et purge<\/li>\n<li>Corps renvers\u00e9 ou entr\u00e9e lat\u00e9rale, corps 2 ou 3 pi\u00e8ces<\/li>\n<li>Piston efficace simple ou piston efficace double (DIB-1, DIB-2)<\/li>\n<li>Capot boulonn\u00e9<\/li>\n<li>Dispositif antistatique<\/li>\n<li>Tige anti-\u00e9ruption<\/li>\n<li>S\u00e9curit\u00e9 incendie<\/li>\n<li>Revie de l&#039;auto-cavitation<\/li>\n<li>Injection de mastic<\/li>\n<\/ul>","protected":false},"featured_media":18160,"template":"","meta":{"advanced_seo_description":"","jetpack_seo_html_title":"","jetpack_seo_noindex":false},"product_brand":[],"product_cat":[83],"product_tag":[232,233,234,235],"class_list":{"0":"post-18159","1":"product","2":"type-product","3":"status-publish","4":"has-post-thumbnail","6":"product_cat-ball-valves","7":"product_tag-300lb-trunnion-mounted-ball-valve","8":"product_tag-6-inch-300lb-trunnion-mounted-ball-valve","9":"product_tag-cf8-300lb-trunnion-mounted-ball-valve","10":"product_tag-rf-end-300lb-trunnion-mounted-ball-valve","12":"first","13":"instock","14":"shipping-taxable","15":"product-type-simple"},"jetpack_sharing_enabled":true,"_links":{"self":[{"href":"https:\/\/oudianvalve.com\/fr\/wp-json\/wp\/v2\/product\/18159","targetHints":{"allow":["GET"]}}],"collection":[{"href":"https:\/\/oudianvalve.com\/fr\/wp-json\/wp\/v2\/product"}],"about":[{"href":"https:\/\/oudianvalve.com\/fr\/wp-json\/wp\/v2\/types\/product"}],"wp:featuredmedia":[{"embeddable":true,"href":"https:\/\/oudianvalve.com\/fr\/wp-json\/wp\/v2\/media\/18160"}],"wp:attachment":[{"href":"https:\/\/oudianvalve.com\/fr\/wp-json\/wp\/v2\/media?parent=18159"}],"wp:term":[{"taxonomy":"product_brand","embeddable":true,"href":"https:\/\/oudianvalve.com\/fr\/wp-json\/wp\/v2\/product_brand?post=18159"},{"taxonomy":"product_cat","embeddable":true,"href":"https:\/\/oudianvalve.com\/fr\/wp-json\/wp\/v2\/product_cat?post=18159"},{"taxonomy":"product_tag","embeddable":true,"href":"https:\/\/oudianvalve.com\/fr\/wp-json\/wp\/v2\/product_tag?post=18159"}],"curies":[{"name":"wp","href":"https:\/\/api.w.org\/{rel}","templated":true}]}}