{"id":18156,"date":"2023-06-21T07:01:40","date_gmt":"2023-06-21T07:01:40","guid":{"rendered":"https:\/\/oudianvalve.com\/?post_type=product&#038;p=18156"},"modified":"2023-06-21T07:01:41","modified_gmt":"2023-06-21T07:01:41","slug":"duplex-2205-y-filter-600lb-2-inch-rtj-end","status":"publish","type":"product","link":"https:\/\/oudianvalve.com\/fr\/products\/y-strainer\/duplex-2205-y-filter-600lb-2-inch-rtj-end\/","title":{"rendered":"Filtre Duplex 2205 Y, 600LB, 2 pouces, extr\u00e9mit\u00e9 RTJ"},"content":{"rendered":"<p>Normes de cr\u00e9pine de type Y<br \/>\nConception et fabrication\u00a0: ASME B16.34<br \/>\nGamme de tailles\u00a0: DN15 \u00e0 DN1200<br \/>\nPlage de pression\u00a0: PN 10 \u00e0 PN160<br \/>\nInspection et test\u00a0: API 598<br \/>\nDimension de la bride d&#039;extr\u00e9mit\u00e9\u00a0: ASME B16.5, ASME B16.47 A<br \/>\nDimension d&#039;extr\u00e9mit\u00e9 BW\u00a0: ASME B16.25<br \/>\nFace \u00e0 face et bout \u00e0 bout\u00a0: ASME B16.10<br \/>\nIndices de pression-temp\u00e9rature\u00a0: ASME B16.34<br \/>\nMat\u00e9riau\u00a0:\u00a0ASTM A351 CF8, ASTM A351 CF8M, ASTM A351 CF3M, ASTM A351 CF8C<br \/>\nCN3MN, CK3MCUN, CN7M, ASTM A890 4A(CD3MN), ASTM A890 5A(CE3MN)<\/p>\n<p>Les filtres de type Y sont g\u00e9n\u00e9ralement install\u00e9s \u00e0 l&#039;entr\u00e9e des r\u00e9ducteurs de pression, des soupapes de d\u00e9charge, des vannes \u00e0 niveau d&#039;eau constant ou d&#039;autres \u00e9quipements pour \u00e9liminer les impuret\u00e9s du fluide et prot\u00e9ger l&#039;utilisation normale des vannes et des \u00e9quipements.<br \/>\nLe filtre de type Y pr\u00e9sente les caract\u00e9ristiques d\u2019une structure avanc\u00e9e, d\u2019une faible r\u00e9sistance et d\u2019une d\u00e9charge pratique.<br \/>\nLe milieu appropri\u00e9 pour les filtres de type Y peut \u00eatre de l\u2019eau ou du gazole.<br \/>\nLe filtre 2205 produit par Oudian Valve a g\u00e9n\u00e9ralement un filet d&#039;eau de 18 \u00e0 30 mailles, un filet de ventilation de 10 \u00e0 100 mailles et un filet d&#039;huile de 100 \u00e0 480 mailles.<br \/>\nLe filtre de type 2205 Y doit \u00eatre compos\u00e9 d&#039;un corps de vanne, d&#039;un tamis filtrant, d&#039;un couvercle \u00e0 bride et de fixations. Une fois que le liquide entre dans le tamis filtrant \u00e0 travers le pipeline, les impuret\u00e9s solides et les particules sont bloqu\u00e9es \u00e0 l&#039;int\u00e9rieur du tamis filtrant, tandis que le liquide propre passe \u00e0 travers le tamis filtrant et est \u00e9vacu\u00e9 de la sortie du filtre.<\/p>\n<p>Caract\u00e9ristiques du filtre 2205 Y\u00a0:<br \/>\n1. Compar\u00e9 \u00e0 l&#039;acier inoxydable aust\u00e9nitique 316L et 317L, l&#039;alliage 2205 d&#039;acier inoxydable duplex pr\u00e9sente des performances sup\u00e9rieures en termes de r\u00e9sistance \u00e0 la corrosion ponctuelle et \u00e0 la corrosion par fissure. Il pr\u00e9sente une r\u00e9sistance \u00e9lev\u00e9e \u00e0 la corrosion, un coefficient de dilatation thermique plus faible et une conductivit\u00e9 thermique plus \u00e9lev\u00e9e que l&#039;aust\u00e9nite.<br \/>\n2. Compar\u00e9 \u00e0 l&#039;acier inoxydable aust\u00e9nitique, l&#039;alliage d&#039;acier inoxydable duplex 2205 a une r\u00e9sistance \u00e0 la compression deux fois sup\u00e9rieure. Par rapport aux mod\u00e8les 316L et 317L, les concepteurs peuvent r\u00e9duire son poids. Le robinet-vanne 22052205 est particuli\u00e8rement adapt\u00e9 \u00e0 la plage de temp\u00e9rature de -50 \u00b0F\/+600 \u00b0F et peut \u00e9galement \u00eatre utilis\u00e9 \u00e0 des temp\u00e9ratures plus basses sous des restrictions strictes (en particulier pour les structures soud\u00e9es). Composition chimique\u00a0: C0,030 Mns2,00 Si1,00 p0,030 S0,020 Cr 22,0~23,0 Ni 4,5-6,5 M3,0 3,5 N0,140,20 (type ferrite aust\u00e9nite)<\/p>","protected":false},"excerpt":{"rendered":"<p>Acier inoxydable duplex superbe de type Y de cr\u00e9pine en fonte 5A\/2205 brid\u00e9 \u00e0 Ansi CL600LB<\/p>\n<p>L&#039;alliage de filtre de type 2205 Y est un acier inoxydable duplex compos\u00e9 d&#039;alliages composites de chrome 21%, de zinc 2,5% et de nickel 4,5%. Il pr\u00e9sente une r\u00e9sistance \u00e9lev\u00e9e, une bonne t\u00e9nacit\u00e9 aux chocs et une bonne r\u00e9sistance globale et locale \u00e0 la corrosion sous contrainte.<\/p>\n<p>Le filtre 2205 Y est un dispositif de filtrage indispensable dans le syst\u00e8me de canalisations pour le transport de fluides,<\/p>","protected":false},"featured_media":18157,"template":"","meta":{"advanced_seo_description":"","jetpack_seo_html_title":"","jetpack_seo_noindex":false},"product_brand":[],"product_cat":[84],"product_tag":[226,225,224,227],"class_list":{"0":"post-18156","1":"product","2":"type-product","3":"status-publish","4":"has-post-thumbnail","6":"product_cat-y-strainer","7":"product_tag-2-inch-duplex-2205-y-filter","8":"product_tag-600lb-duplex-2205-y-filter","9":"product_tag-duplex-2205-y-filter","10":"product_tag-rtj-duplex-2205-y-filter","12":"first","13":"instock","14":"shipping-taxable","15":"product-type-simple"},"jetpack_sharing_enabled":true,"_links":{"self":[{"href":"https:\/\/oudianvalve.com\/fr\/wp-json\/wp\/v2\/product\/18156","targetHints":{"allow":["GET"]}}],"collection":[{"href":"https:\/\/oudianvalve.com\/fr\/wp-json\/wp\/v2\/product"}],"about":[{"href":"https:\/\/oudianvalve.com\/fr\/wp-json\/wp\/v2\/types\/product"}],"wp:featuredmedia":[{"embeddable":true,"href":"https:\/\/oudianvalve.com\/fr\/wp-json\/wp\/v2\/media\/18157"}],"wp:attachment":[{"href":"https:\/\/oudianvalve.com\/fr\/wp-json\/wp\/v2\/media?parent=18156"}],"wp:term":[{"taxonomy":"product_brand","embeddable":true,"href":"https:\/\/oudianvalve.com\/fr\/wp-json\/wp\/v2\/product_brand?post=18156"},{"taxonomy":"product_cat","embeddable":true,"href":"https:\/\/oudianvalve.com\/fr\/wp-json\/wp\/v2\/product_cat?post=18156"},{"taxonomy":"product_tag","embeddable":true,"href":"https:\/\/oudianvalve.com\/fr\/wp-json\/wp\/v2\/product_tag?post=18156"}],"curies":[{"name":"wp","href":"https:\/\/api.w.org\/{rel}","templated":true}]}}