{"id":18154,"date":"2023-06-21T06:33:59","date_gmt":"2023-06-21T06:33:59","guid":{"rendered":"https:\/\/oudianvalve.com\/?post_type=product&#038;p=18154"},"modified":"2025-06-14T07:50:55","modified_gmt":"2025-06-14T07:50:55","slug":"din3352-317l-gate-valve-pn16-dn125-rf-end","status":"publish","type":"product","link":"https:\/\/oudianvalve.com\/fr\/products\/gate-valves\/din3352-317l-gate-valve-pn16-dn125-rf-end\/","title":{"rendered":"Vanne \u00e0 vanne DIN3352 317L, PN16, DN125, extr\u00e9mit\u00e9 RF"},"content":{"rendered":"<p>Norme de conception et de fabrication\u00a0: DIN3352<\/p>\n<p>Norme de pression et de temp\u00e9rature\u00a0: ASME B16.34\/DIN3230<\/p>\n<p>Norme de dimension face \u00e0 face\u00a0: ASME B16.10\/DIN3202\/JIS B2002<\/p>\n<p>Norme de bride\u00a0: ASME B16.5, ASME B16.47\/DIN2543-2545-2501\/JIS B2220<\/p>\n<p>Norme de test et d&#039;inspection\u00a0: API 598, API 6D\/DIN2401\/JIS B2003.<\/p>\n<p>Taille : 1\/2&quot;-10&quot; (DN15~DN250)<\/p>\n<p>Pression nominale : 150LB-600LB\/PN16~PN100\/10K~60K)<br \/>\nApplications\u00a0: p\u00e9trole et gaz, traitement des eaux us\u00e9es, approvisionnement en eau, projet chimique<\/p>\n<p>Mat\u00e9riau principal du robinet \u00e0 tournant sph\u00e9rique en acier inoxydable 317L\u00a0:<br \/>\nCF8, CF3, CF8M, CF3M, CG8M, CG3M, CF8C, CK20304, 304, 316, 316L, 316Ti, 317, 317L, 310, 310S<br \/>\nF304, F304, F316, F316L, F316Ti, F317, F317L, F310, F310S.<\/p>\n<p>L&#039;alliage 317L (00Cr19Ni13Mo3, UNS S31726) est un acier inoxydable aust\u00e9nitique \u00e0 base de molybd\u00e8ne. Il a une plus grande r\u00e9sistance \u00e0 la corrosion chimique que l\u2019acier inoxydable aust\u00e9nitique au chrome-nickel conventionnel tel que l\u2019alliage 304. De plus, par rapport \u00e0 l&#039;acier inoxydable conventionnel, l&#039;alliage 317L pr\u00e9sente une ductilit\u00e9, une r\u00e9sistance \u00e0 la corrosion sous contrainte, une r\u00e9sistance \u00e0 la compression et une r\u00e9sistance aux temp\u00e9ratures \u00e9lev\u00e9es plus \u00e9lev\u00e9es. Il s&#039;agit d&#039;une qualit\u00e9 \u00e0 faible teneur en carbone ou qualit\u00e9 L, qui pr\u00e9sente des performances anti-sensibilisation pendant le soudage et le traitement thermique.<br \/>\nL&#039;acier 317L a une bonne r\u00e9sistance \u00e0 l&#039;eau de mer et au SCC par rapport au 316L et est utilis\u00e9 dans les navires chimiques, les produits chimiques, les r\u00e9acteurs et autres \u00e9quipements chimiques n\u00e9cessitant une r\u00e9sistance \u00e9lev\u00e9e \u00e0 la corrosion.<br \/>\nSUS317L Composition chimique\u00a0: carbone (C) \u2264 0,030, mangan\u00e8se (Mn) \u2264 2,00, nickel (Ni) 11,0-15,0, silicium (Si) \u2264 1,00, phosphore (P) \u2264 0,045, soufre (S) \u2264 0,030, chrome (Cr ) 18,0-20,0, molybd\u00e8ne (Mo) 3,0-4,0<\/p>","protected":false},"excerpt":{"rendered":"<ul>\n<li>Chapeau : Chapeau boulonn\u00e9 ou chapeau de joint de pression<\/li>\n<li>Cale\u00a0: Cale flexible ou cale solide<\/li>\n<li>Tige montante<\/li>\n<li>Vis et joug ext\u00e9rieurs<\/li>\n<li>Si\u00e8ge de corps int\u00e9gr\u00e9 ou anneau de si\u00e8ge renouvelable<\/li>\n<\/ul>","protected":false},"featured_media":18155,"template":"","meta":{"advanced_seo_description":"","jetpack_seo_html_title":"","jetpack_seo_noindex":false},"product_brand":[],"product_cat":[81],"product_tag":[220,222,221,223],"class_list":{"0":"post-18154","1":"product","2":"type-product","3":"status-publish","4":"has-post-thumbnail","6":"product_cat-gate-valves","7":"product_tag-din3352-317l-gate-valve","8":"product_tag-dn100-din3352-317l-gate-valve","9":"product_tag-pn16-din3352-317l-gate-valve","10":"product_tag-rf-end-din3352-317l-gate-valve","12":"first","13":"instock","14":"shipping-taxable","15":"product-type-simple"},"jetpack_sharing_enabled":true,"_links":{"self":[{"href":"https:\/\/oudianvalve.com\/fr\/wp-json\/wp\/v2\/product\/18154","targetHints":{"allow":["GET"]}}],"collection":[{"href":"https:\/\/oudianvalve.com\/fr\/wp-json\/wp\/v2\/product"}],"about":[{"href":"https:\/\/oudianvalve.com\/fr\/wp-json\/wp\/v2\/types\/product"}],"wp:featuredmedia":[{"embeddable":true,"href":"https:\/\/oudianvalve.com\/fr\/wp-json\/wp\/v2\/media\/18155"}],"wp:attachment":[{"href":"https:\/\/oudianvalve.com\/fr\/wp-json\/wp\/v2\/media?parent=18154"}],"wp:term":[{"taxonomy":"product_brand","embeddable":true,"href":"https:\/\/oudianvalve.com\/fr\/wp-json\/wp\/v2\/product_brand?post=18154"},{"taxonomy":"product_cat","embeddable":true,"href":"https:\/\/oudianvalve.com\/fr\/wp-json\/wp\/v2\/product_cat?post=18154"},{"taxonomy":"product_tag","embeddable":true,"href":"https:\/\/oudianvalve.com\/fr\/wp-json\/wp\/v2\/product_tag?post=18154"}],"curies":[{"name":"wp","href":"https:\/\/api.w.org\/{rel}","templated":true}]}}