{"id":18152,"date":"2023-06-21T06:17:37","date_gmt":"2023-06-21T06:17:37","guid":{"rendered":"https:\/\/oudianvalve.com\/?post_type=product&#038;p=18152"},"modified":"2023-06-21T06:34:57","modified_gmt":"2023-06-21T06:34:57","slug":"din3352-non-rising-gate-valve-dn100-pn16-304","status":"publish","type":"product","link":"https:\/\/oudianvalve.com\/fr\/products\/gate-valves\/din3352-non-rising-gate-valve-dn100-pn16-304\/","title":{"rendered":"Vanne \u00e0 vanne non montante DIN3352, DN100, PN16,304"},"content":{"rendered":"<p>Norme de conception\u00a0: EN 10434\/DIN3352<br \/>\nGamme de tailles\u00a0: DN \u00e0 DN1200<br \/>\nPlage de pression\u00a0: PN 10 \u00e0 PN160<br \/>\nConnexions d&#039;extr\u00e9mit\u00e9\u00a0: RF \u00e0 bride, RTJ, soud\u00e9e bout \u00e0 bout<br \/>\nDimensions des extr\u00e9mit\u00e9s \u00e0 bride\u00a0: EN 1092-1<br \/>\nDimensions face \u00e0 face : EN 558-1<br \/>\nInspection et tests\u00a0: EN 12266-1<br \/>\nMat\u00e9riaux du corps\u00a0: ASTM A351 CF8, ASTM A351 CF8M, ASTM A351 CF3M, ASTM A351 CF8C<br \/>\nCN3MN, CK3MCUN, CN7M, ASTM A890 4A(CD3MN), ASTM A890 5A(CE3MN)<\/p>\n<p>Un robinet-vanne \u00e0 tige non montante est un type de robinet-vanne dont la tige ne monte pas et ne descend pas avec le robinet lorsqu&#039;il s&#039;ouvre et se ferme. Au lieu de cela, la vanne se d\u00e9place dans une direction parall\u00e8le \u00e0 l\u2019axe de la tige de vanne. Cette conception permet une hauteur d&#039;installation plus faible et r\u00e9duit l&#039;espace requis pour le fonctionnement. Les vannes \u00e0 tige non montante sont couramment utilis\u00e9es dans les syst\u00e8mes de canalisations enterr\u00e9es ou souterraines, car elles sont moins susceptibles d&#039;\u00eatre endommag\u00e9es par les mouvements du sol.<\/p>\n<p>Le fonctionnement d\u2019un robinet-vanne \u00e0 tige non montante est relativement simple. La vanne se compose d&#039;une vanne, qui est une plaque plate qui se d\u00e9place dans une direction parall\u00e8le \u00e0 l&#039;axe de la tige de la vanne, et d&#039;une tige non montante, qui est reli\u00e9e \u00e0 la vanne et reste dans une position fixe lorsque la vanne s&#039;ouvre et se ferme. Lorsque la vanne est compl\u00e8tement ouverte, la vanne est positionn\u00e9e parall\u00e8lement au flux de fluide, permettant un \u00e9coulement sans obstruction. Pour fermer la vanne, l&#039;op\u00e9rateur tourne simplement le volant dans le sens oppos\u00e9, ce qui fait que le raccord filet\u00e9 ram\u00e8ne la vanne dans une position perpendiculaire et arr\u00eate l&#039;\u00e9coulement du fluide.<\/p>\n<p>La conception de la tige non montante permet une hauteur d&#039;installation plus faible et r\u00e9duit l&#039;espace requis pour le fonctionnement, ce qui en fait un choix populaire pour les syst\u00e8mes de canalisations enterr\u00e9s ou souterrains.<\/p>\n<p>&nbsp;<\/p>\n<p>&nbsp;<\/p>\n<p>&nbsp;<\/p>","protected":false},"excerpt":{"rendered":"<p>Avantages du robinet-vanne \u00e0 tige non montante<\/p>\n<p>Conception \u00e0 passage int\u00e9gral<br \/>\nAutonettoyant et faible perte de pression<br \/>\nLa tige roul\u00e9e assure des bords de filetage lisses et un double filetage<br \/>\nFaible couple de fonctionnement<br \/>\nIndustries des vannes \u00e0 vanne non montantes\u00a0:<\/p>","protected":false},"featured_media":18153,"template":"","meta":{"advanced_seo_description":"","jetpack_seo_html_title":"","jetpack_seo_noindex":false},"product_brand":[],"product_cat":[81],"product_tag":[219,216,217,218],"class_list":{"0":"post-18152","1":"product","2":"type-product","3":"status-publish","4":"has-post-thumbnail","6":"product_cat-gate-valves","7":"product_tag-304-din-non-rising-gate-valve","8":"product_tag-din-non-rising-gate-valve","9":"product_tag-dn100-din-non-rising-gate-valve","10":"product_tag-pn16-din-non-rising-gate-valve","12":"first","13":"instock","14":"shipping-taxable","15":"product-type-simple"},"jetpack_sharing_enabled":true,"_links":{"self":[{"href":"https:\/\/oudianvalve.com\/fr\/wp-json\/wp\/v2\/product\/18152","targetHints":{"allow":["GET"]}}],"collection":[{"href":"https:\/\/oudianvalve.com\/fr\/wp-json\/wp\/v2\/product"}],"about":[{"href":"https:\/\/oudianvalve.com\/fr\/wp-json\/wp\/v2\/types\/product"}],"wp:featuredmedia":[{"embeddable":true,"href":"https:\/\/oudianvalve.com\/fr\/wp-json\/wp\/v2\/media\/18153"}],"wp:attachment":[{"href":"https:\/\/oudianvalve.com\/fr\/wp-json\/wp\/v2\/media?parent=18152"}],"wp:term":[{"taxonomy":"product_brand","embeddable":true,"href":"https:\/\/oudianvalve.com\/fr\/wp-json\/wp\/v2\/product_brand?post=18152"},{"taxonomy":"product_cat","embeddable":true,"href":"https:\/\/oudianvalve.com\/fr\/wp-json\/wp\/v2\/product_cat?post=18152"},{"taxonomy":"product_tag","embeddable":true,"href":"https:\/\/oudianvalve.com\/fr\/wp-json\/wp\/v2\/product_tag?post=18152"}],"curies":[{"name":"wp","href":"https:\/\/api.w.org\/{rel}","templated":true}]}}