{"id":18146,"date":"2023-06-21T05:24:32","date_gmt":"2023-06-21T05:24:32","guid":{"rendered":"https:\/\/oudianvalve.com\/?post_type=product&#038;p=18146"},"modified":"2023-06-21T05:27:30","modified_gmt":"2023-06-21T05:27:30","slug":"a351-cn7m-alloy-20-swing-check-valve-150lb-2-inch","status":"publish","type":"product","link":"https:\/\/oudianvalve.com\/fr\/products\/check-valves\/a351-cn7m-alloy-20-swing-check-valve-150lb-2-inch\/","title":{"rendered":"Clapet anti-retour \u00e0 battant A351 CN7M en alliage 20, 150LB, 2 pouces"},"content":{"rendered":"<p>Norme de conception\u00a0: API623\/ASME B16.34<br \/>\nIndices de pression-temp\u00e9rature\u00a0: ASME B16.34<br \/>\nGamme de tailles : 2&quot; \u00e0 28&quot;<br \/>\nPlage de pression\u00a0: Classe 150 \u00e0 2\u00a0500<br \/>\nConnexions d&#039;extr\u00e9mit\u00e9\u00a0: RF \u00e0 bride, RTJ, soud\u00e9e bout \u00e0 bout<br \/>\nDimensions des extr\u00e9mit\u00e9s \u00e0 bride\u00a0: ASME B16.5 (\u226424\u00a0po), ASME B16.47 s\u00e9rie A ou B (&gt;24\u00a0po)<br \/>\nDimensions des extr\u00e9mit\u00e9s soud\u00e9es bout \u00e0 bout\u00a0: ASME B16.25 face \u00e0 face<br \/>\nDimensions face \u00e0 face\u00a0: ASME B16.10<br \/>\nInspection et tests\u00a0: API 598<br \/>\nMat\u00e9riau\u00a0:\u00a0ASTM A351 CF8, ASTM A351 CF8M, ASTM A351 CF3M, ASTM A351 CF8C<br \/>\nCN3MN, CK3MCUN, CN7M, ASTM A890 4A(CD3MN), ASTM A890 5A(CE3MN),<br \/>\nASTM A890 6A (CD3MWCuN)<br \/>\nASTM B148 C95800, ASTM B148 C95500.<\/p>\n<p>Le clapet anti-retour \u00e0 battant A351 CN7M en alliage 20, \u00e9galement connu sous le nom de clapet anti-retour, clapet unidirectionnel ou clapet anti-retour, fait r\u00e9f\u00e9rence \u00e0 un type de clapet automatique qui ouvre et ferme automatiquement la valve en s&#039;appuyant sur le d\u00e9bit du fluide lui-m\u00eame. Il est g\u00e9n\u00e9ralement utilis\u00e9 dans les pipelines pour emp\u00eacher le reflux du fluide. Adapt\u00e9 au flux puls\u00e9, ses performances d\u2019\u00e9tanch\u00e9it\u00e9 ne sont pas aussi bonnes que celles du type \u00e0 levage. Les clapets anti-retour \u00e0 battant sont divis\u00e9s en trois types en fonction du diam\u00e8tre de la porte\u00a0: simple, double et multidisque, pour r\u00e9duire l&#039;impact hydraulique et emp\u00eacher le fluide de s&#039;arr\u00eater ou de refluer. Les clapets anti-retour peuvent \u00e9galement \u00eatre utilis\u00e9s pour alimenter les canalisations vers les syst\u00e8mes auxiliaires o\u00f9 la pression peut d\u00e9passer la pression du syst\u00e8me. Le clapet anti-retour peut \u00eatre principalement divis\u00e9 en un clapet anti-retour pivotant qui tourne en fonction du centre de gravit\u00e9 et un clapet anti-retour relevable qui se d\u00e9place le long de la conduite d&#039;aspiration.<\/p>\n<p>CN7M est un acier inoxydable aust\u00e9nitique utilis\u00e9 pour le moulage, avec des propri\u00e9t\u00e9s similaires \u00e0 celles de l&#039;alliage 20. Il est \u00e9galement utilis\u00e9 comme alliage 20 dans les portes coul\u00e9es et pr\u00e9sente une excellente r\u00e9sistance \u00e0 la corrosion, aux taches et aux fissures.<br \/>\nCN7M pr\u00e9sente moins de pr\u00e9cipitations de carbure pendant le processus de soudage, ce qui peut emp\u00eacher de mani\u00e8re stable la corrosion intergranulaire et emp\u00eacher la sensibilisation. Il est souvent utilis\u00e9 dans des milieux tels que l&#039;acide sulfurique concentr\u00e9, l&#039;acide sulfurique dilu\u00e9 et les m\u00e9langes d&#039;acide sulfurique.<\/p>","protected":false},"excerpt":{"rendered":"<ul>\n<li>Capot\u00a0: Capot boulonn\u00e9<\/li>\n<li>Si\u00e8ge de corps int\u00e9gr\u00e9 ou anneau de si\u00e8ge renouvelable<\/li>\n<li>Unidirectionnel<\/li>\n<li>Disque de type pivotant<\/li>\n<li>Disque de coul\u00e9e (au-dessus de 4&quot;) ou disque forg\u00e9 (de 2&quot; \u00e0 4&quot;)<\/li>\n<li>Disque \u00e0 ouverture totale ou non<\/li>\n<\/ul>","protected":false},"featured_media":18148,"template":"","meta":{"advanced_seo_description":"","jetpack_seo_html_title":"","jetpack_seo_noindex":false},"product_brand":[],"product_cat":[82],"product_tag":[213,214,212,215],"class_list":{"0":"post-18146","1":"product","2":"type-product","3":"status-publish","4":"has-post-thumbnail","6":"product_cat-check-valves","7":"product_tag-150lb-a351-cn7m-swing-check-valve","8":"product_tag-2-inch-a351-cn7m-swing-check-valve","9":"product_tag-a351-cn7m-alloy-20-swing-check-valve","10":"product_tag-alloy-20-swing-check-valve","12":"first","13":"instock","14":"shipping-taxable","15":"product-type-simple"},"jetpack_sharing_enabled":true,"_links":{"self":[{"href":"https:\/\/oudianvalve.com\/fr\/wp-json\/wp\/v2\/product\/18146","targetHints":{"allow":["GET"]}}],"collection":[{"href":"https:\/\/oudianvalve.com\/fr\/wp-json\/wp\/v2\/product"}],"about":[{"href":"https:\/\/oudianvalve.com\/fr\/wp-json\/wp\/v2\/types\/product"}],"wp:featuredmedia":[{"embeddable":true,"href":"https:\/\/oudianvalve.com\/fr\/wp-json\/wp\/v2\/media\/18148"}],"wp:attachment":[{"href":"https:\/\/oudianvalve.com\/fr\/wp-json\/wp\/v2\/media?parent=18146"}],"wp:term":[{"taxonomy":"product_brand","embeddable":true,"href":"https:\/\/oudianvalve.com\/fr\/wp-json\/wp\/v2\/product_brand?post=18146"},{"taxonomy":"product_cat","embeddable":true,"href":"https:\/\/oudianvalve.com\/fr\/wp-json\/wp\/v2\/product_cat?post=18146"},{"taxonomy":"product_tag","embeddable":true,"href":"https:\/\/oudianvalve.com\/fr\/wp-json\/wp\/v2\/product_tag?post=18146"}],"curies":[{"name":"wp","href":"https:\/\/api.w.org\/{rel}","templated":true}]}}