{"id":18144,"date":"2023-06-21T05:14:07","date_gmt":"2023-06-21T05:14:07","guid":{"rendered":"https:\/\/oudianvalve.com\/?post_type=product&#038;p=18144"},"modified":"2023-06-21T05:14:08","modified_gmt":"2023-06-21T05:14:08","slug":"asme-16-34-a351-cn7m-globe-valve-2-inch-class-150lb","status":"publish","type":"product","link":"https:\/\/oudianvalve.com\/fr\/products\/globe-valves\/asme-16-34-a351-cn7m-globe-valve-2-inch-class-150lb\/","title":{"rendered":"Vanne \u00e0 soupape ASME 16.34 A351 CN7M, 2 pouces, classe 150 LB"},"content":{"rendered":"<p>Norme de conception\u00a0:\u00a0ASME B16.34<br \/>\nIndices de pression-temp\u00e9rature\u00a0: ASME B16.34<br \/>\nGamme de tailles : 2&quot; \u00e0 48&quot;<br \/>\nPlage de pression\u00a0: Classe 150 \u00e0 2\u00a0500<br \/>\nConnexions d&#039;extr\u00e9mit\u00e9\u00a0: RF \u00e0 bride, RTJ, soud\u00e9e bout \u00e0 bout<br \/>\nDimensions des extr\u00e9mit\u00e9s \u00e0 bride\u00a0: ASME B16.5 (\u226424\u00a0po), ASME B16.47 s\u00e9rie A ou B (&gt;24\u00a0po)<br \/>\nDimensions des extr\u00e9mit\u00e9s soud\u00e9es bout \u00e0 bout\u00a0: ASME B16.25 face \u00e0 face<br \/>\nDimensions face \u00e0 face\u00a0: ASME B16.10<br \/>\nInspection et tests\u00a0: API 598<br \/>\nMat\u00e9riaux du corps\u00a0: ASTM A351 CF8, ASTM A351 CF8M, ASTM A351 CF3M, ASTM A351 CF8C<br \/>\nCN3MN, CK3MCUN, CN7M, ASTM A890 4A(CD3MN), ASTM A890 5A(CE3MN),<br \/>\nASTM A890 6A (CD3MWCuN)<br \/>\nASTM B148 C95800, ASTM B148 C95500.<br \/>\nMat\u00e9riaux d&#039;emballage\u00a0: Ptfe, PPL, graphite, graphite avec fil inconel<\/p>\n<p>La vanne \u00e0 soupape standard am\u00e9ricaine CN7M est une vanne en alliage \u00e0 base de nickel principalement utilis\u00e9e dans l&#039;acide sulfurique, le processus d&#039;acide phosphorique humide, l&#039;acide chlorhydrique et d&#039;autres milieux. Sa tige, son disque, son couvercle, son corps de vanne, son si\u00e8ge de vanne et son support sont tous moul\u00e9s en alliage CN7M.<\/p>\n<p>Le robinet \u00e0 soupape standard am\u00e9ricain CN7M est une vanne \u00e0 \u00e9tanch\u00e9it\u00e9 forc\u00e9e qui doit \u00eatre mise sous pression en appliquant une pression sur le disque de la vanne lorsqu&#039;il est ferm\u00e9, pour garantir que le disque de la vanne est \u00e9troitement scell\u00e9 contre la surface, garantissant ainsi l&#039;absence de fuite. Le sens d&#039;\u00e9coulement du fluide dans la vanne d&#039;arr\u00eat p\u00e9n\u00e8tre dans la chambre de la vanne par l&#039;extr\u00e9mit\u00e9 sup\u00e9rieure du disque de la vanne, ce qui facilite la fermeture de la vanne sous pression individuelle, tandis que la force requise pour ouvrir la vanne est plus grande. Cela peut r\u00e9duire le diam\u00e8tre de la tige de valve et r\u00e9duire efficacement la probabilit\u00e9 d&#039;accidents de flexion de la tige de valve.<\/p>\n<p>La composition chimique principale du CN7M est la suivante : carbone C : 0,07 silicium Si : &lt; 1,50 Mn : &lt; 1,50 soufre S : \u2264 0,040 phosphore P : 0,040 chrome Cr : 19,00 ~ 22,00 nickel Ni : 27,50 ~ 30,50 Mo : 2,00 ~ 3,00 cuivre Cu\u00a0: 3,00 ~ 4,00 CN7M est un alliage \u00e0 base de nickel portant le num\u00e9ro UNS J95150. Dans les syst\u00e8mes ASTM et ACI, CN7M est le nom de ce type d&#039;alliage \u00e0 base de nickel. Le CN7M a une r\u00e9sistance \u00e0 la traction inf\u00e9rieure, une conductivit\u00e9 inf\u00e9rieure et une conductivit\u00e9 thermique plus \u00e9lev\u00e9e dans l&#039;acier inoxydable aust\u00e9nitique moul\u00e9. Le CN7M est souvent utilis\u00e9 dans des conditions de travail difficiles que d&#039;autres aciers inoxydables tels que le 304 et le 316L ne peuvent pas r\u00e9soudre, comme la fissuration par corrosion sous contrainte. Il pr\u00e9sente des caract\u00e9ristiques telles que la r\u00e9sistance \u00e0 la corrosion par les ions chlorure, \u00e0 la corrosion par piq\u00fbres et \u00e0 la corrosion par l&#039;acide sulfurique.<\/p>","protected":false},"excerpt":{"rendered":"<p>Le principe de fonctionnement de la vanne \u00e0 soupape ASME 16.34 A351 CN7M consiste \u00e0 faire tourner la vanne pour l&#039;ouvrir ou la fermer. Le robinet \u00e0 soupape ASME 16.34 A351 CN7M est dot\u00e9 d&#039;un interrupteur l\u00e9ger, de petite taille et peut \u00eatre transform\u00e9 en un grand diam\u00e8tre, avec une \u00e9tanch\u00e9it\u00e9 fiable, une structure simple et un faible co\u00fbt.<br \/>\nFaciles \u00e0 r\u00e9parer, la surface d&#039;\u00e9tanch\u00e9it\u00e9 et la surface sph\u00e9rique sont souvent dans un \u00e9tat ferm\u00e9 et ne sont pas facilement \u00e9rod\u00e9es par les fluides, ce qui les rend largement utilis\u00e9es dans diverses industries. Le robinet \u00e0 soupape ASME 16.34 A351 CN7M a une structure raisonnable, une belle apparence, de bonnes performances d&#039;\u00e9tanch\u00e9it\u00e9 et une surface d&#039;\u00e9tanch\u00e9it\u00e9<br \/>\nFaible frottement et longue dur\u00e9e de vie :<br \/>\n1. La structure est simple et la fabrication et la maintenance sont relativement pratiques.<br \/>\n2. Petite course de travail et temps d&#039;ouverture et de fermeture courts.<br \/>\n3. Bonnes performances d&#039;\u00e9tanch\u00e9it\u00e9, faible friction entre les surfaces d&#039;\u00e9tanch\u00e9it\u00e9 et longue dur\u00e9e de vie.<br \/>\n4. Pendant le processus d&#039;ouverture et de fermeture, la force de frottement de la surface d&#039;\u00e9tanch\u00e9it\u00e9 est inf\u00e9rieure \u00e0 celle du robinet-vanne et elle est r\u00e9sistante \u00e0 l&#039;usure.<br \/>\n5. Il n&#039;y a g\u00e9n\u00e9ralement qu&#039;une seule surface d&#039;\u00e9tanch\u00e9it\u00e9, avec une bonne technologie de fabrication et un entretien facile.<br \/>\n6. Les formes structurelles du corps du robinet \u00e0 soupape comprennent le passage direct, l&#039;\u00e9coulement direct et l&#039;angle droit.<\/p>","protected":false},"featured_media":18145,"template":"","meta":{"advanced_seo_description":"","jetpack_seo_html_title":"","jetpack_seo_noindex":false},"product_brand":[],"product_cat":[80],"product_tag":[211,210,208,209],"class_list":{"0":"post-18144","1":"product","2":"type-product","3":"status-publish","4":"has-post-thumbnail","6":"product_cat-globe-valves","7":"product_tag-150lb-a351-cn7m-globe-valve","8":"product_tag-2-inch-a351-cn7m-globe-valve","9":"product_tag-a351-cn7m-globe-valve","10":"product_tag-asme-16-34-a351-cn7m-globe-valve","12":"first","13":"instock","14":"shipping-taxable","15":"product-type-simple"},"jetpack_sharing_enabled":true,"_links":{"self":[{"href":"https:\/\/oudianvalve.com\/fr\/wp-json\/wp\/v2\/product\/18144","targetHints":{"allow":["GET"]}}],"collection":[{"href":"https:\/\/oudianvalve.com\/fr\/wp-json\/wp\/v2\/product"}],"about":[{"href":"https:\/\/oudianvalve.com\/fr\/wp-json\/wp\/v2\/types\/product"}],"wp:featuredmedia":[{"embeddable":true,"href":"https:\/\/oudianvalve.com\/fr\/wp-json\/wp\/v2\/media\/18145"}],"wp:attachment":[{"href":"https:\/\/oudianvalve.com\/fr\/wp-json\/wp\/v2\/media?parent=18144"}],"wp:term":[{"taxonomy":"product_brand","embeddable":true,"href":"https:\/\/oudianvalve.com\/fr\/wp-json\/wp\/v2\/product_brand?post=18144"},{"taxonomy":"product_cat","embeddable":true,"href":"https:\/\/oudianvalve.com\/fr\/wp-json\/wp\/v2\/product_cat?post=18144"},{"taxonomy":"product_tag","embeddable":true,"href":"https:\/\/oudianvalve.com\/fr\/wp-json\/wp\/v2\/product_tag?post=18144"}],"curies":[{"name":"wp","href":"https:\/\/api.w.org\/{rel}","templated":true}]}}