{"id":18142,"date":"2023-06-21T04:07:08","date_gmt":"2023-06-21T04:07:08","guid":{"rendered":"https:\/\/oudianvalve.com\/?post_type=product&#038;p=18142"},"modified":"2023-06-21T04:55:59","modified_gmt":"2023-06-21T04:55:59","slug":"cn7m-gate-valve-3-inch-api-600-150-lb-rf","status":"publish","type":"product","link":"https:\/\/oudianvalve.com\/fr\/products\/gate-valves\/cn7m-gate-valve-3-inch-api-600-150-lb-rf\/","title":{"rendered":"Vanne \u00e0 vanne CN7M, 3 pouces, API 600, 150 LB, RF"},"content":{"rendered":"<p>Norme de conception\u00a0: API 600<br \/>\nIndices de pression-temp\u00e9rature\u00a0: ASME B16.34<br \/>\nGamme de tailles : 2&quot; \u00e0 48&quot;<br \/>\nPlage de pression\u00a0: Classe 150 \u00e0 2\u00a0500<br \/>\nConnexions d&#039;extr\u00e9mit\u00e9\u00a0: RF \u00e0 bride, RTJ, soud\u00e9e bout \u00e0 bout<br \/>\nDimensions des extr\u00e9mit\u00e9s \u00e0 bride\u00a0: ASME B16.5 (\u226424\u00a0po), ASME B16.47 s\u00e9rie A ou B (&gt;24\u00a0po)<br \/>\nDimensions des extr\u00e9mit\u00e9s soud\u00e9es bout \u00e0 bout\u00a0: ASME B16.25 face \u00e0 face<br \/>\nDimensions face \u00e0 face\u00a0: ASME B16.10<br \/>\nInspection et tests\u00a0: API 598<br \/>\nMat\u00e9riaux du corps\u00a0: ASTM A351 CF8, ASTM A351 CF8M, ASTM A351 CF3M, ASTM A351 CF8C <a id=\"set-post-thumbnail\" class=\"thickbox\" href=\"https:\/\/oudianvalve.com\/wp-admin\/media-upload.php?post_id=18142&amp;type=image&amp;TB_iframe=1\">D\u00e9finir l&#039;image du produit<\/a><br \/>\nCN3MN, CK3MCUN, CN7M, ASTM A890 4A(CD3MN), ASTM A890 5A(CE3MN),<br \/>\nASTM A890 6A (CD3MWCuN)<br \/>\nASTM B148 C95800, ASTM B148 C95500.<br \/>\nMat\u00e9riaux d&#039;emballage\u00a0: Ptfe, PPL, graphite, graphite avec fil inconel<\/p>","protected":false},"excerpt":{"rendered":"<p>CN7M est un alliage \u00e0 base de nickel r\u00e9pondant \u00e0 la norme d&#039;ex\u00e9cution ASTM A351\/351M-2018, sp\u00e9cialement formul\u00e9 pour la coul\u00e9e d&#039;acier inoxydable aust\u00e9nitique. Sa composition chimique principale est tr\u00e8s similaire \u00e0 celle de l&#039;alliage 20 UNS NO8020, et il est \u00e9galement approximativement appel\u00e9 alliage 20 en Chine. Il a une bonne r\u00e9sistance \u00e0 la corrosion et convient aux milieux tels que l&#039;acide sulfurique, l&#039;acide nitrique, l&#039;acide chlorhydrique, le sulfure d&#039;hydrog\u00e8ne, l&#039;acide organique, la solution alcaline, etc.<\/p>\n<ul>\n<li>Tige montante<\/li>\n<li>Si\u00e8ge de soupape int\u00e9gr\u00e9\/si\u00e8ges soud\u00e9s<\/li>\n<li>Bossages pour robinetterie et bypass<\/li>\n<li>Enti\u00e8rement guid\u00e9, coin<\/li>\n<li>\u00c9missions fugitives test\u00e9es<\/li>\n<li>NACE MR0175 (facultatif)<\/li>\n<\/ul>","protected":false},"featured_media":18143,"template":"","meta":{"advanced_seo_description":"","jetpack_seo_html_title":"","jetpack_seo_noindex":false},"product_brand":[],"product_cat":[81],"product_tag":[206,204,205,203,207],"class_list":{"0":"post-18142","1":"product","2":"type-product","3":"status-publish","4":"has-post-thumbnail","6":"product_cat-gate-valves","7":"product_tag-150lb-cn7m-gate-valve","8":"product_tag-3-inch-cn7m-gate-valve","9":"product_tag-api600-cn7m-gate-valve","10":"product_tag-cn7m-gate-valve","11":"product_tag-rf-end-cn7m-gate-valve","13":"first","14":"instock","15":"shipping-taxable","16":"product-type-simple"},"jetpack_sharing_enabled":true,"_links":{"self":[{"href":"https:\/\/oudianvalve.com\/fr\/wp-json\/wp\/v2\/product\/18142","targetHints":{"allow":["GET"]}}],"collection":[{"href":"https:\/\/oudianvalve.com\/fr\/wp-json\/wp\/v2\/product"}],"about":[{"href":"https:\/\/oudianvalve.com\/fr\/wp-json\/wp\/v2\/types\/product"}],"wp:featuredmedia":[{"embeddable":true,"href":"https:\/\/oudianvalve.com\/fr\/wp-json\/wp\/v2\/media\/18143"}],"wp:attachment":[{"href":"https:\/\/oudianvalve.com\/fr\/wp-json\/wp\/v2\/media?parent=18142"}],"wp:term":[{"taxonomy":"product_brand","embeddable":true,"href":"https:\/\/oudianvalve.com\/fr\/wp-json\/wp\/v2\/product_brand?post=18142"},{"taxonomy":"product_cat","embeddable":true,"href":"https:\/\/oudianvalve.com\/fr\/wp-json\/wp\/v2\/product_cat?post=18142"},{"taxonomy":"product_tag","embeddable":true,"href":"https:\/\/oudianvalve.com\/fr\/wp-json\/wp\/v2\/product_tag?post=18142"}],"curies":[{"name":"wp","href":"https:\/\/api.w.org\/{rel}","templated":true}]}}