{"id":18139,"date":"2023-06-21T02:54:42","date_gmt":"2023-06-21T02:54:42","guid":{"rendered":"https:\/\/oudianvalve.com\/?post_type=product&#038;p=18139"},"modified":"2023-06-21T02:54:43","modified_gmt":"2023-06-21T02:54:43","slug":"904l-ball-valve-dn50-pn16-flange-end","status":"publish","type":"product","link":"https:\/\/oudianvalve.com\/fr\/products\/ball-valves\/904l-ball-valve-dn50-pn16-flange-end\/","title":{"rendered":"Robinet \u00e0 tournant sph\u00e9rique 904L, DN50, PN16, extr\u00e9mit\u00e9 \u00e0 bride"},"content":{"rendered":"<p>Norme de conception et de fabrication\u00a0: API 6D, API 608, BS 5351\/DIN3357\/JIS B2071<\/p>\n<p>Norme de pression et de temp\u00e9rature\u00a0: ASME B16.34\/DIN3230<\/p>\n<p>Norme de dimension face \u00e0 face\u00a0: ASME B16.10\/DIN3202\/JIS B2002<\/p>\n<p>Norme de bride\u00a0: ASME B16.5, ASME B16.47\/DIN2543-2545-2501\/JIS B2220<\/p>\n<p>Norme de test et d&#039;inspection\u00a0: API 598, API 6D\/DIN2401\/JIS B2003.<\/p>\n<p>Taille : 1\/2&quot;-10&quot; (DN15~DN250)<\/p>\n<p>Pression nominale : 150LB-600LB\/PN16~PN100\/10K~60K)<\/p>\n<p>Mat\u00e9riau principal du robinet \u00e0 tournant sph\u00e9rique en acier inoxydable 310S\u00a0:<br \/>\nCF8, CF3, CF8M, CF3M, CG8M, CG3M, CF8C, CK20304, 304, 316, 316L, 316Ti, 317, 317L, 310, 310S<br \/>\nF304, F304, F316, F316L, F316Ti, F317, F317L, F310, F310S<\/p>\n<p>M\u00e9dias applicables pour les vannes\u00a0: eau, vapeur, huile, acide nitrique, acide ac\u00e9tique, milieux oxydants forts, ur\u00e9e, etc.<br \/>\nChamp d&#039;application : eau du robinet, eaux us\u00e9es, construction, p\u00e9trole, industrie chimique, alimentation, m\u00e9decine, textile, \u00e9lectricit\u00e9, navire, m\u00e9tallurgie, chaleur, approvisionnement en eau et drainage, traitement de l&#039;eau, syst\u00e8me \u00e9nerg\u00e9tique et autres pipelines.<\/p>\n<p>Marque et norme\u00a0:<br \/>\nUNS N08904 (une norme con\u00e7ue conjointement par l&#039;American Society of Automotive Engineers et l&#039;American Society for Testing and Materials en 1967), DIN1.4539 (une norme allemande), ASTM A240 (une norme de l&#039;American Society for Testing and Materials\u00a0; la nouvelle norme le classe comme une s\u00e9rie d&#039;acier inoxydable, tandis que la norme originale ASME SB-625 le classe comme une s\u00e9rie d&#039;alliages \u00e0 base de nickel) et SUS890L.<\/p>\n<p>L&#039;application du 904L dans le domaine des \u00e9quipements de traitement de l&#039;eau, tels que les filtres, les membranes d&#039;osmose inverse et d&#039;autres composants, peut am\u00e9liorer la qualit\u00e9 de l&#039;eau et l&#039;efficacit\u00e9 du traitement. La composition chimique sp\u00e9cifique du 904L est : C : \u2264 0,02, Si : \u2264 1,00, Mn : \u2264 2,00, P : \u2264 0,045, S : \u2264 0,035, Cr : 19,00-23,00, Ni : 23,00-28,00, Mo : 4,00-5,00. . Le 904L pr\u00e9sente une excellente r\u00e9sistance \u00e0 la corrosion dans certains environnements extr\u00eames, tels que les milieux \u00e0 forte salinit\u00e9, acides ou alcalins.<br \/>\nLe 904L a une bonne r\u00e9sistance \u00e0 la corrosion saline \u00e0 haute temp\u00e9rature et peut maintenir une bonne stabilit\u00e9 et une bonne r\u00e9sistance \u00e0 la corrosion dans les environnements salins \u00e0 haute temp\u00e9rature. Propri\u00e9t\u00e9s m\u00e9caniques du 904L : r\u00e9sistance \u00e0 la traction 490 MPa, limite d&#039;\u00e9lasticit\u00e9 215 MPa, allongement 35%. Le 904L peut modifier ses propri\u00e9t\u00e9s gr\u00e2ce \u00e0 un traitement thermique, tel qu&#039;un recuit, un traitement en solution, etc., pour am\u00e9liorer sa r\u00e9sistance, sa t\u00e9nacit\u00e9 ou sa r\u00e9sistance \u00e0 la corrosion.<\/p>\n<p>Le robinet \u00e0 tournant sph\u00e9rique 904L est une structure de corps de vanne divis\u00e9e en deux parties, avec la bride centrale reli\u00e9e par des boulons et la surface d&#039;\u00e9tanch\u00e9it\u00e9 en polyt\u00e9trafluoro\u00e9thyl\u00e8ne. Le joint d&#039;\u00e9tanch\u00e9it\u00e9 en polyt\u00e9trafluoro\u00e9thyl\u00e8ne est int\u00e9gr\u00e9 dans l&#039;anneau en acier inoxydable pour garantir que le corps de la vanne est fermement fix\u00e9 \u00e0 la bille et maintenir l&#039;\u00e9tanch\u00e9it\u00e9. Un ressort est install\u00e9 entre la bille, la tige de vanne et le corps de vanne. La tige de la vanne est perfor\u00e9e et reli\u00e9e \u00e0 une petite bille et un ressort en acier, formant une structure antistatique pour lib\u00e9rer l&#039;\u00e9lectricit\u00e9 statique g\u00e9n\u00e9r\u00e9e lors de l&#039;ouverture et de la fermeture de la vanne. Il n&#039;y a pas de roulement en PTFE, ce qui r\u00e9duit la friction et \u00e9conomise du travail. Le si\u00e8ge de soupape est \u00e9quip\u00e9 d&#039;une structure ignifuge. En cas de dommages au joint PTFE caus\u00e9s par un incendie, un joint m\u00e9tal sur m\u00e9tal peut toujours \u00eatre form\u00e9 entre la rainure ignifuge et la bille pour emp\u00eacher les fuites de fluide. Le robinet \u00e0 tournant sph\u00e9rique est une structure \u00e0 passage int\u00e9gral et le d\u00e9bit \u00e0 travers l&#039;ouverture de la vanne est coh\u00e9rent avec le d\u00e9bit du diam\u00e8tre int\u00e9rieur du pipeline, ce qui est pratique pour un nettoyage et un entretien ult\u00e9rieurs.<\/p>","protected":false},"excerpt":{"rendered":"<p>Le robinet \u00e0 tournant sph\u00e9rique 904L convient \u00e0 diverses concentrations d&#039;acide sulfurique inf\u00e9rieures \u00e0 70 \u00b0C et pr\u00e9sente une excellente r\u00e9sistance \u00e0 la corrosion sous pression atmosph\u00e9rique \u00e0 n&#039;importe quelle concentration et temp\u00e9rature d&#039;acide ac\u00e9tique et d&#039;un m\u00e9lange d&#039;acide formique et d&#039;acide ac\u00e9tique.<\/p>\n<p>Bille flottante, passage int\u00e9gral ou passage r\u00e9duit.<br \/>\nSupport de montage ISO5211 en option.<br \/>\nConception de tige anti-\u00e9ruption.<br \/>\nJoint de si\u00e8ge en PTFE\/RPTFE (le mat\u00e9riau du joint de si\u00e8ge peut \u00eatre d\u00e9cid\u00e9 \u00e0 la demande du client ou en fonction de l&#039;\u00e9tat du fluide et de la temp\u00e9rature de la vanne).<br \/>\nConception antistatique et API 607 Fire Safe<br \/>\nConception disponible Fonctionnement\u00a0: Volant, roue \u00e0 vis sans fin, actionneur pneumatique et actionneur \u00e9lectrique.<\/p>","protected":false},"featured_media":18140,"template":"","meta":{"advanced_seo_description":"","jetpack_seo_html_title":"","jetpack_seo_noindex":false},"product_brand":[],"product_cat":[83],"product_tag":[199,200,202,201],"class_list":{"0":"post-18139","1":"product","2":"type-product","3":"status-publish","4":"has-post-thumbnail","6":"product_cat-ball-valves","7":"product_tag-904l-ball-valve","8":"product_tag-dn50-904l-ball-valve","9":"product_tag-flange-end-904l-ball-valve","10":"product_tag-pn16-904l-ball-valve","12":"first","13":"instock","14":"shipping-taxable","15":"product-type-simple"},"jetpack_sharing_enabled":true,"_links":{"self":[{"href":"https:\/\/oudianvalve.com\/fr\/wp-json\/wp\/v2\/product\/18139","targetHints":{"allow":["GET"]}}],"collection":[{"href":"https:\/\/oudianvalve.com\/fr\/wp-json\/wp\/v2\/product"}],"about":[{"href":"https:\/\/oudianvalve.com\/fr\/wp-json\/wp\/v2\/types\/product"}],"wp:featuredmedia":[{"embeddable":true,"href":"https:\/\/oudianvalve.com\/fr\/wp-json\/wp\/v2\/media\/18140"}],"wp:attachment":[{"href":"https:\/\/oudianvalve.com\/fr\/wp-json\/wp\/v2\/media?parent=18139"}],"wp:term":[{"taxonomy":"product_brand","embeddable":true,"href":"https:\/\/oudianvalve.com\/fr\/wp-json\/wp\/v2\/product_brand?post=18139"},{"taxonomy":"product_cat","embeddable":true,"href":"https:\/\/oudianvalve.com\/fr\/wp-json\/wp\/v2\/product_cat?post=18139"},{"taxonomy":"product_tag","embeddable":true,"href":"https:\/\/oudianvalve.com\/fr\/wp-json\/wp\/v2\/product_tag?post=18139"}],"curies":[{"name":"wp","href":"https:\/\/api.w.org\/{rel}","templated":true}]}}