{"id":18137,"date":"2023-06-21T02:31:07","date_gmt":"2023-06-21T02:31:07","guid":{"rendered":"https:\/\/oudianvalve.com\/?post_type=product&#038;p=18137"},"modified":"2023-06-21T02:31:07","modified_gmt":"2023-06-21T02:31:07","slug":"317l-ball-valve-150lb-2-inch-flange-end","status":"publish","type":"product","link":"https:\/\/oudianvalve.com\/fr\/products\/ball-valves\/317l-ball-valve-150lb-2-inch-flange-end\/","title":{"rendered":"Robinet \u00e0 tournant sph\u00e9rique 317L, 150 LB, 2 pouces, extr\u00e9mit\u00e9 \u00e0 bride"},"content":{"rendered":"<p>Norme de conception et de fabrication\u00a0: API 6D, API 608, BS 5351\/DIN3357\/JIS B2071<\/p>\n<p>Norme de pression et de temp\u00e9rature\u00a0: ASME B16.34\/DIN3230<\/p>\n<p>Norme de dimension face \u00e0 face\u00a0: ASME B16.10\/DIN3202\/JIS B2002<\/p>\n<p>Norme de bride\u00a0: ASME B16.5, ASME B16.47\/DIN2543-2545-2501\/JIS B2220<\/p>\n<p>Norme de test et d&#039;inspection\u00a0: API 598, API 6D\/DIN2401\/JIS B2003.<\/p>\n<p>Taille : 1\/2&quot;-10&quot; (DN15~DN250)<\/p>\n<p>Pression nominale : 150LB-600LB\/PN16~PN100\/10K~60K)<\/p>\n<p>Mat\u00e9riau principal du robinet \u00e0 tournant sph\u00e9rique en acier inoxydable 317L\u00a0:<br \/>\nCF8, CF3, CF8M, CF3M, CG8M, CG3M, CF8C, CK20304, 304, 316, 316L, 316Ti, 317, 317L, 310, 310S<br \/>\nF304, F304, F316, F316L, F316Ti, F317, F317L, F310, F310S.<\/p>\n<p>L&#039;alliage 317L (00Cr19Ni13Mo3, UNS S31726) est un acier inoxydable aust\u00e9nitique \u00e0 base de molybd\u00e8ne. Il a une plus grande r\u00e9sistance \u00e0 la corrosion chimique que l\u2019acier inoxydable aust\u00e9nitique au chrome-nickel conventionnel tel que l\u2019alliage 304. De plus, par rapport \u00e0 l&#039;acier inoxydable conventionnel, l&#039;alliage 317L pr\u00e9sente une ductilit\u00e9, une r\u00e9sistance \u00e0 la corrosion sous contrainte, une r\u00e9sistance \u00e0 la compression et une r\u00e9sistance aux temp\u00e9ratures \u00e9lev\u00e9es plus \u00e9lev\u00e9es. Il s&#039;agit d&#039;une qualit\u00e9 \u00e0 faible teneur en carbone ou qualit\u00e9 L, qui pr\u00e9sente des performances anti-sensibilisation pendant le soudage et le traitement thermique.<br \/>\nL&#039;acier 317L a une bonne r\u00e9sistance \u00e0 l&#039;eau de mer et au SCC par rapport au 316L et est utilis\u00e9 dans les navires chimiques, les produits chimiques, les r\u00e9acteurs et autres \u00e9quipements chimiques n\u00e9cessitant une r\u00e9sistance \u00e9lev\u00e9e \u00e0 la corrosion.<br \/>\nSUS317L Composition chimique\u00a0: carbone (C) \u2264 0,030, mangan\u00e8se (Mn) \u2264 2,00, nickel (Ni) 11,0-15,0, silicium (Si) \u2264 1,00, phosphore (P) \u2264 0,045, soufre (S) \u2264 0,030, chrome (Cr ) 18,0-20,0, molybd\u00e8ne (Mo) 3,0-4,0<\/p>\n<p>Robinet \u00e0 tournant sph\u00e9rique en inox 317L :<br \/>\nLe robinet \u00e0 tournant sph\u00e9rique en acier inoxydable 3171 produit par notre soci\u00e9t\u00e9 peut \u00eatre principalement divis\u00e9 en deux types en fonction de l&#039;ouverture diff\u00e9rente du noyau \u00e0 bille\u00a0: type 0 et type V. Le type 0 adopte une conception \u00e0 principe flottant et les principaux composants de la vanne sont coul\u00e9 \u00e0 travers un moulage composite. Le couvercle d&#039;inspection du si\u00e8ge de soupape est en polyt\u00e9trafluoro\u00e9thyl\u00e8ne. La cavit\u00e9 globale du corps de vanne ne pr\u00e9sente aucun retrait, aucune fuite, une faible force positive, un d\u00e9bit important, un faible couple, un interrupteur permettant d&#039;\u00e9conomiser du travail, une structure simple et un entretien et un d\u00e9montage pratiques \u00e0 un stade ult\u00e9rieur. Les vannes \u00e0 bille en acier inoxydable utilisent principalement des vannes fixes, avec un orifice en forme de V sur le noyau de la bille, qui joue un r\u00f4le dans les caract\u00e9ristiques d&#039;\u00e9coulement de cisaillement des mat\u00e9riaux individuels, ce qui rend cette vanne largement utilis\u00e9e dans des conditions de travail \u00e0 haute viscosit\u00e9, petites particules ou riches en fibres, avec une bonne adaptabilit\u00e9. Par cons\u00e9quent, selon les diff\u00e9rentes conditions de travail, nous pouvons choisir diff\u00e9rents robinets \u00e0 tournant sph\u00e9rique pour vous. Pour ceux qui souhaitent avoir la fonction de r\u00e9gulation du pipeline, ils peuvent choisir des robinets \u00e0 tournant sph\u00e9rique de type V. Pour ceux qui n\u2019ont qu\u2019une fonction de coupure, ils peuvent choisir des vannes \u00e0 bille de type 0.<\/p>\n<p>Introduction \u00e0 l&#039;acier inoxydable 317L : Les nuances pertinentes d&#039;acier inoxydable 317L incluent 22r19Ni13M03 et SUS37L. Il a de bonnes performances de soudage, une bonne r\u00e9sistance \u00e0 la corrosion et de bonnes performances de soudage. L&#039;ajout de platine apporte une r\u00e9sistance \u00e0 haute temp\u00e9rature, avec des petits grains et des joints de grains larges, et une d\u00e9formation se produisant principalement aux joints de grains. Par cons\u00e9quent, il a une bonne r\u00e9sistance \u00e0 la croissance des grains et peut maintenir une taille et une structure de grain relativement stables lors d&#039;une utilisation \u00e0 long terme, emp\u00eachant l&#039;apparition de fissures, am\u00e9liorant la stabilit\u00e9 et la dur\u00e9e de vie des mat\u00e9riaux.<\/p>","protected":false},"excerpt":{"rendered":"<p>Vannes \u00e0 bille SS 317L, vannes \u00e0 bille ASTM A961 SS 317L, fournisseurs de vannes 317 en acier inoxydable forg\u00e9 en Chine.<\/p>\n<p>Bille flottante, passage int\u00e9gral ou passage r\u00e9duit.<br \/>\nSupport de montage ISO5211 en option.<br \/>\nConception de tige anti-\u00e9ruption.<br \/>\nJoint de si\u00e8ge en PTFE\/RPTFE (le mat\u00e9riau du joint de si\u00e8ge peut \u00eatre d\u00e9cid\u00e9 \u00e0 la demande du client ou en fonction de l&#039;\u00e9tat du fluide et de la temp\u00e9rature de la vanne).<br \/>\nConception antistatique et API 607 Fire Safe<br \/>\nConception disponible Fonctionnement\u00a0: Volant, roue \u00e0 vis sans fin, actionneur pneumatique et actionneur \u00e9lectrique.<\/p>","protected":false},"featured_media":18138,"template":"","meta":{"advanced_seo_description":"","jetpack_seo_html_title":"","jetpack_seo_noindex":false},"product_brand":[],"product_cat":[83],"product_tag":[196,197,195,198],"class_list":{"0":"post-18137","1":"product","2":"type-product","3":"status-publish","4":"has-post-thumbnail","6":"product_cat-ball-valves","7":"product_tag-150lb-317l-ball-valve","8":"product_tag-2-inch-317l-ball-valve","9":"product_tag-317l-ball-valve","10":"product_tag-flange-end-317l-ball-valve","12":"first","13":"instock","14":"shipping-taxable","15":"product-type-simple"},"jetpack_sharing_enabled":true,"_links":{"self":[{"href":"https:\/\/oudianvalve.com\/fr\/wp-json\/wp\/v2\/product\/18137","targetHints":{"allow":["GET"]}}],"collection":[{"href":"https:\/\/oudianvalve.com\/fr\/wp-json\/wp\/v2\/product"}],"about":[{"href":"https:\/\/oudianvalve.com\/fr\/wp-json\/wp\/v2\/types\/product"}],"wp:featuredmedia":[{"embeddable":true,"href":"https:\/\/oudianvalve.com\/fr\/wp-json\/wp\/v2\/media\/18138"}],"wp:attachment":[{"href":"https:\/\/oudianvalve.com\/fr\/wp-json\/wp\/v2\/media?parent=18137"}],"wp:term":[{"taxonomy":"product_brand","embeddable":true,"href":"https:\/\/oudianvalve.com\/fr\/wp-json\/wp\/v2\/product_brand?post=18137"},{"taxonomy":"product_cat","embeddable":true,"href":"https:\/\/oudianvalve.com\/fr\/wp-json\/wp\/v2\/product_cat?post=18137"},{"taxonomy":"product_tag","embeddable":true,"href":"https:\/\/oudianvalve.com\/fr\/wp-json\/wp\/v2\/product_tag?post=18137"}],"curies":[{"name":"wp","href":"https:\/\/api.w.org\/{rel}","templated":true}]}}