{"id":18135,"date":"2023-06-21T02:12:01","date_gmt":"2023-06-21T02:12:01","guid":{"rendered":"https:\/\/oudianvalve.com\/?post_type=product&#038;p=18135"},"modified":"2023-06-21T02:12:02","modified_gmt":"2023-06-21T02:12:02","slug":"2pc-2520-310s-ball-valve150lb-3-inch-rf-end","status":"publish","type":"product","link":"https:\/\/oudianvalve.com\/fr\/products\/ball-valves\/2pc-2520-310s-ball-valve150lb-3-inch-rf-end\/","title":{"rendered":"Vanne \u00e0 bille 2 pi\u00e8ces 2520 310S, 150LB, 3 pouces, extr\u00e9mit\u00e9 RF"},"content":{"rendered":"<p>Norme de conception et de fabrication\u00a0: API 6D, API 608, BS 5351\/DIN3357\/JIS B2071<\/p>\n<p>Norme de pression et de temp\u00e9rature\u00a0: ASME B16.34\/DIN3230<\/p>\n<p>Norme de dimension face \u00e0 face\u00a0: ASME B16.10\/DIN3202\/JIS B2002<\/p>\n<p>Norme de bride\u00a0: ASME B16.5, ASME B16.47\/DIN2543-2545-2501\/JIS B2220<\/p>\n<p>Norme de test et d&#039;inspection\u00a0: API 598, API 6D\/DIN2401\/JIS B2003.<\/p>\n<p>Taille : 1\/2&quot;-10&quot; (DN15~DN250)<\/p>\n<p>Pression nominale : 150LB-600LB\/PN16~PN100\/10K~60K)<\/p>\n<p>Mat\u00e9riau principal du robinet \u00e0 tournant sph\u00e9rique en acier inoxydable 310S\u00a0:<br \/>\nCF8, CF3, CF8M, CF3M, CG8M, CG3M, CF8C, CK20304, 304, 316, 316L, 316Ti, 317, 317L, 310, 310S<br \/>\nF304, F304, F316, F316L, F316Ti, F317, F317L, F310, F310S<\/p>\n<p>Le principe de fonctionnement du robinet \u00e0 tournant sph\u00e9rique 2520 consiste \u00e0 faire tourner la tige de la vanne pour rendre la vanne d\u00e9gag\u00e9e ou bloqu\u00e9e. Le commutateur \u00e0 robinet \u00e0 tournant sph\u00e9rique 2520 est l\u00e9ger, de petite taille et peut \u00eatre transform\u00e9 en un grand diam\u00e8tre. Il pr\u00e9sente des performances d&#039;\u00e9tanch\u00e9it\u00e9 fiables, une structure simple et un entretien pratique. La surface d&#039;\u00e9tanch\u00e9it\u00e9 et la surface sph\u00e9rique sont souvent dans un \u00e9tat ferm\u00e9 et ne sont pas facilement \u00e9rod\u00e9es par les fluides. La vanne 2520 produite par Oudian Valve est largement utilis\u00e9e dans diverses industries.<\/p>\n<p>1. Marque japonaise\u00a0: 0Cr25Ni20 (GB\/T3280-1992)<br \/>\nNouvelle marque\u00a0: 06Cr25Ni20 (GB\/T20878-2007)<br \/>\nCode num\u00e9rique de l&#039;unification chinoise\u00a0: S31008 (GB\/T20878-2007)<br \/>\nNorme am\u00e9ricaine (ASTM) : 310S<br \/>\nNorme am\u00e9ricaine (UNS) : S31008<br \/>\nNorme cor\u00e9enne (KS) : STS310S<br \/>\nNorme de l&#039;Union europ\u00e9enne (BS EN)\u00a0: 148452520 Le robinet \u00e0 tournant sph\u00e9rique (310S) est en acier inoxydable au chrome-nickel aust\u00e9nitique avec une excellente r\u00e9sistance \u00e0 l&#039;oxydation et \u00e0 la corrosion. En raison de sa teneur \u00e9lev\u00e9e en chrome et en nickel, il pr\u00e9sente une r\u00e9sistance au fluage \u00e0 haute temp\u00e9rature et peut fonctionner en continu \u00e0 des temp\u00e9ratures \u00e9lev\u00e9es, avec une bonne r\u00e9sistance aux temp\u00e9ratures \u00e9lev\u00e9es.<\/p>\n<p>2\uff1aComposition chimique<br \/>\nC : \u2264 0,08, Si : \u2264 1,500, Mn : \u2264 2,00, P : \u2264 0,035, S : \u2264 0,030, Ni : \u2264 19,00-22,00, Cr : \u2264 24,00-26,00<br \/>\nR\u00e9sistance \u00e0 la traction\uff08 \u0431 b) (Mpa) : \u2265 520 limite d&#039;\u00e9lasticit\u00e9\uff08 \u03c3 s) (Mpa) : \u2265 205 r\u00e9duction de surface\uff08 \u03c8)% :\u2265 cinquante<br \/>\nPropri\u00e9t\u00e9s m\u00e9caniques \u00f3 b (MPa) \u2265 520, \u00f3 0,2 (MPa) \u2265 205, \u03b4 5 (%) \u2265 40, \u03a8 (%) \u2265 50, HB \u2264 187, capable de r\u00e9sister \u00e0 des temp\u00e9ratures \u00e9lev\u00e9es sup\u00e9rieures \u00e0 1150 \u2103. Point de fusion entre 1398 \u2103~1454 \u2103<\/p>\n<p>Robinet \u00e0 tournant sph\u00e9rique 3.2520 310s d\u00fb au nickel NN (avec une teneur \u00e9lev\u00e9e en Cn, il pr\u00e9sente une bonne r\u00e9sistance \u00e0 l&#039;oxydation, une bonne r\u00e9sistance \u00e0 la corrosion, une r\u00e9sistance aux acides et une r\u00e9sistance aux temp\u00e9ratures \u00e9lev\u00e9es. Les tuyaux en acier r\u00e9sistant aux hautes temp\u00e9ratures sont sp\u00e9cialement utilis\u00e9s pour la fabrication de tubes de fours \u00e9lectriques et d&#039;autres occasions. Apr\u00e8s le La teneur en carbone est augment\u00e9e dans l&#039;acier inoxydable aust\u00e9nitique, sa r\u00e9sistance est am\u00e9lior\u00e9e gr\u00e2ce \u00e0 son effet de renforcement de solution solide. La composition chimique de l&#039;acier inoxydable aust\u00e9nitique est caract\u00e9ris\u00e9e par l&#039;ajout d&#039;\u00e9l\u00e9ments tels que l&#039;argent, le tungst\u00e8ne, l&#039;argent et le fer \u00e0 base de chrome et de nickel. La structure est cubique \u00e0 face centr\u00e9e, elle a une r\u00e9sistance et une r\u00e9sistance au fluage \u00e0 haute temp\u00e9rature. Les mat\u00e9riaux en acier inoxydable 2520 comprennent une plaque en acier inoxydable 2520, une tige en acier inoxydable 2520 et un tuyau en acier inoxydable 2520.<\/p>\n<p>Robinet \u00e0 boisseau sph\u00e9rique flottant en acier inoxydable 4.310S 2520 Caract\u00e9ristiques mat\u00e9rielles\u00a0:<\/p>\n<p>Mat\u00e9riau du robinet \u00e0 tournant sph\u00e9rique flottant en acier inoxydable 310S 2520 L&#039;acier inoxydable 310S 2520 appartient \u00e0 la s\u00e9rie 25CR-20NI d&#039;acier inoxydable fortement alli\u00e9, la r\u00e9sistance \u00e0 l&#039;oxydation \u00e0 haute temp\u00e9rature est excellente, adapt\u00e9e \u00e0 la fabrication de divers composants de four, max. haute temp\u00e9rature 1200 \u2103, temp\u00e9rature d&#039;utilisation continue 1150 \u2103. Le robinet \u00e0 tournant sph\u00e9rique flottant en acier inoxydable 310S 2520 est utilis\u00e9 pour les fours, les mat\u00e9riaux pour les usines de purification d&#039;automobiles. L&#039;acier inoxydable 310S est un acier inoxydable aust\u00e9nitique au chrome-nickel avec une bonne r\u00e9sistance \u00e0 l&#039;oxydation et \u00e0 la corrosion, en raison du pourcentage plus \u00e9lev\u00e9 de chrome et de nickel, il a beaucoup mieux r\u00e9sistance au fluage, peut continuer \u00e0 fonctionner \u00e0 des temp\u00e9ratures \u00e9lev\u00e9es, a une bonne r\u00e9sistance aux temp\u00e9ratures \u00e9lev\u00e9es. La teneur en nickel (Ni), en chrome (Cr) est \u00e9lev\u00e9e, a une bonne r\u00e9sistance \u00e0 l&#039;oxydation et \u00e0 la corrosion, \u00e0 la r\u00e9sistance aux acides et aux alcalis, aux performances \u00e0 haute temp\u00e9rature, \u00e0 haute temp\u00e9rature le tuyau en acier r\u00e9sistant est d\u00e9di\u00e9 aux occasions de fabrication telles que les tubes de four de chauffage \u00e9lectrique, l&#039;acier inoxydable apr\u00e8s l&#039;augmentation de la teneur en carbone dans la taille de l&#039;aust\u00e9nite, en raison de son effet de renforcement de solution solide, la force a \u00e9t\u00e9 am\u00e9lior\u00e9e, la composition chimique des caract\u00e9ristiques de la taille de l&#039;aust\u00e9nite en acier inoxydable est bas\u00e9e sur \u00e9l\u00e9ments de chrome, de nickel, d&#039;ajout, de tungst\u00e8ne-molybd\u00e8ne, de niobium et de titane, en raison de son organisation est une structure cubique \u00e0 faces centr\u00e9es, a donc une r\u00e9sistance \u00e9lev\u00e9e et une r\u00e9sistance au fluage \u00e0 haute temp\u00e9rature.<\/p>\n<p>&nbsp;<\/p>\n<p>&nbsp;<\/p>","protected":false},"excerpt":{"rendered":"<p>Le robinet \u00e0 tournant sph\u00e9rique 2520 310S est un acier inoxydable fortement alli\u00e9 de la s\u00e9rie 25Cr-20Ni, qui pr\u00e9sente une r\u00e9sistance \u00e0 l&#039;oxydation \u00e0 haute temp\u00e9rature et convient aux composants r\u00e9sistants \u00e0 la chaleur en dessous de 1 000 \u00b0C.<br \/>\nCaract\u00e9ristiques:<br \/>\n1) R\u00e9sistance \u00e0 l&#039;oxydation \u00e0 haute temp\u00e9rature<br \/>\n2) La plage de temp\u00e9rature d&#039;utilisation est tr\u00e8s large (inf\u00e9rieure \u00e0 1000\u00b0C) ;<br \/>\n3) \u00c9tat de solution solide sans magn\u00e9tisme<br \/>\n4) R\u00e9sistance \u00e0 haute temp\u00e9rature.<br \/>\nChamp d&#039;application des vannes \u00e0 bille 2520\u00a0: vannes, brides, raccords de tuyauterie, fours de traitement thermique, \u00e9changeurs de chaleur, incin\u00e9rateurs et autres types d&#039;acier n\u00e9cessitant une r\u00e9sistance \u00e0 la chaleur et pi\u00e8ces de contact haute\/haute temp\u00e9rature<\/p>\n<p>Bille flottante, passage int\u00e9gral ou passage r\u00e9duit.<br \/>\nSupport de montage ISO5211 en option.<br \/>\nConception de tige anti-\u00e9ruption.<br \/>\nJoint de si\u00e8ge en PTFE\/RPTFE (le mat\u00e9riau du joint de si\u00e8ge peut \u00eatre d\u00e9cid\u00e9 \u00e0 la demande du client ou en fonction de l&#039;\u00e9tat du fluide et de la temp\u00e9rature de la vanne).<br \/>\nConception antistatique et API 607 Fire Safe<br \/>\nConception disponible Fonctionnement\u00a0: Volant, roue \u00e0 vis sans fin, actionneur pneumatique et actionneur \u00e9lectrique.<\/p>","protected":false},"featured_media":18136,"template":"","meta":{"advanced_seo_description":"","jetpack_seo_html_title":"","jetpack_seo_noindex":false},"product_brand":[],"product_cat":[83],"product_tag":[192,191,193,194],"class_list":{"0":"post-18135","1":"product","2":"type-product","3":"status-publish","4":"has-post-thumbnail","6":"product_cat-ball-valves","7":"product_tag-150lb-310s-ball-valve","8":"product_tag-2pc-2520-310s-ball-valve","9":"product_tag-3-inch-310s-ball-valve","10":"product_tag-rf-end-310s-ball-valve","12":"first","13":"instock","14":"shipping-taxable","15":"product-type-simple"},"jetpack_sharing_enabled":true,"_links":{"self":[{"href":"https:\/\/oudianvalve.com\/fr\/wp-json\/wp\/v2\/product\/18135","targetHints":{"allow":["GET"]}}],"collection":[{"href":"https:\/\/oudianvalve.com\/fr\/wp-json\/wp\/v2\/product"}],"about":[{"href":"https:\/\/oudianvalve.com\/fr\/wp-json\/wp\/v2\/types\/product"}],"wp:featuredmedia":[{"embeddable":true,"href":"https:\/\/oudianvalve.com\/fr\/wp-json\/wp\/v2\/media\/18136"}],"wp:attachment":[{"href":"https:\/\/oudianvalve.com\/fr\/wp-json\/wp\/v2\/media?parent=18135"}],"wp:term":[{"taxonomy":"product_brand","embeddable":true,"href":"https:\/\/oudianvalve.com\/fr\/wp-json\/wp\/v2\/product_brand?post=18135"},{"taxonomy":"product_cat","embeddable":true,"href":"https:\/\/oudianvalve.com\/fr\/wp-json\/wp\/v2\/product_cat?post=18135"},{"taxonomy":"product_tag","embeddable":true,"href":"https:\/\/oudianvalve.com\/fr\/wp-json\/wp\/v2\/product_tag?post=18135"}],"curies":[{"name":"wp","href":"https:\/\/api.w.org\/{rel}","templated":true}]}}