{"id":18130,"date":"2023-06-21T01:23:56","date_gmt":"2023-06-21T01:23:56","guid":{"rendered":"https:\/\/oudianvalve.com\/?post_type=product&#038;p=18130"},"modified":"2023-06-21T01:28:42","modified_gmt":"2023-06-21T01:28:42","slug":"duplex-2205-ball-valve150lb6-inchflange-end","status":"publish","type":"product","link":"https:\/\/oudianvalve.com\/fr\/products\/ball-valves\/duplex-2205-ball-valve150lb6-inchflange-end\/","title":{"rendered":"Robinet \u00e0 bille Duplex 2205, 150 LB, 6 pouces, extr\u00e9mit\u00e9 \u00e0 bride"},"content":{"rendered":"<p>Norme de conception et de fabrication\u00a0: API 6D, API 608, BS 5351\/DIN3357\/JIS B2071<\/p>\n<p>Norme de pression et de temp\u00e9rature\u00a0: ASME B16.34\/DIN3230<\/p>\n<p>Norme de dimension face \u00e0 face\u00a0: ASME B16.10\/DIN3202\/JIS B2002<\/p>\n<p>Norme de bride\u00a0: ASME B16.5, ASME B16.47\/DIN2543-2545-2501\/JIS B2220<\/p>\n<p>Norme de test et d&#039;inspection\u00a0: API 598, API 6D\/DIN2401\/JIS B2003.<\/p>\n<p>Taille : 1\/2&quot;-10&quot; (DN15~DN250)<\/p>\n<p>Pression nominale : 150LB-600LB\/PN16~PN100\/10K~60K)<\/p>\n<p>Mat\u00e9riau\u00a0: Duplex S31803, Super Duplex S32750, Super Duplex S327601A, 2A, 3A, 4A, 5A, 6A, 1B, 1C, CD4MCu, CD4MCuN, CD3MCuN, CE8MN, CD6MN, CD3MN, CE3MN, CD3MWCuNF51, F53, F55, F60.<\/p>\n<p>Temp\u00e9rature appropri\u00e9e : -196 \u00b0C ~ 450 \u00b0C (diff\u00e9rentes temp\u00e9ratures choisissent diff\u00e9rents mat\u00e9riaux).<\/p>\n<p>Milieu appropri\u00e9\u00a0: eau, vapeur, p\u00e9trole et gaz naturel, etc.<\/p>\n<p>Le robinet \u00e0 tournant sph\u00e9rique scell\u00e9 dur 2205 adopte une structure excentrique. Pendant le processus de fermeture, le rapport de pression d&#039;\u00e9tanch\u00e9it\u00e9 entre le si\u00e8ge de vanne et la bille augmente rapidement, garantissant ainsi une \u00e9tanch\u00e9it\u00e9 fiable de la paire d&#039;\u00e9tanch\u00e9it\u00e9. Lorsque la vanne est ouverte, le si\u00e8ge de vanne et la bille peuvent se d\u00e9tacher rapidement, r\u00e9duisant ainsi efficacement le couple de fonctionnement et minimisant la possibilit\u00e9 de contr\u00f4le des dommages entre la surface du si\u00e8ge de vanne et la surface sph\u00e9rique. Le robinet \u00e0 tournant sph\u00e9rique scell\u00e9 dur 2205 adopte une structure de chargement \u00e9lastique, assurant le contact entre la surface d&#039;\u00e9tanch\u00e9it\u00e9 de la surface sph\u00e9rique et le joint de si\u00e8ge large dans des conditions de fermeture normales. Dans des conditions de temp\u00e9rature \u00e9lev\u00e9e, il peut compenser efficacement la dilatation thermique des composants internes, \u00e9viter les blocages caus\u00e9s par la temp\u00e9rature \u00e9lev\u00e9e et convient aux applications \u00e0 haute temp\u00e9rature de ports de petite et moyenne taille.<br \/>\nLa surface sph\u00e9rique du robinet \u00e0 tournant sph\u00e9rique scell\u00e9 dur 2205 adopte un traitement de durcissement sp\u00e9cial et le si\u00e8ge de vanne est constitu\u00e9 de mat\u00e9riaux durs sp\u00e9ciaux ou de mat\u00e9riaux durs empil\u00e9s localement pour assurer une diff\u00e9rence de duret\u00e9 appropri\u00e9e entre les paires d&#039;\u00e9tanch\u00e9it\u00e9. En plus du traitement de surface sp\u00e9cial sur la surface de la bille et du si\u00e8ge de vanne, la vanne \u00e0 bille \u00e0 \u00e9tanch\u00e9it\u00e9 dure 2205 utilise du graphite flexible, des joints enroul\u00e9s en m\u00e9tal, etc. dans d&#039;autres mat\u00e9riaux d&#039;\u00e9tanch\u00e9it\u00e9, ce qui la rend adapt\u00e9e aux conditions de temp\u00e9rature et de pression \u00e9lev\u00e9es et poss\u00e8de un fonction de combustion ignifuge.<br \/>\nLe robinet \u00e0 tournant sph\u00e9rique scell\u00e9 dur 2205 a une bonne r\u00e9sistance aux milieux contenant des \u00e9l\u00e9ments CL tels que l&#039;eau de mer, le chlorure, etc. Il s&#039;agit d&#039;un acier inoxydable duplex compos\u00e9 de chrome 22%, d&#039;alliage d&#039;azote 2,5% et 4,5%. Il pr\u00e9sente une r\u00e9sistance \u00e9lev\u00e9e, une bonne t\u00e9nacit\u00e9 aux chocs et une bonne r\u00e9sistance globale et locale \u00e0 la corrosion sous contrainte.<\/p>\n<p>Robinet \u00e0 bille Duplex 2205 Composants principaux : 22C-5 3N-3 2M0-0 16N : Normes nationales : NAS 329J3L UNS S32205S31803 DINEN 1 4462 ASTM A240 ASME SA-240 ; Propri\u00e9t\u00e9s m\u00e9caniques : r\u00e9sistance \u00e0 la traction : b2640Mpa ; Taux d&#039;allongement\u00a0: 225%\u00a0; Conditions de fonctionnement typiques\u00a0: acide dilu\u00e9 20%, inf\u00e9rieur \u00e0 60, taux de corrosion annuel &lt;0,1\u00a0mm\u00a0; Fil de soudure supportant : ER2209. Cs0,030 Mn&lt;2,00 Si1,00 ps0,030 SS0,020 r 22,0 23,0 Ni 4,5 6,5 M3,0~3,5 N0,140,20 (type ferrite aust\u00e9nite)<\/p>\n<p>Robinet \u00e0 tournant sph\u00e9rique duplex 2205<br \/>\nPr\u00e9sentation des donn\u00e9es\u00a0:<br \/>\n\u00c9galement connu sous le nom de robinet \u00e0 tournant sph\u00e9rique en mat\u00e9riau 4A, il pr\u00e9sente une excellente r\u00e9sistance \u00e0 la corrosion. Il s&#039;agit d&#039;un interrupteur manuel, d&#039;un robinet \u00e0 tournant sph\u00e9rique \u00e0 bride flottante, en PTFE scell\u00e9 et fabriqu\u00e9 en acier biphas\u00e9 2205. Il peut \u00eatre utilis\u00e9 dans des milieux solvants acides, avec une pression de PN16-25, une classe 150LB ~ 300LB et un diam\u00e8tre de DN15-DN100. Il est principalement utilis\u00e9 dans les industries de l\u2019\u00e9nergie, du p\u00e9trole, de la chimie, du gaz et autres.<br \/>\nIl joue un r\u00f4le dans la coupe et le raccordement des canalisations, et le d\u00e9bit des vannes \u00e0 bille est \u00e9lev\u00e9<\/p>\n<p>3\u3001 Caract\u00e9ristiques du robinet \u00e0 tournant sph\u00e9rique Duplex 2205<br \/>\n1. Structure simple, poids l\u00e9ger et faible r\u00e9sistance \u00e0 l&#039;\u00e9coulement<br \/>\n2. Adopter des mat\u00e9riaux d&#039;\u00e9tanch\u00e9it\u00e9 en plastique industriel ou des mat\u00e9riaux d&#039;\u00e9tanch\u00e9it\u00e9 durs, avec de bonnes performances d&#039;\u00e9tanch\u00e9it\u00e9.<br \/>\n3. Op\u00e9ration simple, ouverture et fermeture rapides et longue dur\u00e9e de vie<br \/>\n4. Lorsque la structure du robinet \u00e0 tournant sph\u00e9rique est compl\u00e8tement ouverte ou compl\u00e8tement ferm\u00e9e, le si\u00e8ge de la vanne est scell\u00e9 et isol\u00e9 du fluide, ce qui le rend moins sensible \u00e0 la corrosion du fluide ou aux dommages caus\u00e9s par le frottement.<br \/>\n5. structure de rappel \u00e0 ressort, conception raisonnable et grande praticit\u00e9.<\/p>\n<p>&nbsp;<\/p>","protected":false},"excerpt":{"rendered":"<p>Le robinet \u00e0 tournant sph\u00e9rique en acier inoxydable duplex en alliage 2205 pr\u00e9sente une excellente r\u00e9sistance \u00e0 la fissuration par corrosion sous contrainte et une r\u00e9sistance utile aux piq\u00fbres. Il a une limite d&#039;\u00e9lasticit\u00e9 \u00e9lev\u00e9e qui peut \u00eatre g\u00e9n\u00e9ralement sup\u00e9rieure \u00e0 celle de l&#039;acier inoxydable aust\u00e9nitique conventionnel de 25% \u00e0 50%.<\/p>\n<p>Bille flottante, passage int\u00e9gral ou passage r\u00e9duit.<br \/>\nSupport de montage ISO5211 en option.<br \/>\nConception de tige anti-\u00e9ruption.<br \/>\nJoint de si\u00e8ge en PTFE\/RPTFE (le mat\u00e9riau du joint de si\u00e8ge peut \u00eatre d\u00e9cid\u00e9 \u00e0 la demande du client ou en fonction de l&#039;\u00e9tat du fluide et de la temp\u00e9rature de la vanne).<br \/>\nConception antistatique et API 607 Fire Safe<br \/>\nConception disponible Fonctionnement\u00a0: Volant, roue \u00e0 vis sans fin, actionneur pneumatique et actionneur \u00e9lectrique.<\/p>","protected":false},"featured_media":18131,"template":"","meta":{"advanced_seo_description":"","jetpack_seo_html_title":"","jetpack_seo_noindex":false},"product_brand":[],"product_cat":[83],"product_tag":[188,189,187,190],"class_list":{"0":"post-18130","1":"product","2":"type-product","3":"status-publish","4":"has-post-thumbnail","6":"product_cat-ball-valves","7":"product_tag-150lb-duplex-2205-ball-valve","8":"product_tag-6-inch-duplex-2205-ball-valve","9":"product_tag-duplex-2205-ball-valve","10":"product_tag-flange-end-duplex-2205-ball-valve","12":"first","13":"instock","14":"shipping-taxable","15":"product-type-simple"},"jetpack_sharing_enabled":true,"_links":{"self":[{"href":"https:\/\/oudianvalve.com\/fr\/wp-json\/wp\/v2\/product\/18130","targetHints":{"allow":["GET"]}}],"collection":[{"href":"https:\/\/oudianvalve.com\/fr\/wp-json\/wp\/v2\/product"}],"about":[{"href":"https:\/\/oudianvalve.com\/fr\/wp-json\/wp\/v2\/types\/product"}],"wp:featuredmedia":[{"embeddable":true,"href":"https:\/\/oudianvalve.com\/fr\/wp-json\/wp\/v2\/media\/18131"}],"wp:attachment":[{"href":"https:\/\/oudianvalve.com\/fr\/wp-json\/wp\/v2\/media?parent=18130"}],"wp:term":[{"taxonomy":"product_brand","embeddable":true,"href":"https:\/\/oudianvalve.com\/fr\/wp-json\/wp\/v2\/product_brand?post=18130"},{"taxonomy":"product_cat","embeddable":true,"href":"https:\/\/oudianvalve.com\/fr\/wp-json\/wp\/v2\/product_cat?post=18130"},{"taxonomy":"product_tag","embeddable":true,"href":"https:\/\/oudianvalve.com\/fr\/wp-json\/wp\/v2\/product_tag?post=18130"}],"curies":[{"name":"wp","href":"https:\/\/api.w.org\/{rel}","templated":true}]}}