{"id":18128,"date":"2023-06-21T01:01:55","date_gmt":"2023-06-21T01:01:55","guid":{"rendered":"https:\/\/oudianvalve.com\/?post_type=product&#038;p=18128"},"modified":"2023-06-21T01:01:55","modified_gmt":"2023-06-21T01:01:55","slug":"astm-a890-gr-ce3mn-ball-valve-50lb-1-inch-flange-end","status":"publish","type":"product","link":"https:\/\/oudianvalve.com\/fr\/products\/ball-valves\/astm-a890-gr-ce3mn-ball-valve-50lb-1-inch-flange-end\/","title":{"rendered":"Robinet \u00e0 tournant sph\u00e9rique ASTM A890 GR.CE3MN, 150 LB, 1 pouce, extr\u00e9mit\u00e9 \u00e0 bride"},"content":{"rendered":"<p>Norme de conception et de fabrication\u00a0: API 6D, API 608, BS 5351\/DIN3357\/JIS B2071<\/p>\n<p>Norme de pression et de temp\u00e9rature\u00a0: ASME B16.34\/DIN3230<\/p>\n<p>Norme de dimension face \u00e0 face\u00a0: ASME B16.10\/DIN3202\/JIS B2002<\/p>\n<p>Norme de bride\u00a0: ASME B16.5, ASME B16.47\/DIN2543-2545-2501\/JIS B2220<\/p>\n<p>Norme de test et d&#039;inspection\u00a0: API 598, API 6D\/DIN2401\/JIS B2003.<\/p>\n<p>Taille : 1\/2&quot;-10&quot; (DN15~DN250)<\/p>\n<p>Pression nominale : 150LB-600LB\/PN16~PN100\/10K~60K)<\/p>\n<p>Mat\u00e9riau\u00a0: Duplex S31803, Super Duplex S32750, Super Duplex S327601A, 2A, 3A, 4A, 5A, 6A, 1B, 1C, CD4MCu, CD4MCuN, CD3MCuN, CE8MN, CD6MN, CD3MN, CE3MN, CD3MWCuNF51, F53, F55, F60.<\/p>\n<p>Temp\u00e9rature appropri\u00e9e : -196 \u00b0C ~ 450 \u00b0C (diff\u00e9rentes temp\u00e9ratures choisissent diff\u00e9rents mat\u00e9riaux).<\/p>\n<p>Milieu appropri\u00e9\u00a0: eau, vapeur, p\u00e9trole et gaz naturel, etc.<\/p>\n<p>&nbsp;<\/p>\n<p>Les composants du robinet \u00e0 tournant sph\u00e9rique standard am\u00e9ricain CE3MN et du corps du robinet \u00e0 tournant sph\u00e9rique en acier inoxydable duplex sont int\u00e9gralement moul\u00e9s \u00e0 l&#039;aide de pi\u00e8ces moul\u00e9es telles que l&#039;acier duplex SAF2507 ou ASTMA995 GRADE 5ACE3MN, ou sont int\u00e9gralement forg\u00e9s \u00e0 l&#039;aide de mat\u00e9riaux forg\u00e9s tels que F50, F51, F53, F55, F60, et F61 de ASTMA182 (American Society for Testing and Materials). Le robinet \u00e0 tournant sph\u00e9rique standard am\u00e9ricain en acier duplex 5A est particuli\u00e8rement adapt\u00e9 aux environnements moyens tels que l&#039;eau de mer, avec une teneur \u00e9lev\u00e9e en ions chlorure et en sulfure, utilis\u00e9 dans des conditions relativement difficiles. L&#039;acier super biphas\u00e9 5A combine les avantages de la ferrite et de l&#039;acier inoxydable aust\u00e9nitique, poss\u00e9dant une r\u00e9sistance m\u00e9canique \u00e9lev\u00e9e et une excellente r\u00e9sistance \u00e0 la corrosion, ainsi qu&#039;une superplasticit\u00e9, une t\u00e9nacit\u00e9 \u00e9lev\u00e9e et une r\u00e9sistance \u00e9lev\u00e9e. Il convient non seulement \u00e0 une utilisation dans des environnements dangereux o\u00f9 se produisent la corrosion intergranulaire, la corrosion caverneuse, la corrosion par piq\u00fbres et la fissuration par corrosion sous contrainte, mais il est \u00e9galement appliqu\u00e9 dans des domaines tels que les syst\u00e8mes de refroidissement \u00e9lectriques \u00e0 l&#039;eau de mer, le p\u00e9trole et le gaz, la p\u00e9trochimie, la chimie, la fabrication du papier, et syst\u00e8mes d&#039;eau de mer Dans les domaines du traitement des eaux us\u00e9es, des navires de transport de produits chimiques, des ol\u00e9oducs et gazoducs et des domaines connexes.<\/p>\n<p>Concernant le mat\u00e9riau en acier biphas\u00e9 du robinet \u00e0 tournant sph\u00e9rique CE3MN\u00a0:<br \/>\nNum\u00e9ro de mat\u00e9riau : A890 5A (25Cr-7Ni Mo-N), norme : ASTM A890, alias : CE3MN\/J93404CE3MN, composition chimique : carbone C : 0,03 ; Silicium Si : 1,00 ; Mn : 1,50 : phosphore P :. 040 S : 0,040 : Cr : 24,00-26,00 : argent Mo : 4,00-5,00 : nickel Ni : 6,00-8,00 ; Cuivre Cu : \u2013 ; Azote N\u00a0: 0,10-0,30\u00a0;<\/p>","protected":false},"excerpt":{"rendered":"<p>Bille flottante, passage int\u00e9gral ou passage r\u00e9duit.<br \/>\nSupport de montage ISO5211 en option.<br \/>\nConception de tige anti-\u00e9ruption.<br \/>\nJoint de si\u00e8ge en PTFE\/RPTFE (le mat\u00e9riau du joint de si\u00e8ge peut \u00eatre d\u00e9cid\u00e9 \u00e0 la demande du client ou en fonction de l&#039;\u00e9tat du fluide et de la temp\u00e9rature de la vanne).<br \/>\nConception antistatique et API 607 Fire Safe<br \/>\nConception disponible Fonctionnement\u00a0: Volant, roue \u00e0 vis sans fin, actionneur pneumatique et actionneur \u00e9lectrique.<\/p>","protected":false},"featured_media":18129,"template":"","meta":{"advanced_seo_description":"","jetpack_seo_html_title":"","jetpack_seo_noindex":false},"product_brand":[],"product_cat":[83],"product_tag":[186,184,183,182,185],"class_list":{"0":"post-18128","1":"product","2":"type-product","3":"status-publish","4":"has-post-thumbnail","6":"product_cat-ball-valves","7":"product_tag-1-inch-a890-gr-ce3mn-ball-valve","8":"product_tag-150lb-5a-ball-valve","9":"product_tag-150lb-a890-gr-ce3mn-ball-valve","10":"product_tag-a890-gr-ce3mn-ball-valve","11":"product_tag-flange-end-a890-gr-ce3mn-ball-valve","13":"first","14":"instock","15":"shipping-taxable","16":"product-type-simple"},"jetpack_sharing_enabled":true,"_links":{"self":[{"href":"https:\/\/oudianvalve.com\/fr\/wp-json\/wp\/v2\/product\/18128","targetHints":{"allow":["GET"]}}],"collection":[{"href":"https:\/\/oudianvalve.com\/fr\/wp-json\/wp\/v2\/product"}],"about":[{"href":"https:\/\/oudianvalve.com\/fr\/wp-json\/wp\/v2\/types\/product"}],"wp:featuredmedia":[{"embeddable":true,"href":"https:\/\/oudianvalve.com\/fr\/wp-json\/wp\/v2\/media\/18129"}],"wp:attachment":[{"href":"https:\/\/oudianvalve.com\/fr\/wp-json\/wp\/v2\/media?parent=18128"}],"wp:term":[{"taxonomy":"product_brand","embeddable":true,"href":"https:\/\/oudianvalve.com\/fr\/wp-json\/wp\/v2\/product_brand?post=18128"},{"taxonomy":"product_cat","embeddable":true,"href":"https:\/\/oudianvalve.com\/fr\/wp-json\/wp\/v2\/product_cat?post=18128"},{"taxonomy":"product_tag","embeddable":true,"href":"https:\/\/oudianvalve.com\/fr\/wp-json\/wp\/v2\/product_tag?post=18128"}],"curies":[{"name":"wp","href":"https:\/\/api.w.org\/{rel}","templated":true}]}}