{"id":18120,"date":"2023-06-20T07:44:26","date_gmt":"2023-06-20T07:44:26","guid":{"rendered":"https:\/\/oudianvalve.com\/?post_type=product&#038;p=18120"},"modified":"2023-06-21T01:30:11","modified_gmt":"2023-06-21T01:30:11","slug":"duplex-2507-ball-valve-pn63-dn80-flange-end","status":"publish","type":"product","link":"https:\/\/oudianvalve.com\/fr\/products\/ball-valves\/duplex-2507-ball-valve-pn63-dn80-flange-end\/","title":{"rendered":"Robinet \u00e0 tournant sph\u00e9rique duplex 2507, PN63, DN80, extr\u00e9mit\u00e9 \u00e0 bride"},"content":{"rendered":"<p>Norme de conception et de fabrication\u00a0: API 6D, API 608, BS 5351\/DIN3357\/JIS B2071<\/p>\n<p>Norme de pression et de temp\u00e9rature\u00a0: ASME B16.34\/DIN3230<\/p>\n<p>Norme de dimension face \u00e0 face\u00a0: ASME B16.10\/DIN3202\/JIS B2002<\/p>\n<p>Norme de bride\u00a0: ASME B16.5, ASME B16.47\/DIN2543-2545-2501\/JIS B2220<\/p>\n<p>Norme de test et d&#039;inspection\u00a0: API 598, API 6D\/DIN2401\/JIS B2003.<\/p>\n<p>Taille : 1\/2&quot;-10&quot; (DN15~DN250)<\/p>\n<p>Pression nominale : 150LB-600LB\/PN16~PN100\/10K~60K)<\/p>\n<p>Mat\u00e9riau\u00a0: Duplex S31803, Super Duplex S32750, Super Duplex S327601A, 2A, 3A, 4A, 5A, 6A, 1B, 1C, CD4MCu, CD4MCuN, CD3MCuN, CE8MN, CD6MN, CD3MN, CE3MN, CD3MWCuNF51, F53, F55, F60.<\/p>\n<p>Temp\u00e9rature appropri\u00e9e : -196 \u00b0C ~ 450 \u00b0C (diff\u00e9rentes temp\u00e9ratures choisissent diff\u00e9rents mat\u00e9riaux).<\/p>\n<p>Milieu appropri\u00e9\u00a0: eau, vapeur, p\u00e9trole et gaz naturel, etc.<\/p>\n<p>&nbsp;<\/p>\n<p>Pr\u00e9sentation du produit du robinet \u00e0 tournant sph\u00e9rique \u00e0 joint dur Duplex 2507\u00a0:<\/p>\n<p>Le robinet \u00e0 tournant sph\u00e9rique \u00e0 \u00e9tanch\u00e9it\u00e9 dure Duplex 2507 adopte une structure d&#039;\u00e9tanch\u00e9it\u00e9 \u00e0 bille et m\u00e9tal sur m\u00e9tal, et adopte une structure d&#039;\u00e9tanch\u00e9it\u00e9 \u00e0 chargement \u00e9lastique. Dans des conditions normales d&#039;ouverture et de fermeture, il assure un contact efficace entre la surface d&#039;\u00e9tanch\u00e9it\u00e9 de la bille et le joint du si\u00e8ge de vanne, d\u00e9passant ainsi les limites des basses temp\u00e9ratures et l&#039;utilisation inappropri\u00e9e de m\u00e9dias granulaires dans les vannes \u00e0 bille \u00e0 \u00e9tanch\u00e9it\u00e9 souple. Dans des conditions de temp\u00e9rature \u00e9lev\u00e9e, il peut efficacement emp\u00eacher les composants internes d&#039;\u00eatre bloqu\u00e9s en raison de la dilatation thermique provoqu\u00e9e par une temp\u00e9rature \u00e9lev\u00e9e. Le robinet \u00e0 tournant sph\u00e9rique \u00e0 \u00e9tanch\u00e9it\u00e9 dure en acier biphas\u00e9 2507 adopte un interrupteur manuel et peut \u00e9galement \u00eatre \u00e9quip\u00e9 d&#039;actionneurs pneumatiques ou \u00e9lectriques pour obtenir une t\u00e9l\u00e9commande et une ouverture et une fermeture intelligentes. Le robinet \u00e0 tournant sph\u00e9rique \u00e0 \u00e9tanch\u00e9it\u00e9 dure en acier biphas\u00e9 2507 est scell\u00e9 avec un joint unidirectionnel et ne peut pas \u00eatre install\u00e9 \u00e0 l&#039;envers selon le sens de la fl\u00e8che. La bille d&#039;\u00e9tanch\u00e9it\u00e9 dure en acier biphas\u00e9 2507 pr\u00e9sente une excellente r\u00e9sistance \u00e0 la fissuration par corrosion sous contrainte. Dans l&#039;environnement contenant des ions chlorure, il pr\u00e9sente une plus grande r\u00e9sistance \u00e0 la corrosion sous contrainte que l&#039;acier inoxydable aust\u00e9nitique ordinaire. Par cons\u00e9quent, il est largement utilis\u00e9 dans les syst\u00e8mes industriels contenant des ions CL, tels que le dessalement de l&#039;eau de mer, les syst\u00e8mes d&#039;eau de mer, l&#039;industrie du papier, les syst\u00e8mes de transport de produits chimiques, etc.<\/p>\n<p>Robinet \u00e0 tournant sph\u00e9rique duplex 2507, robinet \u00e0 tournant sph\u00e9rique \u00e0 \u00e9tanch\u00e9it\u00e9 dure, composants principaux\u00a0:<br \/>\nC&lt;0,03, Si0,80, Mns1,2, Cr : 24-26, N : 6-8, S0,02, P0,035, Mo : 3-5, N : 0,24-0,32 6\/MPa : 800-1000 , 60,2\/MPa\u00a0: 2\u00a0550<br \/>\n65\/% : 225, Duret\u00e9 (HV) : 290<br \/>\nNormes nationales ASTM\/ASMEA240 UNS S32750, EURONORM : 1.4410- X2 Cr Ni MoN 25.7.4, AFNOR : Z3 CN 25.06 AZ, DIN\/EN 1.4410<br \/>\nASME SA-240<\/p>","protected":false},"excerpt":{"rendered":"<p>Bille flottante, passage int\u00e9gral ou passage r\u00e9duit.<br \/>\nSupport de montage ISO5211 en option.<br \/>\nConception de tige anti-\u00e9ruption.<br \/>\nJoint de si\u00e8ge en PTFE\/RPTFE (le mat\u00e9riau du joint de si\u00e8ge peut \u00eatre d\u00e9cid\u00e9 \u00e0 la demande du client ou en fonction de l&#039;\u00e9tat du fluide et de la temp\u00e9rature de la vanne).<br \/>\nConception antistatique et API 607 Fire Safe<br \/>\nConception disponible Fonctionnement\u00a0: Volant, roue \u00e0 vis sans fin, actionneur pneumatique et actionneur \u00e9lectrique.<\/p>","protected":false},"featured_media":18121,"template":"","meta":{"advanced_seo_description":"","jetpack_seo_html_title":"","jetpack_seo_noindex":false},"product_brand":[],"product_cat":[83],"product_tag":[180,178,181,179],"class_list":{"0":"post-18120","1":"product","2":"type-product","3":"status-publish","4":"has-post-thumbnail","6":"product_cat-ball-valves","7":"product_tag-dn80-2507-ball-valve","8":"product_tag-duplex-2507-ball-valve","9":"product_tag-flange-end-2507-ball-valve","10":"product_tag-pn63-2507-ball-valve","12":"first","13":"instock","14":"featured","15":"shipping-taxable","16":"product-type-simple"},"jetpack_sharing_enabled":true,"_links":{"self":[{"href":"https:\/\/oudianvalve.com\/fr\/wp-json\/wp\/v2\/product\/18120","targetHints":{"allow":["GET"]}}],"collection":[{"href":"https:\/\/oudianvalve.com\/fr\/wp-json\/wp\/v2\/product"}],"about":[{"href":"https:\/\/oudianvalve.com\/fr\/wp-json\/wp\/v2\/types\/product"}],"wp:featuredmedia":[{"embeddable":true,"href":"https:\/\/oudianvalve.com\/fr\/wp-json\/wp\/v2\/media\/18121"}],"wp:attachment":[{"href":"https:\/\/oudianvalve.com\/fr\/wp-json\/wp\/v2\/media?parent=18120"}],"wp:term":[{"taxonomy":"product_brand","embeddable":true,"href":"https:\/\/oudianvalve.com\/fr\/wp-json\/wp\/v2\/product_brand?post=18120"},{"taxonomy":"product_cat","embeddable":true,"href":"https:\/\/oudianvalve.com\/fr\/wp-json\/wp\/v2\/product_cat?post=18120"},{"taxonomy":"product_tag","embeddable":true,"href":"https:\/\/oudianvalve.com\/fr\/wp-json\/wp\/v2\/product_tag?post=18120"}],"curies":[{"name":"wp","href":"https:\/\/api.w.org\/{rel}","templated":true}]}}