{"id":18093,"date":"2023-06-20T04:43:49","date_gmt":"2023-06-20T04:43:49","guid":{"rendered":"https:\/\/oudianvalve.com\/?post_type=product&#038;p=18093"},"modified":"2023-06-20T04:43:50","modified_gmt":"2023-06-20T04:43:50","slug":"cast-steel-globe-valves-din-3356-dn100-pn25","status":"publish","type":"product","link":"https:\/\/oudianvalve.com\/fr\/products\/globe-valves\/cast-steel-globe-valves-din-3356-dn100-pn25\/","title":{"rendered":"Vannes \u00e0 soupape en acier moul\u00e9, DIN 3356, DN100, PN25"},"content":{"rendered":"<p>Norme de conception\u00a0: DIN3356, EN13709<br \/>\nGamme de tailles : DN50 \u2013 DN400.<br \/>\nPression de conception : PN10 \u2013 PN420.<br \/>\nTemp\u00e9rature de conception : -196 \u2103 \u2013 573 \u2103.<br \/>\nMat\u00e9riau\u00a0: ASTM A216 WCB, ASTM A216 WCC, ASTM A217 WC6, ASTM A217 WC9, ASTM A217 C5, ASTM A217 C12A, ASTM A352 LCB, ASTM A352 LCC, ASTM A351 CF8, ASTM A351 CF8M, ASTM A351 CF3M, ASTM A351 CF8C, CN3MN, CK3MCUN, CN7M, ASTM A890 4A (CD3MN), ASTM A890 5A (CE3MN), ASTM A890 6A (CD3MWCuN), ASTM B148 C95800, ASTM B148 C95500.<br \/>\nExtr\u00e9mit\u00e9 de connexion\u00a0: DIN2543-2548, EN1092<br \/>\nNorme d&#039;essai\u00a0:\u00a0DIN3230, EN12266<br \/>\nFace \u00e0 face\u00a0:\u00a0DIN3202-F32, EN558<\/p>\n<p>La vanne \u00e0 soupape DIN3356 est destin\u00e9e \u00e0 la coupe et au raccordement de canalisations largement utilis\u00e9es dans diverses industries telles que le p\u00e9trole, l&#039;industrie chimique, la pharmacie, les engrais chimiques, l&#039;industrie \u00e9lectrique, etc. La pression nominale est PN1. 6 ~ 16 MPa et temp\u00e9rature de fonctionnement entre \u2013 110 ~ 600 \u00b0C.<\/p>","protected":false},"excerpt":{"rendered":"<p>Robinet \u00e0 soupape en acier moul\u00e9 DIN 3356 propos\u00e9 en version droite, en Y, \u00e0 chapeau boulonn\u00e9 et \u00e0 chapeau soud\u00e9 dans une large gamme de carbone, d&#039;acier inoxydable, d&#039;acier inoxydable duplex, d&#039;alliage et d&#039;autres mat\u00e9riaux sp\u00e9ciaux.<\/p>","protected":false},"featured_media":18094,"template":"","meta":{"advanced_seo_description":"","jetpack_seo_html_title":"","jetpack_seo_noindex":false},"product_brand":[],"product_cat":[80],"product_tag":[170,173,171,172,174],"class_list":{"0":"post-18093","1":"product","2":"type-product","3":"status-publish","4":"has-post-thumbnail","6":"product_cat-globe-valves","7":"product_tag-din-globe-valves-manufacturer","8":"product_tag-dn-100-cast-steel-globe-valves","9":"product_tag-en13709-din3356-globe-valves-supplier","10":"product_tag-gs-c25-1-0619-1-4408-1-4403","11":"product_tag-pn25-cast-steel-globe-valves","13":"first","14":"instock","15":"shipping-taxable","16":"product-type-simple"},"jetpack_sharing_enabled":true,"_links":{"self":[{"href":"https:\/\/oudianvalve.com\/fr\/wp-json\/wp\/v2\/product\/18093","targetHints":{"allow":["GET"]}}],"collection":[{"href":"https:\/\/oudianvalve.com\/fr\/wp-json\/wp\/v2\/product"}],"about":[{"href":"https:\/\/oudianvalve.com\/fr\/wp-json\/wp\/v2\/types\/product"}],"wp:featuredmedia":[{"embeddable":true,"href":"https:\/\/oudianvalve.com\/fr\/wp-json\/wp\/v2\/media\/18094"}],"wp:attachment":[{"href":"https:\/\/oudianvalve.com\/fr\/wp-json\/wp\/v2\/media?parent=18093"}],"wp:term":[{"taxonomy":"product_brand","embeddable":true,"href":"https:\/\/oudianvalve.com\/fr\/wp-json\/wp\/v2\/product_brand?post=18093"},{"taxonomy":"product_cat","embeddable":true,"href":"https:\/\/oudianvalve.com\/fr\/wp-json\/wp\/v2\/product_cat?post=18093"},{"taxonomy":"product_tag","embeddable":true,"href":"https:\/\/oudianvalve.com\/fr\/wp-json\/wp\/v2\/product_tag?post=18093"}],"curies":[{"name":"wp","href":"https:\/\/api.w.org\/{rel}","templated":true}]}}