{"id":18090,"date":"2023-06-20T04:31:48","date_gmt":"2023-06-20T04:31:48","guid":{"rendered":"https:\/\/oudianvalve.com\/?post_type=product&#038;p=18090"},"modified":"2023-06-20T04:31:49","modified_gmt":"2023-06-20T04:31:49","slug":"din3352-swing-check-valve-dn500-pn100","status":"publish","type":"product","link":"https:\/\/oudianvalve.com\/fr\/products\/check-valves\/din3352-swing-check-valve-dn500-pn100\/","title":{"rendered":"Clapet anti-retour \u00e0 battant DIN3352, DN500, PN100"},"content":{"rendered":"<p>Norme de conception\u00a0: DIN3352, BS EN1868<br \/>\nGamme de tailles : DN50 \u00e0 DN 1200<br \/>\nPlage de pression\u00a0: PN 10 \u00e0 PN160<br \/>\nConnexions d&#039;extr\u00e9mit\u00e9\u00a0: RF \u00e0 bride, RTJ, soud\u00e9e bout \u00e0 bout<br \/>\nDimensions de l&#039;extr\u00e9mit\u00e9 \u00e0 bride\u00a0: DIN2543, BS EN 1092-1<br \/>\nDimensions des extr\u00e9mit\u00e9s \u00e0 souder bout \u00e0 bout\u00a0: EN 12627<br \/>\nDimensions face \u00e0 face\u00a0: DIN3202, BS EN 558-1<br \/>\nInspection et tests\u00a0: BS EN 12266-1, DIN 3230<br \/>\nMat\u00e9riaux : 1.4301, 1.4306, 1.4401, 1.4404, 1.0619, 1.7357, 1.4552, 1.4107.<\/p>\n<p>Fluide : la vanne est adapt\u00e9e \u00e0 plusieurs fluides dont l&#039;eau, la vapeur, le p\u00e9trole, le gaz, les produits p\u00e9troliers, l&#039;acide nitrique, l&#039;acide ac\u00e9tique, etc. Temp\u00e9rature de fonctionnement : de -46\u00baC ou -50\u00baC (constructions en acier inoxydable) et -29\u00baC ou -46\u00baC ( constructions en acier au carbone) jusqu&#039;\u00e0 600\u2103<\/p>","protected":false},"excerpt":{"rendered":"<p>Conception DIN 3352, Face \u00e0 face EN 558-1, Brides d&#039;extr\u00e9mit\u00e9 EN 1092-1, Extr\u00e9mit\u00e9s \u00e0 souder bout \u00e0 bout EN 12627, Inspection et test EN 12266-1 1. Passage int\u00e9gral (FB) 2. Chapeau boulonn\u00e9 3. Adaptable \u00e0 l&#039;horizontale et \u00e0 la verticale installation<\/p>","protected":false},"featured_media":18091,"template":"","meta":{"advanced_seo_description":"","jetpack_seo_html_title":"","jetpack_seo_noindex":false},"product_brand":[],"product_cat":[82],"product_tag":[163,164,165,166,167,168,169],"class_list":{"0":"post-18090","1":"product","2":"type-product","3":"status-publish","4":"has-post-thumbnail","6":"product_cat-check-valves","7":"product_tag-din-check-valve","8":"product_tag-din-swing-check-valves","9":"product_tag-din3202-f1","10":"product_tag-din3202-f6-check-valves","11":"product_tag-din3352-swing-check-valve","12":"product_tag-dn500-swing-check-valve","13":"product_tag-pn100-swing-check-valve","15":"first","16":"instock","17":"shipping-taxable","18":"product-type-simple"},"jetpack_sharing_enabled":true,"_links":{"self":[{"href":"https:\/\/oudianvalve.com\/fr\/wp-json\/wp\/v2\/product\/18090","targetHints":{"allow":["GET"]}}],"collection":[{"href":"https:\/\/oudianvalve.com\/fr\/wp-json\/wp\/v2\/product"}],"about":[{"href":"https:\/\/oudianvalve.com\/fr\/wp-json\/wp\/v2\/types\/product"}],"wp:featuredmedia":[{"embeddable":true,"href":"https:\/\/oudianvalve.com\/fr\/wp-json\/wp\/v2\/media\/18091"}],"wp:attachment":[{"href":"https:\/\/oudianvalve.com\/fr\/wp-json\/wp\/v2\/media?parent=18090"}],"wp:term":[{"taxonomy":"product_brand","embeddable":true,"href":"https:\/\/oudianvalve.com\/fr\/wp-json\/wp\/v2\/product_brand?post=18090"},{"taxonomy":"product_cat","embeddable":true,"href":"https:\/\/oudianvalve.com\/fr\/wp-json\/wp\/v2\/product_cat?post=18090"},{"taxonomy":"product_tag","embeddable":true,"href":"https:\/\/oudianvalve.com\/fr\/wp-json\/wp\/v2\/product_tag?post=18090"}],"curies":[{"name":"wp","href":"https:\/\/api.w.org\/{rel}","templated":true}]}}