{"id":18086,"date":"2023-06-20T02:52:15","date_gmt":"2023-06-20T02:52:15","guid":{"rendered":"https:\/\/oudianvalve.com\/?post_type=product&#038;p=18086"},"modified":"2023-06-20T02:55:41","modified_gmt":"2023-06-20T02:55:41","slug":"swing-check-valve-astm-a217-gr-c5-8-inch-300-lb","status":"publish","type":"product","link":"https:\/\/oudianvalve.com\/fr\/products\/check-valves\/swing-check-valve-astm-a217-gr-c5-8-inch-300-lb\/","title":{"rendered":"Clapet anti-retour \u00e0 battant, ASTM A217 Gr. C5,8 pouces, 300 LB"},"content":{"rendered":"<p>Norme de conception\u00a0: BS 1868 ou API 6D<br \/>\nIndices de pression-temp\u00e9rature\u00a0: ASME B16.34<br \/>\nGamme de tailles : 2&quot; \u00e0 48&quot;<br \/>\nPlage de pression\u00a0: Classe 150 \u00e0 2\u00a0500<br \/>\nConnexions d&#039;extr\u00e9mit\u00e9\u00a0: RF \u00e0 bride, RTJ, FF, soudure bout \u00e0 bout<br \/>\nChapeau\u00a0:\u00a0Couvercle boulonn\u00e9 ou scell\u00e9 sous pression<br \/>\nDimensions des extr\u00e9mit\u00e9s \u00e0 bride\u00a0: ASME B16.5 (\u226424\u00a0po), ASME B16.47 s\u00e9rie A ou B (&gt;24\u00a0po)<br \/>\nDimensions des extr\u00e9mit\u00e9s soud\u00e9es bout \u00e0 bout\u00a0: ASME B16.25 face \u00e0 face<br \/>\nDimensions face \u00e0 face\u00a0: ASME B16.10<br \/>\nInspection et tests\u00a0: API 598, API 6D<br \/>\nMat\u00e9riaux du corps\u00a0: ASTM A216 WCB, ASTM A216 WCC, ASTM A217 WC6, ASTM A217 WC9,<br \/>\nASTM A217 C5, ASTM A217 C12A, ASTM A352 LCB, ASTM A352 LCC<br \/>\nASTM A351 CF8, ASTM A351 CF8M, ASTM A351 CF3M, ASTM A351 CF8C<br \/>\nCN3MN, CK3MCUN, CN7M, ASTM A890 4A(CD3MN), ASTM A890 5A(CE3MN),<br \/>\nASTM A890 6A (CD3MWCuN)<br \/>\nASTM B148 C95800, ASTM B148 C95500.<br \/>\nMat\u00e9riaux de garniture\u00a0: 1#, 5#,8#,10#,12#,16#<br \/>\nMat\u00e9riaux de boulonnage\u00a0: ASTM A193 B7, B7M, B8, B8M \/ ASTM A194 2H, 2HM, 8, 8M.<br \/>\nNACE MR0175<br \/>\nTemp\u00e9rature de conception : -196 \u2103 \u2013 593 \u2103.<\/p>","protected":false},"excerpt":{"rendered":"<p>Capot boulonn\u00e9<br \/>\nPassage int\u00e9gral API 6D, al\u00e9sage standard BS 1868<br \/>\nArbre int\u00e9rieur ou ext\u00e9rieur<br \/>\nLevier mont\u00e9 + contrepoids arbre ext\u00e9rieur<br \/>\nClapets anti-retour de grandes dimensions mont\u00e9s avec v\u00e9rin amortisseur hydraulique<\/p>","protected":false},"featured_media":18087,"template":"","meta":{"advanced_seo_description":"","jetpack_seo_html_title":"","jetpack_seo_noindex":false},"product_brand":[],"product_cat":[82],"product_tag":[159,90,158],"class_list":{"0":"post-18086","1":"product","2":"type-product","3":"status-publish","4":"has-post-thumbnail","6":"product_cat-check-valves","7":"product_tag-300lb-swing-check-valve","8":"product_tag-8-inch-swing-check-valve","9":"product_tag-astm-a217-gr-c5-swing-check-valve","11":"first","12":"instock","13":"shipping-taxable","14":"product-type-simple"},"jetpack_sharing_enabled":true,"_links":{"self":[{"href":"https:\/\/oudianvalve.com\/fr\/wp-json\/wp\/v2\/product\/18086","targetHints":{"allow":["GET"]}}],"collection":[{"href":"https:\/\/oudianvalve.com\/fr\/wp-json\/wp\/v2\/product"}],"about":[{"href":"https:\/\/oudianvalve.com\/fr\/wp-json\/wp\/v2\/types\/product"}],"wp:featuredmedia":[{"embeddable":true,"href":"https:\/\/oudianvalve.com\/fr\/wp-json\/wp\/v2\/media\/18087"}],"wp:attachment":[{"href":"https:\/\/oudianvalve.com\/fr\/wp-json\/wp\/v2\/media?parent=18086"}],"wp:term":[{"taxonomy":"product_brand","embeddable":true,"href":"https:\/\/oudianvalve.com\/fr\/wp-json\/wp\/v2\/product_brand?post=18086"},{"taxonomy":"product_cat","embeddable":true,"href":"https:\/\/oudianvalve.com\/fr\/wp-json\/wp\/v2\/product_cat?post=18086"},{"taxonomy":"product_tag","embeddable":true,"href":"https:\/\/oudianvalve.com\/fr\/wp-json\/wp\/v2\/product_tag?post=18086"}],"curies":[{"name":"wp","href":"https:\/\/api.w.org\/{rel}","templated":true}]}}