{"id":18084,"date":"2023-06-20T02:23:39","date_gmt":"2023-06-20T02:23:39","guid":{"rendered":"https:\/\/oudianvalve.com\/?post_type=product&#038;p=18084"},"modified":"2023-06-20T02:23:40","modified_gmt":"2023-06-20T02:23:40","slug":"600lb-y-type-globe-valve-wcb-4-inch-gear-box","status":"publish","type":"product","link":"https:\/\/oudianvalve.com\/fr\/products\/globe-valves\/600lb-y-type-globe-valve-wcb-4-inch-gear-box\/","title":{"rendered":"Vanne \u00e0 soupape de type Y de 600 LB, WCB, 4 pouces, bo\u00eete de vitesses"},"content":{"rendered":"<p>Norme de conception\u00a0: API 623-2013<br \/>\nIndices de pression-temp\u00e9rature\u00a0: ASME B16.34<br \/>\nGamme de tailles : 2&quot; \u00e0 28&quot;<br \/>\nPlage de pression\u00a0: Classe 150 \u00e0 2\u00a0500<br \/>\nConnexions d&#039;extr\u00e9mit\u00e9\u00a0: RF \u00e0 bride, RTJ, soud\u00e9e bout \u00e0 bout<br \/>\nDimensions des extr\u00e9mit\u00e9s \u00e0 bride\u00a0: ASME B16.5 (\u226424\u00a0po), ASME B16.47 s\u00e9rie A ou B (&gt;24\u00a0po)<br \/>\nDimensions des extr\u00e9mit\u00e9s soud\u00e9es bout \u00e0 bout\u00a0: ASME B16.25 face \u00e0 face<br \/>\nDimensions face \u00e0 face\u00a0: ASME B16.10<br \/>\nInspection et tests\u00a0: API 598<br \/>\nMat\u00e9riaux du corps\u00a0: WCB, WCC, LCB, LCC, WC6, WC9, CF8, CF3, CF3M, CF8M, A995 4A, 5A, 6A, C95800, INCONEL 625, INCONEL 825, Hastelloy C, MONEL.<br \/>\nMat\u00e9riaux de garniture\u00a0: 1#, 5#,8#,10#,12#,16#<br \/>\nMat\u00e9riaux d&#039;emballage\u00a0: graphite, graphite avec fil d&#039;inconel, PTFE<\/p>\n<p>&nbsp;<\/p>\n<p>Le robinet \u00e0 soupape de type Y convient \u00e0 la coupe ou au raccordement de fluides sur des pipelines avec une pression nominale de 150LB-2500LB et une temp\u00e9rature de fonctionnement de -29~550 \u2103 dans diverses conditions de travail telles que les industries p\u00e9troli\u00e8res, chimiques, pharmaceutiques, d&#039;engrais et d&#039;\u00e9nergie. Les milieux applicables comprennent l&#039;eau, l&#039;huile, la vapeur, les milieux acides, etc. Les m\u00e9thodes de fonctionnement sont manuelles, pneumatiques et \u00e9lectriques.<\/p>","protected":false},"excerpt":{"rendered":"<p>Le robinet \u00e0 soupape de type Y a une structure raisonnable, une \u00e9tanch\u00e9it\u00e9 fiable, d&#039;excellentes performances, une belle apparence et une fabrication et un entretien pratiques\u00a0;<br \/>\nPetite course de travail et temps d&#039;ouverture et de fermeture courts.<br \/>\nLa surface d&#039;\u00e9tanch\u00e9it\u00e9 est soud\u00e9e avec un alliage dur Stellite, qui est r\u00e9sistant \u00e0 l&#039;usure, \u00e0 la corrosion, pr\u00e9sente une bonne r\u00e9sistance au frottement et une longue dur\u00e9e de vie.<\/p>","protected":false},"featured_media":18085,"template":"","meta":{"advanced_seo_description":"","jetpack_seo_html_title":"","jetpack_seo_noindex":false},"product_brand":[],"product_cat":[80],"product_tag":[154,152,155,153],"class_list":{"0":"post-18084","1":"product","2":"type-product","3":"status-publish","4":"has-post-thumbnail","6":"product_cat-globe-valves","7":"product_tag-4-inch-600lb-y-type-globe-valve","8":"product_tag-600lb-y-type-globe-valve","9":"product_tag-gear-box-600lb-y-type-globe-valve","10":"product_tag-wcb-y-type-globe-valve","12":"first","13":"instock","14":"shipping-taxable","15":"product-type-simple"},"jetpack_sharing_enabled":true,"_links":{"self":[{"href":"https:\/\/oudianvalve.com\/fr\/wp-json\/wp\/v2\/product\/18084","targetHints":{"allow":["GET"]}}],"collection":[{"href":"https:\/\/oudianvalve.com\/fr\/wp-json\/wp\/v2\/product"}],"about":[{"href":"https:\/\/oudianvalve.com\/fr\/wp-json\/wp\/v2\/types\/product"}],"wp:featuredmedia":[{"embeddable":true,"href":"https:\/\/oudianvalve.com\/fr\/wp-json\/wp\/v2\/media\/18085"}],"wp:attachment":[{"href":"https:\/\/oudianvalve.com\/fr\/wp-json\/wp\/v2\/media?parent=18084"}],"wp:term":[{"taxonomy":"product_brand","embeddable":true,"href":"https:\/\/oudianvalve.com\/fr\/wp-json\/wp\/v2\/product_brand?post=18084"},{"taxonomy":"product_cat","embeddable":true,"href":"https:\/\/oudianvalve.com\/fr\/wp-json\/wp\/v2\/product_cat?post=18084"},{"taxonomy":"product_tag","embeddable":true,"href":"https:\/\/oudianvalve.com\/fr\/wp-json\/wp\/v2\/product_tag?post=18084"}],"curies":[{"name":"wp","href":"https:\/\/api.w.org\/{rel}","templated":true}]}}