{"id":18081,"date":"2023-06-20T02:06:19","date_gmt":"2023-06-20T02:06:19","guid":{"rendered":"https:\/\/oudianvalve.com\/?post_type=product&#038;p=18081"},"modified":"2023-06-20T02:08:51","modified_gmt":"2023-06-20T02:08:51","slug":"din3356-angle-globe-valve-pn16-dn80","status":"publish","type":"product","link":"https:\/\/oudianvalve.com\/fr\/products\/globe-valves\/din3356-angle-globe-valve-pn16-dn80\/","title":{"rendered":"Vanne \u00e0 soupape d&#039;angle DIN3356, PN16, DN80"},"content":{"rendered":"<p>Norme de conception\u00a0: DIN3356, EN13709<br \/>\nGamme de tailles : DN50 \u2013 DN400.<br \/>\nPression de conception : PN10 \u2013 PN40.<br \/>\nTemp\u00e9rature de conception : -196 \u2103 \u2013 573 \u2103.<br \/>\nMat\u00e9riau\u00a0: ASTM A216 WCB, ASTM A216 WCC, ASTM A217 WC6, ASTM A217 WC9, ASTM A217 C5, ASTM A217 C12A, ASTM A352 LCB, ASTM A352 LCC, ASTM A351 CF8, ASTM A351 CF8M, ASTM A351 CF3M, ASTM A351 CF8C, CN3MN, CK3MCUN, CN7M, ASTM A890 4A (CD3MN), ASTM A890 5A (CE3MN), ASTM A890 6A (CD3MWCuN), ASTM B148 C95800, ASTM B148 C95500.<br \/>\nExtr\u00e9mit\u00e9 de connexion\u00a0: DIN2543-2548, EN1092<br \/>\nNorme d&#039;essai\u00a0:\u00a0DIN3230, EN12266<br \/>\nFace \u00e0 face\u00a0:\u00a0DIN3202-F32, EN558<\/p>\n<p>Le robinet \u00e0 soupape coud\u00e9 est une version modifi\u00e9e du robinet \u00e0 soupape droit avec les extr\u00e9mit\u00e9s \u00e0 un angle de 90\u00b0. Il est con\u00e7u pour supporter l\u2019\u00e9coulement du fluide dans les canalisations sous un angle de 90\u00b0 et g\u00e9n\u00e8re ainsi une faible chute de pression. Il est id\u00e9al pour r\u00e9guler diff\u00e9rentes cat\u00e9gories de fluides. La partie d&#039;ouverture et de fermeture d&#039;un robinet \u00e0 soupape d&#039;angle est un disque de vanne en forme de bouchon, avec une surface d&#039;\u00e9tanch\u00e9it\u00e9 plate ou conique. Le disque de la vanne se d\u00e9place en ligne droite le long de la ligne m\u00e9diane du fluide. La forme de mouvement de la tige de vanne peut \u00eatre soit du type \u00e0 tige de levage (avec la tige de vanne se soulevant et le volant ne se soulevant pas) ou du type \u00e0 tige rotative de levage (avec le volant en rotation et la tige de vanne se soulevant et l&#039;\u00e9crou install\u00e9 sur le corps de la vanne )<\/p>\n<p>Principaux avantages du produit :<br \/>\n1. Le disque de valve adopte une conception conique, avec la surface d&#039;\u00e9tanch\u00e9it\u00e9 et le milieu dans une forme simplifi\u00e9e, de bonnes performances d&#039;\u00e9tanch\u00e9it\u00e9 et une dur\u00e9e de vie plus longue\u00a0;<br \/>\n2. Modulation de la tige de valve et traitement de nitruration de surface, avec une bonne r\u00e9sistance \u00e0 la corrosion et au frottement\u00a0;<br \/>\n3. Volant de conception ergonomique, avec une dur\u00e9e de vie plus longue, un fonctionnement facile et pratique, et plus s\u00fbr et plus fiable\u00a0;<br \/>\n4. Structure raisonnable, \u00e9tanch\u00e9it\u00e9 fiable et belle apparence\u00a0;<br \/>\nApplications\u00a0: industries p\u00e9troli\u00e8res, chimiques, pharmaceutiques, d\u2019engrais, d\u2019\u00e9nergie et autres.<br \/>\nPression applicable\u00a0: PN1,6 ~ 4,0\u00a0Mpa<br \/>\nTemp\u00e9rature Applicable: -20 \u2103 ~ 350 \u2103<\/p>\n<p>Les vannes \u00e0 soupape d&#039;angle peuvent \u00eatre utilis\u00e9es dans les pipelines pour l&#039;essence, les min\u00e9raux, les produits pharmaceutiques, les engrais, l&#039;\u00e9nergie \u00e9lectrique, les machines de recyclage, l&#039;approvisionnement en gaz, les syst\u00e8mes de refroidissement et de cong\u00e9lation, les syst\u00e8mes de chaudi\u00e8re \u00e0 vapeur et les syst\u00e8mes d&#039;huile chaude, ainsi que dans d&#039;autres industries. Il peut \u00eatre utilis\u00e9 pour rompre ou relier le fluide du pipeline dans diverses conditions de travail, de pressions nominales de 150LB \u00e0 2500LB et de temp\u00e9ratures de fonctionnement de -40 \u00e0 500\u00b0C.<\/p>\n<ul>\n<li>Ils conviennent aux canalisations qui n&#039;ont pas d&#039;exigences strictes en mati\u00e8re de r\u00e9sistance aux fluides, c&#039;est-\u00e0-dire de perte de pression.<\/li>\n<li>Ces vannes ont une taille limite pratique de NPS 12 (DN 300). Les vannes sup\u00e9rieures \u00e0 NPS 12 (DN 300) sont rarement utilis\u00e9es. Cependant, des tailles allant jusqu&#039;\u00e0 NPS 48 (DN 1\u00a0200) ont \u00e9t\u00e9 fabriqu\u00e9es et utilis\u00e9es.<\/li>\n<li>La diff\u00e9rence de pression \u00e0 travers le disque de la vanne ne doit pas d\u00e9passer 20 pour cent de la pression maximale en amont ou 200 psi (1\u00a0380 kPa), selon la valeur la plus faible.<\/li>\n<li>Ces vannes peuvent \u00eatre envisag\u00e9es pour les \u00e9quipements ou les canalisations avec fluide \u00e0 haute temp\u00e9rature et haute pression, ainsi que les canalisations avec fluide vapeur et DN &lt; 200 mm.<\/li>\n<li>Ces vannes sont g\u00e9n\u00e9ralement install\u00e9es pour des applications \u00e0 basse temp\u00e9rature et basse pression afin que la pression soit sous le disque.<\/li>\n<li>Pour les applications \u00e0 haute temp\u00e9rature et haute pression, comme la vapeur, les vannes sont install\u00e9es de mani\u00e8re \u00e0 ce que la pression soit sup\u00e9rieure au disque.<\/li>\n<li>Ces vannes peuvent \u00eatre utilis\u00e9es pour de petites applications comme vannes pour instruments, \u00e9chantillonnage, manom\u00e8tre, etc.<\/li>\n<li>Pour les fluides hautement toxiques, il convient d&#039;utiliser des vannes avec joints \u00e0 soufflet.<\/li>\n<\/ul>","protected":false},"excerpt":{"rendered":"<p>OS&amp;Y, chapeau boulonn\u00e9, tige montante<br \/>\nCourse courte pour une ouverture\/fermeture facile et rapide<br \/>\nPour gros calibre et haute pression : c\u00f4ne de d\u00e9charge = by-pass interne<br \/>\nL&#039;\u00e9tanch\u00e9it\u00e9 du disque pourrait \u00eatre\u00a0: \u00e9tanch\u00e9it\u00e9 plate, c\u00f4ne d&#039;acc\u00e9l\u00e9rateur = disque de r\u00e9gulation<br \/>\nLe si\u00e8ge du corps peut \u00eatre un si\u00e8ge filet\u00e9 ou un si\u00e8ge soud\u00e9<\/p>","protected":false},"featured_media":18083,"template":"","meta":{"advanced_seo_description":"","jetpack_seo_html_title":"","jetpack_seo_noindex":false},"product_brand":[],"product_cat":[80],"product_tag":[147,148,149,150,151],"class_list":{"0":"post-18081","1":"product","2":"type-product","3":"status-publish","4":"has-post-thumbnail","6":"product_cat-globe-valves","7":"product_tag-angle-globe-valve","8":"product_tag-din-angle-globe-valve","9":"product_tag-din3202-f32-angle-globe-valve","10":"product_tag-din3356-angle-globe-valves","11":"product_tag-en-globe-valves","13":"first","14":"instock","15":"featured","16":"shipping-taxable","17":"product-type-simple"},"jetpack_sharing_enabled":true,"_links":{"self":[{"href":"https:\/\/oudianvalve.com\/fr\/wp-json\/wp\/v2\/product\/18081","targetHints":{"allow":["GET"]}}],"collection":[{"href":"https:\/\/oudianvalve.com\/fr\/wp-json\/wp\/v2\/product"}],"about":[{"href":"https:\/\/oudianvalve.com\/fr\/wp-json\/wp\/v2\/types\/product"}],"wp:featuredmedia":[{"embeddable":true,"href":"https:\/\/oudianvalve.com\/fr\/wp-json\/wp\/v2\/media\/18083"}],"wp:attachment":[{"href":"https:\/\/oudianvalve.com\/fr\/wp-json\/wp\/v2\/media?parent=18081"}],"wp:term":[{"taxonomy":"product_brand","embeddable":true,"href":"https:\/\/oudianvalve.com\/fr\/wp-json\/wp\/v2\/product_brand?post=18081"},{"taxonomy":"product_cat","embeddable":true,"href":"https:\/\/oudianvalve.com\/fr\/wp-json\/wp\/v2\/product_cat?post=18081"},{"taxonomy":"product_tag","embeddable":true,"href":"https:\/\/oudianvalve.com\/fr\/wp-json\/wp\/v2\/product_tag?post=18081"}],"curies":[{"name":"wp","href":"https:\/\/api.w.org\/{rel}","templated":true}]}}