{"id":18079,"date":"2023-06-20T01:40:46","date_gmt":"2023-06-20T01:40:46","guid":{"rendered":"https:\/\/oudianvalve.com\/?post_type=product&#038;p=18079"},"modified":"2023-06-20T02:08:50","modified_gmt":"2023-06-20T02:08:50","slug":"pressure-seal-bonnet-swing-check-valve-a216-wcb-6-in-cl1500","status":"publish","type":"product","link":"https:\/\/oudianvalve.com\/fr\/products\/check-valves\/pressure-seal-bonnet-swing-check-valve-a216-wcb-6-in-cl1500\/","title":{"rendered":"Clapet anti-retour \u00e0 battant avec joint de pression, A216 WCB, 6 po CL1500"},"content":{"rendered":"<p>Norme de conception\u00a0: Norme de conception\u00a0: API 600, ASME B16.34\/E101<br \/>\nType de produit : Vanne \u00e0 vanne.<br \/>\nGamme de tailles : NPS 2 \u2013 60 pouces, DN50 \u2013 DN1500.<br \/>\nPression de conception\u00a0: Classe 150 \u2013 2\u00a0500 LB, PN10 \u2013 PN420.<br \/>\nTemp\u00e9rature de conception : -196 \u2103 \u2013 573 \u2103.<br \/>\nMat\u00e9riau\u00a0: ASTM A216 WCB, ASTM A216 WCC, ASTM A217 WC6, ASTM A217 WC9, ASTM A217 C5, ASTM A217 C12A, ASTM A352 LCB, ASTM A352 LCC, ASTM A351 CF8, ASTM A351 CF8M, ASTM A351 CF3M, ASTM A351 CF8C, CN3MN, CK3MCUN, CN7M, ASTM A890 4A (CD3MN), ASTM A890 5A (CE3MN), ASTM A890 6A (CD3MWCuN), ASTM B148 C95800, ASTM B148 C95500.<br \/>\nExtr\u00e9mit\u00e9 de connexion\u00a0: ASME B16.5, ASME B16.25, s\u00e9rie EN1092.<br \/>\nFonctionnement : Volant, bo\u00eete de vitesses, \u00e9lectrique.<br \/>\nApplication : \u00c9nergie \u00e9lectrique, raffinage du p\u00e9trole, g\u00e9nie p\u00e9trochimique, p\u00e9trole offshore, g\u00e9nie chimique.<\/p>\n<p>Pr\u00e9sentation du produit:<\/p>\n<p>Les tuyaux de d\u00e9rivation du clapet anti-retour \u00e0 battant \u00e0 chapeau \u00e0 joint de pression sont des structures soud\u00e9es et la rainure soud\u00e9e peut \u00eatre r\u00e9alis\u00e9e conform\u00e9ment aux normes ou aux exigences de l&#039;utilisateur. Il pr\u00e9sente des avantages tels que la r\u00e9sistance \u00e0 l&#039;usure, la r\u00e9sistance aux temp\u00e9ratures \u00e9lev\u00e9es, la r\u00e9sistance \u00e0 la corrosion, la r\u00e9sistance aux rayures et une longue dur\u00e9e de vie. Il s&#039;applique aux tuyaux d&#039;eau \u00e0 haute temp\u00e9rature et \u00e0 haute pression, de vapeur, de produits p\u00e9troliers et de vapeur surchauff\u00e9e dans les centrales thermiques, la p\u00e9trochimie, la m\u00e9tallurgie et d&#039;autres centrales thermiques avec une pression de service de Clss 15002500 et une temp\u00e9rature de fonctionnement de -29 ~ 570 \u2103, comme dispositif pour emp\u00eacher le reflux des m\u00e9dias.<\/p>\n<p>Caract\u00e9ristiques du produit:<\/p>\n<p>1. La conception et la fabrication du produit sont conformes aux normes ANSI B16.34 et E101 et peuvent \u00eatre \u00e9quip\u00e9es d&#039;\u00e9quipements import\u00e9s \u00e0 utiliser. 2. Adoptant une structure auto-scellante \u00e0 pression, l&#039;\u00e9tanch\u00e9it\u00e9 est fiable et adapt\u00e9e aux conditions de travail \u00e0 ultra haute pression et haute temp\u00e9rature.<br \/>\n3. Les surfaces d&#039;\u00e9tanch\u00e9it\u00e9 du disque de soupape et du si\u00e8ge de soupape sont constitu\u00e9es d&#039;un soudage par recouvrement en alliage dur \u00e0 base de cobalt Stellite, qui est r\u00e9sistant \u00e0 l&#039;usure, aux hautes temp\u00e9ratures, avec une bonne r\u00e9sistance aux rayures et une longue dur\u00e9e de vie.<br \/>\n4. Le disque de la vanne \u00e0 battant se ferme tout seul en s&#039;appuyant sur son propre poids et sa force moyenne.<br \/>\n5. Le disque de vanne tourne autour de l&#039;axe de la goupille \u00e0 l&#039;ext\u00e9rieur du si\u00e8ge de vanne pour r\u00e9duire les chocs violents lors de la fermeture. 6. La structure de l&#039;arbre \u00e0 broches int\u00e9gr\u00e9e r\u00e9duit les points de fuite externes et rend son utilisation plus fiable.<\/p>\n<p>&nbsp;<\/p>","protected":false},"excerpt":{"rendered":"<p>Capot \u00e0 joint de pression<br \/>\nLe joint du chapeau doit \u00eatre un joint m\u00e9tallique, bague RTJ \u2013 SS 304 pour une longue dur\u00e9e de vie<br \/>\nInt\u00e9rieur de l&#039;arbre\/ext\u00e9rieur de l&#039;arbre<br \/>\n\u00c0 l&#039;ext\u00e9rieur de l&#039;arbre : peut \u00eatre mont\u00e9 levier + contrepoids + amortisseur<br \/>\nUn clapet anti-retour de grande taille pourrait \u00eatre mont\u00e9 sur un v\u00e9rin d&#039;amortissement hydraulique<\/p>","protected":false},"featured_media":18080,"template":"","meta":{"advanced_seo_description":"","jetpack_seo_html_title":"","jetpack_seo_noindex":false},"product_brand":[],"product_cat":[82],"product_tag":[145,143,144,142,146],"class_list":{"0":"post-18079","1":"product","2":"type-product","3":"status-publish","4":"has-post-thumbnail","6":"product_cat-check-valves","7":"product_tag-6-inch-swing-check-valv","8":"product_tag-a216-wcb-swing-check-valve","9":"product_tag-cl1500-swing-check-valv","10":"product_tag-pressure-seal-bonnet-swing-check-valve","11":"product_tag-rtj-flange-swing-check-valve","13":"first","14":"instock","15":"featured","16":"shipping-taxable","17":"product-type-simple"},"jetpack_sharing_enabled":true,"_links":{"self":[{"href":"https:\/\/oudianvalve.com\/fr\/wp-json\/wp\/v2\/product\/18079","targetHints":{"allow":["GET"]}}],"collection":[{"href":"https:\/\/oudianvalve.com\/fr\/wp-json\/wp\/v2\/product"}],"about":[{"href":"https:\/\/oudianvalve.com\/fr\/wp-json\/wp\/v2\/types\/product"}],"wp:featuredmedia":[{"embeddable":true,"href":"https:\/\/oudianvalve.com\/fr\/wp-json\/wp\/v2\/media\/18080"}],"wp:attachment":[{"href":"https:\/\/oudianvalve.com\/fr\/wp-json\/wp\/v2\/media?parent=18079"}],"wp:term":[{"taxonomy":"product_brand","embeddable":true,"href":"https:\/\/oudianvalve.com\/fr\/wp-json\/wp\/v2\/product_brand?post=18079"},{"taxonomy":"product_cat","embeddable":true,"href":"https:\/\/oudianvalve.com\/fr\/wp-json\/wp\/v2\/product_cat?post=18079"},{"taxonomy":"product_tag","embeddable":true,"href":"https:\/\/oudianvalve.com\/fr\/wp-json\/wp\/v2\/product_tag?post=18079"}],"curies":[{"name":"wp","href":"https:\/\/api.w.org\/{rel}","templated":true}]}}