{"id":18077,"date":"2023-06-20T01:29:02","date_gmt":"2023-06-20T01:29:02","guid":{"rendered":"https:\/\/oudianvalve.com\/?post_type=product&#038;p=18077"},"modified":"2023-06-20T02:08:49","modified_gmt":"2023-06-20T02:08:49","slug":"api-600-astm-a217-c12a-gate-valve-psb-8-inch-1500-lb","status":"publish","type":"product","link":"https:\/\/oudianvalve.com\/fr\/products\/gate-valves\/api-600-astm-a217-c12a-gate-valve-psb-8-inch-1500-lb\/","title":{"rendered":"Vanne \u00e0 vanne API 600 ASTM A217 C12A, PSB, 8 pouces, 1500 LB"},"content":{"rendered":"<p>Norme de conception\u00a0: Norme de conception\u00a0: API 600, ASME B16.34\/E101<br \/>\nType de produit : Vanne \u00e0 vanne.<br \/>\nGamme de tailles : NPS 2 \u2013 60 pouces, DN50 \u2013 DN1500.<br \/>\nPression de conception\u00a0: Classe 150 \u2013 2\u00a0500 LB, PN10 \u2013 PN420.<br \/>\nTemp\u00e9rature de conception : -196 \u2103 \u2013 573 \u2103.<br \/>\nMat\u00e9riau\u00a0: ASTM A216 WCB, ASTM A216 WCC, ASTM A217 WC6, ASTM A217 WC9, ASTM A217 C5, ASTM A217 C12A, ASTM A352 LCB, ASTM A352 LCC, ASTM A351 CF8, ASTM A351 CF8M, ASTM A351 CF3M, ASTM A351 CF8C, CN3MN, CK3MCUN, CN7M, ASTM A890 4A (CD3MN), ASTM A890 5A (CE3MN), ASTM A890 6A (CD3MWCuN), ASTM B148 C95800, ASTM B148 C95500.<br \/>\nExtr\u00e9mit\u00e9 de connexion\u00a0: ASME B16.5, ASME B16.25, s\u00e9rie EN1092.<br \/>\nFonctionnement : Volant, bo\u00eete de vitesses, \u00e9lectrique.<br \/>\nApplication : \u00c9nergie \u00e9lectrique, raffinage du p\u00e9trole, g\u00e9nie p\u00e9trochimique, p\u00e9trole offshore, g\u00e9nie chimique.<\/p>\n<p>Introduction<\/p>\n<p>Par rapport \u00e0 d&#039;autres produits de vannes, le robinet-vanne de la centrale \u00e9lectrique \u00e0 haute pression se caract\u00e9rise par une conception auto-obturante unique \u00e0 haute temp\u00e9rature et haute pression, plus la pression est \u00e9lev\u00e9e, plus l&#039;\u00e9tanch\u00e9it\u00e9 est fiable. En raison de ses performances particuli\u00e8res, de ses caract\u00e9ristiques techniques et de ses conditions de travail, le produit pr\u00e9sente des caract\u00e9ristiques que d&#039;autres produits ne peuvent pas remplacer. Les robinets-vannes des centrales \u00e9lectriques \u00e0 haute temp\u00e9rature et haute pression sont principalement utilis\u00e9s dans les canalisations de divers syst\u00e8mes de centrales thermiques pour couper ou connecter les fluides des canalisations.<\/p>\n<p>Caract\u00e9ristiques structurelles<\/p>\n<p>1. Les vannes \u00e0 haute temp\u00e9rature et haute pression pour centrale \u00e9lectrique adoptent un canal d&#039;\u00e9coulement avanc\u00e9 et une autre structure directe, ce qui r\u00e9duit consid\u00e9rablement le coefficient de r\u00e9sistance \u00e0 l&#039;\u00e9coulement et la perte d&#039;\u00e9nergie, et am\u00e9liore consid\u00e9rablement la dur\u00e9e de vie et les performances de la vanne.<\/p>\n<p>2. La cavit\u00e9 centrale de la vanne adopte une structure d&#039;\u00e9tanch\u00e9it\u00e9 auto-serrante \u00e0 pression avec de bonnes performances d&#039;\u00e9tanch\u00e9it\u00e9. Les deux extr\u00e9mit\u00e9s du tuyau de d\u00e9rivation sont des structures soud\u00e9es.<\/p>\n<p>3. La surface d&#039;\u00e9tanch\u00e9it\u00e9 de la plaque de soupape et du si\u00e8ge de soupape est constitu\u00e9e d&#039;un rev\u00eatement en alliage dur \u00e0 base de cobalt stellite, qui pr\u00e9sente une bonne r\u00e9sistance \u00e0 l&#039;usure, une r\u00e9sistance aux temp\u00e9ratures \u00e9lev\u00e9es, une r\u00e9sistance \u00e0 la corrosion et une r\u00e9sistance aux rayures.<\/p>\n<p>4. Apr\u00e8s trempe, revenu et nitruration de surface, la tige de valve pr\u00e9sente une bonne r\u00e9sistance \u00e0 la corrosion et aux rayures.<\/p>\n<p>5. La structure des pi\u00e8ces d&#039;ouverture et de fermeture peut \u00eatre con\u00e7ue en cale simple, cale double, cale double parall\u00e8le et autres formes selon les besoins de l&#039;utilisateur.<\/p>","protected":false},"excerpt":{"rendered":"<p>\u00b7 Type de chapeau boulonn\u00e9 ou chapeau \u00e0 joint de pression.<br \/>\n\u00b7 Cale flexible, passage int\u00e9gral.<br \/>\n\u00b7 Pour le type de chapeau \u00e0 joint de pression\u00a0:<br \/>\nLe joint du chapeau doit \u00eatre un joint m\u00e9tallique, un anneau RTJ \u2013 SS 304 pour une longue dur\u00e9e de vie.<br \/>\nLa tige filet\u00e9e n&#039;entre pas en contact avec le fluide pour \u00e9viter tout risque de corrosion.<\/p>\n<p>&nbsp;<\/p>","protected":false},"featured_media":18078,"template":"","meta":{"advanced_seo_description":"","jetpack_seo_html_title":"","jetpack_seo_noindex":false},"product_brand":[],"product_cat":[81],"product_tag":[94,139,141,140],"class_list":{"0":"post-18077","1":"product","2":"type-product","3":"status-publish","4":"has-post-thumbnail","6":"product_cat-gate-valves","7":"product_tag-8-inch-gate-valve","8":"product_tag-a217-c12a-gate-valve","9":"product_tag-api-600-astm-a217-c12a-gate-valve","10":"product_tag-psb-1500lb-gate-valve","12":"first","13":"instock","14":"featured","15":"shipping-taxable","16":"product-type-simple"},"jetpack_sharing_enabled":true,"_links":{"self":[{"href":"https:\/\/oudianvalve.com\/fr\/wp-json\/wp\/v2\/product\/18077","targetHints":{"allow":["GET"]}}],"collection":[{"href":"https:\/\/oudianvalve.com\/fr\/wp-json\/wp\/v2\/product"}],"about":[{"href":"https:\/\/oudianvalve.com\/fr\/wp-json\/wp\/v2\/types\/product"}],"wp:featuredmedia":[{"embeddable":true,"href":"https:\/\/oudianvalve.com\/fr\/wp-json\/wp\/v2\/media\/18078"}],"wp:attachment":[{"href":"https:\/\/oudianvalve.com\/fr\/wp-json\/wp\/v2\/media?parent=18077"}],"wp:term":[{"taxonomy":"product_brand","embeddable":true,"href":"https:\/\/oudianvalve.com\/fr\/wp-json\/wp\/v2\/product_brand?post=18077"},{"taxonomy":"product_cat","embeddable":true,"href":"https:\/\/oudianvalve.com\/fr\/wp-json\/wp\/v2\/product_cat?post=18077"},{"taxonomy":"product_tag","embeddable":true,"href":"https:\/\/oudianvalve.com\/fr\/wp-json\/wp\/v2\/product_tag?post=18077"}],"curies":[{"name":"wp","href":"https:\/\/api.w.org\/{rel}","templated":true}]}}